{"id":962,"date":"2011-11-29T12:36:31","date_gmt":"2011-11-29T10:36:31","guid":{"rendered":"http:\/\/www.eurokolikonmaailma.fi\/blogi\/?page_id=962"},"modified":"2025-05-24T21:28:28","modified_gmt":"2025-05-24T18:28:28","slug":"suomi-vhs","status":"publish","type":"page","link":"https:\/\/www.eurokolikonmaailma.fi\/?page_id=962","title":{"rendered":"Suomi &#8211; VHS"},"content":{"rendered":"\r\n<p>Omistamani Suomessa julkaistut Masters of the Universe -aiheiset VHS-julkaisut.<\/p>\r\n\r\n\r\n\r\n<figure class=\"wp-block-table\">\r\n<table>\r\n<tbody>\r\n<tr>\r\n<td><a href=\"https:\/\/www.eurokolikonmaailma.fi\/blogi\/?page_id=2065\"><img loading=\"lazy\" decoding=\"async\" src=\"http:\/\/motu.eurokolikonmaailma.fi\/kuvat\/video\/hmotu_blue_front.jpg\" alt=\"\" width=\"44\" height=\"76\" \/><\/a><\/td>\r\n<td class=\"has-text-align-left\" data-align=\"left\"><a href=\"https:\/\/www.eurokolikonmaailma.fi\/blogi\/?page_id=2065\">He-Man and the Masters of the Universe<\/a><\/td>\r\n<\/tr>\r\n<tr>\r\n<td><a href=\"https:\/\/www.eurokolikonmaailma.fi\/?page_id=5163\"><img decoding=\"async\" class=\"wp-image-5158\" style=\"width: 45px;\" src=\"https:\/\/www.eurokolikonmaailma.fi\/blogi\/wp-content\/uploads\/2023\/08\/tvsh_ek.jpg\" alt=\"\" \/><\/a><a href=\"https:\/\/www.eurokolikonmaailma.fi\/?page_id=5163\"><img loading=\"lazy\" decoding=\"async\" class=\"alignnone size-full\" src=\"https:\/\/motu.eurokolikonmaailma.fi\/kuvat\/video\/tvsh_ek.jpg\" width=\"45\" height=\"68\" \/><\/a><\/td>\r\n<td class=\"has-text-align-left\" data-align=\"left\"><a href=\"https:\/\/www.eurokolikonmaailma.fi\/?page_id=5163\">Tervasuon hirvi\u00f6t<\/a><\/td>\r\n<\/tr>\r\n<tr>\r\n<td><a href=\"https:\/\/www.eurokolikonmaailma.fi\/blogi\/?page_id=1444\"><img loading=\"lazy\" decoding=\"async\" title=\"Kasettikotelon etukansi\" src=\"http:\/\/motu.eurokolikonmaailma.fi\/kuvat\/video\/hlk_etukansi.jpg\" alt=\"\" width=\"45\" height=\"77\" \/><\/a><\/td>\r\n<td class=\"has-text-align-left\" data-align=\"left\"><a href=\"https:\/\/www.eurokolikonmaailma.fi\/blogi\/?page_id=1444\">He-Man ja Lohik\u00e4\u00e4rmeet<\/a><\/td>\r\n<\/tr>\r\n<tr>\r\n<td><a href=\"https:\/\/www.eurokolikonmaailma.fi\/?page_id=5173\"><img decoding=\"async\" class=\"wp-image-5161\" style=\"width: 45px;\" src=\"https:\/\/motu.eurokolikonmaailma.fi\/kuvat\/video\/hmv_ek.jpg\" alt=\"\" \/><\/a><\/td>\r\n<td class=\"has-text-align-left\" data-align=\"left\"><a href=\"https:\/\/www.eurokolikonmaailma.fi\/?page_id=5173\">He-Man voittamaton<\/a><\/td>\r\n<\/tr>\r\n<tr>\r\n<td><a href=\"https:\/\/www.eurokolikonmaailma.fi\/blogi\/?page_id=819\"><img loading=\"lazy\" decoding=\"async\" src=\"http:\/\/motu.eurokolikonmaailma.fi\/kuvat\/video\/hmlkk_front_cover_mid.jpg\" alt=\"\" width=\"45\" height=\"75\" \/><\/a><\/td>\r\n<td class=\"has-text-align-left\" data-align=\"left\"><a href=\"https:\/\/www.eurokolikonmaailma.fi\/blogi\/?page_id=819\">He-Man ja Lumokiven kirous<\/a><\/td>\r\n<\/tr>\r\n<tr>\r\n<td><a href=\"https:\/\/www.eurokolikonmaailma.fi\/blogi\/?page_id=829\"><img loading=\"lazy\" decoding=\"async\" src=\"http:\/\/motu.eurokolikonmaailma.fi\/kuvat\/video\/hmnp_front_cover_mid.jpg\" alt=\"\" width=\"45\" height=\"75\" \/><\/a><\/td>\r\n<td class=\"has-text-align-left\" data-align=\"left\"><a href=\"https:\/\/www.eurokolikonmaailma.fi\/blogi\/?page_id=829\">He-Man ja Naispaholainen<\/a><\/td>\r\n<\/tr>\r\n<tr>\r\n<td><a href=\"https:\/\/www.eurokolikonmaailma.fi\/blogi\/?page_id=1197\"><img loading=\"lazy\" decoding=\"async\" src=\"http:\/\/motu.eurokolikonmaailma.fi\/kuvat\/video\/hmosp_kansi.jpg\" alt=\"\" width=\"45\" height=\"72\" \/><\/a><\/td>\r\n<td class=\"has-text-align-left\" data-align=\"left\"><a href=\"https:\/\/www.eurokolikonmaailma.fi\/blogi\/?page_id=1197\">He-Man ja Orkon sed\u00e4n paluu<\/a><\/td>\r\n<\/tr>\r\n<tr>\r\n<td><a href=\"https:\/\/www.eurokolikonmaailma.fi\/blogi\/?page_id=2060\"><img loading=\"lazy\" decoding=\"async\" class=\"alignnone\" src=\"http:\/\/motu.eurokolikonmaailma.fi\/kuvat\/video\/shera_vol1_fin_front.jpg\" alt=\"\" width=\"44\" height=\"73\" \/><\/a><\/td>\r\n<td class=\"has-text-align-left\" data-align=\"left\"><a href=\"https:\/\/www.eurokolikonmaailma.fi\/blogi\/?page_id=2060\">She-Ra, 1<\/a><\/td>\r\n<\/tr>\r\n<tr>\r\n<td><a href=\"https:\/\/www.eurokolikonmaailma.fi\/?page_id=3725\"><img loading=\"lazy\" decoding=\"async\" class=\"alignnone\" src=\"http:\/\/motu.eurokolikonmaailma.fi\/kuvat\/video\/shera_vol2_fin_front.jpg\" alt=\"\" width=\"45\" height=\"75\" \/><\/a><\/td>\r\n<td class=\"has-text-align-left\" data-align=\"left\"><a href=\"https:\/\/www.eurokolikonmaailma.fi\/?page_id=3725\">She-Ra,\u00a02<\/a><\/td>\r\n<\/tr>\r\n<tr>\r\n<td>\u00a0<a href=\"https:\/\/www.eurokolikonmaailma.fi\/?page_id=3729\"><img loading=\"lazy\" decoding=\"async\" class=\"alignnone\" src=\"http:\/\/motu.eurokolikonmaailma.fi\/kuvat\/video\/shera_vol3_fin_front.jpg\" alt=\"\" width=\"45\" height=\"75\" \/><\/a><\/td>\r\n<td class=\"has-text-align-left\" data-align=\"left\"><a href=\"https:\/\/www.eurokolikonmaailma.fi\/?page_id=3729\">She-Ra,\u00a03<\/a><\/td>\r\n<\/tr>\r\n<tr>\r\n<td><a href=\"https:\/\/www.eurokolikonmaailma.fi\/?page_id=5189\"><img decoding=\"async\" class=\"wp-image-5155\" style=\"width: 45px;\" src=\"https:\/\/motu.eurokolikonmaailma.fi\/kuvat\/video\/napvhs_ek.jpg\" alt=\"\" \/><\/a><\/td>\r\n<td class=\"has-text-align-left\" data-align=\"left\"><a href=\"https:\/\/www.eurokolikonmaailma.fi\/?page_id=5189\">The New Adventures of Super He-Man<\/a><\/td>\r\n<\/tr>\r\n<tr>\r\n<td><a href=\"https:\/\/www.eurokolikonmaailma.fi\/blogi\/?page_id=1088\"><img loading=\"lazy\" decoding=\"async\" src=\"http:\/\/motu.eurokolikonmaailma.fi\/kuvat\/video\/motu_movie_vhs_back_small.jpg\" alt=\"\" width=\"46\" height=\"75\" \/><\/a><\/td>\r\n<td class=\"has-text-align-left\" data-align=\"left\"><a href=\"https:\/\/www.eurokolikonmaailma.fi\/blogi\/?page_id=1088\">Masters of the Universe &#8211; elokuva<\/a><\/td>\r\n<\/tr>\r\n<\/tbody>\r\n<\/table>\r\n<\/figure>\r\n","protected":false},"excerpt":{"rendered":"<p>Omistamani Suomessa julkaistut Masters of the Universe -aiheiset VHS-julkaisut. He-Man and the Masters of the Universe Tervasuon hirvi\u00f6t He-Man ja Lohik\u00e4\u00e4rmeet He-Man voittamaton He-Man ja Lumokiven kirous He-Man ja Naispaholainen He-Man ja Orkon sed\u00e4n paluu She-Ra, 1 She-Ra,\u00a02 \u00a0 She-Ra,\u00a03 &hellip; <a href=\"https:\/\/www.eurokolikonmaailma.fi\/?page_id=962\">Lue loppuun <span class=\"meta-nav\">&rarr;<\/span><\/a><\/p>\n","protected":false},"author":1,"featured_media":0,"parent":35,"menu_order":0,"comment_status":"open","ping_status":"open","template":"","meta":{"footnotes":""},"class_list":["post-962","page","type-page","status-publish","hentry"],"_links":{"self":[{"href":"https:\/\/www.eurokolikonmaailma.fi\/index.php?rest_route=\/wp\/v2\/pages\/962","targetHints":{"allow":["GET"]}}],"collection":[{"href":"https:\/\/www.eurokolikonmaailma.fi\/index.php?rest_route=\/wp\/v2\/pages"}],"about":[{"href":"https:\/\/www.eurokolikonmaailma.fi\/index.php?rest_route=\/wp\/v2\/types\/page"}],"author":[{"embeddable":true,"href":"https:\/\/www.eurokolikonmaailma.fi\/index.php?rest_route=\/wp\/v2\/users\/1"}],"replies":[{"embeddable":true,"href":"https:\/\/www.eurokolikonmaailma.fi\/index.php?rest_route=%2Fwp%2Fv2%2Fcomments&post=962"}],"version-history":[{"count":15,"href":"https:\/\/www.eurokolikonmaailma.fi\/index.php?rest_route=\/wp\/v2\/pages\/962\/revisions"}],"predecessor-version":[{"id":5392,"href":"https:\/\/www.eurokolikonmaailma.fi\/index.php?rest_route=\/wp\/v2\/pages\/962\/revisions\/5392"}],"up":[{"embeddable":true,"href":"https:\/\/www.eurokolikonmaailma.fi\/index.php?rest_route=\/wp\/v2\/pages\/35"}],"wp:attachment":[{"href":"https:\/\/www.eurokolikonmaailma.fi\/index.php?rest_route=%2Fwp%2Fv2%2Fmedia&parent=962"}],"curies":[{"name":"wp","href":"https:\/\/api.w.org\/{rel}","templated":true}]}}