{"id":909,"date":"2011-10-16T16:32:10","date_gmt":"2011-10-16T13:32:10","guid":{"rendered":"http:\/\/www.eurokolikonmaailma.fi\/blogi\/?page_id=909"},"modified":"2011-10-16T17:34:25","modified_gmt":"2011-10-16T14:34:25","slug":"leech","status":"publish","type":"page","link":"https:\/\/www.eurokolikonmaailma.fi\/?page_id=909","title":{"rendered":"Leech"},"content":{"rendered":"<p><img loading=\"lazy\" decoding=\"async\" style=\"-webkit-user-select: none;\" src=\"http:\/\/motu.eurokolikonmaailma.fi\/kuvat\/Leech\/motuc.1.jpg\" alt=\"\" width=\"125\" height=\"48\" \/><span class=\"Apple-style-span\" style=\"color: #000000; font-family: Georgia, 'Times New Roman', 'Bitstream Charter', Times, serif; font-size: 12px; line-height: 18px;\"><img loading=\"lazy\" decoding=\"async\" style=\"-webkit-user-select: none;\" src=\"http:\/\/motu.eurokolikonmaailma.fi\/kuvat\/Leech\/horde_logo.png\" alt=\"\" width=\"108\" height=\"48\" \/><img loading=\"lazy\" decoding=\"async\" style=\"-webkit-user-select: none;\" src=\"http:\/\/motu.eurokolikonmaailma.fi\/kuvat\/Leech\/clubeternia_burst.gif\" alt=\"\" width=\"47\" height=\"48\" \/><br \/>\n<span class=\"Apple-style-span\" style=\"color: #444444; font-family: Georgia, 'Bitstream Charter', serif; font-size: 16px; line-height: 24px;\">Tuotekoodi: T5800<\/span><\/span><\/p>\n<p><span class=\"Apple-style-span\" style=\"color: #000000; font-size: 29px; line-height: 43px;\">Leech<br \/>\n<\/span><span class=\"Apple-style-span\" style=\"color: #000000; font-size: 29px; line-height: 43px;\">&#8211; Evil Master of Power Suction<\/span><\/p>\n<p><span class=\"Apple-style-span\" style=\"color: #000000; font-family: Georgia, 'Times New Roman', 'Bitstream Charter', Times, serif; font-size: 12px; line-height: 18px;\"><a href=\"http:\/\/motu.eurokolikonmaailma.fi\/kuvat\/Leech\/lh_package_front.jpg\" target=\"_blank\"><img loading=\"lazy\" decoding=\"async\" title=\"Leech pakkaus edest\u00e4\" src=\"http:\/\/motu.eurokolikonmaailma.fi\/kuvat\/Leech\/lh_package_front.jpg\" alt=\"\" width=\"230\" height=\"336\" \/><\/a>\u00a0 \u00a0 \u00a0<\/span><span class=\"Apple-style-span\" style=\"color: #000000; font-family: Georgia, 'Times New Roman', 'Bitstream Charter', Times, serif; font-size: 12px; line-height: 18px;\"><a href=\"http:\/\/motu.eurokolikonmaailma.fi\/kuvat\/Leech\/lh_cardback.jpg\" target=\"_blank\"><img loading=\"lazy\" decoding=\"async\" title=\"Leech pakkaus takaa\" src=\"http:\/\/motu.eurokolikonmaailma.fi\/kuvat\/Leech\/lh_cardback.jpg\" alt=\"\" width=\"238\" height=\"336\" \/><\/a>\u00a0 \u00a0 \u00a0<\/span><span class=\"Apple-style-span\" style=\"color: #000000; font-family: Georgia, 'Times New Roman', 'Bitstream Charter', Times, serif; font-size: 12px; line-height: 18px;\"><a href=\"http:\/\/motu.eurokolikonmaailma.fi\/kuvat\/Leech\/lh_net_notice.jpg\" target=\"_blank\"><img loading=\"lazy\" decoding=\"async\" title=\"Pakkauksen ilmoitus mukana tulevasta verkosta\" src=\"http:\/\/motu.eurokolikonmaailma.fi\/kuvat\/Leech\/lh_net_notice.jpg\" alt=\"\" width=\"202\" height=\"186\" \/><\/a><\/span><\/p>\n<p><strong>Oikea nimi:<\/strong>\u00a0K&#8217;ull&#8217;leusshhhh<\/p>\n<p>A Slebetor Slug-man from deep in the Lake of Gnarl, Leech was called from the depths by a magic spell of Hordak to bolster his<br \/>\nforces against King Grayskull and the Snake Men during the Great Wars. Mindwiped by Hordak&#8217;s lead witch, Leech became a loyal member of his Horde Army, using his magically enhanced energy-draining powers to suck enemies of their strenght. He later played a\u00a0 key role in the Horde&#8217;s fight against the Great Rebellion after Hordak claimed Etheria as a new homeworld during their banishment\u00a0in Despondos. When called upon in battle, Leech sucks the power from his enemies!<\/p>\n<p><em>Slebetor etana-mies syv\u00e4lt\u00e4 Gnarlin j\u00e4rvest\u00e4, Leech kutsuttii syvyyksist\u00e4 Hordakin maagisen loitsun avulla vahvistamaan, h\u00e4nen kuningas Grayskullia\u00a0 ja K\u00e4\u00e4rmemihi\u00e4 vastaan taistelevia joukkojaan Suurten Sotien aikana. Hordakin p\u00e4\u00e4noidan aivopesem\u00e4n\u00e4 Leechist\u00e4 tuli Hordi armeijan uskollinen j\u00e4sen, joka k\u00e4ytt\u00e4\u00e4 maagisesti tehostettuja energian iment\u00e4voimiaan imem\u00e4\u00e4n vihollistensa voimat. H\u00e4n oli my\u00f6hemmin avainasemassa Hordien taistelussa Mahtavaa Kapinaa vastaan, kun Hordit olivat valtasivat Etherian uudeksikotimaailmakseen Despondosiin karkoituksensa aikana. Taisteluun kutsuttaessa, Leech imee voimat vihollisiltaan!<\/em><\/p>\n<p><strong><span style=\"text-decoration: underline;\">Mukana tulevat varusteet:<\/span><\/strong><br \/>\n*\u00a0varsijousi<br \/>\n* imukuppiliit\u00e4nn\u00e4inen hordilogo<\/p>\n<p><strong>Loppuunmyynti aika:<\/strong>\u00a0n. \u00a04 p\u00e4iv\u00e4\u00e4<\/p>\n<p><strong>Oman hahmon saapumiseen kulunut aika:\u00a0<\/strong>12 p\u00e4iv\u00e4\u00e4 (8 arkip\u00e4iv\u00e4\u00e4)<\/p>\n<p>&nbsp;<\/p>\n<h2>L\u00e4hikuva<\/h2>\n<p><span class=\"Apple-style-span\" style=\"color: #000000; font-family: Georgia, 'Times New Roman', 'Bitstream Charter', Times, serif; font-size: 12px; line-height: 18px;\"><a href=\"http:\/\/motu.eurokolikonmaailma.fi\/kuvat\/Leech\/lh_closeup.jpg\" target=\"_blank\"><img loading=\"lazy\" decoding=\"async\" title=\"Leech l\u00e4hikuva\" src=\"http:\/\/motu.eurokolikonmaailma.fi\/kuvat\/Leech\/lh_closeup.jpg\" alt=\"\" width=\"331\" height=\"336\" \/><\/a><\/span><\/p>\n<p><span class=\"Apple-style-span\" style=\"color: #000000; font-size: 22px; line-height: 32px;\">Kokovartalokuvat<\/span><\/p>\n<p><span class=\"Apple-style-span\" style=\"color: #000000; font-family: Georgia, 'Times New Roman', 'Bitstream Charter', Times, serif; font-size: 12px; line-height: 18px;\"><a href=\"http:\/\/motu.eurokolikonmaailma.fi\/kuvat\/Leech\/lh_main.jpg\" target=\"_blank\"><img loading=\"lazy\" decoding=\"async\" title=\"Leech varustettuna\" src=\"http:\/\/motu.eurokolikonmaailma.fi\/kuvat\/Leech\/lh_main.jpg\" alt=\"\" width=\"352\" height=\"490\" \/><\/a><\/span><span class=\"Apple-style-span\" style=\"color: #000000; font-family: Georgia, 'Times New Roman', 'Bitstream Charter', Times, serif; font-size: 12px; line-height: 18px;\"><a href=\"http:\/\/motu.eurokolikonmaailma.fi\/kuvat\/Leech\/lh_front.jpg\" target=\"_blank\"><img loading=\"lazy\" decoding=\"async\" title=\"Leech edest\u00e4\" src=\"http:\/\/motu.eurokolikonmaailma.fi\/kuvat\/Leech\/lh_front.jpg\" alt=\"\" width=\"322\" height=\"490\" \/><\/a><\/span><span class=\"Apple-style-span\" style=\"color: #000000; font-family: Georgia, 'Times New Roman', 'Bitstream Charter', Times, serif; font-size: 12px; line-height: 18px;\"><a href=\"http:\/\/motu.eurokolikonmaailma.fi\/kuvat\/Leech\/lh_angle1.jpg\" target=\"_blank\"><img loading=\"lazy\" decoding=\"async\" title=\"Leech sivulta edest\u00e4 1\" src=\"http:\/\/motu.eurokolikonmaailma.fi\/kuvat\/Leech\/lh_angle1.jpg\" alt=\"\" width=\"267\" height=\"490\" \/><\/a><\/span><span class=\"Apple-style-span\" style=\"color: #000000; font-family: Georgia, 'Times New Roman', 'Bitstream Charter', Times, serif; font-size: 12px; line-height: 18px;\"><a href=\"http:\/\/motu.eurokolikonmaailma.fi\/kuvat\/Leech\/lh_side1.jpg\" target=\"_blank\"><img loading=\"lazy\" decoding=\"async\" title=\"Leech sivulta 1\" src=\"http:\/\/motu.eurokolikonmaailma.fi\/kuvat\/Leech\/lh_side1.jpg\" alt=\"\" width=\"155\" height=\"490\" \/><\/a><\/span><span class=\"Apple-style-span\" style=\"color: #000000; font-family: Georgia, 'Times New Roman', 'Bitstream Charter', Times, serif; font-size: 12px; line-height: 18px;\"><a href=\"http:\/\/motu.eurokolikonmaailma.fi\/kuvat\/Leech\/lh_angle2.jpg\" target=\"_blank\"><img loading=\"lazy\" decoding=\"async\" title=\"Leech takaa kulmassa 1\" src=\"http:\/\/motu.eurokolikonmaailma.fi\/kuvat\/Leech\/lh_angle2.jpg\" alt=\"\" width=\"286\" height=\"490\" \/><\/a><\/span><span class=\"Apple-style-span\" style=\"color: #000000; font-family: Georgia, 'Times New Roman', 'Bitstream Charter', Times, serif; font-size: 12px; line-height: 18px;\"><a href=\"http:\/\/motu.eurokolikonmaailma.fi\/kuvat\/Leech\/lh_back.jpg\" target=\"_blank\"><img loading=\"lazy\" decoding=\"async\" title=\"Leech takaa\" src=\"http:\/\/motu.eurokolikonmaailma.fi\/kuvat\/Leech\/lh_back.jpg\" alt=\"\" width=\"328\" height=\"490\" \/><\/a><\/span><span class=\"Apple-style-span\" style=\"color: #000000; font-family: Georgia, 'Times New Roman', 'Bitstream Charter', Times, serif; font-size: 12px; line-height: 18px;\"><a href=\"http:\/\/motu.eurokolikonmaailma.fi\/kuvat\/Leech\/lh_angle3.jpg\" target=\"_blank\"><img loading=\"lazy\" decoding=\"async\" title=\"Leech takaa kulmassa 2\" src=\"http:\/\/motu.eurokolikonmaailma.fi\/kuvat\/Leech\/lh_angle3.jpg\" alt=\"\" width=\"307\" height=\"490\" \/><\/a><\/span><span class=\"Apple-style-span\" style=\"color: #000000; font-family: Georgia, 'Times New Roman', 'Bitstream Charter', Times, serif; font-size: 12px; line-height: 18px;\"><a href=\"http:\/\/motu.eurokolikonmaailma.fi\/kuvat\/Leech\/lh_side2.jpg\" target=\"_blank\"><img loading=\"lazy\" decoding=\"async\" title=\"Leech sivulta 2\" src=\"http:\/\/motu.eurokolikonmaailma.fi\/kuvat\/Leech\/lh_side2.jpg\" alt=\"\" width=\"137\" height=\"490\" \/><\/a><\/span><span class=\"Apple-style-span\" style=\"color: #000000; font-family: Georgia, 'Times New Roman', 'Bitstream Charter', Times, serif; font-size: 12px; line-height: 18px;\"><a href=\"http:\/\/motu.eurokolikonmaailma.fi\/kuvat\/Leech\/lh_angle4.jpg\" target=\"_blank\"><img loading=\"lazy\" decoding=\"async\" title=\"Leech sivulta edest\u00e4 2\" src=\"http:\/\/motu.eurokolikonmaailma.fi\/kuvat\/Leech\/lh_angle4.jpg\" alt=\"\" width=\"258\" height=\"490\" \/><\/a><\/span><\/p>\n<p><a href=\"http:\/\/motu.eurokolikonmaailma.fi\/kuvat\/Leech\/lh_flat_hands_feet.jpg\" target=\"_blank\"><img loading=\"lazy\" decoding=\"async\" title=\"Leech l\u00e4tt\u00e4jalat ja k\u00e4mmenet\" src=\"http:\/\/motu.eurokolikonmaailma.fi\/kuvat\/Leech\/lh_flat_hands_feet.jpg\" alt=\"\" width=\"490\" height=\"363\" \/><\/a><\/p>\n<p><span class=\"Apple-style-span\" style=\"color: #000000; font-size: 22px; line-height: 32px;\">Yksityiskohta<\/span><\/p>\n<p><span class=\"Apple-style-span\" style=\"color: #000000; font-family: Georgia, 'Times New Roman', 'Bitstream Charter', Times, serif; font-size: 12px; line-height: 18px;\"><a href=\"http:\/\/motu.eurokolikonmaailma.fi\/kuvat\/Leech\/lh_wristhinge.jpg\" target=\"_blank\"><img loading=\"lazy\" decoding=\"async\" title=\"Leech ranteen sarananivel\" src=\"http:\/\/motu.eurokolikonmaailma.fi\/kuvat\/Leech\/lh_wristhinge.jpg\" alt=\"\" width=\"198\" height=\"252\" \/><\/a><\/span><\/p>\n<p><span class=\"Apple-style-span\" style=\"color: #000000; font-size: 22px; line-height: 32px;\">Varusteet<\/span><\/p>\n<p><span class=\"Apple-style-span\" style=\"color: #000000; font-family: Georgia, 'Times New Roman', 'Bitstream Charter', Times, serif; font-size: 12px; line-height: 18px;\"><a href=\"http:\/\/motu.eurokolikonmaailma.fi\/kuvat\/Leech\/lh_pad.jpg\" target=\"_blank\"><img loading=\"lazy\" decoding=\"async\" title=\"Leechin olkap\u00e4\u00e4suoja\" src=\"http:\/\/motu.eurokolikonmaailma.fi\/kuvat\/Leech\/lh_pad.jpg\" alt=\"\" width=\"140\" height=\"176\" \/><\/a><a href=\"http:\/\/motu.eurokolikonmaailma.fi\/kuvat\/Leech\/lh_crossbow.jpg\" target=\"_blank\"><img loading=\"lazy\" decoding=\"async\" title=\"Leechin varsijousi\" src=\"http:\/\/motu.eurokolikonmaailma.fi\/kuvat\/Leech\/lh_crossbow.jpg\" alt=\"\" width=\"336\" height=\"160\" \/><\/a><\/span><span class=\"Apple-style-span\" style=\"color: #000000; font-family: Georgia, 'Times New Roman', 'Bitstream Charter', Times, serif; font-size: 12px; line-height: 18px;\"><a href=\"http:\/\/motu.eurokolikonmaailma.fi\/kuvat\/Leech\/lh_horde_net.jpg\" target=\"_blank\"><img loading=\"lazy\" decoding=\"async\" title=\"Leechin imukuppiverkko\" src=\"http:\/\/motu.eurokolikonmaailma.fi\/kuvat\/Leech\/lh_horde_net.jpg\" alt=\"\" width=\"441\" height=\"314\" \/><\/a><\/span><\/p>\n","protected":false},"excerpt":{"rendered":"<p>Tuotekoodi: T5800 Leech &#8211; Evil Master of Power Suction \u00a0 \u00a0 \u00a0\u00a0 \u00a0 \u00a0 Oikea nimi:\u00a0K&#8217;ull&#8217;leusshhhh A Slebetor Slug-man from deep in the Lake of Gnarl, Leech was called from the depths by a magic spell of Hordak to bolster &hellip; <a href=\"https:\/\/www.eurokolikonmaailma.fi\/?page_id=909\">Lue loppuun <span class=\"meta-nav\">&rarr;<\/span><\/a><\/p>\n","protected":false},"author":1,"featured_media":0,"parent":294,"menu_order":0,"comment_status":"open","ping_status":"open","template":"","meta":{"footnotes":""},"class_list":["post-909","page","type-page","status-publish","hentry"],"_links":{"self":[{"href":"https:\/\/www.eurokolikonmaailma.fi\/index.php?rest_route=\/wp\/v2\/pages\/909","targetHints":{"allow":["GET"]}}],"collection":[{"href":"https:\/\/www.eurokolikonmaailma.fi\/index.php?rest_route=\/wp\/v2\/pages"}],"about":[{"href":"https:\/\/www.eurokolikonmaailma.fi\/index.php?rest_route=\/wp\/v2\/types\/page"}],"author":[{"embeddable":true,"href":"https:\/\/www.eurokolikonmaailma.fi\/index.php?rest_route=\/wp\/v2\/users\/1"}],"replies":[{"embeddable":true,"href":"https:\/\/www.eurokolikonmaailma.fi\/index.php?rest_route=%2Fwp%2Fv2%2Fcomments&post=909"}],"version-history":[{"count":15,"href":"https:\/\/www.eurokolikonmaailma.fi\/index.php?rest_route=\/wp\/v2\/pages\/909\/revisions"}],"predecessor-version":[{"id":5691,"href":"https:\/\/www.eurokolikonmaailma.fi\/index.php?rest_route=\/wp\/v2\/pages\/909\/revisions\/5691"}],"up":[{"embeddable":true,"href":"https:\/\/www.eurokolikonmaailma.fi\/index.php?rest_route=\/wp\/v2\/pages\/294"}],"wp:attachment":[{"href":"https:\/\/www.eurokolikonmaailma.fi\/index.php?rest_route=%2Fwp%2Fv2%2Fmedia&parent=909"}],"curies":[{"name":"wp","href":"https:\/\/api.w.org\/{rel}","templated":true}]}}