{"id":880,"date":"2011-10-07T16:28:39","date_gmt":"2011-10-07T13:28:39","guid":{"rendered":"http:\/\/www.eurokolikonmaailma.fi\/blogi\/?page_id=880"},"modified":"2025-05-30T15:14:56","modified_gmt":"2025-05-30T12:14:56","slug":"man-e-faces","status":"publish","type":"page","link":"https:\/\/www.eurokolikonmaailma.fi\/?page_id=880","title":{"rendered":"Man-E-Faces"},"content":{"rendered":"<p><img loading=\"lazy\" decoding=\"async\" src=\"http:\/\/motu.eurokolikonmaailma.fi\/kuvat\/Man_e_faces\/motuc.1.jpg\" alt=\"\" width=\"118\" height=\"47\" border=\"0\" \/><span class=\"Apple-style-span\" style=\"color: #000000; font-family: 'Times New Roman'; font-weight: bold; line-height: normal; background-color: #ffffff; font-size: medium;\">\u00a0<img loading=\"lazy\" decoding=\"async\" src=\"http:\/\/motu.eurokolikonmaailma.fi\/kuvat\/Man_e_faces\/clubeternia_burst.gif\" alt=\"\" width=\"46\" height=\"47\" border=\"0\" \/><br \/>\n<\/span> Tuotekoodi: T5799<\/p>\n<h1><span style=\"font-size: xx-large;\">Man-E-Faces<br \/>\n&#8211; Human&#8230; Robot&#8230; Monster!\u00a0<\/span><\/h1>\n<p><span class=\"Apple-style-span\" style=\"color: #000000; font-family: Georgia, 'Times New Roman', 'Bitstream Charter', Times, serif; font-size: 12px; line-height: 18px;\"><a href=\"http:\/\/motu.eurokolikonmaailma.fi\/kuvat\/Man_e_faces\/mef_package_front.jpg\" target=\"_blank\" rel=\"noopener\"><img loading=\"lazy\" decoding=\"async\" title=\"Man-E-Faces pakkaus edest\u00e4\" src=\"http:\/\/motu.eurokolikonmaailma.fi\/kuvat\/Man_e_faces\/mef_package_front.jpg\" alt=\"\" width=\"230\" height=\"336\" \/><\/a>\u00a0 \u00a0 \u00a0<a href=\"http:\/\/motu.eurokolikonmaailma.fi\/kuvat\/Man_e_faces\/mef_cardback.jpg\" target=\"_blank\" rel=\"noopener\"><img loading=\"lazy\" decoding=\"async\" title=\"Man-E-Faces pakkaus takaa\" src=\"http:\/\/motu.eurokolikonmaailma.fi\/kuvat\/Man_e_faces\/mef_cardback.jpg\" alt=\"\" width=\"239\" height=\"336\" \/><\/a><\/span><\/p>\n<p><strong>Oikea nimi:<\/strong>\u00a0Perkaedo<\/p>\n<p>Perhaps the greatest actor on Eternia\u00ae, Perkaedo, the Master of Disguise, performed before King Randor\u2122 and Queen Marlena\u2122 at Prince Adam\u2019s 18th birthday celebration. It was here that he drank a magic potion created by Skeletor\u00ae, that transformed him into a terrible monster with great strength loyal only to evil. With the help of He-Man\u00ae and the Sorceress\u00ae, Perkaedo was cured from this transformation, but the process left him forever split between not just two but three personalities. He now uses his powers to protect justice in his greatest role; as Man-E-Faces\u00ae, the man who is three warriors in one &#8211; fighting as a human, robot or monster!<\/p>\n<p><em>Ehk\u00e4p\u00e4 paras n\u00e4yttelij\u00e4 Eternialla, Perkaedo, valepukujen mestari, esiintyi kuningas Randorille ja kuningatar Marlenalle Prinssi Adamin 18-vuotissyntym\u00e4p\u00e4iv\u00e4juhlissa. Se oli t\u00e4\u00e4ll\u00e4, miss\u00e4 h\u00e4n joi Skeletorin luoman taikajuoman, joka muunsi h\u00e4net mahtavat voimat omaavaksi kauheaksi hirvi\u00f6ksi, ollen lojaali vain pahuudelle. He-Manin ja Velhottaren avulla, Perkaedo saatiin parannettua t\u00e4st\u00e4 muutoksesta, mutta kyseinen prosessi j\u00e4tti h\u00e4net lopullisesti, ei kahteen, vaan kolmeen persoonallisuuteen jakautuneeksi. Nyt h\u00e4n k\u00e4ytt\u00e4\u00e4 voimiaan suojellakseen oikeutta mahtavimmaassa roolissaan: Man-E-Facesina, miehen\u00e4 joka on kolme soturia yhdess\u00e4 paketissa &#8211; taistellen ihmisen\u00e4, robottina ja hirvi\u00f6n\u00e4!<\/em><\/p>\n<p><strong><span style=\"text-decoration: underline;\">Mukana tulevat varusteet:<\/span><\/strong><br \/>\n*\u00a0s\u00e4depistooli<br \/>\n* &#8221;salainen&#8221; varuste<span style=\"color: #000000;\">\u00a0(extrap\u00e4\u00e4 jossa He-Man, Skeletor ja Orko naamat)<\/span><\/p>\n<p><strong>Loppuunmyynti aika:<\/strong>\u00a0n. 3 p\u00e4iv\u00e4\u00e4<\/p>\n<p><strong>Oman hahmon saapumiseen kulunut aika:\u00a0<\/strong>17 p\u00e4iv\u00e4\u00e4 (12 arkip\u00e4iv\u00e4\u00e4)<br \/>\n<strong>Hahmon saapumiseen kulunut aika (ei oma):\u00a0<\/strong>20 p\u00e4iv\u00e4\u00e4 (16 arkip\u00e4iv\u00e4\u00e4)<\/p>\n<h2><span class=\"Apple-style-span\" style=\"line-height: 36px; font-size: x-large;\">L\u00e4hikuvat<\/span><\/h2>\n<p><a href=\"http:\/\/motu.eurokolikonmaailma.fi\/kuvat\/Man_e_faces\/mef_human_closeup.jpg\" target=\"_blank\" rel=\"noopener\"><img loading=\"lazy\" decoding=\"async\" style=\"-webkit-user-select: none;\" title=\"Man-E-Faces l\u00e4hikuva ihmisnaama\" src=\"http:\/\/motu.eurokolikonmaailma.fi\/kuvat\/Man_e_faces\/mef_human_closeup.jpg\" alt=\"\" width=\"306\" height=\"336\" \/><\/a><span class=\"Apple-style-span\" style=\"color: #000000; font-family: Georgia, 'Times New Roman', 'Bitstream Charter', Times, serif; font-size: 12px; line-height: 18px;\"><a href=\"http:\/\/motu.eurokolikonmaailma.fi\/kuvat\/Man_e_faces\/mef_robot_closeup.jpg\" target=\"_blank\" rel=\"noopener\"><img loading=\"lazy\" decoding=\"async\" title=\"Man-E-Faces l\u00e4hikuva robottinaama\" src=\"http:\/\/motu.eurokolikonmaailma.fi\/kuvat\/Man_e_faces\/mef_robot_closeup.jpg\" alt=\"\" width=\"292\" height=\"336\" \/><\/a><\/span><span class=\"Apple-style-span\" style=\"color: #000000; font-family: Georgia, 'Times New Roman', 'Bitstream Charter', Times, serif; font-size: 12px; line-height: 18px;\"><a href=\"http:\/\/motu.eurokolikonmaailma.fi\/kuvat\/Man_e_faces\/mef_monster_closeup.jpg\" target=\"_blank\" rel=\"noopener\"><img loading=\"lazy\" decoding=\"async\" title=\"Man-E-Faces l\u00e4hikuva hirvi\u00f6naama\" src=\"http:\/\/motu.eurokolikonmaailma.fi\/kuvat\/Man_e_faces\/mef_monster_closeup.jpg\" alt=\"\" width=\"297\" height=\"336\" \/><\/a><\/span><span class=\"Apple-style-span\" style=\"color: #000000; font-family: Georgia, 'Times New Roman', 'Bitstream Charter', Times, serif; font-size: 12px; line-height: 18px;\"><a href=\"http:\/\/motu.eurokolikonmaailma.fi\/kuvat\/Man_e_faces\/mef_heman_closeup.jpg\" target=\"_blank\" rel=\"noopener\"><img loading=\"lazy\" decoding=\"async\" title=\"Man-E-Faces l\u00e4hikuva He-Man -naama\" src=\"http:\/\/motu.eurokolikonmaailma.fi\/kuvat\/Man_e_faces\/mef_heman_closeup.jpg\" alt=\"\" width=\"294\" height=\"336\" \/><\/a><\/span><span class=\"Apple-style-span\" style=\"color: #000000; font-family: Georgia, 'Times New Roman', 'Bitstream Charter', Times, serif; font-size: 12px; line-height: 18px;\"><a href=\"http:\/\/motu.eurokolikonmaailma.fi\/kuvat\/Man_e_faces\/mef_orko_closeup.jpg\" target=\"_blank\" rel=\"noopener\"><img loading=\"lazy\" decoding=\"async\" title=\"Man-E-Faces l\u00e4hikuva Orko -naama\" src=\"http:\/\/motu.eurokolikonmaailma.fi\/kuvat\/Man_e_faces\/mef_orko_closeup.jpg\" alt=\"\" width=\"295\" height=\"336\" \/><\/a><\/span><span class=\"Apple-style-span\" style=\"color: #000000; font-family: Georgia, 'Times New Roman', 'Bitstream Charter', Times, serif; font-size: 12px; line-height: 18px;\"><a href=\"http:\/\/motu.eurokolikonmaailma.fi\/kuvat\/Man_e_faces\/mef_skeletor_closeup.jpg\" target=\"_blank\" rel=\"noopener\"><img loading=\"lazy\" decoding=\"async\" title=\"Man-E-Faces l\u00e4hikuva Skeletor -naama\" src=\"http:\/\/motu.eurokolikonmaailma.fi\/kuvat\/Man_e_faces\/mef_skeletor_closeup.jpg\" alt=\"\" width=\"287\" height=\"336\" \/><\/a><\/span><span class=\"Apple-style-span\" style=\"color: #000000; font-family: Georgia, 'Times New Roman', 'Bitstream Charter', Times, serif; font-size: 12px; line-height: 18px;\"><a href=\"http:\/\/motu.eurokolikonmaailma.fi\/kuvat\/Man_e_faces\/mef_no_helmet_closeup.jpg\" target=\"_blank\" rel=\"noopener\"><img loading=\"lazy\" decoding=\"async\" title=\"Man-E-Faces l\u00e4hikuva ilman kyp\u00e4r\u00e4\u00e4\" src=\"http:\/\/motu.eurokolikonmaailma.fi\/kuvat\/Man_e_faces\/mef_no_helmet_closeup.jpg\" alt=\"\" width=\"316\" height=\"336\" \/><\/a><\/span><\/p>\n<p>&nbsp;<\/p>\n<h2>\u00a0<span style=\"text-decoration: underline;\"><span style=\"font-size: x-large;\">Kokovartalokuvat<\/span><\/span><span class=\"Apple-style-span\" style=\"color: #444444; font-size: 16px; line-height: 24px;\">\u00a0<\/span><\/h2>\n<p><a href=\"http:\/\/motu.eurokolikonmaailma.fi\/kuvat\/Man_e_faces\/mef_main.jpg\" target=\"_blank\" rel=\"noopener\"><img loading=\"lazy\" decoding=\"async\" title=\"Man-E-Faces aseistettuna\" src=\"http:\/\/motu.eurokolikonmaailma.fi\/kuvat\/Man_e_faces\/mef_main.jpg\" alt=\"\" width=\"232\" height=\"490\" \/><\/a><span class=\"Apple-style-span\" style=\"color: #000000; font-family: Georgia, 'Times New Roman', 'Bitstream Charter', Times, serif; font-size: 12px; line-height: 18px;\"><a href=\"http:\/\/motu.eurokolikonmaailma.fi\/kuvat\/Man_e_faces\/mef_front.jpg\" target=\"_blank\" rel=\"noopener\"><img loading=\"lazy\" decoding=\"async\" title=\"Man-E-Faces edest\u00e4\" src=\"http:\/\/motu.eurokolikonmaailma.fi\/kuvat\/Man_e_faces\/mef_front.jpg\" alt=\"\" width=\"253\" height=\"490\" \/><\/a><a href=\"http:\/\/motu.eurokolikonmaailma.fi\/kuvat\/Man_e_faces\/mef_angle1.jpg\" target=\"_blank\" rel=\"noopener\"><img loading=\"lazy\" decoding=\"async\" title=\"Man-E-Faces sivulta kulmassa 1\" src=\"http:\/\/motu.eurokolikonmaailma.fi\/kuvat\/Man_e_faces\/mef_angle1.jpg\" alt=\"\" width=\"211\" height=\"490\" \/><\/a><\/span><span class=\"Apple-style-span\" style=\"color: #000000; font-family: Georgia, 'Times New Roman', 'Bitstream Charter', Times, serif; font-size: 12px; line-height: 18px;\"><a href=\"http:\/\/motu.eurokolikonmaailma.fi\/kuvat\/Man_e_faces\/mef_side1.jpg\" target=\"_blank\" rel=\"noopener\"><img loading=\"lazy\" decoding=\"async\" title=\"Man-E-Faces sivukuva 1\" src=\"http:\/\/motu.eurokolikonmaailma.fi\/kuvat\/Man_e_faces\/mef_side1.jpg\" alt=\"\" width=\"134\" height=\"490\" \/><\/a><a href=\"http:\/\/motu.eurokolikonmaailma.fi\/kuvat\/Man_e_faces\/mef_angle2.jpg\" target=\"_blank\" rel=\"noopener\"><img loading=\"lazy\" decoding=\"async\" title=\"Man-E-Faces sivulta kulmassa 2\" src=\"http:\/\/motu.eurokolikonmaailma.fi\/kuvat\/Man_e_faces\/mef_angle2.jpg\" alt=\"\" width=\"210\" height=\"490\" \/><\/a><\/span><span class=\"Apple-style-span\" style=\"color: #000000; font-family: Georgia, 'Times New Roman', 'Bitstream Charter', Times, serif; font-size: 12px; line-height: 18px;\"><a href=\"http:\/\/motu.eurokolikonmaailma.fi\/kuvat\/Man_e_faces\/mef_back.jpg\" target=\"_blank\" rel=\"noopener\"><img loading=\"lazy\" decoding=\"async\" title=\"Man-E-Faces takaa\" src=\"http:\/\/motu.eurokolikonmaailma.fi\/kuvat\/Man_e_faces\/mef_back.jpg\" alt=\"\" width=\"242\" height=\"490\" \/><\/a><\/span><span class=\"Apple-style-span\" style=\"color: #000000; font-family: Georgia, 'Times New Roman', 'Bitstream Charter', Times, serif; font-size: 12px; line-height: 18px;\"><a href=\"http:\/\/motu.eurokolikonmaailma.fi\/kuvat\/Man_e_faces\/mef_angle3.jpg\" target=\"_blank\" rel=\"noopener\"><img loading=\"lazy\" decoding=\"async\" title=\"Man-E-Faces sivulta kulmassa 3\" src=\"http:\/\/motu.eurokolikonmaailma.fi\/kuvat\/Man_e_faces\/mef_angle3.jpg\" alt=\"\" width=\"234\" height=\"490\" \/><\/a><\/span><span class=\"Apple-style-span\" style=\"color: #000000; font-family: Georgia, 'Times New Roman', 'Bitstream Charter', Times, serif; font-size: 12px; line-height: 18px;\"><a href=\"http:\/\/motu.eurokolikonmaailma.fi\/kuvat\/Man_e_faces\/mef_side2.jpg\" target=\"_blank\" rel=\"noopener\"><img loading=\"lazy\" decoding=\"async\" title=\"Man-E-Faces sivukuva\" src=\"http:\/\/motu.eurokolikonmaailma.fi\/kuvat\/Man_e_faces\/mef_side2.jpg\" alt=\"\" width=\"136\" height=\"490\" \/><\/a><a href=\"http:\/\/motu.eurokolikonmaailma.fi\/kuvat\/Man_e_faces\/mef_angle4.jpg\" target=\"_blank\" rel=\"noopener\"><img loading=\"lazy\" decoding=\"async\" title=\"Man-E-Faces sivulta kulmassa 4\" src=\"http:\/\/motu.eurokolikonmaailma.fi\/kuvat\/Man_e_faces\/mef_angle4.jpg\" alt=\"\" width=\"212\" height=\"490\" \/><\/a><a href=\"http:\/\/motu.eurokolikonmaailma.fi\/kuvat\/Man_e_faces\/mef_no_helmet.jpg\" target=\"_blank\" rel=\"noopener\"><img loading=\"lazy\" decoding=\"async\" title=\"Man-E-Faces edest\u00e4 ilman kyp\u00e4r\u00e4\u00e4\" src=\"http:\/\/motu.eurokolikonmaailma.fi\/kuvat\/Man_e_faces\/mef_no_helmet.jpg\" alt=\"\" width=\"256\" height=\"490\" \/><\/a><\/span><\/p>\n<p>&nbsp;<\/p>\n<h2>\u00a0<span style=\"text-decoration: underline;\"><span style=\"font-size: x-large;\">Varusteet<\/span><\/span><\/h2>\n<p><span class=\"Apple-style-span\" style=\"color: #000000; font-family: Georgia, 'Times New Roman', 'Bitstream Charter', Times, serif; font-size: 12px; line-height: 18px;\"><a href=\"http:\/\/motu.eurokolikonmaailma.fi\/kuvat\/Man_e_faces\/mef_accessories.jpg\" target=\"_blank\" rel=\"noopener\"><img loading=\"lazy\" decoding=\"async\" title=\"Man-E-Faces irrotettavat osat\" src=\"http:\/\/motu.eurokolikonmaailma.fi\/kuvat\/Man_e_faces\/mef_accessories.jpg\" alt=\"\" width=\"490\" height=\"234\" \/><\/a><\/span><\/p>\n<h2>Videoesittelyni hahmosta:<\/h2>\n<p>Suomi<\/p>\n<p><iframe loading=\"lazy\" title=\"Masters of the Universe Classics Man-E-Faces (Finnish)\" width=\"640\" height=\"360\" src=\"https:\/\/www.youtube.com\/embed\/AWW9mqOIgdA?feature=oembed\" frameborder=\"0\" allow=\"accelerometer; autoplay; clipboard-write; encrypted-media; gyroscope; picture-in-picture; web-share\" referrerpolicy=\"strict-origin-when-cross-origin\" allowfullscreen><\/iframe><\/p>\n<p>In English<\/p>\n<p><iframe loading=\"lazy\" title=\"Masters of the Universe Classics Man-E-Faces (English)\" width=\"640\" height=\"360\" src=\"https:\/\/www.youtube.com\/embed\/YqvfmxaJHD4?feature=oembed\" frameborder=\"0\" allow=\"accelerometer; autoplay; clipboard-write; encrypted-media; gyroscope; picture-in-picture; web-share\" referrerpolicy=\"strict-origin-when-cross-origin\" allowfullscreen><\/iframe><\/p>\n","protected":false},"excerpt":{"rendered":"<p>\u00a0 Tuotekoodi: T5799 Man-E-Faces &#8211; Human&#8230; Robot&#8230; Monster!\u00a0 \u00a0 \u00a0 \u00a0 Oikea nimi:\u00a0Perkaedo Perhaps the greatest actor on Eternia\u00ae, Perkaedo, the Master of Disguise, performed before King Randor\u2122 and Queen Marlena\u2122 at Prince Adam\u2019s 18th birthday celebration. It was here &hellip; <a href=\"https:\/\/www.eurokolikonmaailma.fi\/?page_id=880\">Lue loppuun <span class=\"meta-nav\">&rarr;<\/span><\/a><\/p>\n","protected":false},"author":1,"featured_media":0,"parent":294,"menu_order":0,"comment_status":"open","ping_status":"open","template":"","meta":{"footnotes":""},"class_list":["post-880","page","type-page","status-publish","hentry"],"_links":{"self":[{"href":"https:\/\/www.eurokolikonmaailma.fi\/index.php?rest_route=\/wp\/v2\/pages\/880","targetHints":{"allow":["GET"]}}],"collection":[{"href":"https:\/\/www.eurokolikonmaailma.fi\/index.php?rest_route=\/wp\/v2\/pages"}],"about":[{"href":"https:\/\/www.eurokolikonmaailma.fi\/index.php?rest_route=\/wp\/v2\/types\/page"}],"author":[{"embeddable":true,"href":"https:\/\/www.eurokolikonmaailma.fi\/index.php?rest_route=\/wp\/v2\/users\/1"}],"replies":[{"embeddable":true,"href":"https:\/\/www.eurokolikonmaailma.fi\/index.php?rest_route=%2Fwp%2Fv2%2Fcomments&post=880"}],"version-history":[{"count":11,"href":"https:\/\/www.eurokolikonmaailma.fi\/index.php?rest_route=\/wp\/v2\/pages\/880\/revisions"}],"predecessor-version":[{"id":5693,"href":"https:\/\/www.eurokolikonmaailma.fi\/index.php?rest_route=\/wp\/v2\/pages\/880\/revisions\/5693"}],"up":[{"embeddable":true,"href":"https:\/\/www.eurokolikonmaailma.fi\/index.php?rest_route=\/wp\/v2\/pages\/294"}],"wp:attachment":[{"href":"https:\/\/www.eurokolikonmaailma.fi\/index.php?rest_route=%2Fwp%2Fv2%2Fmedia&parent=880"}],"curies":[{"name":"wp","href":"https:\/\/api.w.org\/{rel}","templated":true}]}}