{"id":829,"date":"2011-09-22T22:48:13","date_gmt":"2011-09-22T19:48:13","guid":{"rendered":"http:\/\/www.eurokolikonmaailma.fi\/blogi\/?page_id=829"},"modified":"2025-09-22T17:59:13","modified_gmt":"2025-09-22T14:59:13","slug":"vhs-he-man-ja-naispaholainen","status":"publish","type":"page","link":"https:\/\/www.eurokolikonmaailma.fi\/?page_id=829","title":{"rendered":"VHS: He-Man ja Naispaholainen"},"content":{"rendered":"<p><img loading=\"lazy\" decoding=\"async\" src=\"http:\/\/motu.eurokolikonmaailma.fi\/kuvat\/video\/hmatmotu_logo.jpg\" alt=\"\" width=\"76\" height=\"47\" \/><img loading=\"lazy\" decoding=\"async\" src=\"http:\/\/motu.eurokolikonmaailma.fi\/kuvat\/video\/vhs_logo.jpg\" alt=\"\" width=\"91\" height=\"46\" \/>\u00a0<img loading=\"lazy\" decoding=\"async\" src=\"http:\/\/motu.eurokolikonmaailma.fi\/kuvat\/video\/sallittu.jpg\" alt=\"\" width=\"56\" height=\"44\" \/><\/p>\n<h1>He-Man\u00a0and the Masters of the Universe \u00a0ja Naispaholainen<\/h1>\n<p><span class=\"Apple-style-span\" style=\"color: #000000; font-family: Georgia, 'Times New Roman', 'Bitstream Charter', Times, serif; font-size: 12px; line-height: 18px;\"><img loading=\"lazy\" decoding=\"async\" style=\"border-style: initial; border-color: initial;\" title=\"Kasettikotelon takakansi\" src=\"http:\/\/motu.eurokolikonmaailma.fi\/kuvat\/video\/hmnp_back_cover_mid.jpg\" alt=\"\" width=\"202\" height=\"356\" \/><img loading=\"lazy\" decoding=\"async\" title=\"Kasettikotelon sivu\" src=\"http:\/\/motu.eurokolikonmaailma.fi\/kuvat\/video\/hmnp_spine_mid.jpg\" alt=\"\" width=\"61\" height=\"356\" \/><span class=\"Apple-style-span\" style=\"color: #444444; font-family: Georgia, 'Bitstream Charter', serif; font-size: 16px; line-height: 24px;\"><a href=\"http:\/\/motu.eurokolikonmaailma.fi\/kuvat\/video\/hmnp_front_cover_mid.jpg\" target=\"_blank\" rel=\"noopener\"><img loading=\"lazy\" decoding=\"async\" title=\"Kasettikotelon etukansi\" src=\"http:\/\/motu.eurokolikonmaailma.fi\/kuvat\/video\/hmnp_front_cover_mid.jpg\" alt=\"\" width=\"206\" height=\"356\" \/><\/a><\/span><\/span><\/p>\n<blockquote><p>He-Man, Universumin voimakkain mies rohkeine kumppaneineen taistelee j\u00e4lleen Eternian puolesta kurjaa Skeletoria ja t\u00e4m\u00e4n pahoja liittolaisia vastaan.<\/p>\n<p>Skeletor ottaa Phantos-planeetan kuningattaren vangiksi ja muuttaa t\u00e4m\u00e4n paholaiseksi saadakseen haltuunsa maailmankaikkeuden vahvimman metallin, photaniumin. Vain He-Man pystyy est\u00e4m\u00e4\u00e4n Skeletorin katalat suunnitelmat!<\/p>\n<p>Kasetti t\u00e4ynn\u00e4 vauhtia, toimintaa ja seikkailua!<\/p>\n<p><strong>PUHUMME SUOMEA!<\/strong><\/p><\/blockquote>\n<h2>Tiedot:<\/h2>\n<p>* Kesto: 65 minuuttia<\/p>\n<p>* Ik\u00e4raja: sallittu (S\/T) &#8211; I-01386<br \/>\n&#8211; sopii yleisesti kaikenik\u00e4isille<br \/>\n* Valmistumisvuosi: 1983<br \/>\n*\u00a0\u00c4\u00e4ni: mono<br \/>\n* \u00c4\u00e4ni: Suomenkielinen puhe<br \/>\n* Dubbaus_ Golden Voice Oy<br \/>\n* Kuvakoko: 4:3<br \/>\n*\u00a01 VHS<br \/>\n* Julkaisija: Castle Video (Sesam Video)<br \/>\n* Vain yksityisk\u00e4ytt\u00f6\u00f6n!<\/p>\n<h2>Jaksoluettelo:<\/h2>\n<p>&#8211; The Cosmic Comet (Kosminen komeetta*)<br \/>\n&#8211; The Shaping Staff (Muotoilusauva**)<br \/>\n&#8211; She-Demon of Phantos (Naispaholainen)<\/p>\n<p>* Oma, suora suomennos alkuper\u00e4isest\u00e4 jaksonimest\u00e4<br \/>\n** \u00a0Oma, (suht.) suora suomennos alkuper\u00e4isest\u00e4 jaksonimest\u00e4<\/p>\n<p><a href=\"http:\/\/motu.eurokolikonmaailma.fi\/kuvat\/video\/mu001_titlecard.jpg\" target=\"_blank\" rel=\"noopener\"><img loading=\"lazy\" decoding=\"async\" src=\"http:\/\/motu.eurokolikonmaailma.fi\/kuvat\/video\/mu001_titlecard.jpg\" alt=\"\" width=\"500\" height=\"385\" \/><\/a><\/p>\n<p><a href=\"http:\/\/motu.eurokolikonmaailma.fi\/kuvat\/video\/mu002_info.jpg\" target=\"_blank\" rel=\"noopener\"><img loading=\"lazy\" decoding=\"async\" src=\"http:\/\/motu.eurokolikonmaailma.fi\/kuvat\/video\/mu002_info.jpg\" alt=\"\" width=\"500\" height=\"375\" \/><\/a><\/p>\n<p><a href=\"http:\/\/motu.eurokolikonmaailma.fi\/kuvat\/video\/mu002_titlecard.jpg\" target=\"_blank\" rel=\"noopener\"><img loading=\"lazy\" decoding=\"async\" src=\"http:\/\/motu.eurokolikonmaailma.fi\/kuvat\/video\/mu002_titlecard.jpg\" alt=\"\" width=\"500\" height=\"382\" \/><\/a><\/p>\n<p><a href=\"http:\/\/motu.eurokolikonmaailma.fi\/kuvat\/video\/mu005_info.jpg\" target=\"_blank\" rel=\"noopener\"><img loading=\"lazy\" decoding=\"async\" src=\"http:\/\/motu.eurokolikonmaailma.fi\/kuvat\/video\/mu005_info.jpg\" alt=\"\" width=\"500\" height=\"373\" \/><\/a><\/p>\n<p><a href=\"http:\/\/motu.eurokolikonmaailma.fi\/kuvat\/video\/mu005_titlecard.jpg\" target=\"_blank\" rel=\"noopener\"><img loading=\"lazy\" decoding=\"async\" src=\"http:\/\/motu.eurokolikonmaailma.fi\/kuvat\/video\/mu005_titlecard.jpg\" alt=\"\" width=\"500\" height=\"376\" \/><\/a><\/p>\n<h2>Audioklippej\u00e4:<\/h2>\n<p>* Alkuintro &#8211; Kosminen komeetta<\/p>\n<audio class=\"wp-audio-shortcode\" id=\"audio-829-1\" preload=\"none\" style=\"width: 100%;\" controls=\"controls\"><source type=\"audio\/mpeg\" src=\"http:\/\/motu.eurokolikonmaailma.fi\/video\/audio_npaholainen\/alkuintro_naispaholainen.mp3?_=1\" \/><a href=\"http:\/\/motu.eurokolikonmaailma.fi\/video\/audio_npaholainen\/alkuintro_naispaholainen.mp3\">http:\/\/motu.eurokolikonmaailma.fi\/video\/audio_npaholainen\/alkuintro_naispaholainen.mp3<\/a><\/audio>\n<p>&nbsp;<\/p>\n<p>* Alkuintro &#8211; Muotoilusauva<\/p>\n<audio class=\"wp-audio-shortcode\" id=\"audio-829-2\" preload=\"none\" style=\"width: 100%;\" controls=\"controls\"><source type=\"audio\/mpeg\" src=\"http:\/\/motu.eurokolikonmaailma.fi\/video\/audio_npaholainen\/alkuintro_naispaholainen2.mp3?_=2\" \/><a href=\"http:\/\/motu.eurokolikonmaailma.fi\/video\/audio_npaholainen\/alkuintro_naispaholainen2.mp3\">http:\/\/motu.eurokolikonmaailma.fi\/video\/audio_npaholainen\/alkuintro_naispaholainen2.mp3<\/a><\/audio>\n<p>&nbsp;<\/p>\n<p>* Alkuintro &#8211; Naispaholainen<\/p>\n<audio class=\"wp-audio-shortcode\" id=\"audio-829-3\" preload=\"none\" style=\"width: 100%;\" controls=\"controls\"><source type=\"audio\/mpeg\" src=\"http:\/\/motu.eurokolikonmaailma.fi\/video\/audio_npaholainen\/alkuintro_naispaholainen3.mp3?_=3\" \/><a href=\"http:\/\/motu.eurokolikonmaailma.fi\/video\/audio_npaholainen\/alkuintro_naispaholainen3.mp3\">http:\/\/motu.eurokolikonmaailma.fi\/video\/audio_npaholainen\/alkuintro_naispaholainen3.mp3<\/a><\/audio>\n","protected":false},"excerpt":{"rendered":"<p>\u00a0 He-Man\u00a0and the Masters of the Universe \u00a0ja Naispaholainen He-Man, Universumin voimakkain mies rohkeine kumppaneineen taistelee j\u00e4lleen Eternian puolesta kurjaa Skeletoria ja t\u00e4m\u00e4n pahoja liittolaisia vastaan. Skeletor ottaa Phantos-planeetan kuningattaren vangiksi ja muuttaa t\u00e4m\u00e4n paholaiseksi saadakseen haltuunsa maailmankaikkeuden vahvimman metallin, &hellip; <a href=\"https:\/\/www.eurokolikonmaailma.fi\/?page_id=829\">Lue loppuun <span class=\"meta-nav\">&rarr;<\/span><\/a><\/p>\n","protected":false},"author":1,"featured_media":0,"parent":962,"menu_order":0,"comment_status":"open","ping_status":"open","template":"","meta":{"footnotes":""},"class_list":["post-829","page","type-page","status-publish","hentry"],"_links":{"self":[{"href":"https:\/\/www.eurokolikonmaailma.fi\/index.php?rest_route=\/wp\/v2\/pages\/829","targetHints":{"allow":["GET"]}}],"collection":[{"href":"https:\/\/www.eurokolikonmaailma.fi\/index.php?rest_route=\/wp\/v2\/pages"}],"about":[{"href":"https:\/\/www.eurokolikonmaailma.fi\/index.php?rest_route=\/wp\/v2\/types\/page"}],"author":[{"embeddable":true,"href":"https:\/\/www.eurokolikonmaailma.fi\/index.php?rest_route=\/wp\/v2\/users\/1"}],"replies":[{"embeddable":true,"href":"https:\/\/www.eurokolikonmaailma.fi\/index.php?rest_route=%2Fwp%2Fv2%2Fcomments&post=829"}],"version-history":[{"count":19,"href":"https:\/\/www.eurokolikonmaailma.fi\/index.php?rest_route=\/wp\/v2\/pages\/829\/revisions"}],"predecessor-version":[{"id":6012,"href":"https:\/\/www.eurokolikonmaailma.fi\/index.php?rest_route=\/wp\/v2\/pages\/829\/revisions\/6012"}],"up":[{"embeddable":true,"href":"https:\/\/www.eurokolikonmaailma.fi\/index.php?rest_route=\/wp\/v2\/pages\/962"}],"wp:attachment":[{"href":"https:\/\/www.eurokolikonmaailma.fi\/index.php?rest_route=%2Fwp%2Fv2%2Fmedia&parent=829"}],"curies":[{"name":"wp","href":"https:\/\/api.w.org\/{rel}","templated":true}]}}