{"id":6156,"date":"2026-05-16T16:04:43","date_gmt":"2026-05-16T13:04:43","guid":{"rendered":"https:\/\/www.eurokolikonmaailma.fi\/?page_id=6156"},"modified":"2026-05-16T16:08:55","modified_gmt":"2026-05-16T13:08:55","slug":"c-kasetti","status":"publish","type":"page","link":"https:\/\/www.eurokolikonmaailma.fi\/?page_id=6156","title":{"rendered":"C-kasetit"},"content":{"rendered":"<p>&nbsp;<\/p>\n<table style=\"border: 0px;\">\n<tbody>\n<tr>\n<td style=\"border: 0px;\"><img loading=\"lazy\" decoding=\"async\" src=\"http:\/\/motu.eurokolikonmaailma.fi\/kuvat\/audio\/kidnappaus_kasetti.jpg\" alt=\"\" width=\"75\" height=\"48\" border=\"0\" \/><\/td>\n<td style=\"border: 0px;\"><a style=\"color: #ff4b33; line-height: 24px;\" href=\"https:\/\/www.eurokolikonmaailma.fi\/blogi\/?page_id=473\">Teelan Kidnappaus -seikkailukuunnelma<\/a><\/td>\n<\/tr>\n<tr>\n<td style=\"border: 0px;\"><img loading=\"lazy\" decoding=\"async\" src=\"http:\/\/motu.eurokolikonmaailma.fi\/kuvat\/audio\/tahtisumua_kasetti.jpg\" width=\"75\" height=\"42\" \/><\/td>\n<td style=\"border: 0px;\"><a href=\"https:\/\/www.eurokolikonmaailma.fi\/?page_id=3759\">T\u00e4htisumua -seikkailun\u00e4ytelm\u00e4<\/a><\/td>\n<\/tr>\n<tr>\n<td style=\"border: 0px;\"><img loading=\"lazy\" decoding=\"async\" class=\"alignnone\" title=\"Liejuhaudan vanki kirjanen etukansi\" src=\"https:\/\/motu.eurokolikonmaailma.fi\/kuvat\/audio\/hlhv_00.jpg\" alt=\"\" width=\"75\" height=\"79\" \/><\/td>\n<td style=\"border: 0px;\"><a href=\"https:\/\/www.eurokolikonmaailma.fi\/blogi\/?page_id=1490\">Liejuhaudan vanki<\/a><\/td>\n<\/tr>\n<\/tbody>\n<\/table>\n<p>&nbsp;<\/p>\n","protected":false},"excerpt":{"rendered":"<p>&nbsp; Teelan Kidnappaus -seikkailukuunnelma T\u00e4htisumua -seikkailun\u00e4ytelm\u00e4 Liejuhaudan vanki &nbsp;<\/p>\n","protected":false},"author":1,"featured_media":0,"parent":28,"menu_order":0,"comment_status":"closed","ping_status":"closed","template":"","meta":{"footnotes":""},"class_list":["post-6156","page","type-page","status-publish","hentry"],"_links":{"self":[{"href":"https:\/\/www.eurokolikonmaailma.fi\/index.php?rest_route=\/wp\/v2\/pages\/6156","targetHints":{"allow":["GET"]}}],"collection":[{"href":"https:\/\/www.eurokolikonmaailma.fi\/index.php?rest_route=\/wp\/v2\/pages"}],"about":[{"href":"https:\/\/www.eurokolikonmaailma.fi\/index.php?rest_route=\/wp\/v2\/types\/page"}],"author":[{"embeddable":true,"href":"https:\/\/www.eurokolikonmaailma.fi\/index.php?rest_route=\/wp\/v2\/users\/1"}],"replies":[{"embeddable":true,"href":"https:\/\/www.eurokolikonmaailma.fi\/index.php?rest_route=%2Fwp%2Fv2%2Fcomments&post=6156"}],"version-history":[{"count":2,"href":"https:\/\/www.eurokolikonmaailma.fi\/index.php?rest_route=\/wp\/v2\/pages\/6156\/revisions"}],"predecessor-version":[{"id":6160,"href":"https:\/\/www.eurokolikonmaailma.fi\/index.php?rest_route=\/wp\/v2\/pages\/6156\/revisions\/6160"}],"up":[{"embeddable":true,"href":"https:\/\/www.eurokolikonmaailma.fi\/index.php?rest_route=\/wp\/v2\/pages\/28"}],"wp:attachment":[{"href":"https:\/\/www.eurokolikonmaailma.fi\/index.php?rest_route=%2Fwp%2Fv2%2Fmedia&parent=6156"}],"curies":[{"name":"wp","href":"https:\/\/api.w.org\/{rel}","templated":true}]}}