{"id":6143,"date":"2026-05-10T00:55:09","date_gmt":"2026-05-09T21:55:09","guid":{"rendered":"https:\/\/www.eurokolikonmaailma.fi\/?page_id=6143"},"modified":"2026-05-10T00:56:15","modified_gmt":"2026-05-09T21:56:15","slug":"new-adventures-of-he-man-electronic-powersword","status":"publish","type":"page","link":"https:\/\/www.eurokolikonmaailma.fi\/?page_id=6143","title":{"rendered":"New Adventures of He-Man Electronic Powersword"},"content":{"rendered":"<h1>New Adventures of He-Man Electronic Powersword<\/h1>\n<p><a href=\"https:\/\/motu.eurokolikonmaailma.fi\/kuvat\/valomiekka\/valomiekka_01.png\" target=\"_blank\" rel=\"noopener\"><img loading=\"lazy\" decoding=\"async\" class=\"alignnone\" src=\"https:\/\/motu.eurokolikonmaailma.fi\/kuvat\/valomiekka\/valomiekka_01.png\" alt=\"He-Man voimamiekka ja pakkaus\" width=\"2399\" height=\"719\" \/><\/a><\/p>\n<p><a href=\"https:\/\/motu.eurokolikonmaailma.fi\/kuvat\/valomiekka\/voimamiekka_tiedot.jpg\" target=\"_blank\" rel=\"noopener\"><img loading=\"lazy\" decoding=\"async\" class=\"alignnone\" src=\"https:\/\/motu.eurokolikonmaailma.fi\/kuvat\/valomiekka\/voimamiekka_tiedot.jpg\" alt=\"He-Man voimamiekka tuotetiedot\" width=\"3000\" height=\"491\" \/><\/a><\/p>\n<p><a href=\"https:\/\/motu.eurokolikonmaailma.fi\/kuvat\/valomiekka\/voimamiekka_k\u00e4ytt\u00f6ohje.jpg\" target=\"_blank\" rel=\"noopener\"><img loading=\"lazy\" decoding=\"async\" class=\"alignnone\" src=\"https:\/\/motu.eurokolikonmaailma.fi\/kuvat\/valomiekka\/voimamiekka_k\u00e4ytt\u00f6ohje.jpg\" alt=\"He-Man voimamiekan k\u00e4ytt\u00f6ohje\" width=\"3000\" height=\"476\" \/><\/a><\/p>\n<p><em>HE MAN \u00c4\u00c4NIMIEKKA<\/em><\/p>\n<p><em>V\u00e4lkkyv\u00e4\u00e4 valoa, ukkosen jyrin\u00e4\u00e4 ja lasertehosteita. 8 erilaista \u00e4\u00e4niefekti\u00e4. Toimii nelj\u00e4ll\u00e4 1,5 V (AA) paristolla (eiv\u00e4t sis\u00e4lly pakkaukseen). Huom! K\u00e4yt\u00e4 miekkaa ainoastaan valo- ja \u00e4\u00e4nitehosteena. \u00c4l\u00e4 suuntaa sit\u00e4 tai ly\u00f6 sill\u00e4 muita ihmisi\u00e4, el\u00e4imi\u00e4 tai esineit\u00e4. Ik\u00e4suositus yli 5 v.<\/em><\/p>\n<p>T\u00e4m\u00e4 elektroninen miekka oli yksi lapsuuteni suosikkileluista. Nykyinen kappaleeni on aikuisi\u00e4ll\u00e4 Huutonetist\u00e4 ostettu.<\/p>\n<p><em>K\u00e4ytt\u00f6ohje<\/em><\/p>\n<p><em>K\u00e4ynnistyspainike aktivoi miekan taisteluvalmiuteen vilkkuvien valojen ja supersoonisten \u00e4\u00e4nten s\u00e4est\u00e4m\u00e4n\u00e4. Lyhyet ly\u00f6nnit miekalla saavat aikaan kilahtavan \u00e4\u00e4nen, kuin metalli iskeytyisi metalliin. Laajat ly\u00f6nnit saavat aikaan taistelu\u00e4\u00e4nill\u00e4 s\u00e4estetyn huiskaus\u00e4\u00e4nen!<\/em><\/p>\n<p><em>Paina laser-painiketta saadaksesi aikaan lyhyen l\u00e4sers\u00e4de-\u00e4\u00e4nen.Ukkonen-painike valaisee miekan He-Manin voiman r\u00e4j\u00e4ht\u00e4v\u00e4n \u00e4\u00e4nen s\u00e4estyksell\u00e4! Nyt lyhyet iskut saavat aikaan kalahtavan \u00e4\u00e4nen, kun Voimamiekka iskeytyy pahaan sauvaan. Pitk\u00e4t ly\u00f6nnit saavat miekan r\u00e4tisem\u00e4\u00e4n taustelu\u00e4\u00e4nten kera.<\/em><\/p>\n<p><strong>Katso miekan mainosvideo:<\/strong><\/p>\n<div style=\"width: 640px;\" class=\"wp-video\"><video class=\"wp-video-shortcode\" id=\"video-6143-1\" width=\"640\" height=\"360\" preload=\"metadata\" controls=\"controls\"><source type=\"video\/mp4\" src=\"https:\/\/motu.eurokolikonmaailma.fi\/video\/valomiekka\/NA_He-Man_elektroninen_miekka_mainos.mp4?_=1\" \/><a href=\"https:\/\/motu.eurokolikonmaailma.fi\/video\/valomiekka\/NA_He-Man_elektroninen_miekka_mainos.mp4\">https:\/\/motu.eurokolikonmaailma.fi\/video\/valomiekka\/NA_He-Man_elektroninen_miekka_mainos.mp4<\/a><\/video><\/div>\n","protected":false},"excerpt":{"rendered":"<p>New Adventures of He-Man Electronic Powersword HE MAN \u00c4\u00c4NIMIEKKA V\u00e4lkkyv\u00e4\u00e4 valoa, ukkosen jyrin\u00e4\u00e4 ja lasertehosteita. 8 erilaista \u00e4\u00e4niefekti\u00e4. Toimii nelj\u00e4ll\u00e4 1,5 V (AA) paristolla (eiv\u00e4t sis\u00e4lly pakkaukseen). Huom! K\u00e4yt\u00e4 miekkaa ainoastaan valo- ja \u00e4\u00e4nitehosteena. \u00c4l\u00e4 suuntaa sit\u00e4 tai ly\u00f6 sill\u00e4 &hellip; <a href=\"https:\/\/www.eurokolikonmaailma.fi\/?page_id=6143\">Lue loppuun <span class=\"meta-nav\">&rarr;<\/span><\/a><\/p>\n","protected":false},"author":1,"featured_media":0,"parent":509,"menu_order":0,"comment_status":"closed","ping_status":"closed","template":"","meta":{"footnotes":""},"class_list":["post-6143","page","type-page","status-publish","hentry"],"_links":{"self":[{"href":"https:\/\/www.eurokolikonmaailma.fi\/index.php?rest_route=\/wp\/v2\/pages\/6143","targetHints":{"allow":["GET"]}}],"collection":[{"href":"https:\/\/www.eurokolikonmaailma.fi\/index.php?rest_route=\/wp\/v2\/pages"}],"about":[{"href":"https:\/\/www.eurokolikonmaailma.fi\/index.php?rest_route=\/wp\/v2\/types\/page"}],"author":[{"embeddable":true,"href":"https:\/\/www.eurokolikonmaailma.fi\/index.php?rest_route=\/wp\/v2\/users\/1"}],"replies":[{"embeddable":true,"href":"https:\/\/www.eurokolikonmaailma.fi\/index.php?rest_route=%2Fwp%2Fv2%2Fcomments&post=6143"}],"version-history":[{"count":3,"href":"https:\/\/www.eurokolikonmaailma.fi\/index.php?rest_route=\/wp\/v2\/pages\/6143\/revisions"}],"predecessor-version":[{"id":6148,"href":"https:\/\/www.eurokolikonmaailma.fi\/index.php?rest_route=\/wp\/v2\/pages\/6143\/revisions\/6148"}],"up":[{"embeddable":true,"href":"https:\/\/www.eurokolikonmaailma.fi\/index.php?rest_route=\/wp\/v2\/pages\/509"}],"wp:attachment":[{"href":"https:\/\/www.eurokolikonmaailma.fi\/index.php?rest_route=%2Fwp%2Fv2%2Fmedia&parent=6143"}],"curies":[{"name":"wp","href":"https:\/\/api.w.org\/{rel}","templated":true}]}}