{"id":6122,"date":"2026-03-14T17:26:32","date_gmt":"2026-03-14T15:26:32","guid":{"rendered":"https:\/\/www.eurokolikonmaailma.fi\/?page_id=6122"},"modified":"2026-03-14T17:30:30","modified_gmt":"2026-03-14T15:30:30","slug":"masters-of-the-universe-purkkatarrat-1987-sarja","status":"publish","type":"page","link":"https:\/\/www.eurokolikonmaailma.fi\/?page_id=6122","title":{"rendered":"Masters of the Universe -purkkatarrat (1987 sarja)"},"content":{"rendered":"<p>N\u00e4m\u00e4 purkkatarrat ovat vuoden 1987 julkaisusarjasta. Oma faniuteni alkoi loppuvuodesta 1987, joten itse missasin t\u00e4m\u00e4n sarjan t\u00e4ysin. Edell\u00e4 mainitusta syyst\u00e4, minulla ei ole mit\u00e4\u00e4n hajua, millaisessa pakkauksessa n\u00e4m\u00e4 tulivat tai minkalaista mukana tullut purkka oli. Ostin t\u00e4m\u00e4n sarjan aikuisi\u00e4ll\u00e4 Huutonetist\u00e4.<\/p>\n<p>&nbsp;<\/p>\n<table>\n<tbody>\n<tr>\n<td><a href=\"https:\/\/motu.eurokolikonmaailma.fi\/kuvat\/kortti_tarra\/motu_1987_pt01.jpg\" target=\"_blank\" rel=\"noopener\"><img loading=\"lazy\" decoding=\"async\" class=\"alignnone\" src=\"https:\/\/motu.eurokolikonmaailma.fi\/kuvat\/kortti_tarra\/motu_1987_pt01.jpg\" alt=\"Purkkatarkka, jossa Hordak.\" width=\"131\" height=\"200\" \/><\/a><\/td>\n<td><a href=\"https:\/\/motu.eurokolikonmaailma.fi\/kuvat\/kortti_tarra\/motu_1987_pt02.jpg\" target=\"_blank\" rel=\"noopener\"><img loading=\"lazy\" decoding=\"async\" class=\"alignnone\" src=\"https:\/\/motu.eurokolikonmaailma.fi\/kuvat\/kortti_tarra\/motu_1987_pt02.jpg\" alt=\"Purkkatarra, jossa Trap Jaw.\" width=\"131\" height=\"200\" \/><\/a><\/td>\n<td><a href=\"https:\/\/motu.eurokolikonmaailma.fi\/kuvat\/kortti_tarra\/motu_1987_pt03.jpg\" target=\"_blank\" rel=\"noopener\"><img loading=\"lazy\" decoding=\"async\" class=\"alignnone\" src=\"https:\/\/motu.eurokolikonmaailma.fi\/kuvat\/kortti_tarra\/motu_1987_pt03.jpg\" alt=\"Purkkatarra, jossa Teela.\" width=\"131\" height=\"200\" \/><\/a><\/td>\n<\/tr>\n<tr>\n<td><a href=\"https:\/\/motu.eurokolikonmaailma.fi\/kuvat\/kortti_tarra\/motu_1987_pt04.jpg\" target=\"_blank\" rel=\"noopener\"><img loading=\"lazy\" decoding=\"async\" class=\"alignnone\" src=\"https:\/\/motu.eurokolikonmaailma.fi\/kuvat\/kortti_tarra\/motu_1987_pt04.jpg\" alt=\"Purkkatarra, jossa Two-Bad\" width=\"131\" height=\"200\" \/><\/a><\/td>\n<td><a href=\"https:\/\/motu.eurokolikonmaailma.fi\/kuvat\/kortti_tarra\/motu_1987_pt05.jpg\" target=\"_blank\" rel=\"noopener\"><img loading=\"lazy\" decoding=\"async\" class=\"alignnone\" src=\"https:\/\/motu.eurokolikonmaailma.fi\/kuvat\/kortti_tarra\/motu_1987_pt05.jpg\" alt=\"Purkkatarra, jossa Rio Blast.\" width=\"131\" height=\"200\" \/><\/a><\/td>\n<td><a href=\"https:\/\/motu.eurokolikonmaailma.fi\/kuvat\/kortti_tarra\/motu_1987_pt06.jpg\" target=\"_blank\" rel=\"noopener\"><img loading=\"lazy\" decoding=\"async\" class=\"alignnone\" src=\"https:\/\/motu.eurokolikonmaailma.fi\/kuvat\/kortti_tarra\/motu_1987_pt06.jpg\" alt=\"Purkkatarra, jossa Teela, Man-at-Arms, Battle Armor He-Man, Orko, Skeletor ja Hordak.\" width=\"131\" height=\"200\" \/><\/a><\/td>\n<\/tr>\n<tr>\n<td><a href=\"https:\/\/motu.eurokolikonmaailma.fi\/kuvat\/kortti_tarra\/motu_1987_pt07.jpg\" target=\"_blank\" rel=\"noopener\"><img loading=\"lazy\" decoding=\"async\" class=\"alignnone\" src=\"https:\/\/motu.eurokolikonmaailma.fi\/kuvat\/kortti_tarra\/motu_1987_pt07.jpg\" alt=\"Purkkatarra, jossa Skeletor.\" width=\"131\" height=\"200\" \/><\/a><\/td>\n<td><a href=\"https:\/\/motu.eurokolikonmaailma.fi\/kuvat\/kortti_tarra\/motu_1987_pt08.jpg\" target=\"_blank\" rel=\"noopener\"><img loading=\"lazy\" decoding=\"async\" class=\"alignnone\" src=\"https:\/\/motu.eurokolikonmaailma.fi\/kuvat\/kortti_tarra\/motu_1987_pt08.jpg\" alt=\"Purkkatarra, jossa Orko ja Extendar.\" width=\"131\" height=\"200\" \/><\/a><\/td>\n<td><a href=\"https:\/\/motu.eurokolikonmaailma.fi\/kuvat\/kortti_tarra\/motu_1987_pt09.jpg\" target=\"_blank\" rel=\"noopener\"><img loading=\"lazy\" decoding=\"async\" class=\"alignnone\" src=\"https:\/\/motu.eurokolikonmaailma.fi\/kuvat\/kortti_tarra\/motu_1987_pt09.jpg\" alt=\"Purkkatarra, jossa Modulok.\" width=\"131\" height=\"200\" \/><\/a><\/td>\n<\/tr>\n<tr>\n<td><a href=\"https:\/\/motu.eurokolikonmaailma.fi\/kuvat\/kortti_tarra\/motu_1987_pt10.jpg\" target=\"_blank\" rel=\"noopener\"><img loading=\"lazy\" decoding=\"async\" class=\"alignnone\" src=\"https:\/\/motu.eurokolikonmaailma.fi\/kuvat\/kortti_tarra\/motu_1987_pt10.jpg\" alt=\"Purkkatarra, jossa Battle Armor He-Man.\" width=\"131\" height=\"200\" \/><\/a><\/td>\n<td><a href=\"https:\/\/motu.eurokolikonmaailma.fi\/kuvat\/kortti_tarra\/motu_1987_pt11.jpg\" target=\"_blank\" rel=\"noopener\"><img loading=\"lazy\" decoding=\"async\" class=\"alignnone\" src=\"https:\/\/motu.eurokolikonmaailma.fi\/kuvat\/kortti_tarra\/motu_1987_pt11.jpg\" alt=\"Purkkatarra, jossa Roboto.\" width=\"131\" height=\"200\" \/><\/a><\/td>\n<td><a href=\"https:\/\/motu.eurokolikonmaailma.fi\/kuvat\/kortti_tarra\/motu_1987_pt12.jpg\" target=\"_blank\" rel=\"noopener\"><img loading=\"lazy\" decoding=\"async\" class=\"alignnone\" src=\"https:\/\/motu.eurokolikonmaailma.fi\/kuvat\/kortti_tarra\/motu_1987_pt12.jpg\" alt=\"Purkkatarra, jossa Dragon Blaster Skeletor.\" width=\"131\" height=\"200\" \/><\/a><\/td>\n<\/tr>\n<tr>\n<td><a href=\"https:\/\/motu.eurokolikonmaailma.fi\/kuvat\/kortti_tarra\/motu_1987_pt13.jpg\" target=\"_blank\" rel=\"noopener\"><img loading=\"lazy\" decoding=\"async\" class=\"alignnone\" src=\"https:\/\/motu.eurokolikonmaailma.fi\/kuvat\/kortti_tarra\/motu_1987_pt13.jpg\" alt=\"Purkkatarra, jossa Sorceress.\" width=\"131\" height=\"200\" \/><\/a><\/td>\n<td><a href=\"https:\/\/motu.eurokolikonmaailma.fi\/kuvat\/kortti_tarra\/motu_1987_pt14.jpg\" target=\"_blank\" rel=\"noopener\"><img loading=\"lazy\" decoding=\"async\" class=\"alignnone\" src=\"https:\/\/motu.eurokolikonmaailma.fi\/kuvat\/kortti_tarra\/motu_1987_pt14.jpg\" alt=\"Purkkatarra, jossa He-Man ja He-Ro.\" width=\"131\" height=\"200\" \/><\/a><\/td>\n<td><a href=\"https:\/\/motu.eurokolikonmaailma.fi\/kuvat\/kortti_tarra\/motu_1987_pt15.jpg\" target=\"_blank\" rel=\"noopener\"><img loading=\"lazy\" decoding=\"async\" class=\"alignnone\" src=\"https:\/\/motu.eurokolikonmaailma.fi\/kuvat\/kortti_tarra\/motu_1987_pt15.jpg\" alt=\"Purkkatarra, jossa Battle Armor Skeletor\" width=\"131\" height=\"200\" \/><\/a><\/td>\n<\/tr>\n<tr>\n<td><a href=\"https:\/\/motu.eurokolikonmaailma.fi\/kuvat\/kortti_tarra\/motu_1987_pt16.jpg\" target=\"_blank\" rel=\"noopener\"><img loading=\"lazy\" decoding=\"async\" class=\"alignnone\" src=\"https:\/\/motu.eurokolikonmaailma.fi\/kuvat\/kortti_tarra\/motu_1987_pt16.jpg\" alt=\"Purkkatarra, jossa Leech.\" width=\"131\" height=\"200\" \/><\/a><\/td>\n<td><a href=\"https:\/\/motu.eurokolikonmaailma.fi\/kuvat\/kortti_tarra\/motu_1987_pt17.jpg\" target=\"_blank\" rel=\"noopener\"><img loading=\"lazy\" decoding=\"async\" class=\"alignnone\" src=\"https:\/\/motu.eurokolikonmaailma.fi\/kuvat\/kortti_tarra\/motu_1987_pt17.jpg\" alt=\"Purkkatarra, jossa Eternia Towers.\" width=\"131\" height=\"200\" \/><\/a><\/td>\n<td><a href=\"https:\/\/motu.eurokolikonmaailma.fi\/kuvat\/kortti_tarra\/motu_1987_pt18.jpg\" target=\"_blank\" rel=\"noopener\"><img loading=\"lazy\" decoding=\"async\" class=\"alignnone\" src=\"https:\/\/motu.eurokolikonmaailma.fi\/kuvat\/kortti_tarra\/motu_1987_pt18.jpg\" alt=\"Purkkatarra, jossa Grizzlor.\" width=\"131\" height=\"200\" \/><\/a><\/td>\n<\/tr>\n<tr>\n<td><a href=\"https:\/\/motu.eurokolikonmaailma.fi\/kuvat\/kortti_tarra\/motu_1987_pt19.jpg\" target=\"_blank\" rel=\"noopener\"><img loading=\"lazy\" decoding=\"async\" class=\"alignnone\" src=\"https:\/\/motu.eurokolikonmaailma.fi\/kuvat\/kortti_tarra\/motu_1987_pt19.jpg\" alt=\"Purkkatarra, jossa Man-at-Arms.\" width=\"131\" height=\"200\" \/><\/a><\/td>\n<td><a href=\"https:\/\/motu.eurokolikonmaailma.fi\/kuvat\/kortti_tarra\/motu_1987_pt20.jpg\" target=\"_blank\" rel=\"noopener\"><img loading=\"lazy\" decoding=\"async\" class=\"alignnone\" src=\"https:\/\/motu.eurokolikonmaailma.fi\/kuvat\/kortti_tarra\/motu_1987_pt20.jpg\" alt=\"Purkkatarra, jossa Slime Pit.\" width=\"131\" height=\"200\" \/><\/a><\/td>\n<td><a href=\"https:\/\/motu.eurokolikonmaailma.fi\/kuvat\/kortti_tarra\/motu_1987_pt21.jpg\" target=\"_blank\" rel=\"noopener\"><img loading=\"lazy\" decoding=\"async\" class=\"alignnone\" src=\"https:\/\/motu.eurokolikonmaailma.fi\/kuvat\/kortti_tarra\/motu_1987_pt21.jpg\" alt=\"Purkkatarra, jossa Beastman.\" width=\"131\" height=\"200\" \/><\/a><\/td>\n<\/tr>\n<tr>\n<td><a href=\"https:\/\/motu.eurokolikonmaailma.fi\/kuvat\/kortti_tarra\/motu_1987_pt22.jpg\" target=\"_blank\" rel=\"noopener\"><img loading=\"lazy\" decoding=\"async\" class=\"alignnone\" src=\"https:\/\/motu.eurokolikonmaailma.fi\/kuvat\/kortti_tarra\/motu_1987_pt22.jpg\" alt=\"Purkkatarra, jossa Mantenna.\" width=\"131\" height=\"200\" \/><\/a><\/td>\n<td><a href=\"https:\/\/motu.eurokolikonmaailma.fi\/kuvat\/kortti_tarra\/motu_1987_pt23.jpg\" target=\"_blank\" rel=\"noopener\"><img loading=\"lazy\" decoding=\"async\" class=\"alignnone\" src=\"https:\/\/motu.eurokolikonmaailma.fi\/kuvat\/kortti_tarra\/motu_1987_pt23.jpg\" alt=\"Purkkatarra, jossa Sy-Klone.\" width=\"131\" height=\"200\" \/><\/a><\/td>\n<td><a href=\"https:\/\/motu.eurokolikonmaailma.fi\/kuvat\/kortti_tarra\/motu_1987_pt24.jpg\" target=\"_blank\" rel=\"noopener\"><img loading=\"lazy\" decoding=\"async\" class=\"alignnone\" src=\"https:\/\/motu.eurokolikonmaailma.fi\/kuvat\/kortti_tarra\/motu_1987_pt24.jpg\" alt=\"Purkkatarra, jossa Moss Man.\" width=\"131\" height=\"200\" \/><\/a><\/td>\n<\/tr>\n<tr>\n<td><a href=\"https:\/\/motu.eurokolikonmaailma.fi\/kuvat\/kortti_tarra\/motu_1987_pt25.jpg\" target=\"_blank\" rel=\"noopener\"><img loading=\"lazy\" decoding=\"async\" class=\"alignnone\" src=\"https:\/\/motu.eurokolikonmaailma.fi\/kuvat\/kortti_tarra\/motu_1987_pt25.jpg\" alt=\"Purkkatarra, jossa Orko.\" width=\"131\" height=\"200\" \/><\/a><\/td>\n<td><a href=\"https:\/\/motu.eurokolikonmaailma.fi\/kuvat\/kortti_tarra\/motu_1987_pt26.jpg\" target=\"_blank\" rel=\"noopener\"><img loading=\"lazy\" decoding=\"async\" class=\"alignnone\" src=\"https:\/\/motu.eurokolikonmaailma.fi\/kuvat\/kortti_tarra\/motu_1987_pt26.jpg\" alt=\"Purkkatarra, jossa He-Man.\" width=\"131\" height=\"200\" \/><\/a><\/td>\n<td><a href=\"https:\/\/motu.eurokolikonmaailma.fi\/kuvat\/kortti_tarra\/motu_1987_pt27.jpg\" target=\"_blank\" rel=\"noopener\"><img loading=\"lazy\" decoding=\"async\" class=\"alignnone\" src=\"https:\/\/motu.eurokolikonmaailma.fi\/kuvat\/kortti_tarra\/motu_1987_pt27.jpg\" alt=\"Purkkatarra, jossa He-Man.\" width=\"131\" height=\"200\" \/><\/a><\/td>\n<\/tr>\n<tr>\n<td><a href=\"https:\/\/motu.eurokolikonmaailma.fi\/kuvat\/kortti_tarra\/motu_1987_pt28.jpg\" target=\"_blank\" rel=\"noopener\"><img loading=\"lazy\" decoding=\"async\" class=\"alignnone\" src=\"https:\/\/motu.eurokolikonmaailma.fi\/kuvat\/kortti_tarra\/motu_1987_pt28.jpg\" alt=\"Purkkatarra, jossa Snout Spout.\" width=\"131\" height=\"200\" \/><\/a><\/td>\n<td><a href=\"https:\/\/motu.eurokolikonmaailma.fi\/kuvat\/kortti_tarra\/motu_1987_pt29.jpg\" target=\"_blank\" rel=\"noopener\"><img loading=\"lazy\" decoding=\"async\" class=\"alignnone\" src=\"https:\/\/motu.eurokolikonmaailma.fi\/kuvat\/kortti_tarra\/motu_1987_pt29.jpg\" alt=\"Purkkatarra, jossa He-Man.\" width=\"131\" height=\"200\" \/><\/a><\/td>\n<td><a href=\"https:\/\/motu.eurokolikonmaailma.fi\/kuvat\/kortti_tarra\/motu_1987_pt30.jpg\" target=\"_blank\" rel=\"noopener\"><img loading=\"lazy\" decoding=\"async\" class=\"alignnone\" src=\"https:\/\/motu.eurokolikonmaailma.fi\/kuvat\/kortti_tarra\/motu_1987_pt30.jpg\" alt=\"Purkkatarra, jossa Skeletor.\" width=\"131\" height=\"200\" \/><\/a><\/td>\n<\/tr>\n<tr>\n<td><a href=\"https:\/\/motu.eurokolikonmaailma.fi\/kuvat\/kortti_tarra\/motu_1987_pt31.jpg\" target=\"_blank\" rel=\"noopener\"><img loading=\"lazy\" decoding=\"async\" class=\"alignnone\" src=\"https:\/\/motu.eurokolikonmaailma.fi\/kuvat\/kortti_tarra\/motu_1987_pt31.jpg\" alt=\"Purkkatarra, jossa Stinkor.\" width=\"131\" height=\"200\" \/><\/a><\/td>\n<td><a href=\"https:\/\/motu.eurokolikonmaailma.fi\/kuvat\/kortti_tarra\/motu_1987_pt32.jpg\" target=\"_blank\" rel=\"noopener\"><img loading=\"lazy\" decoding=\"async\" class=\"alignnone\" src=\"https:\/\/motu.eurokolikonmaailma.fi\/kuvat\/kortti_tarra\/motu_1987_pt32.jpg\" alt=\"Purkkatarra, jossa Mec-a-Neck.\" width=\"131\" height=\"200\" \/><\/a><\/td>\n<td><a href=\"https:\/\/motu.eurokolikonmaailma.fi\/kuvat\/kortti_tarra\/motu_1987_pt33.jpg\" target=\"_blank\" rel=\"noopener\"><img loading=\"lazy\" decoding=\"async\" class=\"alignnone\" src=\"https:\/\/motu.eurokolikonmaailma.fi\/kuvat\/kortti_tarra\/motu_1987_pt33.jpg\" alt=\"Purkkatarra, jossa King Hiss.\" width=\"131\" height=\"200\" \/><\/a><\/td>\n<\/tr>\n<tr>\n<td><a href=\"https:\/\/motu.eurokolikonmaailma.fi\/kuvat\/kortti_tarra\/motu_1987_pt34.jpg\" target=\"_blank\" rel=\"noopener\"><img loading=\"lazy\" decoding=\"async\" class=\"alignnone\" src=\"https:\/\/motu.eurokolikonmaailma.fi\/kuvat\/kortti_tarra\/motu_1987_pt34.jpg\" alt=\"Purkkatarra, jossa Ram-Man.\" width=\"131\" height=\"200\" \/><\/a><\/td>\n<td><a href=\"https:\/\/motu.eurokolikonmaailma.fi\/kuvat\/kortti_tarra\/motu_1987_pt35.jpg\" target=\"_blank\" rel=\"noopener\"><img loading=\"lazy\" decoding=\"async\" class=\"alignnone\" src=\"https:\/\/motu.eurokolikonmaailma.fi\/kuvat\/kortti_tarra\/motu_1987_pt35.jpg\" alt=\"Purkkatarra, jossa Evil-Lyn.\" width=\"131\" height=\"200\" \/><\/a><\/td>\n<td><a href=\"https:\/\/motu.eurokolikonmaailma.fi\/kuvat\/kortti_tarra\/motu_1987_pt36.jpg\" target=\"_blank\" rel=\"noopener\"><img loading=\"lazy\" decoding=\"async\" class=\"alignnone\" src=\"https:\/\/motu.eurokolikonmaailma.fi\/kuvat\/kortti_tarra\/motu_1987_pt36.jpg\" alt=\"Purkkatarra, jossa Stratos.\" width=\"131\" height=\"200\" \/><\/a><\/td>\n<\/tr>\n<tr>\n<td><\/td>\n<td><\/td>\n<td><\/td>\n<\/tr>\n<tr>\n<td><a href=\"https:\/\/motu.eurokolikonmaailma.fi\/kuvat\/kortti_tarra\/motu_1987_pt37.jpg\" target=\"_blank\" rel=\"noopener\"><img loading=\"lazy\" decoding=\"async\" class=\"alignnone\" src=\"https:\/\/motu.eurokolikonmaailma.fi\/kuvat\/kortti_tarra\/motu_1987_pt37.jpg\" alt=\"Purkkatarra, jossa He-Man, Teela, Orko ja Man-at-Arms.\" width=\"131\" height=\"200\" \/><\/a><\/td>\n<td><a href=\"https:\/\/motu.eurokolikonmaailma.fi\/kuvat\/kortti_tarra\/motu_1987_pt38.jpg\" target=\"_blank\" rel=\"noopener\"><img loading=\"lazy\" decoding=\"async\" class=\"alignnone\" src=\"https:\/\/motu.eurokolikonmaailma.fi\/kuvat\/kortti_tarra\/motu_1987_pt38.jpg\" alt=\"Purkkatarra, jossa Webstor.\" width=\"131\" height=\"200\" \/><\/a><\/td>\n<td><a href=\"https:\/\/motu.eurokolikonmaailma.fi\/kuvat\/kortti_tarra\/motu_1987_pt39.jpg\" target=\"_blank\" rel=\"noopener\"><img loading=\"lazy\" decoding=\"async\" class=\"alignnone\" src=\"https:\/\/motu.eurokolikonmaailma.fi\/kuvat\/kortti_tarra\/motu_1987_pt39.jpg\" alt=\"Purkkatarra, jossa He-Man taistelee Horde Troopereita vastaan.\" width=\"200\" height=\"131\" \/><\/a><\/td>\n<\/tr>\n<tr>\n<td><a href=\"https:\/\/motu.eurokolikonmaailma.fi\/kuvat\/kortti_tarra\/motu_1987_pt40.jpg\" target=\"_blank\" rel=\"noopener\"><img loading=\"lazy\" decoding=\"async\" class=\"alignnone\" src=\"https:\/\/motu.eurokolikonmaailma.fi\/kuvat\/kortti_tarra\/motu_1987_pt40.jpg\" alt=\"Purkkatarra, jossa Trap Jaw, He-Man ja Stratos\" width=\"200\" height=\"131\" \/><\/a><\/td>\n<td><a href=\"https:\/\/motu.eurokolikonmaailma.fi\/kuvat\/kortti_tarra\/motu_1987_pt41.jpg\" target=\"_blank\" rel=\"noopener\"><img loading=\"lazy\" decoding=\"async\" class=\"alignnone\" src=\"https:\/\/motu.eurokolikonmaailma.fi\/kuvat\/kortti_tarra\/motu_1987_pt41.jpg\" alt=\"Purkkatarra, jossa Man-e-Faces, Mer-Man ja He-Man.\" width=\"200\" height=\"131\" \/><\/a><\/td>\n<td><a href=\"https:\/\/motu.eurokolikonmaailma.fi\/kuvat\/kortti_tarra\/motu_1987_pt42.jpg\" target=\"_blank\" rel=\"noopener\"><img loading=\"lazy\" decoding=\"async\" class=\"alignnone\" src=\"https:\/\/motu.eurokolikonmaailma.fi\/kuvat\/kortti_tarra\/motu_1987_pt42.jpg\" alt=\"Purkkatarra, jossa Mer-Man.\" width=\"200\" height=\"131\" \/><\/a><\/td>\n<\/tr>\n<tr>\n<td><a href=\"https:\/\/motu.eurokolikonmaailma.fi\/kuvat\/kortti_tarra\/motu_1987_pt43.jpg\" target=\"_blank\" rel=\"noopener\"><img loading=\"lazy\" decoding=\"async\" class=\"alignnone\" src=\"https:\/\/motu.eurokolikonmaailma.fi\/kuvat\/kortti_tarra\/motu_1987_pt43.jpg\" alt=\"Purkkatarra, jossa Tri-Klops.\" width=\"200\" height=\"131\" \/><\/a><\/td>\n<td><a href=\"https:\/\/motu.eurokolikonmaailma.fi\/kuvat\/kortti_tarra\/motu_1987_pt44.jpg\" target=\"_blank\" rel=\"noopener\"><img loading=\"lazy\" decoding=\"async\" class=\"alignnone\" src=\"https:\/\/motu.eurokolikonmaailma.fi\/kuvat\/kortti_tarra\/motu_1987_pt44.jpg\" alt=\"Purkkatarra, jossa Fright Fighter ja Blasterhawk.\" width=\"200\" height=\"131\" \/><\/a><\/td>\n<td><a href=\"https:\/\/motu.eurokolikonmaailma.fi\/kuvat\/kortti_tarra\/motu_1987_pt45.jpg\" target=\"_blank\" rel=\"noopener\"><img loading=\"lazy\" decoding=\"async\" class=\"alignnone\" src=\"https:\/\/motu.eurokolikonmaailma.fi\/kuvat\/kortti_tarra\/motu_1987_pt45.jpg\" alt=\"Purkkatarra, jossa Zodac.\" width=\"200\" height=\"131\" \/><\/a><\/td>\n<\/tr>\n<tr>\n<td><a href=\"https:\/\/motu.eurokolikonmaailma.fi\/kuvat\/kortti_tarra\/motu_1987_pt46.jpg\" target=\"_blank\" rel=\"noopener\"><img loading=\"lazy\" decoding=\"async\" class=\"alignnone\" src=\"https:\/\/motu.eurokolikonmaailma.fi\/kuvat\/kortti_tarra\/motu_1987_pt46.jpg\" alt=\"Purkkatarra, jossa \" width=\"200\" height=\"131\" \/><\/a><\/td>\n<td><a href=\"https:\/\/motu.eurokolikonmaailma.fi\/kuvat\/kortti_tarra\/motu_1987_pt47.jpg\" target=\"_blank\" rel=\"noopener\"><img loading=\"lazy\" decoding=\"async\" class=\"alignnone\" src=\"https:\/\/motu.eurokolikonmaailma.fi\/kuvat\/kortti_tarra\/motu_1987_pt47.jpg\" alt=\"Purkkatarra, jossa He-Man ja Battlecat.\" width=\"200\" height=\"131\" \/><\/a><\/td>\n<td><a href=\"https:\/\/motu.eurokolikonmaailma.fi\/kuvat\/kortti_tarra\/motu_1987_pt48.jpg\" target=\"_blank\" rel=\"noopener\"><img loading=\"lazy\" decoding=\"async\" class=\"alignnone\" src=\"https:\/\/motu.eurokolikonmaailma.fi\/kuvat\/kortti_tarra\/motu_1987_pt48.jpg\" alt=\"Purkkatarra, jossa Kobra Khan.\" width=\"200\" height=\"131\" \/><\/a><\/td>\n<\/tr>\n<tr>\n<td><a href=\"https:\/\/motu.eurokolikonmaailma.fi\/kuvat\/kortti_tarra\/motu_1987_pt49.jpg\" target=\"_blank\" rel=\"noopener\"><img loading=\"lazy\" decoding=\"async\" class=\"alignnone\" src=\"https:\/\/motu.eurokolikonmaailma.fi\/kuvat\/kortti_tarra\/motu_1987_pt49.jpg\" alt=\"Purkkatarra, jossa He-Man ja Laser Bolt.\" width=\"200\" height=\"131\" \/><\/a><\/td>\n<td><a href=\"https:\/\/motu.eurokolikonmaailma.fi\/kuvat\/kortti_tarra\/motu_1987_pt50.jpg\" target=\"_blank\" rel=\"noopener\"><img loading=\"lazy\" decoding=\"async\" class=\"alignnone\" src=\"https:\/\/motu.eurokolikonmaailma.fi\/kuvat\/kortti_tarra\/motu_1987_pt50.jpg\" alt=\"Purkkatarra, jossa \" width=\"200\" height=\"131\" \/><\/a><\/td>\n<td><a href=\"https:\/\/motu.eurokolikonmaailma.fi\/kuvat\/kortti_tarra\/motu_1987_pt51.jpg\" target=\"_blank\" rel=\"noopener\"><img loading=\"lazy\" decoding=\"async\" class=\"alignnone\" src=\"https:\/\/motu.eurokolikonmaailma.fi\/kuvat\/kortti_tarra\/motu_1987_pt51.jpg\" alt=\"Purkkatarra, jossa Dragstor.\" width=\"200\" height=\"131\" \/><\/a><\/td>\n<\/tr>\n<tr>\n<td><a href=\"https:\/\/motu.eurokolikonmaailma.fi\/kuvat\/kortti_tarra\/motu_1987_pt52.jpg\" target=\"_blank\" rel=\"noopener\"><img loading=\"lazy\" decoding=\"async\" class=\"alignnone\" src=\"https:\/\/motu.eurokolikonmaailma.fi\/kuvat\/kortti_tarra\/motu_1987_pt52.jpg\" alt=\"Purkkatarra, jossa He-Man ja Man-at-Arms taisteleevat Skeletoria ja Beastmania vastaan.\" width=\"200\" height=\"131\" \/><\/a><\/td>\n<td><a href=\"https:\/\/motu.eurokolikonmaailma.fi\/kuvat\/kortti_tarra\/motu_1987_pt53.jpg\" target=\"_blank\" rel=\"noopener\"><img loading=\"lazy\" decoding=\"async\" class=\"alignnone\" src=\"https:\/\/motu.eurokolikonmaailma.fi\/kuvat\/kortti_tarra\/motu_1987_pt53.jpg\" alt=\"Purkkatarra, jossa Mantenna, Grizzlor, Hordak, Modulok ja Leech.\" width=\"200\" height=\"131\" \/><\/a><\/td>\n<td><a href=\"https:\/\/motu.eurokolikonmaailma.fi\/kuvat\/kortti_tarra\/motu_1987_pt54.jpg\" target=\"_blank\" rel=\"noopener\"><img loading=\"lazy\" decoding=\"async\" class=\"alignnone\" src=\"https:\/\/motu.eurokolikonmaailma.fi\/kuvat\/kortti_tarra\/motu_1987_pt54.jpg\" alt=\"Purkkatarra, jossa Man-e-Faces.\" width=\"200\" height=\"131\" \/><\/a><\/td>\n<\/tr>\n<tr>\n<td><a href=\"https:\/\/motu.eurokolikonmaailma.fi\/kuvat\/kortti_tarra\/motu_1987_pt55.jpg\" target=\"_blank\" rel=\"noopener\"><img loading=\"lazy\" decoding=\"async\" class=\"alignnone\" src=\"https:\/\/motu.eurokolikonmaailma.fi\/kuvat\/kortti_tarra\/motu_1987_pt55.jpg\" alt=\"Purkkatarra, jossa Rokkon ja Stonedar.\" width=\"200\" height=\"131\" \/><\/a><\/td>\n<td><a href=\"https:\/\/motu.eurokolikonmaailma.fi\/kuvat\/kortti_tarra\/motu_1987_pt56.jpg\" target=\"_blank\" rel=\"noopener\"><img loading=\"lazy\" decoding=\"async\" class=\"alignnone\" src=\"https:\/\/motu.eurokolikonmaailma.fi\/kuvat\/kortti_tarra\/motu_1987_pt56.jpg\" alt=\"Purkkatarra, jossa He-Man ja Man-at-Arms.\" width=\"200\" height=\"131\" \/><\/a><\/td>\n<td><a href=\"https:\/\/motu.eurokolikonmaailma.fi\/kuvat\/kortti_tarra\/motu_1987_pt57.jpg\" target=\"_blank\" rel=\"noopener\"><img loading=\"lazy\" decoding=\"async\" class=\"alignnone\" src=\"https:\/\/motu.eurokolikonmaailma.fi\/kuvat\/kortti_tarra\/motu_1987_pt57.jpg\" alt=\"Purkkatarra, jossa Rattlor.\" width=\"200\" height=\"131\" \/><\/a><\/td>\n<\/tr>\n<tr>\n<td><a href=\"https:\/\/motu.eurokolikonmaailma.fi\/kuvat\/kortti_tarra\/motu_1987_pt58.jpg\" target=\"_blank\" rel=\"noopener\"><img loading=\"lazy\" decoding=\"async\" class=\"alignnone\" src=\"https:\/\/motu.eurokolikonmaailma.fi\/kuvat\/kortti_tarra\/motu_1987_pt58.jpg\" alt=\"Purkkatarra, jossa Tung Lashor.\" width=\"200\" height=\"131\" \/><\/a><\/td>\n<td><a href=\"https:\/\/motu.eurokolikonmaailma.fi\/kuvat\/kortti_tarra\/motu_1987_pt59.jpg\" target=\"_blank\" rel=\"noopener\"><img loading=\"lazy\" decoding=\"async\" class=\"alignnone\" src=\"https:\/\/motu.eurokolikonmaailma.fi\/kuvat\/kortti_tarra\/motu_1987_pt59.jpg\" alt=\"Purkkatarra, jossa Monstroid.\" width=\"200\" height=\"131\" \/><\/a><\/td>\n<td><a href=\"https:\/\/motu.eurokolikonmaailma.fi\/kuvat\/kortti_tarra\/motu_1987_pt60.jpg\" target=\"_blank\" rel=\"noopener\"><img loading=\"lazy\" decoding=\"async\" class=\"alignnone\" src=\"https:\/\/motu.eurokolikonmaailma.fi\/kuvat\/kortti_tarra\/motu_1987_pt60.jpg\" alt=\"Purkkatarra, jossa Teela.\" width=\"200\" height=\"131\" \/><\/a><\/td>\n<\/tr>\n<\/tbody>\n<\/table>\n<p>&nbsp;<\/p>\n","protected":false},"excerpt":{"rendered":"<p>N\u00e4m\u00e4 purkkatarrat ovat vuoden 1987 julkaisusarjasta. Oma faniuteni alkoi loppuvuodesta 1987, joten itse missasin t\u00e4m\u00e4n sarjan t\u00e4ysin. Edell\u00e4 mainitusta syyst\u00e4, minulla ei ole mit\u00e4\u00e4n hajua, millaisessa pakkauksessa n\u00e4m\u00e4 tulivat tai minkalaista mukana tullut purkka oli. Ostin t\u00e4m\u00e4n sarjan aikuisi\u00e4ll\u00e4 Huutonetist\u00e4. &hellip; <a href=\"https:\/\/www.eurokolikonmaailma.fi\/?page_id=6122\">Lue loppuun <span class=\"meta-nav\">&rarr;<\/span><\/a><\/p>\n","protected":false},"author":1,"featured_media":0,"parent":164,"menu_order":0,"comment_status":"closed","ping_status":"closed","template":"","meta":{"footnotes":""},"class_list":["post-6122","page","type-page","status-publish","hentry"],"_links":{"self":[{"href":"https:\/\/www.eurokolikonmaailma.fi\/index.php?rest_route=\/wp\/v2\/pages\/6122","targetHints":{"allow":["GET"]}}],"collection":[{"href":"https:\/\/www.eurokolikonmaailma.fi\/index.php?rest_route=\/wp\/v2\/pages"}],"about":[{"href":"https:\/\/www.eurokolikonmaailma.fi\/index.php?rest_route=\/wp\/v2\/types\/page"}],"author":[{"embeddable":true,"href":"https:\/\/www.eurokolikonmaailma.fi\/index.php?rest_route=\/wp\/v2\/users\/1"}],"replies":[{"embeddable":true,"href":"https:\/\/www.eurokolikonmaailma.fi\/index.php?rest_route=%2Fwp%2Fv2%2Fcomments&post=6122"}],"version-history":[{"count":3,"href":"https:\/\/www.eurokolikonmaailma.fi\/index.php?rest_route=\/wp\/v2\/pages\/6122\/revisions"}],"predecessor-version":[{"id":6127,"href":"https:\/\/www.eurokolikonmaailma.fi\/index.php?rest_route=\/wp\/v2\/pages\/6122\/revisions\/6127"}],"up":[{"embeddable":true,"href":"https:\/\/www.eurokolikonmaailma.fi\/index.php?rest_route=\/wp\/v2\/pages\/164"}],"wp:attachment":[{"href":"https:\/\/www.eurokolikonmaailma.fi\/index.php?rest_route=%2Fwp%2Fv2%2Fmedia&parent=6122"}],"curies":[{"name":"wp","href":"https:\/\/api.w.org\/{rel}","templated":true}]}}