{"id":6111,"date":"2026-03-11T17:48:08","date_gmt":"2026-03-11T15:48:08","guid":{"rendered":"https:\/\/www.eurokolikonmaailma.fi\/?page_id=6111"},"modified":"2026-03-11T17:48:08","modified_gmt":"2026-03-11T15:48:08","slug":"dc-comics-special-masters-of-the-universe-preview-fate-is-the-killer","status":"publish","type":"page","link":"https:\/\/www.eurokolikonmaailma.fi\/?page_id=6111","title":{"rendered":"DC Comics Special Masters of the Universe Preview &#8211; Fate is the Killer"},"content":{"rendered":"<h1>DC Comics Special Masters of the Universe Preview &#8211; Fate is the Killer<\/h1>\n<p><a href=\"http:\/\/motu.eurokolikonmaailma.fi\/kuvat\/sarjis\/Image_20260310_0001bc.jpg\"><img loading=\"lazy\" decoding=\"async\" class=\"alignnone size-full\" src=\"http:\/\/motu.eurokolikonmaailma.fi\/kuvat\/sarjis\/Image_20260310_0001bc.jpg\" width=\"327\" height=\"500\" \/><\/a><\/p>\n<p>T\u00e4m\u00e4 14-sivuinen tarina julkaistiin kuukautta ennen DC Comicsin Masters of the Universe\u00a0 -minisarjan alkua. T\u00e4m\u00e4 julkaisu ei ollut itsen\u00e4inen sarjakuvajulkaisu, vaan DC Comics -sarjakuvalehtien v\u00e4liss\u00e4\/sis\u00e4ll\u00e4 marraskuussa 1982 julkaistu insertti. T\u00e4m\u00e4 tarina toimi siltana DC Comics Presents #47 ja DC:n Masters of the Universe -minisarjan (1982) v\u00e4lill\u00e4.<\/p>\n<p>Julkaisuaika: marraskuu 1982<br \/>\nJulkaisija: DC Comics<\/p>\n<p><strong><span style=\"text-decoration: underline;\"><span style=\"font-size: large;\">Tekij\u00e4t<\/span><\/span><\/strong><\/p>\n<p><strong>Teksti:<\/strong>\u00a0Paul Kupperberg<br \/>\n<strong>Kuvitus:<\/strong> Curt Swan &amp; Dave Hunt<br \/>\n<strong>Tekstitt\u00e4j\u00e4:<\/strong>\u00a0Ben Oda<br \/>\n<strong>V\u00e4rit:<\/strong> Anthony Tollin<br \/>\n<strong>Toimittaja:<\/strong> Dave Manak<br \/>\n<strong>Konsultoiva toimittaja:<\/strong>\u00a0Julius Schwartz<\/p>\n<p><strong>Lue lehti:<br \/>\n<\/strong><div class=\"_3d-flip-book  fb3d-fullscreen-mode full-size\" data-id=\"6112\" data-mode=\"fullscreen\" data-title=\"false\" data-template=\"short-white-book-view\" data-lightbox=\"dark-shadow\" data-urlparam=\"fb3d-page\" data-page-n=\"0\" data-pdf=\"\" data-tax=\"null\" data-thumbnail=\"\" data-cols=\"3\" data-book-template=\"default\" data-trigger=\"\"><\/div><script type=\"text\/javascript\">window.FB3D_CLIENT_DATA = window.FB3D_CLIENT_DATA || [];FB3D_CLIENT_DATA.push('eyJwb3N0cyI6eyI2MTEyIjp7IklEIjo2MTEyLCJ0aXRsZSI6IiIsInR5cGUiOiJwZGYiLCJyZWFkeV9mdW5jdGlvbiI6IiIsImJvb2tfc3R5bGUiOiJ2b2x1bWUiLCJib29rX3RlbXBsYXRlIjoibm9uZSIsIm91dGxpbmUiOltdLCJkYXRhIjp7InBvc3RfSUQiOiI2MTEwIiwiZ3VpZCI6Imh0dHBzOlwvXC93d3cuZXVyb2tvbGlrb25tYWFpbG1hLmZpXC9ibG9naVwvd3AtY29udGVudFwvdXBsb2Fkc1wvMjAyNlwvMDNcL01PVFVfMTk4Ml9wcmV2aWV3X2luc2VydC5wZGYiLCJwZGZfcGFnZXMiOiIxNSIsInBhZ2VzX2N1c3RvbWl6YXRpb24iOiJub25lIn0sInRodW1ibmFpbCI6eyJkYXRhIjp7InBvc3RfSUQiOiIwIn0sInR5cGUiOiJhdXRvIn0sInByb3BzIjp7ImJhY2tncm91bmRDb2xvciI6ImF1dG8iLCJiYWNrZ3JvdW5kSW1hZ2UiOiJhdXRvIiwiYmFja2dyb3VuZFN0eWxlIjoiYXV0byIsImhpZ2hsaWdodExpbmtzIjoiYXV0byIsImxpZ2h0aW5nIjoiYXV0byIsInNpbmdsZVBhZ2VNb2RlIjoiYXV0byIsImNhY2hlZFBhZ2VzIjoiYXV0byIsInJlbmRlckluYWN0aXZlUGFnZXMiOiJhdXRvIiwicmVuZGVySW5hY3RpdmVQYWdlc09uTW9iaWxlIjoiYXV0byIsInJlbmRlcldoaWxlRmxpcHBpbmciOiJhdXRvIiwicHJlbG9hZFBhZ2VzIjoiYXV0byIsImF1dG9QbGF5RHVyYXRpb24iOiJhdXRvIiwicnRsIjoiYXV0byIsImludGVyYWN0aXZlQ29ybmVycyI6ImF1dG8iLCJtYXhEZXB0aCI6ImF1dG8iLCJzaGVldCI6eyJzdGFydFZlbG9jaXR5IjoiYXV0byIsIndhdmUiOiJhdXRvIiwic2hhcGUiOiJhdXRvIiwid2lkdGhUZXhlbHMiOiJhdXRvIiwiY29sb3IiOiJhdXRvIiwic2lkZSI6ImF1dG8iLCJzdHJldGNoSW1hZ2VzIjoiYXV0byIsImNvcm5lckRldmlhdGlvbiI6ImF1dG8iLCJmbGV4aWJpbGl0eSI6ImF1dG8iLCJmbGV4aWJsZUNvcm5lciI6ImF1dG8iLCJiZW5kaW5nIjoiYXV0byIsImhlaWdodFRleGVscyI6ImF1dG8ifSwiY292ZXIiOnsid2F2ZSI6ImF1dG8iLCJjb2xvciI6ImF1dG8iLCJzaWRlIjoiYXV0byIsInN0cmV0Y2hJbWFnZXMiOiJhdXRvIiwiYmluZGVyVGV4dHVyZSI6ImF1dG8iLCJkZXB0aCI6ImF1dG8iLCJwYWRkaW5nIjoiYXV0byIsInN0YXJ0VmVsb2NpdHkiOiJhdXRvIiwiZmxleGliaWxpdHkiOiJhdXRvIiwiZmxleGlibGVDb3JuZXIiOiJhdXRvIiwiYmVuZGluZyI6ImF1dG8iLCJ3aWR0aFRleGVscyI6ImF1dG8iLCJoZWlnaHRUZXhlbHMiOiJhdXRvIiwibWFzcyI6ImF1dG8iLCJzaGFwZSI6ImF1dG8ifSwicGFnZSI6eyJ3YXZlIjoiYXV0byIsImNvbG9yIjoiYXV0byIsInNpZGUiOiJhdXRvIiwic3RyZXRjaEltYWdlcyI6ImF1dG8iLCJkZXB0aCI6ImF1dG8iLCJzdGFydFZlbG9jaXR5IjoiYXV0byIsImZsZXhpYmlsaXR5IjoiYXV0byIsImZsZXhpYmxlQ29ybmVyIjoiYXV0byIsImJlbmRpbmciOiJhdXRvIiwid2lkdGhUZXhlbHMiOiJhdXRvIiwiaGVpZ2h0VGV4ZWxzIjoiYXV0byIsIm1hc3MiOiJhdXRvIiwic2hhcGUiOiJhdXRvIn0sImhlaWdodCI6ImF1dG8iLCJ3aWR0aCI6ImF1dG8iLCJncmF2aXR5IjoiYXV0byIsInBhZ2VzRm9yUHJlZGljdGluZyI6ImF1dG8ifSwiY29udHJvbFByb3BzIjp7ImFjdGlvbnMiOnsiY21kVG9jIjp7ImVuYWJsZWQiOiJhdXRvIiwiZW5hYmxlZEluTmFycm93IjoiYXV0byIsImFjdGl2ZSI6ImF1dG8iLCJkZWZhdWx0VGFiIjoiYXV0byJ9LCJjbWRBdXRvUGxheSI6eyJlbmFibGVkIjoiYXV0byIsImVuYWJsZWRJbk5hcnJvdyI6ImF1dG8iLCJhY3RpdmUiOiJhdXRvIn0sImNtZFNhdmUiOnsiZW5hYmxlZCI6IjAiLCJlbmFibGVkSW5OYXJyb3ciOiIwIn0sImNtZFByaW50Ijp7ImVuYWJsZWQiOiIwIiwiZW5hYmxlZEluTmFycm93IjoiMCJ9LCJjbWRTaW5nbGVQYWdlIjp7ImVuYWJsZWQiOiJhdXRvIiwiZW5hYmxlZEluTmFycm93IjoiYXV0byIsImFjdGl2ZSI6ImF1dG8iLCJhY3RpdmVGb3JNb2JpbGUiOiJhdXRvIn0sIndpZFRvb2xiYXIiOnsiZW5hYmxlZCI6ImF1dG8iLCJlbmFibGVkSW5OYXJyb3ciOiJhdXRvIn19fSwiYXV0b1RodW1ibmFpbCI6Imh0dHBzOlwvXC93d3cuZXVyb2tvbGlrb25tYWFpbG1hLmZpXC9ibG9naVwvd3AtY29udGVudFwvdXBsb2Fkc1wvM2QtZmxpcC1ib29rXC9hdXRvLXRodW1ibmFpbHNcLzYxMTIucG5nIiwicG9zdF9uYW1lIjoiNjExMiIsInBvc3RfdHlwZSI6IjNkLWZsaXAtYm9vayJ9fSwicGFnZXMiOltdLCJmaXJzdFBhZ2VzIjpbXX0=');window.FB3D_CLIENT_LOCALE && FB3D_CLIENT_LOCALE.render && FB3D_CLIENT_LOCALE.render();<\/script><\/p>\n","protected":false},"excerpt":{"rendered":"<p>DC Comics Special Masters of the Universe Preview &#8211; Fate is the Killer T\u00e4m\u00e4 14-sivuinen tarina julkaistiin kuukautta ennen DC Comicsin Masters of the Universe\u00a0 -minisarjan alkua. T\u00e4m\u00e4 julkaisu ei ollut itsen\u00e4inen sarjakuvajulkaisu, vaan DC Comics -sarjakuvalehtien v\u00e4liss\u00e4\/sis\u00e4ll\u00e4 marraskuussa 1982 &hellip; <a href=\"https:\/\/www.eurokolikonmaailma.fi\/?page_id=6111\">Lue loppuun <span class=\"meta-nav\">&rarr;<\/span><\/a><\/p>\n","protected":false},"author":1,"featured_media":0,"parent":549,"menu_order":0,"comment_status":"closed","ping_status":"closed","template":"","meta":{"footnotes":""},"class_list":["post-6111","page","type-page","status-publish","hentry"],"_links":{"self":[{"href":"https:\/\/www.eurokolikonmaailma.fi\/index.php?rest_route=\/wp\/v2\/pages\/6111","targetHints":{"allow":["GET"]}}],"collection":[{"href":"https:\/\/www.eurokolikonmaailma.fi\/index.php?rest_route=\/wp\/v2\/pages"}],"about":[{"href":"https:\/\/www.eurokolikonmaailma.fi\/index.php?rest_route=\/wp\/v2\/types\/page"}],"author":[{"embeddable":true,"href":"https:\/\/www.eurokolikonmaailma.fi\/index.php?rest_route=\/wp\/v2\/users\/1"}],"replies":[{"embeddable":true,"href":"https:\/\/www.eurokolikonmaailma.fi\/index.php?rest_route=%2Fwp%2Fv2%2Fcomments&post=6111"}],"version-history":[{"count":1,"href":"https:\/\/www.eurokolikonmaailma.fi\/index.php?rest_route=\/wp\/v2\/pages\/6111\/revisions"}],"predecessor-version":[{"id":6113,"href":"https:\/\/www.eurokolikonmaailma.fi\/index.php?rest_route=\/wp\/v2\/pages\/6111\/revisions\/6113"}],"up":[{"embeddable":true,"href":"https:\/\/www.eurokolikonmaailma.fi\/index.php?rest_route=\/wp\/v2\/pages\/549"}],"wp:attachment":[{"href":"https:\/\/www.eurokolikonmaailma.fi\/index.php?rest_route=%2Fwp%2Fv2%2Fmedia&parent=6111"}],"curies":[{"name":"wp","href":"https:\/\/api.w.org\/{rel}","templated":true}]}}