{"id":6096,"date":"2026-02-14T13:03:13","date_gmt":"2026-02-14T11:03:13","guid":{"rendered":"https:\/\/www.eurokolikonmaailma.fi\/?page_id=6096"},"modified":"2026-03-11T22:18:27","modified_gmt":"2026-03-11T20:18:27","slug":"masters-of-the-universe-the-sword-of-flaws-2025-2026","status":"publish","type":"page","link":"https:\/\/www.eurokolikonmaailma.fi\/?page_id=6096","title":{"rendered":"Masters of the Universe: The Sword of Flaws (2025-2026)"},"content":{"rendered":"<p>T\u00e4m\u00e4 sarjakuvatarina aloitti uuden jatkuvan Masters of the Universe -sarjakuvasarjan syksyll\u00e4 2025. T\u00e4m\u00e4 sarja l\u00f6ytyy itselt\u00e4ni digijulkaisuina.<\/p>\n<table style=\"border: 0px;\">\n<tbody>\n<tr style=\"border: 0px;\">\n<td style=\"border: 0px;\"><img loading=\"lazy\" decoding=\"async\" src=\"http:\/\/motu.eurokolikonmaailma.fi\/kuvat\/sarjis\/motu_sof_01.jpg\" alt=\"\" width=\"124\" height=\"190\" \/><\/td>\n<td style=\"border: 0px;\"><img loading=\"lazy\" decoding=\"async\" src=\"http:\/\/motu.eurokolikonmaailma.fi\/kuvat\/sarjis\/motu_sof_02.jpg\" alt=\"\" width=\"124\" height=\"190\" \/><\/td>\n<td style=\"border: 0px;\"><img loading=\"lazy\" decoding=\"async\" src=\"http:\/\/motu.eurokolikonmaailma.fi\/kuvat\/sarjis\/motu_sof_03.jpg\" alt=\"\" width=\"124\" height=\"190\" \/><\/td>\n<td style=\"border: 0px;\"><img loading=\"lazy\" decoding=\"async\" src=\"http:\/\/motu.eurokolikonmaailma.fi\/kuvat\/sarjis\/motu_sof_04.jpg\" alt=\"\" width=\"124\" height=\"190\" \/><\/td>\n<\/tr>\n<tr style=\"border: 0px;\">\n<td style=\"border: 0px;\"><b>Part 1<\/b><\/td>\n<td style=\"border: 0px;\"><b>Part 2<\/b><\/td>\n<td style=\"border: 0px;\"><strong>Part 3<\/strong><\/td>\n<td style=\"border: 0px;\"><strong>Part 4<\/strong><\/td>\n<\/tr>\n<\/tbody>\n<\/table>\n","protected":false},"excerpt":{"rendered":"<p>T\u00e4m\u00e4 sarjakuvatarina aloitti uuden jatkuvan Masters of the Universe -sarjakuvasarjan syksyll\u00e4 2025. T\u00e4m\u00e4 sarja l\u00f6ytyy itselt\u00e4ni digijulkaisuina. Part 1 Part 2 Part 3 Part 4<\/p>\n","protected":false},"author":1,"featured_media":0,"parent":1151,"menu_order":0,"comment_status":"closed","ping_status":"closed","template":"","meta":{"footnotes":""},"class_list":["post-6096","page","type-page","status-publish","hentry"],"_links":{"self":[{"href":"https:\/\/www.eurokolikonmaailma.fi\/index.php?rest_route=\/wp\/v2\/pages\/6096","targetHints":{"allow":["GET"]}}],"collection":[{"href":"https:\/\/www.eurokolikonmaailma.fi\/index.php?rest_route=\/wp\/v2\/pages"}],"about":[{"href":"https:\/\/www.eurokolikonmaailma.fi\/index.php?rest_route=\/wp\/v2\/types\/page"}],"author":[{"embeddable":true,"href":"https:\/\/www.eurokolikonmaailma.fi\/index.php?rest_route=\/wp\/v2\/users\/1"}],"replies":[{"embeddable":true,"href":"https:\/\/www.eurokolikonmaailma.fi\/index.php?rest_route=%2Fwp%2Fv2%2Fcomments&post=6096"}],"version-history":[{"count":3,"href":"https:\/\/www.eurokolikonmaailma.fi\/index.php?rest_route=\/wp\/v2\/pages\/6096\/revisions"}],"predecessor-version":[{"id":6117,"href":"https:\/\/www.eurokolikonmaailma.fi\/index.php?rest_route=\/wp\/v2\/pages\/6096\/revisions\/6117"}],"up":[{"embeddable":true,"href":"https:\/\/www.eurokolikonmaailma.fi\/index.php?rest_route=\/wp\/v2\/pages\/1151"}],"wp:attachment":[{"href":"https:\/\/www.eurokolikonmaailma.fi\/index.php?rest_route=%2Fwp%2Fv2%2Fmedia&parent=6096"}],"curies":[{"name":"wp","href":"https:\/\/api.w.org\/{rel}","templated":true}]}}