{"id":6081,"date":"2026-02-14T12:26:51","date_gmt":"2026-02-14T10:26:51","guid":{"rendered":"https:\/\/www.eurokolikonmaailma.fi\/?page_id=6081"},"modified":"2026-02-14T12:30:53","modified_gmt":"2026-02-14T10:30:53","slug":"masters-of-the-universe-masterverse-2023-2","status":"publish","type":"page","link":"https:\/\/www.eurokolikonmaailma.fi\/?page_id=6081","title":{"rendered":"Masters of the Universe: Masterverse (2023)"},"content":{"rendered":"<p>T\u00e4m\u00e4n on sarjakuvatarinan keski\u00f6ss\u00e4 on Netflixin tuottaman Masters of the Universe Revelation -animaatiosarjan maailma (ennen Reveleation animaatiosarjaa) ja hahmot Velhotar (Sorceress) ja Zodac. T\u00e4m\u00e4 on multiversaalinen tarina, jossa vieraillaan erlaisissa Masters of the Universe -universumeissa.\u00a0 T\u00e4m\u00e4 sarja l\u00f6ytyy itselt\u00e4ni digijulkaisuina.<\/p>\n<table style=\"border: 0px;\">\n<tbody>\n<tr style=\"border: 0px;\">\n<td style=\"border: 0px;\"><img loading=\"lazy\" decoding=\"async\" src=\"http:\/\/motu.eurokolikonmaailma.fi\/kuvat\/sarjis\/motum_01.jpg\" alt=\"\" width=\"124\" height=\"190\" \/><\/td>\n<td style=\"border: 0px;\"><img loading=\"lazy\" decoding=\"async\" src=\"http:\/\/motu.eurokolikonmaailma.fi\/kuvat\/sarjis\/motum_02.jpg\" alt=\"\" width=\"124\" height=\"190\" \/><\/td>\n<td style=\"border: 0px;\"><img loading=\"lazy\" decoding=\"async\" src=\"http:\/\/motu.eurokolikonmaailma.fi\/kuvat\/sarjis\/motum_03.jpg\" alt=\"\" width=\"124\" height=\"190\" \/><\/td>\n<td style=\"border: 0px;\"><img loading=\"lazy\" decoding=\"async\" src=\"http:\/\/motu.eurokolikonmaailma.fi\/kuvat\/sarjis\/motum_04.jpg\" alt=\"\" width=\"124\" height=\"190\" \/><\/td>\n<\/tr>\n<tr style=\"border: 0px;\">\n<td style=\"border: 0px;\"><b>Part 1<\/b><\/td>\n<td style=\"border: 0px;\"><b>Part 2<\/b><\/td>\n<td style=\"border: 0px;\"><strong>Part 3<\/strong><\/td>\n<td style=\"border: 0px;\"><strong>Part 4<\/strong><\/td>\n<\/tr>\n<\/tbody>\n<\/table>\n","protected":false},"excerpt":{"rendered":"<p>T\u00e4m\u00e4n on sarjakuvatarinan keski\u00f6ss\u00e4 on Netflixin tuottaman Masters of the Universe Revelation -animaatiosarjan maailma (ennen Reveleation animaatiosarjaa) ja hahmot Velhotar (Sorceress) ja Zodac. T\u00e4m\u00e4 on multiversaalinen tarina, jossa vieraillaan erlaisissa Masters of the Universe -universumeissa.\u00a0 T\u00e4m\u00e4 sarja l\u00f6ytyy itselt\u00e4ni digijulkaisuina. &hellip; <a href=\"https:\/\/www.eurokolikonmaailma.fi\/?page_id=6081\">Lue loppuun <span class=\"meta-nav\">&rarr;<\/span><\/a><\/p>\n","protected":false},"author":1,"featured_media":0,"parent":1151,"menu_order":0,"comment_status":"closed","ping_status":"closed","template":"","meta":{"footnotes":""},"class_list":["post-6081","page","type-page","status-publish","hentry"],"_links":{"self":[{"href":"https:\/\/www.eurokolikonmaailma.fi\/index.php?rest_route=\/wp\/v2\/pages\/6081","targetHints":{"allow":["GET"]}}],"collection":[{"href":"https:\/\/www.eurokolikonmaailma.fi\/index.php?rest_route=\/wp\/v2\/pages"}],"about":[{"href":"https:\/\/www.eurokolikonmaailma.fi\/index.php?rest_route=\/wp\/v2\/types\/page"}],"author":[{"embeddable":true,"href":"https:\/\/www.eurokolikonmaailma.fi\/index.php?rest_route=\/wp\/v2\/users\/1"}],"replies":[{"embeddable":true,"href":"https:\/\/www.eurokolikonmaailma.fi\/index.php?rest_route=%2Fwp%2Fv2%2Fcomments&post=6081"}],"version-history":[{"count":2,"href":"https:\/\/www.eurokolikonmaailma.fi\/index.php?rest_route=\/wp\/v2\/pages\/6081\/revisions"}],"predecessor-version":[{"id":6085,"href":"https:\/\/www.eurokolikonmaailma.fi\/index.php?rest_route=\/wp\/v2\/pages\/6081\/revisions\/6085"}],"up":[{"embeddable":true,"href":"https:\/\/www.eurokolikonmaailma.fi\/index.php?rest_route=\/wp\/v2\/pages\/1151"}],"wp:attachment":[{"href":"https:\/\/www.eurokolikonmaailma.fi\/index.php?rest_route=%2Fwp%2Fv2%2Fmedia&parent=6081"}],"curies":[{"name":"wp","href":"https:\/\/api.w.org\/{rel}","templated":true}]}}