{"id":6065,"date":"2026-02-13T23:51:00","date_gmt":"2026-02-13T21:51:00","guid":{"rendered":"https:\/\/www.eurokolikonmaailma.fi\/?page_id=6065"},"modified":"2026-02-13T23:51:00","modified_gmt":"2026-02-13T21:51:00","slug":"he-man-thundercats-2016-17-2","status":"publish","type":"page","link":"https:\/\/www.eurokolikonmaailma.fi\/?page_id=6065","title":{"rendered":"He-Man \/ Thundercats (2016-17)"},"content":{"rendered":"<p>T\u00e4m\u00e4 DC Comicsin julkaisema Masters of the Universe cross-over minisarja on oma itsen\u00e4inen tarinansa. T\u00e4m\u00e4 sarja l\u00f6ytyy itselt\u00e4ni digijulkaisuina.<\/p>\n<table style=\"border: 0px;\">\n<tbody>\n<tr style=\"border: 0px;\">\n<td style=\"border: 0px;\"><img loading=\"lazy\" decoding=\"async\" src=\"http:\/\/motu.eurokolikonmaailma.fi\/kuvat\/sarjis\/hm_tc_01.jpg\" alt=\"\" width=\"124\" height=\"190\" \/><\/td>\n<td style=\"border: 0px;\"><img loading=\"lazy\" decoding=\"async\" src=\"http:\/\/motu.eurokolikonmaailma.fi\/kuvat\/sarjis\/hm_tc_02.jpg\" alt=\"\" width=\"124\" height=\"190\" \/><\/td>\n<td style=\"border: 0px;\"><img loading=\"lazy\" decoding=\"async\" src=\"http:\/\/motu.eurokolikonmaailma.fi\/kuvat\/sarjis\/hm_tc_03.jpg\" alt=\"\" width=\"124\" height=\"190\" \/><\/td>\n<td style=\"border: 0px;\"><img loading=\"lazy\" decoding=\"async\" src=\"http:\/\/motu.eurokolikonmaailma.fi\/kuvat\/sarjis\/hm_tc_04.jpg\" alt=\"\" width=\"124\" height=\"190\" \/><\/td>\n<\/tr>\n<tr style=\"border: 0px;\">\n<td style=\"border: 0px;\"><b>Part 1: Swords and Omens<\/b><\/td>\n<td style=\"border: 0px;\"><strong>Part 2: When Thunder Strikes<\/strong><\/td>\n<td style=\"border: 0px;\"><strong>Part 3: Swords and Sorrows<\/strong><\/td>\n<td style=\"border: 0px;\"><strong>Part 4: Clash of Titans<\/strong><\/td>\n<\/tr>\n<tr style=\"border: 0px;\">\n<td style=\"border: 0px;\"><img loading=\"lazy\" decoding=\"async\" src=\"http:\/\/motu.eurokolikonmaailma.fi\/kuvat\/sarjis\/hm_tc_05.jpg\" alt=\"\" width=\"124\" height=\"190\" \/><\/td>\n<td style=\"border: 0px;\"><img loading=\"lazy\" decoding=\"async\" src=\"http:\/\/motu.eurokolikonmaailma.fi\/kuvat\/sarjis\/hm_tc_06.jpg\" alt=\"\" width=\"124\" height=\"190\" \/><\/td>\n<td style=\"border: 0px;\"><\/td>\n<td style=\"border: 0px;\"><\/td>\n<\/tr>\n<tr style=\"border: 0px;\">\n<td style=\"border: 0px;\"><strong>Part 5: The Fall of Grayskull<\/strong><\/td>\n<td style=\"border: 0px;\"><strong>Part 6: Across the Universe<\/strong><\/td>\n<td style=\"border: 0px;\"><\/td>\n<td style=\"border: 0px;\"><\/td>\n<\/tr>\n<\/tbody>\n<\/table>\n","protected":false},"excerpt":{"rendered":"<p>T\u00e4m\u00e4 DC Comicsin julkaisema Masters of the Universe cross-over minisarja on oma itsen\u00e4inen tarinansa. T\u00e4m\u00e4 sarja l\u00f6ytyy itselt\u00e4ni digijulkaisuina. Part 1: Swords and Omens Part 2: When Thunder Strikes Part 3: Swords and Sorrows Part 4: Clash of Titans Part &hellip; <a href=\"https:\/\/www.eurokolikonmaailma.fi\/?page_id=6065\">Lue loppuun <span class=\"meta-nav\">&rarr;<\/span><\/a><\/p>\n","protected":false},"author":1,"featured_media":0,"parent":1151,"menu_order":0,"comment_status":"closed","ping_status":"closed","template":"","meta":{"footnotes":""},"class_list":["post-6065","page","type-page","status-publish","hentry"],"_links":{"self":[{"href":"https:\/\/www.eurokolikonmaailma.fi\/index.php?rest_route=\/wp\/v2\/pages\/6065","targetHints":{"allow":["GET"]}}],"collection":[{"href":"https:\/\/www.eurokolikonmaailma.fi\/index.php?rest_route=\/wp\/v2\/pages"}],"about":[{"href":"https:\/\/www.eurokolikonmaailma.fi\/index.php?rest_route=\/wp\/v2\/types\/page"}],"author":[{"embeddable":true,"href":"https:\/\/www.eurokolikonmaailma.fi\/index.php?rest_route=\/wp\/v2\/users\/1"}],"replies":[{"embeddable":true,"href":"https:\/\/www.eurokolikonmaailma.fi\/index.php?rest_route=%2Fwp%2Fv2%2Fcomments&post=6065"}],"version-history":[{"count":1,"href":"https:\/\/www.eurokolikonmaailma.fi\/index.php?rest_route=\/wp\/v2\/pages\/6065\/revisions"}],"predecessor-version":[{"id":6066,"href":"https:\/\/www.eurokolikonmaailma.fi\/index.php?rest_route=\/wp\/v2\/pages\/6065\/revisions\/6066"}],"up":[{"embeddable":true,"href":"https:\/\/www.eurokolikonmaailma.fi\/index.php?rest_route=\/wp\/v2\/pages\/1151"}],"wp:attachment":[{"href":"https:\/\/www.eurokolikonmaailma.fi\/index.php?rest_route=%2Fwp%2Fv2%2Fmedia&parent=6065"}],"curies":[{"name":"wp","href":"https:\/\/api.w.org\/{rel}","templated":true}]}}