{"id":6021,"date":"2025-10-05T18:20:31","date_gmt":"2025-10-05T15:20:31","guid":{"rendered":"https:\/\/www.eurokolikonmaailma.fi\/?page_id=6021"},"modified":"2025-10-05T18:30:21","modified_gmt":"2025-10-05T15:30:21","slug":"he-man-and-the-masters-of-the-universe-2-2016","status":"publish","type":"page","link":"https:\/\/www.eurokolikonmaailma.fi\/?page_id=6021","title":{"rendered":"He-Man and the Masters of the Universe 2 (2016)"},"content":{"rendered":"<p><img loading=\"lazy\" decoding=\"async\" src=\"http:\/\/motu.eurokolikonmaailma.fi\/kuvat\/video\/hmatmotu_logo.jpg\" alt=\"\" width=\"76\" height=\"47\" \/><img loading=\"lazy\" decoding=\"async\" src=\"http:\/\/motu.eurokolikonmaailma.fi\/kuvat\/video\/210px-Dvd-video-logo.svg.png\" alt=\"\" width=\"78\" height=\"48\" \/><img loading=\"lazy\" decoding=\"async\" src=\"http:\/\/motu.eurokolikonmaailma.fi\/kuvat\/video\/alue2.jpg\" alt=\"\" width=\"47\" height=\"48\" \/><img loading=\"lazy\" decoding=\"async\" src=\"http:\/\/motu.eurokolikonmaailma.fi\/kuvat\/video\/k7.jpg\" alt=\"\" width=\"48\" height=\"48\" \/><img loading=\"lazy\" decoding=\"async\" class=\"alignnone size-full\" src=\"http:\/\/motu.eurokolikonmaailma.fi\/kuvat\/video\/ahdistusta.png\" width=\"47\" height=\"47\" \/><\/p>\n<h1>He-Man and the Masters of the Universe 2<\/h1>\n<p><a href=\"http:\/\/motu.eurokolikonmaailma.fi\/kuvat\/video\/hmmotu2016\/hmotu2016_d2_bc.jpg\" target=\"_blank\" rel=\"noopener\"><img loading=\"lazy\" decoding=\"async\" class=\"alignnone\" src=\"http:\/\/motu.eurokolikonmaailma.fi\/kuvat\/video\/hmmotu2016\/hmotu2016_d2_bc.jpg\" alt=\"He-Man and the Masters of the Universe DVDn takakansi, jossa jaksokuvaukset ja tekniset tiedot (molemmat l\u00f6ytyv\u00e4t tekstimuodossa alempaa sivulta).\" width=\"213\" height=\"300\" \/><\/a><a href=\"http:\/\/motu.eurokolikonmaailma.fi\/kuvat\/video\/hmmotu2016\/hmotu2016_d2_sp.jpg\" target=\"_blank\" rel=\"noopener\"><img loading=\"lazy\" decoding=\"async\" class=\"alignnone\" src=\"http:\/\/motu.eurokolikonmaailma.fi\/kuvat\/video\/hmmotu2016\/hmotu2016_d2_sp.jpg\" alt=\"He-Man and the Masters of the Universe DVDn selk\u00e4mys.\" width=\"24\" height=\"300\" \/><\/a><a href=\"http:\/\/motu.eurokolikonmaailma.fi\/kuvat\/video\/hmmotu2016\/hmotu2016_d2_fc.jpg\" target=\"_blank\" rel=\"noopener\"><img loading=\"lazy\" decoding=\"async\" class=\"alignnone\" src=\"http:\/\/motu.eurokolikonmaailma.fi\/kuvat\/video\/hmmotu2016\/hmotu2016_d2_fc.jpg\" alt=\"He-Man and the Masters of the Universe dubbi-DVDn kansi. Kuvassa He-Man sek\u00e4 muita hyvis- ja pahishahmoja.\" width=\"210\" height=\"300\" \/><\/a><\/p>\n<p><a href=\"http:\/\/motu.eurokolikonmaailma.fi\/kuvat\/video\/hmmotu2016\/hmotu2016_d2.jpg\" target=\"_blank\" rel=\"noopener\"><img loading=\"lazy\" decoding=\"async\" class=\"alignnone\" src=\"http:\/\/motu.eurokolikonmaailma.fi\/kuvat\/video\/hmmotu2016\/hmotu2016_d2.jpg\" alt=\"He-Man and the Masters of the Universe dubbi-DVD 2. Levyss\u00e4 kuvattuna He-Man.\" width=\"200\" height=\"200\" \/><\/a><\/p>\n<p>Vuonna 2016 Futurefilm julkaisi t\u00e4m\u00e4n DVDn, joka sis\u00e4lt\u00e4\u00e4 kaksi suomeksi dubattua jaksoa. T\u00e4m\u00e4n DVD:n jaksoja ei ole aiemmin julkaistu suomeksi dubattuna.<\/p>\n<p>N\u00e4it\u00e4 uusdubbauksia julkaistiin vain kahden DVDn verran, sill\u00e4 ne eiv\u00e4t oikein ottaneet tuulta alleen fanikunnan keskuudessa. Syit\u00e4 olivat mm. suhteellisen kallishinta (10 \u20ac \/ DVD eli 5 \u20ac \/ jakso) sek\u00e4 dubbien laatu.<\/p>\n<blockquote><p><strong>Episodi 3: Katoamistemppu<\/strong><\/p>\n<p>Se, ett\u00e4 on Universumin voimakkain, ei ole ainoa asia mik\u00e4 tekaa He-Manista niin hienon sankarin. Vahvuus voi olla hy\u00f6dyksi, mutta on olemassa viel\u00e4 jotain jalompaa. T\u00e4m\u00e4n p\u00e4iv\u00e4n jaksossa He-Man k\u00e4ytt\u00e4\u00e4 jotain viel\u00e4 voimakkaampaa voittaakseen Skeletorin. Osaatko sanoa mit\u00e4? Jos sanot aivojaan, olet oikeassa. Ja aivan kuten lihaksiaan, voi aivojaankin kehitt\u00e4\u00e4 tullakseen voimakkaammaksi.<\/p>\n<p><strong>Episodi 4: Timanttis\u00e4de<\/strong><\/p>\n<p>T\u00e4ss\u00e4 jaksossa Skeletor yritt\u00e4\u00e4 l\u00f6yt\u00e4\u00e4 oikotien saadakseen valtaa. Voit ehk\u00e4 tuntea t\u00e4llaisia ihmisi\u00e4, aina yritt\u00e4m\u00e4ss\u00e4 kiilata muiden edelle. Mutta se ei toimi niin. Ihmiset, jotka ovat menestyneet, ovat tehneet t\u00f6it\u00e4 sen eteen. \u00c4l\u00e4 siis usko, jos joku yritt\u00e4\u00e4 tarjota sinulle pikavoittoa. Siin\u00e4 on usein koira haudattuna. Oikean tien tied\u00e4t sisimm\u00e4ss\u00e4si.<\/p><\/blockquote>\n<p><strong>Tekniset tiedot:<br \/>\n<\/strong>* Kesto: n. 44 minuuttia<br \/>\n* Ik\u00e4raja: 7<br \/>\n&#8211; sopii yleisesti kaikenik\u00e4isille, mutta jotkin kohdat voivat olla sopimattomia \u00a0 \u00a0pienimmille lapsille pelottavien kohtausten vuoksi<\/p>\n<p>* Valmistumisvuosi: 1983 (DVD 2016)<br \/>\n* Aluekoodi: 2<br \/>\n* \u00c4\u00e4ni: Dolby Digital 2.0<br \/>\n* Kieli: Puhuttu suomeksi<br \/>\n* Kuvakoko: 4:3<br \/>\n* DVD-formaatti: DVD5<br \/>\n* EAN: 6416548597010<br \/>\n* Keepcase 1 DVD<br \/>\n* Julkaisija: Futurefilm<br \/>\n* Alkuper\u00e4iset jaksot: Disappearing Act, Diamond Ray of Disappearance<\/p>\n","protected":false},"excerpt":{"rendered":"<p>He-Man and the Masters of the Universe 2 Vuonna 2016 Futurefilm julkaisi t\u00e4m\u00e4n DVDn, joka sis\u00e4lt\u00e4\u00e4 kaksi suomeksi dubattua jaksoa. T\u00e4m\u00e4n DVD:n jaksoja ei ole aiemmin julkaistu suomeksi dubattuna. N\u00e4it\u00e4 uusdubbauksia julkaistiin vain kahden DVDn verran, sill\u00e4 ne eiv\u00e4t oikein &hellip; <a href=\"https:\/\/www.eurokolikonmaailma.fi\/?page_id=6021\">Lue loppuun <span class=\"meta-nav\">&rarr;<\/span><\/a><\/p>\n","protected":false},"author":1,"featured_media":0,"parent":1056,"menu_order":0,"comment_status":"closed","ping_status":"closed","template":"","meta":{"footnotes":""},"class_list":["post-6021","page","type-page","status-publish","hentry"],"_links":{"self":[{"href":"https:\/\/www.eurokolikonmaailma.fi\/index.php?rest_route=\/wp\/v2\/pages\/6021","targetHints":{"allow":["GET"]}}],"collection":[{"href":"https:\/\/www.eurokolikonmaailma.fi\/index.php?rest_route=\/wp\/v2\/pages"}],"about":[{"href":"https:\/\/www.eurokolikonmaailma.fi\/index.php?rest_route=\/wp\/v2\/types\/page"}],"author":[{"embeddable":true,"href":"https:\/\/www.eurokolikonmaailma.fi\/index.php?rest_route=\/wp\/v2\/users\/1"}],"replies":[{"embeddable":true,"href":"https:\/\/www.eurokolikonmaailma.fi\/index.php?rest_route=%2Fwp%2Fv2%2Fcomments&post=6021"}],"version-history":[{"count":1,"href":"https:\/\/www.eurokolikonmaailma.fi\/index.php?rest_route=\/wp\/v2\/pages\/6021\/revisions"}],"predecessor-version":[{"id":6024,"href":"https:\/\/www.eurokolikonmaailma.fi\/index.php?rest_route=\/wp\/v2\/pages\/6021\/revisions\/6024"}],"up":[{"embeddable":true,"href":"https:\/\/www.eurokolikonmaailma.fi\/index.php?rest_route=\/wp\/v2\/pages\/1056"}],"wp:attachment":[{"href":"https:\/\/www.eurokolikonmaailma.fi\/index.php?rest_route=%2Fwp%2Fv2%2Fmedia&parent=6021"}],"curies":[{"name":"wp","href":"https:\/\/api.w.org\/{rel}","templated":true}]}}