{"id":5903,"date":"2025-07-19T17:22:34","date_gmt":"2025-07-19T14:22:34","guid":{"rendered":"https:\/\/www.eurokolikonmaailma.fi\/?page_id=5903"},"modified":"2026-02-08T14:11:28","modified_gmt":"2026-02-08T12:11:28","slug":"uno-mattel-80th-anniversary-2025","status":"publish","type":"page","link":"https:\/\/www.eurokolikonmaailma.fi\/?page_id=5903","title":{"rendered":"UNO Mattel 80th Anniversary (2025)"},"content":{"rendered":"<p><a href=\"https:\/\/motu.eurokolikonmaailma.fi\/kuvat\/UNO\/UNO Mattel 80th\/uno_rr_pf.jpg\" target=\"_blank\" rel=\"noopener\"><img loading=\"lazy\" decoding=\"async\" class=\"alignnone\" src=\"https:\/\/motu.eurokolikonmaailma.fi\/kuvat\/UNO\/UNO Mattel 80th\/uno_rr_pf.jpg\" alt=\"Mattel 80-juhlavuosi UNO-korttipelin pakkauksen kansikuva.\" width=\"239\" height=\"300\" \/><\/a><\/p>\n<p>He-Man oli hahmona mukana Mattelin 80-vuotis UNO-peliss\u00e4. Setti julkaistiin vuonna 2025 Mattelin 80-vuotisjuhlan kunniaksi. T\u00e4ss\u00e4 UNO-versiossa He-Man edustaa suunnanvaihtokorttia.<\/p>\n<p>Omani ostin Britti-Amazonista.<\/p>\n<p>Vuoden 2025 lopulla ja 2026 alussa t\u00e4t\u00e4 UNO-versiota myiv\u00e4t Suomessa Puolenkuun pelit, Prisman verkkokauppa, Tokmanni ja ainakin osa Citymarketeista.<\/p>\n<p><a href=\"https:\/\/motu.eurokolikonmaailma.fi\/kuvat\/UNO\/UNO Mattel 80th\/uno_rr_rk.jpg\" target=\"_blank\" rel=\"noopener\"><img loading=\"lazy\" decoding=\"async\" class=\"alignnone\" src=\"https:\/\/motu.eurokolikonmaailma.fi\/kuvat\/UNO\/UNO Mattel 80th\/uno_rr_rk.jpg\" alt=\"Mattel 80-juhlavuosi UNO-korttipelin keltainen suunnanvaihtokortti, jonka aiheena 80- luvun lelu He-Man piirrosversiona.\" width=\"127\" height=\"200\" \/><\/a> <a href=\"https:\/\/motu.eurokolikonmaailma.fi\/kuvat\/UNO\/UNO Mattel 80th\/uno_rr_rp.jpg\" target=\"_blank\" rel=\"noopener\"><img loading=\"lazy\" decoding=\"async\" class=\"alignnone\" src=\"https:\/\/motu.eurokolikonmaailma.fi\/kuvat\/UNO\/UNO Mattel 80th\/uno_rr_rp.jpg\" alt=\"Mattel 80-juhlavuosi UNO-korttipelin punainen suunnanvaihtokortti, jonka aiheena 80- luvun lelu He-Man piirrosversiona.\" width=\"127\" height=\"200\" \/><\/a> <a href=\"https:\/\/motu.eurokolikonmaailma.fi\/kuvat\/UNO\/UNO Mattel 80th\/uno_rr_rs.jpg\" target=\"_blank\" rel=\"noopener\"><img loading=\"lazy\" decoding=\"async\" class=\"alignnone\" src=\"https:\/\/motu.eurokolikonmaailma.fi\/kuvat\/UNO\/UNO Mattel 80th\/uno_rr_rs.jpg\" alt=\"Mattel 80-juhlavuosi UNO-korttipelin sininen suunnanvaihtokortti, jonka aiheena 80- luvun lelu He-Man piirrosversiona.\" width=\"127\" height=\"200\" \/><\/a> <a href=\"https:\/\/motu.eurokolikonmaailma.fi\/kuvat\/UNO\/UNO Mattel 80th\/uno_rr_rv.jpg\" target=\"_blank\" rel=\"noopener\"><img loading=\"lazy\" decoding=\"async\" class=\"alignnone\" src=\"https:\/\/motu.eurokolikonmaailma.fi\/kuvat\/UNO\/UNO Mattel 80th\/uno_rr_rv.jpg\" alt=\"Mattel 80-juhlavuosi UNO-korttipelin vihre\u00e4 suunnanvaihtokortti, jonka aiheena 80- luvun lelu He-Man piirrosversiona.\" width=\"127\" height=\"200\" \/><\/a><\/p>\n<p>Suomennetut peliohjeet l\u00f6yd\u00e4t alla olevan linkin takaa (pdf-tiedosto).<br \/>\n<a href=\"https:\/\/www.eurokolikonmaailma.fi\/blogi\/wp-content\/uploads\/2025\/08\/Peliohjeet-UNO_Mattel_80th-2025.pdf\" target=\"_blank\" rel=\"noopener\">Linkki peliohjeisiin<\/a><\/p>\n<p>Alkuper\u00e4iset englanninkieliset s\u00e4\u00e4nn\u00f6t voit lukea\/katsoa <a href=\"https:\/\/www.eurokolikonmaailma.fi\/blogi\/wp-content\/uploads\/2025\/07\/UNO_Mattel_80th_2025_rules.pdf\" target=\"_blank\" rel=\"noopener\">t\u00e4st\u00e4<\/a> (pdf-tiedosto).<\/p>\n","protected":false},"excerpt":{"rendered":"<p>He-Man oli hahmona mukana Mattelin 80-vuotis UNO-peliss\u00e4. Setti julkaistiin vuonna 2025 Mattelin 80-vuotisjuhlan kunniaksi. T\u00e4ss\u00e4 UNO-versiossa He-Man edustaa suunnanvaihtokorttia. Omani ostin Britti-Amazonista. Vuoden 2025 lopulla ja 2026 alussa t\u00e4t\u00e4 UNO-versiota myiv\u00e4t Suomessa Puolenkuun pelit, Prisman verkkokauppa, Tokmanni ja ainakin osa &hellip; <a href=\"https:\/\/www.eurokolikonmaailma.fi\/?page_id=5903\">Lue loppuun <span class=\"meta-nav\">&rarr;<\/span><\/a><\/p>\n","protected":false},"author":1,"featured_media":0,"parent":5884,"menu_order":0,"comment_status":"closed","ping_status":"closed","template":"","meta":{"footnotes":""},"class_list":["post-5903","page","type-page","status-publish","hentry"],"_links":{"self":[{"href":"https:\/\/www.eurokolikonmaailma.fi\/index.php?rest_route=\/wp\/v2\/pages\/5903","targetHints":{"allow":["GET"]}}],"collection":[{"href":"https:\/\/www.eurokolikonmaailma.fi\/index.php?rest_route=\/wp\/v2\/pages"}],"about":[{"href":"https:\/\/www.eurokolikonmaailma.fi\/index.php?rest_route=\/wp\/v2\/types\/page"}],"author":[{"embeddable":true,"href":"https:\/\/www.eurokolikonmaailma.fi\/index.php?rest_route=\/wp\/v2\/users\/1"}],"replies":[{"embeddable":true,"href":"https:\/\/www.eurokolikonmaailma.fi\/index.php?rest_route=%2Fwp%2Fv2%2Fcomments&post=5903"}],"version-history":[{"count":10,"href":"https:\/\/www.eurokolikonmaailma.fi\/index.php?rest_route=\/wp\/v2\/pages\/5903\/revisions"}],"predecessor-version":[{"id":6053,"href":"https:\/\/www.eurokolikonmaailma.fi\/index.php?rest_route=\/wp\/v2\/pages\/5903\/revisions\/6053"}],"up":[{"embeddable":true,"href":"https:\/\/www.eurokolikonmaailma.fi\/index.php?rest_route=\/wp\/v2\/pages\/5884"}],"wp:attachment":[{"href":"https:\/\/www.eurokolikonmaailma.fi\/index.php?rest_route=%2Fwp%2Fv2%2Fmedia&parent=5903"}],"curies":[{"name":"wp","href":"https:\/\/api.w.org\/{rel}","templated":true}]}}