{"id":5898,"date":"2025-07-19T16:57:02","date_gmt":"2025-07-19T13:57:02","guid":{"rendered":"https:\/\/www.eurokolikonmaailma.fi\/?page_id=5898"},"modified":"2025-08-09T16:33:11","modified_gmt":"2025-08-09T13:33:11","slug":"uno-thank-you-heroes-2020","status":"publish","type":"page","link":"https:\/\/www.eurokolikonmaailma.fi\/?page_id=5898","title":{"rendered":"UNO Thank You Heroes (2020)"},"content":{"rendered":"<p><a href=\"https:\/\/motu.eurokolikonmaailma.fi\/kuvat\/UNO\/UNO Thank You Heroes 2020\/uno_tuh_pf.jpg\" target=\"_blank\" rel=\"noopener\"><img loading=\"lazy\" decoding=\"async\" class=\"alignnone\" src=\"https:\/\/motu.eurokolikonmaailma.fi\/kuvat\/UNO\/UNO Thank You Heroes 2020\/uno_tuh_pf.jpg\" alt=\"UNO Thank You Heroes -pelikorttien pakkauksen kansikuva.\" width=\"235\" height=\"300\" \/><\/a> <a href=\"https:\/\/motu.eurokolikonmaailma.fi\/kuvat\/UNO\/UNO Thank You Heroes 2020\/uno_tyh_pb.jpg\" target=\"_blank\" rel=\"noopener\"><img loading=\"lazy\" decoding=\"async\" class=\"alignnone\" src=\"https:\/\/motu.eurokolikonmaailma.fi\/kuvat\/UNO\/UNO Thank You Heroes 2020\/uno_tyh_pb.jpg\" alt=\"UNO Thank You Heroes -pelikorttien pakkauksen kansikuva.\" width=\"229\" height=\"370\" \/><\/a><\/p>\n<p>Mattel julkaisi vuosina 2020-21 joukon tuotteita, joiden tuotoista he lahjoittivat osan hyv\u00e4ntekev\u00e4isyyteen kiitoksena pelastajien ja ensihoitajien ty\u00f6st\u00e4 COVID-19 pandemian aikana.<\/p>\n<p>He-Man on hahmona mukana t\u00e4ss\u00e4 setiss\u00e4 ja edustaa numeroa kaksi sek\u00e4 on mukana nosta nelj\u00e4 kortissa.<\/p>\n<p>Oma settini on Intian markkinoille tehty julkaisu ja siit\u00e4 on olemassa sek\u00e4 pahvipakattu, ett\u00e4 metallirasiaan pakattu versio. Mattelin Yhdysvaltojen julkaisuversio tuli ainoastaan metallirasiassa. Oman settini ostin eBaysta.<\/p>\n<p>T\u00e4m\u00e4 setti on yksi harvinaisimmista, etenkin yhdysvaltalaisversio, UNO-julkaisuista. Kirjoitushetkell\u00e4, t\u00e4t\u00e4 intialaista setti\u00e4 l\u00f6ytyy jonkin verran ebaysta ja erin\u00e4isilt\u00e4 intialaisilta sivustoilta.<\/p>\n<p><a href=\"https:\/\/motu.eurokolikonmaailma.fi\/kuvat\/UNO\/UNO Thank You Heroes 2020\/uno_tyh_k2.jpg\" target=\"_blank\" rel=\"noopener\"><img loading=\"lazy\" decoding=\"async\" class=\"alignnone\" src=\"https:\/\/motu.eurokolikonmaailma.fi\/kuvat\/UNO\/UNO Thank You Heroes 2020\/uno_tyh_k2.jpg\" alt=\"UNO Thank You Heroes -pelikorttien keltainen kortti numero 2. Aiheena He-Man kantamassa ostoskassia.\" width=\"128\" height=\"200\" \/><\/a> <a href=\"https:\/\/motu.eurokolikonmaailma.fi\/kuvat\/UNO\/UNO Thank You Heroes 2020\/uno_tyh_vi2.jpg\" target=\"_blank\" rel=\"noopener\"><img loading=\"lazy\" decoding=\"async\" class=\"alignnone\" src=\"https:\/\/motu.eurokolikonmaailma.fi\/kuvat\/UNO\/UNO Thank You Heroes 2020\/uno_tyh_vi2.jpg\" alt=\"UNO Thank You Heroes -pelikorttien violetti kortti numero 2. Aiheena He-Man kantamassa ostoskassia.\" width=\"128\" height=\"200\" \/><\/a> <a href=\"https:\/\/motu.eurokolikonmaailma.fi\/kuvat\/UNO\/UNO Thank You Heroes 2020\/uno_tyh_v2.jpg\" target=\"_blank\" rel=\"noopener\"><img loading=\"lazy\" decoding=\"async\" class=\"alignnone\" src=\"https:\/\/motu.eurokolikonmaailma.fi\/kuvat\/UNO\/UNO Thank You Heroes 2020\/uno_tyh_v2.jpg\" alt=\"UNO Thank You Heroes -pelikorttien vihre\u00e4 kortti numero 2. Aiheena He-Man kantamassa ostoskassia.\" width=\"128\" height=\"200\" \/><\/a> <a href=\"https:\/\/motu.eurokolikonmaailma.fi\/kuvat\/UNO\/UNO Thank You Heroes 2020\/uno_tyh_vp2.jpg\" target=\"_blank\" rel=\"noopener\"><img loading=\"lazy\" decoding=\"async\" class=\"alignnone\" src=\"https:\/\/motu.eurokolikonmaailma.fi\/kuvat\/UNO\/UNO Thank You Heroes 2020\/uno_tyh_vp2.jpg\" alt=\"UNO Thank You Heroes -pelikorttien vaaleanpunainen kortti numero 2. Aiheena He-Man kantamassa ostoskassia.\" width=\"128\" height=\"200\" \/><\/a><\/p>\n<p><a href=\"https:\/\/motu.eurokolikonmaailma.fi\/kuvat\/UNO\/UNO Thank You Heroes 2020\/uno_tyh_+4.jpg\" target=\"_blank\" rel=\"noopener\"><img loading=\"lazy\" decoding=\"async\" class=\"alignnone\" src=\"https:\/\/motu.eurokolikonmaailma.fi\/kuvat\/UNO\/UNO Thank You Heroes 2020\/uno_tyh_+4.jpg\" alt=\"UNO Thank You Heroes -pelikorttien villi nosta nelj\u00e4 -kortti. Aiheena useita eri hahmoja, mukaan lukien He-Man, taputtamassa.\" width=\"128\" height=\"200\" \/><\/a><\/p>\n<p>Alla Mattelin virallinen promokuva t\u00e4st\u00e4 UNO-setist\u00e4, josta n\u00e4kyy He-Man-kortin alkuper\u00e4inen suunniteltu ulkoasu.<\/p>\n<div style=\"width: 416px\" class=\"wp-caption alignnone\"><img loading=\"lazy\" decoding=\"async\" class=\"size-full\" src=\"https:\/\/motu.eurokolikonmaailma.fi\/kuvat\/UNO\/UNO Thank You Heroes 2020\/UNO-TYH_promo.jpg\" width=\"406\" height=\"300\" \/><p class=\"wp-caption-text\">UNO Thank You Heroes -korttipakan promokuva.<\/p><\/div>\n<p>Suomennetut peliohjeet l\u00f6yd\u00e4t alla olevan linkin takaa (pdf-tiedosto).<br \/>\n<a href=\"https:\/\/www.eurokolikonmaailma.fi\/blogi\/wp-content\/uploads\/2025\/08\/Peliohjeet-UNO_Thank_You_Heroes_2020.pdf\" target=\"_blank\" rel=\"noopener\">Linkki peliohjeisiin<\/a><\/p>\n<p>Alkuper\u00e4iset englanninkieliset s\u00e4\u00e4nn\u00f6t voit lukea\/katsoa <a href=\"https:\/\/www.eurokolikonmaailma.fi\/blogi\/wp-content\/uploads\/2025\/08\/UNO_Thank_You_Heroes_rules.pdf\" target=\"_blank\" rel=\"noopener\">t\u00e4st\u00e4<\/a> (pdf-tiedosto).<\/p>\n","protected":false},"excerpt":{"rendered":"<p>Mattel julkaisi vuosina 2020-21 joukon tuotteita, joiden tuotoista he lahjoittivat osan hyv\u00e4ntekev\u00e4isyyteen kiitoksena pelastajien ja ensihoitajien ty\u00f6st\u00e4 COVID-19 pandemian aikana. He-Man on hahmona mukana t\u00e4ss\u00e4 setiss\u00e4 ja edustaa numeroa kaksi sek\u00e4 on mukana nosta nelj\u00e4 kortissa. Oma settini on Intian &hellip; <a href=\"https:\/\/www.eurokolikonmaailma.fi\/?page_id=5898\">Lue loppuun <span class=\"meta-nav\">&rarr;<\/span><\/a><\/p>\n","protected":false},"author":1,"featured_media":0,"parent":5884,"menu_order":0,"comment_status":"closed","ping_status":"closed","template":"","meta":{"footnotes":""},"class_list":["post-5898","page","type-page","status-publish","hentry"],"_links":{"self":[{"href":"https:\/\/www.eurokolikonmaailma.fi\/index.php?rest_route=\/wp\/v2\/pages\/5898","targetHints":{"allow":["GET"]}}],"collection":[{"href":"https:\/\/www.eurokolikonmaailma.fi\/index.php?rest_route=\/wp\/v2\/pages"}],"about":[{"href":"https:\/\/www.eurokolikonmaailma.fi\/index.php?rest_route=\/wp\/v2\/types\/page"}],"author":[{"embeddable":true,"href":"https:\/\/www.eurokolikonmaailma.fi\/index.php?rest_route=\/wp\/v2\/users\/1"}],"replies":[{"embeddable":true,"href":"https:\/\/www.eurokolikonmaailma.fi\/index.php?rest_route=%2Fwp%2Fv2%2Fcomments&post=5898"}],"version-history":[{"count":8,"href":"https:\/\/www.eurokolikonmaailma.fi\/index.php?rest_route=\/wp\/v2\/pages\/5898\/revisions"}],"predecessor-version":[{"id":6007,"href":"https:\/\/www.eurokolikonmaailma.fi\/index.php?rest_route=\/wp\/v2\/pages\/5898\/revisions\/6007"}],"up":[{"embeddable":true,"href":"https:\/\/www.eurokolikonmaailma.fi\/index.php?rest_route=\/wp\/v2\/pages\/5884"}],"wp:attachment":[{"href":"https:\/\/www.eurokolikonmaailma.fi\/index.php?rest_route=%2Fwp%2Fv2%2Fmedia&parent=5898"}],"curies":[{"name":"wp","href":"https:\/\/api.w.org\/{rel}","templated":true}]}}