{"id":5891,"date":"2025-07-19T16:19:54","date_gmt":"2025-07-19T13:19:54","guid":{"rendered":"https:\/\/www.eurokolikonmaailma.fi\/?page_id=5891"},"modified":"2025-07-24T18:48:54","modified_gmt":"2025-07-24T15:48:54","slug":"uno-fandom-masters-of-the-universe-2024","status":"publish","type":"page","link":"https:\/\/www.eurokolikonmaailma.fi\/?page_id=5891","title":{"rendered":"UNO Fandom Masters of the Universe (2024)"},"content":{"rendered":"<p><a href=\"https:\/\/motu.eurokolikonmaailma.fi\/kuvat\/UNO\/MOTU UNO 2024\/MU_s1.jpg\" target=\"_blank\" rel=\"noopener\"><img loading=\"lazy\" decoding=\"async\" class=\"alignnone\" src=\"https:\/\/motu.eurokolikonmaailma.fi\/kuvat\/UNO\/MOTU UNO 2024\/MU_s1.jpg\" alt=\"Masters of the Universe Fandom UNO-korttipakkauksen sivureuna.\" width=\"53\" height=\"300\" \/><\/a><a href=\"https:\/\/motu.eurokolikonmaailma.fi\/kuvat\/UNO\/MOTU UNO 2024\/MU_kk.jpg\" target=\"_blank\" rel=\"noopener\"><img loading=\"lazy\" decoding=\"async\" class=\"alignnone\" src=\"https:\/\/motu.eurokolikonmaailma.fi\/kuvat\/UNO\/MOTU UNO 2024\/MU_kk.jpg\" alt=\"Masters of the Universe Fandom UNO-korttipakkauksen kansi.\" width=\"230\" height=\"300\" \/><\/a><a href=\"https:\/\/motu.eurokolikonmaailma.fi\/kuvat\/UNO\/MOTU UNO 2024\/MU_ktk.jpg\" target=\"_blank\" rel=\"noopener\"><img loading=\"lazy\" decoding=\"async\" class=\"alignnone\" src=\"https:\/\/motu.eurokolikonmaailma.fi\/kuvat\/UNO\/MOTU UNO 2024\/MU_kar.jpg\" alt=\"Masters of the Universe Fandom UNO-korttipaketin roinen sivureuna.\" width=\"53\" height=\"300\" \/><\/a><a href=\"https:\/\/motu.eurokolikonmaailma.fi\/kuvat\/UNO\/MOTU UNO 2024\/MU_ktk.jpg\" target=\"_blank\" rel=\"noopener\"><img loading=\"lazy\" decoding=\"async\" class=\"alignnone\" src=\"https:\/\/motu.eurokolikonmaailma.fi\/kuvat\/UNO\/MOTU UNO 2024\/MU_ktk.jpg\" alt=\"Masters of the Universe Fandom UNO-korttipakkauksen pohja.\" width=\"226\" height=\"300\" \/><\/a><\/p>\n<p>2-10 pelaajaa<br \/>\nIk\u00e4suositus 7+<br \/>\nTuotekoodi: HYH55<br \/>\nEAN: 194735247110<\/p>\n<p>Mattel julkaisi vuonna 2024 Mattel Creations -sivustollaan UNO Fandom Masters of the Universe -korttipelin. T\u00e4m\u00e4 setti on loppuun myyty ja Mattel Creations Exclusive, joten jos t\u00e4ll\u00e4isen UNO version itselleen haluaa, joutuu turvautumaan j\u00e4lleenmyyjiin, etenkin kun Mattel Creations ei toimita Suomeen.<\/p>\n<p>Oman kappaleeni ostin saksalaiselta j\u00e4lleenmyyj\u00e4lt\u00e4.<\/p>\n<blockquote><p>You&#8217;ll have the power with this Masters of the Universe\u2122 edition of UNO\u00ae!<\/p>\n<p>Increase your strength by collecting Action Cards with The Armory of Grayskull rule.<\/p>\n<p>And when you&#8217;re down to your last card, don&#8217;t yell &#8221;By the power of Grayskull!&#8221; yell &#8221;UNO!&#8221;<\/p><\/blockquote>\n<p><a href=\"https:\/\/motu.eurokolikonmaailma.fi\/kuvat\/UNO\/MOTU UNO 2024\/MU_00.jpg\" target=\"_blank\" rel=\"noopener\"><img loading=\"lazy\" decoding=\"async\" class=\"alignnone\" src=\"https:\/\/motu.eurokolikonmaailma.fi\/kuvat\/UNO\/MOTU UNO 2024\/MU_00.jpg\" alt=\"Masters of the Universe Fandom UNO-kortti numero nolla. Kuvassa Orko.\" width=\"128\" height=\"200\" \/><\/a><a href=\"https:\/\/motu.eurokolikonmaailma.fi\/kuvat\/UNO\/MOTU UNO 2024\/MU_01.jpg\" target=\"_blank\" rel=\"noopener\"><img loading=\"lazy\" decoding=\"async\" class=\"alignnone\" src=\"https:\/\/motu.eurokolikonmaailma.fi\/kuvat\/UNO\/MOTU UNO 2024\/MU_01.jpg\" alt=\"Masters of the Universe Fandom UNO-kortti numero yksi Kuvassa He-Man Taistelutiikerin sel\u00e4ss\u00e4.\" width=\"128\" height=\"200\" \/><\/a><a href=\"https:\/\/motu.eurokolikonmaailma.fi\/kuvat\/UNO\/MOTU UNO 2024\/MU_02.jpg\" target=\"_blank\" rel=\"noopener\"><img loading=\"lazy\" decoding=\"async\" class=\"alignnone\" src=\"https:\/\/motu.eurokolikonmaailma.fi\/kuvat\/UNO\/MOTU UNO 2024\/MU_02.jpg\" alt=\"Masters of the Universe Fandom UNO-kortti numero kaksi. Kuvassa Taistelutiikeri.\" width=\"128\" height=\"200\" \/><\/a><a href=\"https:\/\/motu.eurokolikonmaailma.fi\/kuvat\/UNO\/MOTU UNO 2024\/MU_03.jpg\" target=\"_blank\" rel=\"noopener\"><img loading=\"lazy\" decoding=\"async\" class=\"alignnone\" src=\"https:\/\/motu.eurokolikonmaailma.fi\/kuvat\/UNO\/MOTU UNO 2024\/MU_03.jpg\" alt=\"Masters of the Universe Fandom UNO-kortti numero kolme. Kuvassa Landshark kyydiss\u00e4 Skeletor vastaan He-Man ja Laser Bolt.\" width=\"128\" height=\"200\" \/><\/a><\/p>\n<p><a href=\"https:\/\/motu.eurokolikonmaailma.fi\/kuvat\/UNO\/MOTU UNO 2024\/MU_04.jpg\" target=\"_blank\" rel=\"noopener\"><img loading=\"lazy\" decoding=\"async\" class=\"alignnone\" src=\"https:\/\/motu.eurokolikonmaailma.fi\/kuvat\/UNO\/MOTU UNO 2024\/MU_04.jpg\" alt=\"Masters of the Universe Fandom UNO-kortti numero nelj\u00e4. Kuvassa Skeletor.\" width=\"128\" height=\"200\" \/><\/a><a href=\"https:\/\/motu.eurokolikonmaailma.fi\/kuvat\/UNO\/MOTU UNO 2024\/MU_05.jpg\" target=\"_blank\" rel=\"noopener\"><img loading=\"lazy\" decoding=\"async\" class=\"alignnone\" src=\"https:\/\/motu.eurokolikonmaailma.fi\/kuvat\/UNO\/MOTU UNO 2024\/MU_05.jpg\" alt=\"Masters of the Universe Fandom UNO-kortti numero viisi. Kuvassa He-Man leijonan sel\u00e4ss\u00e4 vastaan Skeletor norsun sel\u00e4ss\u00e4.\" width=\"128\" height=\"200\" \/><\/a><a href=\"https:\/\/motu.eurokolikonmaailma.fi\/kuvat\/UNO\/MOTU UNO 2024\/MU_06.jpg\" target=\"_blank\" rel=\"noopener\"><img loading=\"lazy\" decoding=\"async\" class=\"alignnone\" src=\"https:\/\/motu.eurokolikonmaailma.fi\/kuvat\/UNO\/MOTU UNO 2024\/MU_06.jpg\" alt=\"Masters of the Universe Fandom UNO-kortti numero kuusi. Kuvassa He-Man vastassaan iso k\u00e4\u00e4rme.\" width=\"128\" height=\"200\" \/><\/a><a href=\"https:\/\/motu.eurokolikonmaailma.fi\/kuvat\/UNO\/MOTU UNO 2024\/MU_07.jpg\" target=\"_blank\" rel=\"noopener\"><img loading=\"lazy\" decoding=\"async\" class=\"alignnone\" src=\"https:\/\/motu.eurokolikonmaailma.fi\/kuvat\/UNO\/MOTU UNO 2024\/MU_07.jpg\" alt=\"Masters of the Universe Fandom UNO-kortti numero seitsem\u00e4n. Kuvassa Roboto.\" width=\"128\" height=\"200\" \/><\/a><\/p>\n<p><a href=\"https:\/\/motu.eurokolikonmaailma.fi\/kuvat\/UNO\/MOTU UNO 2024\/MU_08.jpg\" target=\"_blank\" rel=\"noopener\"><img loading=\"lazy\" decoding=\"async\" class=\"alignnone\" src=\"https:\/\/motu.eurokolikonmaailma.fi\/kuvat\/UNO\/MOTU UNO 2024\/MU_08.jpg\" alt=\"Masters of the Universe Fandom UNO-kortti numero kahdeksan. Kuvassa He-Man kirveen kanssa.\" width=\"128\" height=\"200\" \/><\/a><a href=\"https:\/\/motu.eurokolikonmaailma.fi\/kuvat\/UNO\/MOTU UNO 2024\/MU_09.jpg\" target=\"_blank\" rel=\"noopener\"><img loading=\"lazy\" decoding=\"async\" class=\"alignnone\" src=\"https:\/\/motu.eurokolikonmaailma.fi\/kuvat\/UNO\/MOTU UNO 2024\/MU_09.jpg\" alt=\"Masters of the Universe Fandom UNO-kortti numero yhdeks\u00e4n. Kuvassa Evil-Lyn.\" width=\"128\" height=\"200\" \/><\/a><a href=\"https:\/\/motu.eurokolikonmaailma.fi\/kuvat\/UNO\/MOTU UNO 2024\/MU_sv.jpg\" target=\"_blank\" rel=\"noopener\"><img loading=\"lazy\" decoding=\"async\" class=\"alignnone\" src=\"https:\/\/motu.eurokolikonmaailma.fi\/kuvat\/UNO\/MOTU UNO 2024\/MU_sv.jpg\" alt=\"Masters of the Universe Fandom UNO-kortti suunnanvaihto. Kuvassa Mer-Man.\" width=\"128\" height=\"200\" \/><\/a><a href=\"https:\/\/motu.eurokolikonmaailma.fi\/kuvat\/UNO\/MOTU UNO 2024\/MU_+2.jpg\" target=\"_blank\" rel=\"noopener\"><img loading=\"lazy\" decoding=\"async\" class=\"alignnone\" src=\"https:\/\/motu.eurokolikonmaailma.fi\/kuvat\/UNO\/MOTU UNO 2024\/MU_+2.jpg\" alt=\"Masters of the Universe Fandom UNO-kortti nosta kaksi. Kuvassa Skeletor ja Evil-Lyn.\" width=\"128\" height=\"200\" \/><\/a><\/p>\n<p><a href=\"https:\/\/motu.eurokolikonmaailma.fi\/kuvat\/UNO\/MOTU UNO 2024\/MU_yh.jpg\" target=\"_blank\" rel=\"noopener\"><img loading=\"lazy\" decoding=\"async\" class=\"alignnone\" src=\"https:\/\/motu.eurokolikonmaailma.fi\/kuvat\/UNO\/MOTU UNO 2024\/MU_yh.jpg\" alt=\"Masters of the Universe Fandom UNO-kortti ylihyppy. Kuvassa He-Man taistelemassa k\u00e4\u00e4rmett\u00e4 vastaan.\" width=\"128\" height=\"200\" \/><\/a><a href=\"https:\/\/motu.eurokolikonmaailma.fi\/kuvat\/UNO\/MOTU UNO 2024\/MU_vv.jpg\" target=\"_blank\" rel=\"noopener\"><img loading=\"lazy\" decoding=\"async\" class=\"alignnone\" src=\"https:\/\/motu.eurokolikonmaailma.fi\/kuvat\/UNO\/MOTU UNO 2024\/MU_vv.jpg\" alt=\"Masters of the Universe Fandom UNO-kortti v\u00e4rinvaihto. Kuvassa He-Man Harmaakallonlinnan edustalla.\" width=\"128\" height=\"200\" \/><\/a><a href=\"https:\/\/motu.eurokolikonmaailma.fi\/kuvat\/UNO\/MOTU UNO 2024\/MU_+4.jpg\" target=\"_blank\" rel=\"noopener\"><img loading=\"lazy\" decoding=\"async\" class=\"alignnone\" src=\"https:\/\/motu.eurokolikonmaailma.fi\/kuvat\/UNO\/MOTU UNO 2024\/MU_+4.jpg\" alt=\"Masters of the Universe Fandom UNO-kortti nosta nelj\u00e4. Kuvassa Clamp Champ ja He-Man vastaan Snake Face.\" width=\"128\" height=\"200\" \/><\/a><a href=\"https:\/\/motu.eurokolikonmaailma.fi\/kuvat\/UNO\/MOTU UNO 2024\/MU_hah.jpg\" target=\"_blank\" rel=\"noopener\"><img loading=\"lazy\" decoding=\"async\" class=\"alignnone\" src=\"https:\/\/motu.eurokolikonmaailma.fi\/kuvat\/UNO\/MOTU UNO 2024\/MU_hah.jpg\" alt=\"Masters of the Universe Fandom UNO-kortti Harmaakallon asehuone. Kuvassa Asemies ja Harmaakallonlinna.\" width=\"128\" height=\"200\" \/><\/a><\/p>\n<p><a href=\"https:\/\/motu.eurokolikonmaailma.fi\/kuvat\/UNO\/MOTU UNO 2024\/MU_fk.jpg\" target=\"_blank\" rel=\"noopener\"><img loading=\"lazy\" decoding=\"async\" class=\"alignnone\" src=\"https:\/\/motu.eurokolikonmaailma.fi\/kuvat\/UNO\/MOTU UNO 2024\/MU_fk.jpg\" alt=\"Masters of the Universe Fandom UNO-foliokortti. Kuvassa He-Man Stridorin sel\u00e4ss\u00e4.\" width=\"128\" height=\"200\" \/><\/a><a href=\"https:\/\/motu.eurokolikonmaailma.fi\/kuvat\/UNO\/MOTU UNO 2024\/MU_kp.jpg\" target=\"_blank\" rel=\"noopener\"><img loading=\"lazy\" decoding=\"async\" class=\"alignnone\" src=\"https:\/\/motu.eurokolikonmaailma.fi\/kuvat\/UNO\/MOTU UNO 2024\/MU_kp.jpg\" alt=\"Masters of the Universe Fandom UNO-korttien taustapuoli. Kuvassa paljon eri hahmoja kuten Thunder Punch He-Man ja Dragon Blaster Skeletor.\" width=\"128\" height=\"200\" \/><\/a><\/p>\n<p>Suomennetut peliohjeet l\u00f6yd\u00e4t alla olevan linkin takaa (pdf-tiedosto).<br \/>\n<a href=\"https:\/\/www.eurokolikonmaailma.fi\/blogi\/wp-content\/uploads\/2025\/07\/Peliohjeet-MOTU-UNO_fandom-2024.pdf\" target=\"_blank\" rel=\"noopener\">Linkki peliohjeisiin<\/a><\/p>\n<p>Alkuper\u00e4iset englanninkieliset s\u00e4\u00e4nn\u00f6t voit lukea\/katsoa <a href=\"https:\/\/www.eurokolikonmaailma.fi\/blogi\/wp-content\/uploads\/2025\/07\/UNO_MOTU_fandom_2024_rules.pdf\" target=\"_blank\" rel=\"noopener\">t\u00e4st\u00e4<\/a> (pdf-tiedosto).<\/p>\n<p>&nbsp;<\/p>\n","protected":false},"excerpt":{"rendered":"<p>2-10 pelaajaa Ik\u00e4suositus 7+ Tuotekoodi: HYH55 EAN: 194735247110 Mattel julkaisi vuonna 2024 Mattel Creations -sivustollaan UNO Fandom Masters of the Universe -korttipelin. T\u00e4m\u00e4 setti on loppuun myyty ja Mattel Creations Exclusive, joten jos t\u00e4ll\u00e4isen UNO version itselleen haluaa, joutuu turvautumaan &hellip; <a href=\"https:\/\/www.eurokolikonmaailma.fi\/?page_id=5891\">Lue loppuun <span class=\"meta-nav\">&rarr;<\/span><\/a><\/p>\n","protected":false},"author":1,"featured_media":0,"parent":5884,"menu_order":0,"comment_status":"closed","ping_status":"closed","template":"","meta":{"footnotes":""},"class_list":["post-5891","page","type-page","status-publish","hentry"],"_links":{"self":[{"href":"https:\/\/www.eurokolikonmaailma.fi\/index.php?rest_route=\/wp\/v2\/pages\/5891","targetHints":{"allow":["GET"]}}],"collection":[{"href":"https:\/\/www.eurokolikonmaailma.fi\/index.php?rest_route=\/wp\/v2\/pages"}],"about":[{"href":"https:\/\/www.eurokolikonmaailma.fi\/index.php?rest_route=\/wp\/v2\/types\/page"}],"author":[{"embeddable":true,"href":"https:\/\/www.eurokolikonmaailma.fi\/index.php?rest_route=\/wp\/v2\/users\/1"}],"replies":[{"embeddable":true,"href":"https:\/\/www.eurokolikonmaailma.fi\/index.php?rest_route=%2Fwp%2Fv2%2Fcomments&post=5891"}],"version-history":[{"count":19,"href":"https:\/\/www.eurokolikonmaailma.fi\/index.php?rest_route=\/wp\/v2\/pages\/5891\/revisions"}],"predecessor-version":[{"id":5940,"href":"https:\/\/www.eurokolikonmaailma.fi\/index.php?rest_route=\/wp\/v2\/pages\/5891\/revisions\/5940"}],"up":[{"embeddable":true,"href":"https:\/\/www.eurokolikonmaailma.fi\/index.php?rest_route=\/wp\/v2\/pages\/5884"}],"wp:attachment":[{"href":"https:\/\/www.eurokolikonmaailma.fi\/index.php?rest_route=%2Fwp%2Fv2%2Fmedia&parent=5891"}],"curies":[{"name":"wp","href":"https:\/\/api.w.org\/{rel}","templated":true}]}}