{"id":5884,"date":"2025-07-19T15:02:25","date_gmt":"2025-07-19T12:02:25","guid":{"rendered":"https:\/\/www.eurokolikonmaailma.fi\/?page_id=5884"},"modified":"2025-08-07T01:10:11","modified_gmt":"2025-08-06T22:10:11","slug":"uno","status":"publish","type":"page","link":"https:\/\/www.eurokolikonmaailma.fi\/?page_id=5884","title":{"rendered":"UNO"},"content":{"rendered":"<p>Mattel on julkaissut kolme Masters of the Universe -aiheista UNO -korttipeli\u00e4.<\/p>\n<ul>\n<li><a href=\"https:\/\/www.eurokolikonmaailma.fi\/?page_id=5886\">UNO Masters of the Universe (2020)<\/a><\/li>\n<li><a href=\"https:\/\/www.eurokolikonmaailma.fi\/?page_id=5891\">UNO Fandom Masters of the Universe (2024)<\/a><\/li>\n<li><a href=\"https:\/\/www.eurokolikonmaailma.fi\/?page_id=5893\">UNO Fandom Princess of Power (2025)<\/a><\/li>\n<\/ul>\n<p>T\u00e4m\u00e4n lis\u00e4ksi He-Man on hahmona ollut mukana my\u00f6s seuraavissa UNO-seteiss\u00e4:<\/p>\n<ul>\n<li><a href=\"https:\/\/www.eurokolikonmaailma.fi\/?page_id=5898\">UNO Thank You Heroes (2020)<\/a><\/li>\n<li><a href=\"https:\/\/www.eurokolikonmaailma.fi\/?page_id=5900\">UNO Mattel 75th Anniversary (2020)<\/a><\/li>\n<li><a href=\"https:\/\/www.eurokolikonmaailma.fi\/?page_id=5903\">UNO Mattel 80th Anniversary (2025)<\/a><\/li>\n<\/ul>\n","protected":false},"excerpt":{"rendered":"<p>Mattel on julkaissut kolme Masters of the Universe -aiheista UNO -korttipeli\u00e4. UNO Masters of the Universe (2020) UNO Fandom Masters of the Universe (2024) UNO Fandom Princess of Power (2025) T\u00e4m\u00e4n lis\u00e4ksi He-Man on hahmona ollut mukana my\u00f6s seuraavissa UNO-seteiss\u00e4: &hellip; <a href=\"https:\/\/www.eurokolikonmaailma.fi\/?page_id=5884\">Lue loppuun <span class=\"meta-nav\">&rarr;<\/span><\/a><\/p>\n","protected":false},"author":1,"featured_media":0,"parent":166,"menu_order":0,"comment_status":"closed","ping_status":"closed","template":"","meta":{"footnotes":""},"class_list":["post-5884","page","type-page","status-publish","hentry"],"_links":{"self":[{"href":"https:\/\/www.eurokolikonmaailma.fi\/index.php?rest_route=\/wp\/v2\/pages\/5884","targetHints":{"allow":["GET"]}}],"collection":[{"href":"https:\/\/www.eurokolikonmaailma.fi\/index.php?rest_route=\/wp\/v2\/pages"}],"about":[{"href":"https:\/\/www.eurokolikonmaailma.fi\/index.php?rest_route=\/wp\/v2\/types\/page"}],"author":[{"embeddable":true,"href":"https:\/\/www.eurokolikonmaailma.fi\/index.php?rest_route=\/wp\/v2\/users\/1"}],"replies":[{"embeddable":true,"href":"https:\/\/www.eurokolikonmaailma.fi\/index.php?rest_route=%2Fwp%2Fv2%2Fcomments&post=5884"}],"version-history":[{"count":9,"href":"https:\/\/www.eurokolikonmaailma.fi\/index.php?rest_route=\/wp\/v2\/pages\/5884\/revisions"}],"predecessor-version":[{"id":6002,"href":"https:\/\/www.eurokolikonmaailma.fi\/index.php?rest_route=\/wp\/v2\/pages\/5884\/revisions\/6002"}],"up":[{"embeddable":true,"href":"https:\/\/www.eurokolikonmaailma.fi\/index.php?rest_route=\/wp\/v2\/pages\/166"}],"wp:attachment":[{"href":"https:\/\/www.eurokolikonmaailma.fi\/index.php?rest_route=%2Fwp%2Fv2%2Fmedia&parent=5884"}],"curies":[{"name":"wp","href":"https:\/\/api.w.org\/{rel}","templated":true}]}}