{"id":5866,"date":"2025-06-15T00:31:09","date_gmt":"2025-06-14T21:31:09","guid":{"rendered":"https:\/\/www.eurokolikonmaailma.fi\/?page_id=5866"},"modified":"2025-06-15T00:31:09","modified_gmt":"2025-06-14T21:31:09","slug":"preternia-karttajuliste","status":"publish","type":"page","link":"https:\/\/www.eurokolikonmaailma.fi\/?page_id=5866","title":{"rendered":"Preternia-karttajuliste"},"content":{"rendered":"<p><img loading=\"lazy\" decoding=\"async\" style=\"color: #000000; font-family: 'Times New Roman'; font-size: medium; line-height: normal;\" src=\"http:\/\/motu.eurokolikonmaailma.fi\/kuvat\/maps\/motuc.1.jpg\" alt=\"\" width=\"118\" height=\"47\" border=\"0\" \/><img loading=\"lazy\" decoding=\"async\" src=\"http:\/\/motu.eurokolikonmaailma.fi\/kuvat\/maps\/clubeternia_burst.gif\" alt=\"\" width=\"47\" height=\"48\" \/><\/p>\n<h1>Preternia before the Spell of Separation<\/h1>\n<p><img loading=\"lazy\" decoding=\"async\" src=\"http:\/\/motu.eurokolikonmaailma.fi\/kuvat\/maps\/preternia_map.jpg\" alt=\"\" width=\"326\" height=\"223\" border=\"0\" \/><\/p>\n<p>T\u00e4m\u00e4 kartta on Club Eternia 2012 j\u00e4senille helmikuussa automaattisesti Shadow Weaver hahmon mukana toimitetettava extratuote. Kartan koko on 20&#8243; x 30&#8243; ja se on taiteltu 10&#8243; x 10&#8243; kokoiseksi. T\u00e4m\u00e4 kartta on osa $20,00 tilauspalvelun liittymismaksua.<\/p>\n<p><strong>Preternia &#8211; Ancient Continent of Hidden Magic<\/strong><\/p>\n<p>After the creations of the Five Dimensions, the Gods hid all of their magic deep within the core of a small planet in the center of the dimension of Eternia. Here, in the form of a star, it was guarded by the giant Procrustus. Over the centuries the magic slowly seeped out, blessing many wise Eternian wizards with the power to control and tap into these great magic energies. Sensing planet Eternia was the secret location of the Gods&#8217; magic, the Unnamed One bred an army of Snake Warriors to raid it, hoping to seize the magic for his revenge. Although his servant King Hssss conquered Eternia for three centuries, the Great Wars against King Grayskull and the Horde invaders eventually ended Hssss&#8217; reptilian rule. During these Wars, He-Ro&#8217;s techno virus spread across the planet, infecting Eternia and causing it to standput in the Universe as a planet mixed with both magic and technology.<\/p>\n<p><em>Viiden Ulottuvuuden luomisen j\u00e4lkeen, Jumalat piilottivat taikansa syv\u00e4lle pienen Eternian-ulottuvuudessa sijaitsevan planeetan ytimeen. T\u00e4\u00e4ll\u00e4, t\u00e4hden muodossa, sit\u00e4 vartijoi j\u00e4ttil\u00e4inen Procrustus. Vuosisatojen aikana taika hitaasti tihkui ulos, siunaten monia viisaita eternialaisia velhoja voimilla hallita n\u00e4it\u00e4 maagisia energioita. Vaistoten, ett\u00e4 Eternia on Jumalten taian salainen piilopaikka, Nimet\u00f6n loi K\u00e4\u00e4rmesoturien armeijan varastaakseen sen kostoaan varten. Vaikka h\u00e4nen palvelijansa King Hssss valloitti Eternian kolmeksi vuosisadaksi, Suuret Sodat Kuningas Grayskullia ja Hordivalloittajia vastaan lopulta p\u00e4\u00e4ttiv\u00e4t Hssss:n liskomaisen vallan. N\u00e4iden sotien aikana, He-Ron teknovirus levisi halki planeetan, tartuttaen Eternian ja saaden sen erottumaan maailmankaikkeudessa planeettana jolla sek\u00e4 teknologia ett\u00e4 magia hallitsee.<\/em><\/p>\n","protected":false},"excerpt":{"rendered":"<p>Preternia before the Spell of Separation T\u00e4m\u00e4 kartta on Club Eternia 2012 j\u00e4senille helmikuussa automaattisesti Shadow Weaver hahmon mukana toimitetettava extratuote. Kartan koko on 20&#8243; x 30&#8243; ja se on taiteltu 10&#8243; x 10&#8243; kokoiseksi. T\u00e4m\u00e4 kartta on osa $20,00 &hellip; <a href=\"https:\/\/www.eurokolikonmaailma.fi\/?page_id=5866\">Lue loppuun <span class=\"meta-nav\">&rarr;<\/span><\/a><\/p>\n","protected":false},"author":1,"featured_media":0,"parent":1478,"menu_order":0,"comment_status":"closed","ping_status":"closed","template":"","meta":{"footnotes":""},"class_list":["post-5866","page","type-page","status-publish","hentry"],"_links":{"self":[{"href":"https:\/\/www.eurokolikonmaailma.fi\/index.php?rest_route=\/wp\/v2\/pages\/5866","targetHints":{"allow":["GET"]}}],"collection":[{"href":"https:\/\/www.eurokolikonmaailma.fi\/index.php?rest_route=\/wp\/v2\/pages"}],"about":[{"href":"https:\/\/www.eurokolikonmaailma.fi\/index.php?rest_route=\/wp\/v2\/types\/page"}],"author":[{"embeddable":true,"href":"https:\/\/www.eurokolikonmaailma.fi\/index.php?rest_route=\/wp\/v2\/users\/1"}],"replies":[{"embeddable":true,"href":"https:\/\/www.eurokolikonmaailma.fi\/index.php?rest_route=%2Fwp%2Fv2%2Fcomments&post=5866"}],"version-history":[{"count":1,"href":"https:\/\/www.eurokolikonmaailma.fi\/index.php?rest_route=\/wp\/v2\/pages\/5866\/revisions"}],"predecessor-version":[{"id":5867,"href":"https:\/\/www.eurokolikonmaailma.fi\/index.php?rest_route=\/wp\/v2\/pages\/5866\/revisions\/5867"}],"up":[{"embeddable":true,"href":"https:\/\/www.eurokolikonmaailma.fi\/index.php?rest_route=\/wp\/v2\/pages\/1478"}],"wp:attachment":[{"href":"https:\/\/www.eurokolikonmaailma.fi\/index.php?rest_route=%2Fwp%2Fv2%2Fmedia&parent=5866"}],"curies":[{"name":"wp","href":"https:\/\/api.w.org\/{rel}","templated":true}]}}