{"id":5807,"date":"2025-06-09T01:03:58","date_gmt":"2025-06-08T22:03:58","guid":{"rendered":"https:\/\/www.eurokolikonmaailma.fi\/?page_id=5807"},"modified":"2025-06-09T01:03:58","modified_gmt":"2025-06-08T22:03:58","slug":"spirit-of-grayskull","status":"publish","type":"page","link":"https:\/\/www.eurokolikonmaailma.fi\/?page_id=5807","title":{"rendered":"Spirit of Grayskull"},"content":{"rendered":"<p><img loading=\"lazy\" decoding=\"async\" style=\"color: #000000; font-family: 'Times New Roman'; font-size: medium; line-height: normal;\" src=\"http:\/\/motu.eurokolikonmaailma.fi\/kuvat\/Spirit_Grayskull\/motuc.1.jpg\" alt=\"\" width=\"118\" height=\"47\" border=\"0\" \/><img loading=\"lazy\" decoding=\"async\" style=\"color: #000000; font-family: 'Times New Roman'; font-size: medium; line-height: normal;\" src=\"http:\/\/motu.eurokolikonmaailma.fi\/kuvat\/Spirit_Grayskull\/pog_logo.png\" alt=\"\" width=\"111\" height=\"47\" border=\"0\" \/><br style=\"color: #000000; font-family: 'Times New Roman'; font-size: medium; line-height: normal;\" \/><span style=\"color: #000000; font-family: 'Times New Roman'; font-size: medium; line-height: normal; background-color: #ffffff;\">Tuotekoodi: CGP29<\/span><\/p>\n<h1>Spirit of Grayskull<br \/>\n&#8211; Heroic Guardian of Power<\/h1>\n<p><img loading=\"lazy\" decoding=\"async\" class=\"alignnone size-full\" src=\"http:\/\/motu.eurokolikonmaailma.fi\/kuvat\/Spirit_Grayskull\/cgp29_007_600x600.jpg\" width=\"300\" height=\"300\" \/><img loading=\"lazy\" decoding=\"async\" class=\"alignnone size-full\" src=\"http:\/\/motu.eurokolikonmaailma.fi\/kuvat\/Spirit_Grayskull\/cgp29_008_600x600.jpg\" width=\"300\" height=\"300\" \/><\/p>\n<p><strong>Oikea nimi:<\/strong> D\u2019vann Grayskull<\/p>\n<p>After his death, King Grayskull preserved his spirit inside the Sword of He. Through this act he was able to remain inside the walls of Castle Grayskull, advising his heirs and acting as a guardian of the castle along with the Sorceress. It was his idea for the Elders to combine the Power of the Universe with their wisdom to tap into Eternia\u2019s hidden magic into a power orb. This orb contained a new unified force made up of both raw force and the wisdom to wield magic. This power would go on to become known as \u201cThe Power of Grayskull,\u201d named for his reign and Castle. Grayskull remained a part of this power even after Adam combined it with the Star Ship Eternia becoming He-Man permanently. Grayskull, great king of Eternia, watches over his descendants and his castle in the form of an ageless spirit.<\/p>\n<p><em>Kuolemansa j\u00e4lkeen, Kuningas Grayskull s\u00e4il\u00f6i henkens\u00e4 Voimamiekkaan. T\u00e4st\u00e4 syyst\u00e4 h\u00e4n pystyi pysym\u00e4\u00e4n Grayskullin linnassa, neuvoen j\u00e4lkipolviaan ja toimien linnan vartijana yhdess\u00e4 Velhottaren kanssa. Se oli h\u00e4nen ideansa yhdist\u00e4\u00e4 Vanhimpien viisaus yhteen Universumin Voiman kanssa Voimakuulaan. T\u00e4m\u00e4 kuula sis\u00e4lsi uuden voiman, jossa yhdistyiv\u00e4t raaka voima ja viisaus k\u00e4ytt\u00e4\u00e4 taikaa. T\u00e4m\u00e4 uusi voima tuli tunnetuksi &#8221;Grayskullin Voimana&#8221;, saaden nimens\u00e4 hallinneelta kuninkaalta ja linnalta. Grayskull pysyi osana t\u00e4t\u00e4 voimaa senkin j\u00e4lkeen, kun Adam yhdisti sen T\u00e4htialus Eternian kanssa tullen pysyv\u00e4sti He-Maniksi. Grayskull, Eternian suuri kuningas, vahtii j\u00e4lkel\u00e4isi\u00e4\u00e4n ja linnaansa ajattoman hengen muodossa.<\/em><\/p>\n","protected":false},"excerpt":{"rendered":"<p>Tuotekoodi: CGP29 Spirit of Grayskull &#8211; Heroic Guardian of Power Oikea nimi: D\u2019vann Grayskull After his death, King Grayskull preserved his spirit inside the Sword of He. Through this act he was able to remain inside the walls of Castle &hellip; <a href=\"https:\/\/www.eurokolikonmaailma.fi\/?page_id=5807\">Lue loppuun <span class=\"meta-nav\">&rarr;<\/span><\/a><\/p>\n","protected":false},"author":1,"featured_media":0,"parent":3525,"menu_order":0,"comment_status":"closed","ping_status":"closed","template":"","meta":{"footnotes":""},"class_list":["post-5807","page","type-page","status-publish","hentry"],"_links":{"self":[{"href":"https:\/\/www.eurokolikonmaailma.fi\/index.php?rest_route=\/wp\/v2\/pages\/5807","targetHints":{"allow":["GET"]}}],"collection":[{"href":"https:\/\/www.eurokolikonmaailma.fi\/index.php?rest_route=\/wp\/v2\/pages"}],"about":[{"href":"https:\/\/www.eurokolikonmaailma.fi\/index.php?rest_route=\/wp\/v2\/types\/page"}],"author":[{"embeddable":true,"href":"https:\/\/www.eurokolikonmaailma.fi\/index.php?rest_route=\/wp\/v2\/users\/1"}],"replies":[{"embeddable":true,"href":"https:\/\/www.eurokolikonmaailma.fi\/index.php?rest_route=%2Fwp%2Fv2%2Fcomments&post=5807"}],"version-history":[{"count":1,"href":"https:\/\/www.eurokolikonmaailma.fi\/index.php?rest_route=\/wp\/v2\/pages\/5807\/revisions"}],"predecessor-version":[{"id":5808,"href":"https:\/\/www.eurokolikonmaailma.fi\/index.php?rest_route=\/wp\/v2\/pages\/5807\/revisions\/5808"}],"up":[{"embeddable":true,"href":"https:\/\/www.eurokolikonmaailma.fi\/index.php?rest_route=\/wp\/v2\/pages\/3525"}],"wp:attachment":[{"href":"https:\/\/www.eurokolikonmaailma.fi\/index.php?rest_route=%2Fwp%2Fv2%2Fmedia&parent=5807"}],"curies":[{"name":"wp","href":"https:\/\/api.w.org\/{rel}","templated":true}]}}