{"id":5802,"date":"2025-06-09T00:43:13","date_gmt":"2025-06-08T21:43:13","guid":{"rendered":"https:\/\/www.eurokolikonmaailma.fi\/?page_id=5802"},"modified":"2025-06-09T00:43:13","modified_gmt":"2025-06-08T21:43:13","slug":"perfuma","status":"publish","type":"page","link":"https:\/\/www.eurokolikonmaailma.fi\/?page_id=5802","title":{"rendered":"Perfuma"},"content":{"rendered":"<p><img loading=\"lazy\" decoding=\"async\" style=\"color: #000000; font-family: 'Times New Roman'; line-height: normal; font-size: medium; font-weight: bold; width: 123px; height: 47px;\" src=\"http:\/\/motu.eurokolikonmaailma.fi\/kuvat\/Perfuma\/motuc.1.jpg\" alt=\"\" width=\"580\" height=\"221\" \/><img decoding=\"async\" style=\"color: #000000; font-family: 'Times New Roman'; line-height: normal; font-size: medium; font-weight: bold; width: 96px; height: 47px;\" src=\"http:\/\/motu.eurokolikonmaailma.fi\/kuvat\/Perfuma\/POP_logo.jpg\" \/><img loading=\"lazy\" decoding=\"async\" style=\"color: #000000; font-family: 'Times New Roman'; line-height: normal; font-size: medium; font-weight: bold; width: 46px; height: 47px;\" src=\"http:\/\/motu.eurokolikonmaailma.fi\/kuvat\/Perfuma\/clubeternia_burst.gif\" alt=\"\" width=\"79\" height=\"80\" \/><br style=\"color: #000000; font-family: 'Times New Roman'; font-size: medium; font-weight: bold; line-height: normal;\" \/><span style=\"color: #000000; font-family: 'Times New Roman'; font-size: medium; line-height: normal;\">Tuotekoodi: CHF15<\/span><\/p>\n<h1>Perfuma<br \/>\n&#8211; Scent-Sational Flower Maiden<\/h1>\n<p><img loading=\"lazy\" decoding=\"async\" class=\"alignnone size-full\" src=\"http:\/\/motu.eurokolikonmaailma.fi\/kuvat\/Perfuma\/CHF15_004_600x600.jpg\" width=\"300\" height=\"300\" \/><img loading=\"lazy\" decoding=\"async\" class=\"alignnone size-full\" src=\"http:\/\/motu.eurokolikonmaailma.fi\/kuvat\/Perfuma\/CHF15_005_600x600.jpg\" width=\"300\" height=\"300\" \/><\/p>\n<p><strong>Oikea nimi:<\/strong> Tara<\/p>\n<p>Born on Etheria in an enchanted flower garden far, far away where sunflowers sang and daffodils danced, Tara was taught by the magical flowers to put people to sleep. She now uses this secret power to help She-Ra and the Great Rebellion. Whenever Catra and the evil Horde try to make mischief she opens her petals into a beautiful blossom. As soon as enemies get a whiff of her perfume, all they want to do is fall into a deep slumber. She later used her power on Eternia, traveling with She-Ra to join the heroic Masters of the Universe in the continuing battle against Hordak. With the power over everything that grows, Perfuma&#8217;s enemies come near and are put to sleep with her floral aroma. Even Hordak cannot stand the beautiful scents of Perfuma&#8217;s magic and had to beg She-Ra to take her away!<\/p>\n<p><em>Etherialla lumotussa puutarhassa hyvin kaukana, miss\u00e4 auringonkukat laulavat ja narsissit tanssivat, syntyneelle Taralle maagiset kukat opastivat kuinka nukuttaa ihmisi\u00e4. Nyt h\u00e4n k\u00e4ytt\u00e4\u00e4 t\u00e4t\u00e4 salaista voimaansa auttaakseen She-Raa ja Suurta Kapinaa. Kun Catra ja ilke\u00e4t Hordit yritt\u00e4v\u00e4t tehd\u00e4 tuhmuuksia, h\u00e4n avaa ter\u00e4lehtens\u00e4 kauniiksi kukinnoksi. Kun viholliset saavat pienenkin tuulahduksen h\u00e4nen tuoksustaan, he haluavat vaipua syv\u00e4\u00e4n uneen. H\u00e4n my\u00f6jemmin k\u00e4ytti voimaansa Eternialla, matkaten She-Ran kanssa liitty\u00e4kseen Universumin Mestareihin taistelussa Hordakia vastaan. H\u00e4n hallitsee kaikkea mik\u00e4 kasvaa. Kun Perfuman viholliset tulevat l\u00e4helle, h\u00e4nen kukkaistuoksunsa vaivuttaa heid\u00e4t uneen. Edes Hordak ei voi vastustaa Perfuman magian kaunista tuoksua ja h\u00e4nen t\u00e4ytyi anella She-Raa viem\u00e4\u00e4n h\u00e4net pois!<\/em><\/p>\n","protected":false},"excerpt":{"rendered":"<p>Tuotekoodi: CHF15 Perfuma &#8211; Scent-Sational Flower Maiden Oikea nimi: Tara Born on Etheria in an enchanted flower garden far, far away where sunflowers sang and daffodils danced, Tara was taught by the magical flowers to put people to sleep. She &hellip; <a href=\"https:\/\/www.eurokolikonmaailma.fi\/?page_id=5802\">Lue loppuun <span class=\"meta-nav\">&rarr;<\/span><\/a><\/p>\n","protected":false},"author":1,"featured_media":0,"parent":3525,"menu_order":0,"comment_status":"closed","ping_status":"closed","template":"","meta":{"footnotes":""},"class_list":["post-5802","page","type-page","status-publish","hentry"],"_links":{"self":[{"href":"https:\/\/www.eurokolikonmaailma.fi\/index.php?rest_route=\/wp\/v2\/pages\/5802","targetHints":{"allow":["GET"]}}],"collection":[{"href":"https:\/\/www.eurokolikonmaailma.fi\/index.php?rest_route=\/wp\/v2\/pages"}],"about":[{"href":"https:\/\/www.eurokolikonmaailma.fi\/index.php?rest_route=\/wp\/v2\/types\/page"}],"author":[{"embeddable":true,"href":"https:\/\/www.eurokolikonmaailma.fi\/index.php?rest_route=\/wp\/v2\/users\/1"}],"replies":[{"embeddable":true,"href":"https:\/\/www.eurokolikonmaailma.fi\/index.php?rest_route=%2Fwp%2Fv2%2Fcomments&post=5802"}],"version-history":[{"count":1,"href":"https:\/\/www.eurokolikonmaailma.fi\/index.php?rest_route=\/wp\/v2\/pages\/5802\/revisions"}],"predecessor-version":[{"id":5804,"href":"https:\/\/www.eurokolikonmaailma.fi\/index.php?rest_route=\/wp\/v2\/pages\/5802\/revisions\/5804"}],"up":[{"embeddable":true,"href":"https:\/\/www.eurokolikonmaailma.fi\/index.php?rest_route=\/wp\/v2\/pages\/3525"}],"wp:attachment":[{"href":"https:\/\/www.eurokolikonmaailma.fi\/index.php?rest_route=%2Fwp%2Fv2%2Fmedia&parent=5802"}],"curies":[{"name":"wp","href":"https:\/\/api.w.org\/{rel}","templated":true}]}}