{"id":5796,"date":"2025-06-09T00:01:03","date_gmt":"2025-06-08T21:01:03","guid":{"rendered":"https:\/\/www.eurokolikonmaailma.fi\/?page_id=5796"},"modified":"2025-06-09T00:01:49","modified_gmt":"2025-06-08T21:01:49","slug":"ninja-warrior","status":"publish","type":"page","link":"https:\/\/www.eurokolikonmaailma.fi\/?page_id=5796","title":{"rendered":"Ninja Warrior"},"content":{"rendered":"<p><img loading=\"lazy\" decoding=\"async\" style=\"color: #000000; font-family: 'Times New Roman'; line-height: normal; font-size: medium; font-weight: bold; width: 123px; height: 47px;\" src=\"http:\/\/motu.eurokolikonmaailma.fi\/kuvat\/Ninjor\/motuc.1.jpg\" alt=\"\" width=\"580\" height=\"221\" \/><img loading=\"lazy\" decoding=\"async\" style=\"color: #000000; font-family: 'Times New Roman'; line-height: normal; font-size: medium; font-weight: bold; width: 46px; height: 47px;\" src=\"http:\/\/motu.eurokolikonmaailma.fi\/kuvat\/Ninjor\/clubeternia_burst.gif\" alt=\"\" width=\"79\" height=\"80\" \/><br style=\"color: #000000; font-family: 'Times New Roman'; font-size: medium; font-weight: bold; line-height: normal;\" \/><span style=\"color: #000000; font-family: 'Times New Roman'; font-size: medium; line-height: normal;\">Tuotekoodi: CHF06<\/span><\/p>\n<h1>Ninja Warrior<br \/>\n&#8211; Evil Ninja Master<\/h1>\n<p><img loading=\"lazy\" decoding=\"async\" class=\"alignnone size-full\" src=\"http:\/\/motu.eurokolikonmaailma.fi\/kuvat\/Ninjor\/chf06_005_600x600.jpg\" width=\"300\" height=\"300\" \/><img loading=\"lazy\" decoding=\"async\" class=\"alignnone size-full\" src=\"http:\/\/motu.eurokolikonmaailma.fi\/kuvat\/Ninjor\/chf06_006_600x600.jpg\" width=\"300\" height=\"300\" \/><\/p>\n<p><strong>Oikea nimi:<\/strong> Ei tiedossa<\/p>\n<p>Armed with nunchucks, a longsword and longbow, this awful assassin was summoned from another world by a spell of light to serve Skeletor on Eternia. His mission is to eliminate all of the Heroic Warriors one by one until He-Man no longer has any help in defending Eternia. This Ninja Warrior, sometimes called \u201cNinjor\u201d by his foes, always moves with great speed, skill and silence. His true motivation however has been kept secret from all. Even while serving Skeletor, he reports back to his true master, Horde Prime, detailing Skeletor\u2019s weak points and how to exploit them. Ninjor appears out of nowhere to ambush Heroic Warriors!<\/p>\n<p><em>Nunchakuilla, miekalla ja jousella aseistautunut, t\u00e4m\u00e4 kauhea palkkamurhaaja kutsuttiin toisesta maailmasta valoloitsulla palvelemaan Skeletoria Eternialle. H\u00e4nen teht\u00e4v\u00e4ns\u00e4 on eliminoida kaikki Hyvyyden Taistelijat yksitellen kunnes He-Manilla ei ole en\u00e4\u00e4 apuk\u00e4si\u00e4 Eternian puolustamisessa. T\u00e4m\u00e4 Ninjasoturi, jota toisinaan h\u00e4nen vihollisensa kutsuvat Ninjoriksi, liikkuu aina mahtavalla nopeudella, taidolla ja hiljaisuudessa. H\u00e4nen todellinen motivaationsa on kuitenkin pidetty kaikilta salassa. Jopa h\u00e4nen palvellessaan Skeletoria, h\u00e4n raportoi todelliselle mestarilleen, Horde Primelle, kertoen Skeletorin heikot kohdat ja kuinka k\u00e4ytt\u00e4\u00e4 niit\u00e4 hyv\u00e4ksi. Ninjor ilmestyy tyhj\u00e4st\u00e4 v\u00e4ijytt\u00e4\u00e4kseen Hyvyyden Taistelijat!<\/em><\/p>\n","protected":false},"excerpt":{"rendered":"<p>Tuotekoodi: CHF06 Ninja Warrior &#8211; Evil Ninja Master Oikea nimi: Ei tiedossa Armed with nunchucks, a longsword and longbow, this awful assassin was summoned from another world by a spell of light to serve Skeletor on Eternia. His mission is &hellip; <a href=\"https:\/\/www.eurokolikonmaailma.fi\/?page_id=5796\">Lue loppuun <span class=\"meta-nav\">&rarr;<\/span><\/a><\/p>\n","protected":false},"author":1,"featured_media":0,"parent":3525,"menu_order":0,"comment_status":"closed","ping_status":"closed","template":"","meta":{"footnotes":""},"class_list":["post-5796","page","type-page","status-publish","hentry"],"_links":{"self":[{"href":"https:\/\/www.eurokolikonmaailma.fi\/index.php?rest_route=\/wp\/v2\/pages\/5796","targetHints":{"allow":["GET"]}}],"collection":[{"href":"https:\/\/www.eurokolikonmaailma.fi\/index.php?rest_route=\/wp\/v2\/pages"}],"about":[{"href":"https:\/\/www.eurokolikonmaailma.fi\/index.php?rest_route=\/wp\/v2\/types\/page"}],"author":[{"embeddable":true,"href":"https:\/\/www.eurokolikonmaailma.fi\/index.php?rest_route=\/wp\/v2\/users\/1"}],"replies":[{"embeddable":true,"href":"https:\/\/www.eurokolikonmaailma.fi\/index.php?rest_route=%2Fwp%2Fv2%2Fcomments&post=5796"}],"version-history":[{"count":1,"href":"https:\/\/www.eurokolikonmaailma.fi\/index.php?rest_route=\/wp\/v2\/pages\/5796\/revisions"}],"predecessor-version":[{"id":5797,"href":"https:\/\/www.eurokolikonmaailma.fi\/index.php?rest_route=\/wp\/v2\/pages\/5796\/revisions\/5797"}],"up":[{"embeddable":true,"href":"https:\/\/www.eurokolikonmaailma.fi\/index.php?rest_route=\/wp\/v2\/pages\/3525"}],"wp:attachment":[{"href":"https:\/\/www.eurokolikonmaailma.fi\/index.php?rest_route=%2Fwp%2Fv2%2Fmedia&parent=5796"}],"curies":[{"name":"wp","href":"https:\/\/api.w.org\/{rel}","templated":true}]}}