{"id":5789,"date":"2025-06-08T23:10:49","date_gmt":"2025-06-08T20:10:49","guid":{"rendered":"https:\/\/www.eurokolikonmaailma.fi\/?page_id=5789"},"modified":"2025-06-09T00:05:03","modified_gmt":"2025-06-08T21:05:03","slug":"loo-kee-kowl","status":"publish","type":"page","link":"https:\/\/www.eurokolikonmaailma.fi\/?page_id=5789","title":{"rendered":"Loo-Kee &#038; Kowl"},"content":{"rendered":"<p><img loading=\"lazy\" decoding=\"async\" style=\"color: #000000; font-family: 'Times New Roman'; line-height: normal; font-size: medium; font-weight: bold; width: 123px; height: 47px;\" src=\"http:\/\/motu.eurokolikonmaailma.fi\/kuvat\/Lookee_Kowl\/motuc.1.jpg\" alt=\"\" width=\"580\" height=\"221\" \/><img decoding=\"async\" style=\"color: #000000; font-family: 'Times New Roman'; line-height: normal; font-size: medium; font-weight: bold; width: 96px; height: 47px;\" src=\"http:\/\/motu.eurokolikonmaailma.fi\/kuvat\/Lookee_Kowl\/POP_logo.jpg\" \/><br style=\"color: #000000; font-family: 'Times New Roman'; font-size: medium; font-weight: bold; line-height: normal;\" \/><span style=\"color: #000000; font-family: 'Times New Roman'; font-size: medium; line-height: normal;\">Tuotekoodi: BHG43<\/span><\/p>\n<h1>Loo-Kee<br \/>\n&#8211; Hides and Sees All in Etheria<\/h1>\n<h1>Kowl<br \/>\n&#8211; The Know-It Owl<\/h1>\n<p><img loading=\"lazy\" decoding=\"async\" class=\"alignnone size-full\" src=\"http:\/\/motu.eurokolikonmaailma.fi\/kuvat\/Lookee_Kowl\/BHG43_003_600x600.jpg\" width=\"300\" height=\"300\" \/><img loading=\"lazy\" decoding=\"async\" class=\"alignnone size-full\" src=\"http:\/\/motu.eurokolikonmaailma.fi\/kuvat\/Lookee_Kowl\/BHG43_004_600x600.jpg\" width=\"300\" height=\"300\" \/><\/p>\n<p><strong>Oikea nimi:<\/strong> Petraut Edeltran<\/p>\n<p>Loo-Kee\u2122 is a humorous Etherian cherub imp from deep within Whispering Woods. He travels throughout Etheria and watches out for She-Ra\u00ae and her friends. He is always on the side of the forces of good yet never participates in an open conflict. His powers were bestowed by Light Hope\u2122 allowing him to hide out and alert his friends to danger. He enjoys telling stories with morals to ensure a tale\u2019s full value and clarity is understood by all. Watch out! You never know where he might be hiding!<\/p>\n<p><em>Loo-Kee on humoristinen etherialainen kerubi syv\u00e4lt\u00e4 Kuikaavasta Mets\u00e4st\u00e4. H\u00e4n kulkee halki Etherian ja katsoo She-Ran ja h\u00e4nen yst\u00e4viens\u00e4 per\u00e4\u00e4n. H\u00e4n on aina hyvyyden voimien puolella, muttei koskaan osallistu avoimesti konflikteihin. H\u00e4n sai voimansa, jotka mahdollistavat h\u00e4nen piiloutua ja varoittaa yst\u00e4vi\u00e4\u00e4n vaaroista, Ligth Hopelta. H\u00e4n rakastaa moraalitarinoiden kertomista, niin ett\u00e4 kaikki ymm\u00e4rt\u00e4v\u00e4t\u00a0 tarinoiden arvon. Katso! Et voi koskaan tiet\u00e4\u00e4, miss\u00e4h\u00e4n saattaa piileksi\u00e4!<\/em><\/p>\n<p><strong>Oikea nimi:<\/strong> Kowl<\/p>\n<p>Kowl\u2122, the know-it-all owl of Etheria is a great friend and ally to She-Ra\u00ae. He can answer all questions asked of him. After his tribe was attacked by Horde invaders, he allied with the Great Rebellion and is a particular close friend of the arrow-man Bow\u2122.<\/p>\n<p><em>Kowl, Etherian kaikkitiet\u00e4v\u00e4 p\u00f6ll\u00f6 on She-Ran suuri yst\u00e4v\u00e4 ja liittolainen. H\u00e4n pystyy vastaamaan kaikkiin h\u00e4nelt\u00e4 kysytt\u00e4viin kysymyksiin. Sen j\u00e4lkeen kun Hordivalloittajat hy\u00f6kk\u00e4siv\u00e4t h\u00e4nen heimoaan vastaan, h\u00e4n liittoutui Suuren Kapinan kanssa ja on jousimies Bown erityisen l\u00e4heinen yst\u00e4v\u00e4.\u00a0<\/em><\/p>\n","protected":false},"excerpt":{"rendered":"<p>Tuotekoodi: BHG43 Loo-Kee &#8211; Hides and Sees All in Etheria Kowl &#8211; The Know-It Owl Oikea nimi: Petraut Edeltran Loo-Kee\u2122 is a humorous Etherian cherub imp from deep within Whispering Woods. He travels throughout Etheria and watches out for She-Ra\u00ae &hellip; <a href=\"https:\/\/www.eurokolikonmaailma.fi\/?page_id=5789\">Lue loppuun <span class=\"meta-nav\">&rarr;<\/span><\/a><\/p>\n","protected":false},"author":1,"featured_media":0,"parent":3276,"menu_order":0,"comment_status":"closed","ping_status":"closed","template":"","meta":{"footnotes":""},"class_list":["post-5789","page","type-page","status-publish","hentry"],"_links":{"self":[{"href":"https:\/\/www.eurokolikonmaailma.fi\/index.php?rest_route=\/wp\/v2\/pages\/5789","targetHints":{"allow":["GET"]}}],"collection":[{"href":"https:\/\/www.eurokolikonmaailma.fi\/index.php?rest_route=\/wp\/v2\/pages"}],"about":[{"href":"https:\/\/www.eurokolikonmaailma.fi\/index.php?rest_route=\/wp\/v2\/types\/page"}],"author":[{"embeddable":true,"href":"https:\/\/www.eurokolikonmaailma.fi\/index.php?rest_route=\/wp\/v2\/users\/1"}],"replies":[{"embeddable":true,"href":"https:\/\/www.eurokolikonmaailma.fi\/index.php?rest_route=%2Fwp%2Fv2%2Fcomments&post=5789"}],"version-history":[{"count":2,"href":"https:\/\/www.eurokolikonmaailma.fi\/index.php?rest_route=\/wp\/v2\/pages\/5789\/revisions"}],"predecessor-version":[{"id":5799,"href":"https:\/\/www.eurokolikonmaailma.fi\/index.php?rest_route=\/wp\/v2\/pages\/5789\/revisions\/5799"}],"up":[{"embeddable":true,"href":"https:\/\/www.eurokolikonmaailma.fi\/index.php?rest_route=\/wp\/v2\/pages\/3276"}],"wp:attachment":[{"href":"https:\/\/www.eurokolikonmaailma.fi\/index.php?rest_route=%2Fwp%2Fv2%2Fmedia&parent=5789"}],"curies":[{"name":"wp","href":"https:\/\/api.w.org\/{rel}","templated":true}]}}