{"id":5775,"date":"2025-06-08T21:56:03","date_gmt":"2025-06-08T18:56:03","guid":{"rendered":"https:\/\/www.eurokolikonmaailma.fi\/?page_id=5775"},"modified":"2025-06-08T21:56:03","modified_gmt":"2025-06-08T18:56:03","slug":"mermista","status":"publish","type":"page","link":"https:\/\/www.eurokolikonmaailma.fi\/?page_id=5775","title":{"rendered":"Mermista"},"content":{"rendered":"<p><img loading=\"lazy\" decoding=\"async\" style=\"color: #000000; font-family: 'Times New Roman'; line-height: normal; font-size: medium; font-weight: bold; width: 123px; height: 47px;\" src=\"http:\/\/motu.eurokolikonmaailma.fi\/kuvat\/mermista\/motuc.1.jpg\" alt=\"\" width=\"580\" height=\"221\" \/><img decoding=\"async\" style=\"color: #000000; font-family: 'Times New Roman'; line-height: normal; font-size: medium; font-weight: bold; width: 96px; height: 47px;\" src=\"http:\/\/motu.eurokolikonmaailma.fi\/kuvat\/mermista\/POP_logo.jpg\" \/><img loading=\"lazy\" decoding=\"async\" style=\"color: #000000; font-family: 'Times New Roman'; line-height: normal; font-size: medium; font-weight: bold; width: 46px; height: 47px;\" src=\"http:\/\/motu.eurokolikonmaailma.fi\/kuvat\/mermista\/clubeternia_burst.gif\" alt=\"\" width=\"79\" height=\"80\" \/><br style=\"color: #000000; font-family: 'Times New Roman'; font-size: medium; font-weight: bold; line-height: normal;\" \/><span style=\"color: #000000; font-family: 'Times New Roman'; font-size: medium; line-height: normal;\">Tuotekoodi: BHG38<\/span><\/p>\n<h1>Mermista<br \/>\n&#8211; Mermaid Friend of She-Ra<\/h1>\n<p><img loading=\"lazy\" decoding=\"async\" class=\"alignnone size-full\" src=\"http:\/\/motu.eurokolikonmaailma.fi\/kuvat\/mermista\/BHG38_006_600x600.jpg\" width=\"300\" height=\"300\" \/><img loading=\"lazy\" decoding=\"async\" class=\"alignnone size-full\" src=\"http:\/\/motu.eurokolikonmaailma.fi\/kuvat\/mermista\/BHG38_007_600x600.jpg\" width=\"300\" height=\"300\" \/><\/p>\n<p><strong>Oikea nimi:<\/strong> Elaysia<\/p>\n<p>Water maiden of Etheria, Mermista loves to spend time on both land and sea but makes her home in the hidden Crystal Falls. She has the power over water and all creatures of the sea. From thunderous crashing waves to gentle life-giving streams, are all within her power. She also has the power to spray magical waters at her foes. Equally happy to frolic beneath the pale blue sky or swim the depths of the deep blue sea, she is happiest when she visits She-Ra and her friends. When the Horde threatens to spoil the fun, Mermista mist-i-fies her foes with her magic spraying necklace. During the Second Ultimate Battleground she was confronted by the evil Mer-Man of Eternia and was forced to behead him with his own trident to protect her life. Mermista prefers peace, but when evil arises, this warrior maiden of the sea will fight to protect her friends.<\/p>\n<p><em>Vedenneito Etheriasta, Mermista rakastaa viett\u00e4\u00e4 aikaa sek\u00e4 maalla ett\u00e4 meress\u00e4, mutta asustaa kotonaan piilossa Kristalliputouksilla. H\u00e4nell\u00e4 on kyky hallita vett\u00e4 ja kaikkia meren sen asukkeja. Kaikki pauhaavista aalloista lempeisiin el\u00e4m\u00e4\u00e4 antaviin puroihin, kaikki on h\u00e4nen hallinnassaan. H\u00e4nell\u00e4 on my\u00f6s kyky ruiskuttaa maagista vett\u00e4 vihollistensa p\u00e4\u00e4lle. Yht\u00e4lailla onnellinen k\u00e4yskennelless\u00e4\u00e4n sinisen taivaan alla taikka uidessaan sinisen meren syvyyksiss\u00e4, h\u00e4n on onnellisin vieraillessaan She-Ran ja h\u00e4nen yst\u00e4viens\u00e4 luona. Kun Hordit ushkaavat pilata hauskuuden, Mermista sumuttaa vihollisiaan maagisell\u00e4 vesikaulakorulla. Toisen Ultimaalisen Taistelukent\u00e4n aikana h\u00e4n kohtasi ilke\u00e4n Mer-Manin Eternialta ja oli pakotettu katkaisem\u00e4\u00e4n h\u00e4nen kaulansa h\u00e4nen omalla kolmik\u00e4rjell\u00e4 puolustaakseen omaa henke\u00e4\u00e4n. Mermista on rauhaarakastava, mutta kun pahuus nousee esiin, t\u00e4m\u00e4 meren soturineito taistelee suojellakseen yst\u00e4vi\u00e4\u00e4n.<\/em><\/p>\n","protected":false},"excerpt":{"rendered":"<p>Tuotekoodi: BHG38 Mermista &#8211; Mermaid Friend of She-Ra Oikea nimi: Elaysia Water maiden of Etheria, Mermista loves to spend time on both land and sea but makes her home in the hidden Crystal Falls. She has the power over water &hellip; <a href=\"https:\/\/www.eurokolikonmaailma.fi\/?page_id=5775\">Lue loppuun <span class=\"meta-nav\">&rarr;<\/span><\/a><\/p>\n","protected":false},"author":1,"featured_media":0,"parent":3276,"menu_order":0,"comment_status":"closed","ping_status":"closed","template":"","meta":{"footnotes":""},"class_list":["post-5775","page","type-page","status-publish","hentry"],"_links":{"self":[{"href":"https:\/\/www.eurokolikonmaailma.fi\/index.php?rest_route=\/wp\/v2\/pages\/5775","targetHints":{"allow":["GET"]}}],"collection":[{"href":"https:\/\/www.eurokolikonmaailma.fi\/index.php?rest_route=\/wp\/v2\/pages"}],"about":[{"href":"https:\/\/www.eurokolikonmaailma.fi\/index.php?rest_route=\/wp\/v2\/types\/page"}],"author":[{"embeddable":true,"href":"https:\/\/www.eurokolikonmaailma.fi\/index.php?rest_route=\/wp\/v2\/users\/1"}],"replies":[{"embeddable":true,"href":"https:\/\/www.eurokolikonmaailma.fi\/index.php?rest_route=%2Fwp%2Fv2%2Fcomments&post=5775"}],"version-history":[{"count":1,"href":"https:\/\/www.eurokolikonmaailma.fi\/index.php?rest_route=\/wp\/v2\/pages\/5775\/revisions"}],"predecessor-version":[{"id":5776,"href":"https:\/\/www.eurokolikonmaailma.fi\/index.php?rest_route=\/wp\/v2\/pages\/5775\/revisions\/5776"}],"up":[{"embeddable":true,"href":"https:\/\/www.eurokolikonmaailma.fi\/index.php?rest_route=\/wp\/v2\/pages\/3276"}],"wp:attachment":[{"href":"https:\/\/www.eurokolikonmaailma.fi\/index.php?rest_route=%2Fwp%2Fv2%2Fmedia&parent=5775"}],"curies":[{"name":"wp","href":"https:\/\/api.w.org\/{rel}","templated":true}]}}