{"id":5773,"date":"2025-06-08T21:30:53","date_gmt":"2025-06-08T18:30:53","guid":{"rendered":"https:\/\/www.eurokolikonmaailma.fi\/?page_id=5773"},"modified":"2025-06-08T21:30:53","modified_gmt":"2025-06-08T18:30:53","slug":"rio-blast","status":"publish","type":"page","link":"https:\/\/www.eurokolikonmaailma.fi\/?page_id=5773","title":{"rendered":"Rio Blast"},"content":{"rendered":"<p><img loading=\"lazy\" decoding=\"async\" style=\"color: #000000; font-family: 'Times New Roman'; line-height: normal; font-size: medium; font-weight: bold; width: 123px; height: 47px;\" src=\"http:\/\/motu.eurokolikonmaailma.fi\/kuvat\/RioBlast\/motuc.1.jpg\" alt=\"\" width=\"580\" height=\"221\" \/><img loading=\"lazy\" decoding=\"async\" style=\"color: #000000; font-family: 'Times New Roman'; line-height: normal; font-size: medium; font-weight: bold; width: 46px; height: 47px;\" src=\"http:\/\/motu.eurokolikonmaailma.fi\/kuvat\/RioBlast\/clubeternia_burst.gif\" alt=\"\" width=\"79\" height=\"80\" \/><br style=\"color: #000000; font-family: 'Times New Roman'; font-size: medium; font-weight: bold; line-height: normal;\" \/><span style=\"color: #000000; font-family: 'Times New Roman'; font-size: medium; line-height: normal;\">Tuotekoodi: BHG35<\/span><\/p>\n<h1>Rio Blast<br \/>\n&#8211; Heroic Transforming Gunslinger<\/h1>\n<p><img loading=\"lazy\" decoding=\"async\" class=\"alignnone size-full\" src=\"http:\/\/motu.eurokolikonmaailma.fi\/kuvat\/RioBlast\/bhg35_004_600x600.jpg\" width=\"300\" height=\"300\" \/><img loading=\"lazy\" decoding=\"async\" class=\"alignnone size-full\" src=\"http:\/\/motu.eurokolikonmaailma.fi\/kuvat\/RioBlast\/bhg35_005_600x600.jpg\" width=\"300\" height=\"300\" \/><\/p>\n<p><strong>Oikea nimi:<\/strong> Riolus Blast<\/p>\n<p>With the ability to transform from a normal warrior into an awesome arsenal of fire power, Rio Blast is in all ways the fastest draw in the universe. As the sole survivor of a group of heroic explorers from Loredos in a starband near Eternia, Rio ended up as the \u201claw\u201d in that lost frontier. Flung by a meteorb to the surface of Eternia, Rio allied himself with the renegade Masters of the Universe in their battle against evil. Rio Blast is nagged by the fact that he has left behind an untamed starband and he often champs at the bit to get back. He-Man promised to aid Rio Blast back home as soon as the warriors of Skeletor have been defeated once and for all. Rio Blast transforms into a one-man arsenal to get the drop on enemies!<\/p>\n<p><em>Pystyen muuntautumaan normaalista soturista mahtavaksi asearsenaaliksi, Rio Blast on kaikin tavoin maailmankaikkuden nopein aseen vet\u00e4j\u00e4. Viimeisen\u00e4 selviytyj\u00e4n\u00e4 joukosta sankarillisia tutkimusmatkailijoita Loredokselta, Eternian l\u00e4heisest\u00e4 t\u00e4htivy\u00f6st\u00e4, Rio p\u00e4\u00e4tyi sinne lain kouraksi. Meteorbin Eternian kamaralle t\u00f6yt\u00e4isem\u00e4n\u00e4, Rio yhtyi kapinallisten Universumin mestareiden kanssa heid\u00e4n taistelussaan pahuutta vastaan. Rio Blastia sy\u00f6 se seikka, ett\u00e4 h\u00e4n j\u00e4tti taakseen\u00a0 villin t\u00e4htivy\u00f6n. He-Man lupasi auttaa Rio Blastia palaamaan kotiin, heti kun Skeletorin joukot on lopullisesti voitettu. Rio Blast muuntautuu yhden miehen asearsenaaliksi p\u00e4\u00e4st\u00e4kseen niskan p\u00e4\u00e4lle vihollisistaan!<\/em><\/p>\n","protected":false},"excerpt":{"rendered":"<p>Tuotekoodi: BHG35 Rio Blast &#8211; Heroic Transforming Gunslinger Oikea nimi: Riolus Blast With the ability to transform from a normal warrior into an awesome arsenal of fire power, Rio Blast is in all ways the fastest draw in the universe. &hellip; <a href=\"https:\/\/www.eurokolikonmaailma.fi\/?page_id=5773\">Lue loppuun <span class=\"meta-nav\">&rarr;<\/span><\/a><\/p>\n","protected":false},"author":1,"featured_media":0,"parent":3276,"menu_order":0,"comment_status":"closed","ping_status":"closed","template":"","meta":{"footnotes":""},"class_list":["post-5773","page","type-page","status-publish","hentry"],"_links":{"self":[{"href":"https:\/\/www.eurokolikonmaailma.fi\/index.php?rest_route=\/wp\/v2\/pages\/5773","targetHints":{"allow":["GET"]}}],"collection":[{"href":"https:\/\/www.eurokolikonmaailma.fi\/index.php?rest_route=\/wp\/v2\/pages"}],"about":[{"href":"https:\/\/www.eurokolikonmaailma.fi\/index.php?rest_route=\/wp\/v2\/types\/page"}],"author":[{"embeddable":true,"href":"https:\/\/www.eurokolikonmaailma.fi\/index.php?rest_route=\/wp\/v2\/users\/1"}],"replies":[{"embeddable":true,"href":"https:\/\/www.eurokolikonmaailma.fi\/index.php?rest_route=%2Fwp%2Fv2%2Fcomments&post=5773"}],"version-history":[{"count":1,"href":"https:\/\/www.eurokolikonmaailma.fi\/index.php?rest_route=\/wp\/v2\/pages\/5773\/revisions"}],"predecessor-version":[{"id":5774,"href":"https:\/\/www.eurokolikonmaailma.fi\/index.php?rest_route=\/wp\/v2\/pages\/5773\/revisions\/5774"}],"up":[{"embeddable":true,"href":"https:\/\/www.eurokolikonmaailma.fi\/index.php?rest_route=\/wp\/v2\/pages\/3276"}],"wp:attachment":[{"href":"https:\/\/www.eurokolikonmaailma.fi\/index.php?rest_route=%2Fwp%2Fv2%2Fmedia&parent=5773"}],"curies":[{"name":"wp","href":"https:\/\/api.w.org\/{rel}","templated":true}]}}