{"id":5771,"date":"2025-06-08T21:12:53","date_gmt":"2025-06-08T18:12:53","guid":{"rendered":"https:\/\/www.eurokolikonmaailma.fi\/?page_id=5771"},"modified":"2025-06-08T21:31:01","modified_gmt":"2025-06-08T18:31:01","slug":"flutterina","status":"publish","type":"page","link":"https:\/\/www.eurokolikonmaailma.fi\/?page_id=5771","title":{"rendered":"Flutterina"},"content":{"rendered":"<p><img loading=\"lazy\" decoding=\"async\" style=\"color: #000000; font-family: 'Times New Roman'; line-height: normal; font-size: medium; font-weight: bold; width: 123px; height: 47px;\" src=\"http:\/\/motu.eurokolikonmaailma.fi\/kuvat\/Flutterina\/motuc.1.jpg\" alt=\"\" width=\"580\" height=\"221\" \/><img decoding=\"async\" style=\"color: #000000; font-family: 'Times New Roman'; line-height: normal; font-size: medium; font-weight: bold; width: 96px; height: 47px;\" src=\"http:\/\/motu.eurokolikonmaailma.fi\/kuvat\/Flutterina\/POP_logo.jpg\" \/><img loading=\"lazy\" decoding=\"async\" style=\"color: #000000; font-family: 'Times New Roman'; line-height: normal; font-size: medium; font-weight: bold; width: 46px; height: 47px;\" src=\"http:\/\/motu.eurokolikonmaailma.fi\/kuvat\/Flutterina\/clubeternia_burst.gif\" alt=\"\" width=\"79\" height=\"80\" \/><br style=\"color: #000000; font-family: 'Times New Roman'; font-size: medium; font-weight: bold; line-height: normal;\" \/><span style=\"color: #000000; font-family: 'Times New Roman'; font-size: medium; line-height: normal;\">Tuotekoodi: BHG34<\/span><\/p>\n<h1>Flutterina<br \/>\n&#8211; Beautiful \u201cFlying\u201d Lookout<\/h1>\n<p><img loading=\"lazy\" decoding=\"async\" class=\"alignnone size-full\" src=\"http:\/\/motu.eurokolikonmaailma.fi\/kuvat\/Flutterina\/bhg34_003_600x600.jpg\" width=\"300\" height=\"300\" \/><img loading=\"lazy\" decoding=\"async\" class=\"alignnone size-full\" src=\"http:\/\/motu.eurokolikonmaailma.fi\/kuvat\/Flutterina\/bhg34_004_600x600.jpg\" width=\"300\" height=\"300\" \/><\/p>\n<p><strong>Oikea nimi:<\/strong> Abby De\u2019note<\/p>\n<p>After the Horde invaded her home planet and overthrew most of the local monarchs, Flutterina was driven underground and joined with the Great Rebellion. As a member of the Beautifly Council, she was magically gifted with fairy wings giving her the ability to fly unnoticed around most foes. This skill makes her an ideal spy and reconnaissance officer. After the Horde located a Laser Gate back to Eternia, she agreed to follow along with She-Ra and several other warriors in pursuit. Flutterina eventually fell in love with Randor\u2019s new Man-At-Arms and opted to stay with him on Eternia after the Second Ultimate Battleground. Flutterina uses her powers of flight to chase off those who make mischief for her friends!<\/p>\n<p><em>Kun Hordit olivat vallanneet h\u00e4nen kotiplaneettansa ja sy\u00f6sseet vallasta suurimman osan paikallisista kuninkaallisista, Flutterina pakeni maan alle ja ly\u00f6tt\u00e4ytyi yhteen Suuren Kapinan kanssa. Beuatifly Neuvoston j\u00e4senen\u00e4, h\u00e4nelle oli maagisesti lahjoitettu keijusiivet, jotka antoivat h\u00e4nelle kyvyn lent\u00e4\u00e4 huomaamattomana useimmilta vihollisilta. T\u00e4m\u00e4 kyky tekee h\u00e4nest\u00e4 t\u00e4ydellisen vakoojan ja tiedustelu-upseerin. Kun Hordit paikallistivat Laserportin takaisin Eternialle, h\u00e4n lupautui auttamaan She-Raa ja monia muita sotureja ajojahdissa. Loppujen lopuksi Flutterina rakastui Randorin uuteen Asemieheen ja p\u00e4\u00e4tti j\u00e4\u00e4d\u00e4 h\u00e4nen luokseen Eternialle Toisen Ultimaalisen Taistelukent\u00e4n -taistelun j\u00e4lkeen. Flutterina k\u00e4ytt\u00e4\u00e4 lentovoimiaan jahdatakseen niit\u00e4, jotka kiusaavat h\u00e4nen yst\u00e4vi\u00e4\u00e4n!\u00a0<\/em><\/p>\n","protected":false},"excerpt":{"rendered":"<p>Tuotekoodi: BHG34 Flutterina &#8211; Beautiful \u201cFlying\u201d Lookout Oikea nimi: Abby De\u2019note After the Horde invaded her home planet and overthrew most of the local monarchs, Flutterina was driven underground and joined with the Great Rebellion. As a member of the &hellip; <a href=\"https:\/\/www.eurokolikonmaailma.fi\/?page_id=5771\">Lue loppuun <span class=\"meta-nav\">&rarr;<\/span><\/a><\/p>\n","protected":false},"author":1,"featured_media":0,"parent":3276,"menu_order":0,"comment_status":"closed","ping_status":"closed","template":"","meta":{"footnotes":""},"class_list":["post-5771","page","type-page","status-publish","hentry"],"_links":{"self":[{"href":"https:\/\/www.eurokolikonmaailma.fi\/index.php?rest_route=\/wp\/v2\/pages\/5771","targetHints":{"allow":["GET"]}}],"collection":[{"href":"https:\/\/www.eurokolikonmaailma.fi\/index.php?rest_route=\/wp\/v2\/pages"}],"about":[{"href":"https:\/\/www.eurokolikonmaailma.fi\/index.php?rest_route=\/wp\/v2\/types\/page"}],"author":[{"embeddable":true,"href":"https:\/\/www.eurokolikonmaailma.fi\/index.php?rest_route=\/wp\/v2\/users\/1"}],"replies":[{"embeddable":true,"href":"https:\/\/www.eurokolikonmaailma.fi\/index.php?rest_route=%2Fwp%2Fv2%2Fcomments&post=5771"}],"version-history":[{"count":1,"href":"https:\/\/www.eurokolikonmaailma.fi\/index.php?rest_route=\/wp\/v2\/pages\/5771\/revisions"}],"predecessor-version":[{"id":5772,"href":"https:\/\/www.eurokolikonmaailma.fi\/index.php?rest_route=\/wp\/v2\/pages\/5771\/revisions\/5772"}],"up":[{"embeddable":true,"href":"https:\/\/www.eurokolikonmaailma.fi\/index.php?rest_route=\/wp\/v2\/pages\/3276"}],"wp:attachment":[{"href":"https:\/\/www.eurokolikonmaailma.fi\/index.php?rest_route=%2Fwp%2Fv2%2Fmedia&parent=5771"}],"curies":[{"name":"wp","href":"https:\/\/api.w.org\/{rel}","templated":true}]}}