{"id":5763,"date":"2025-06-01T22:11:15","date_gmt":"2025-06-01T19:11:15","guid":{"rendered":"https:\/\/www.eurokolikonmaailma.fi\/?page_id=5763"},"modified":"2025-06-09T00:10:19","modified_gmt":"2025-06-08T21:10:19","slug":"light-hope","status":"publish","type":"page","link":"https:\/\/www.eurokolikonmaailma.fi\/?page_id=5763","title":{"rendered":"Light Hope"},"content":{"rendered":"<p><img loading=\"lazy\" decoding=\"async\" style=\"color: #000000; font-family: 'Times New Roman'; line-height: normal; font-size: medium; font-weight: bold; width: 123px; height: 47px;\" src=\"http:\/\/motu.eurokolikonmaailma.fi\/kuvat\/LightHope\/motuc.1.jpg\" alt=\"\" width=\"580\" height=\"221\" \/><img decoding=\"async\" style=\"color: #000000; font-family: 'Times New Roman'; line-height: normal; font-size: medium; font-weight: bold; width: 96px; height: 47px;\" src=\"http:\/\/motu.eurokolikonmaailma.fi\/kuvat\/LightHope\/POP_logo.jpg\" \/><img loading=\"lazy\" decoding=\"async\" style=\"color: #000000; font-family: 'Times New Roman'; line-height: normal; font-size: medium; font-weight: bold; width: 47px; height: 47px;\" src=\"http:\/\/motu.eurokolikonmaailma.fi\/kuvat\/LightHope\/clubetheria_logo.jpg\" alt=\"\" width=\"79\" height=\"80\" \/><br style=\"color: #000000; font-family: 'Times New Roman'; font-size: medium; font-weight: bold; line-height: normal;\" \/><span style=\"color: #000000; font-family: 'Times New Roman'; font-size: medium; line-height: normal;\">Tuotekoodi: BHG41<\/span><\/p>\n<h1>Light Hope<br \/>\n&#8211; Magical Protector of the Crystal Castle<\/h1>\n<p><img loading=\"lazy\" decoding=\"async\" class=\"alignnone size-full\" src=\"https:\/\/motu.eurokolikonmaailma.fi\/kuvat\/LightHope\/lighthope_card_front.jpg\" width=\"213\" height=\"300\" \/><img loading=\"lazy\" decoding=\"async\" class=\"alignnone size-full\" src=\"https:\/\/motu.eurokolikonmaailma.fi\/kuvat\/LightHope\/lighthope_card_back.jpg\" width=\"222\" height=\"300\" \/><\/p>\n<p>Club Etheria 2014 subscription exclusive -hahmo. Itsell\u00e4ni ei ollut varaa tilaukseen, vaan oma figuuri on per\u00e4isin Mattycollectorin loppuun myynnist\u00e4 (2016).<\/p>\n<p><strong>Oikea nimi:<\/strong> Lord Ry&#8217;Gus Hope<\/p>\n<p>In return for giving up his form, Lord Hope was blessed with great power by the Overlords of Trolla. He was tasked to bring relief to those trapped in the dark dimension of Despondos. Settling on the small planet of Etheria, he became known as Light Hope and turned the planet into a garden of good in an otherwise evil reality. Light Hope built a great fortress known as the Crystal Castle, offering it as a symbol to protect the magic of Etheria from the growing forces of Evil. It was also Light Hope who prophesied that one day the Sword of He would be wielded by the Twin Warriors of Destiny and they in turn would end the tyranny of the Horde Empire. To ensure this came to pass, the Overlords declared that the sword would be cloned so that each Twin could harness the Power equally. Light Hope infused the cloned sword with the Stone of Protection, becoming the sword\u2019s guardian and safeguarding the secrets of its wielder \u2013 She Ra, the Princess of Power!<\/p>\n<p><em>Vastineeksi fyysisest\u00e4 hahmostaan luopumisesta, Trollan Ylilordit siunasivat Lordi Hopea\u00a0 valtavalla mahdilla. H\u00e4n sai teht\u00e4v\u00e4kseen tuoda helpotusta siille, jotka ovat ansassa Despondosin pime\u00e4ss\u00e4 ulottuvuudessa. Asettuen pienelle Etheria-planeetalle, h\u00e4net tunnettiin\u00a0 nimell\u00e4 Light Hope ja h\u00e4n muutti planeetan hyvyyden puutarhaksi muutoin pahassa todellisuudessa. Light Hope rakensi mahtavan linnoituksen, joka tunnettiin nimelll\u00e4 Crystal Castle, tarjoten sen Etherian magiaa pahuudelta suojelevaksi symboliksi. Se oli my\u00f6s Light Hope, joka ennusti, ett\u00e4 er\u00e4\u00e4n\u00e4 p\u00e4iv\u00e4n\u00e4 Voimamiekkaa k\u00e4ytt\u00e4\u00e4 Kohtalon Kaksos-soturit ja he p\u00e4\u00e4tt\u00e4isiv\u00e4t Hordi-Imperiumin tyrannian. Varmistaakseen, ett\u00e4 n\u00e4in tapahtuu, Ylilordit julisyivat, ett\u00e4 miekka kloonattaisiin, jottta molemmat kaksosista voisivat k\u00e4ytt\u00e4\u00e4 Voimaa tasapuolisesti. Light Hope lis\u00e4si kloonattuun miekkaan Suojeluksen Kiven, ryhtyen miekan vartijaksi ja suojellaakseen miekan k\u00e4ytt\u00e4j\u00e4n &#8211; She-Ran , Mahdin Prinsessan,\u00a0 salaisuuksia!<\/em><\/p>\n","protected":false},"excerpt":{"rendered":"<p>Tuotekoodi: BHG41 Light Hope &#8211; Magical Protector of the Crystal Castle Club Etheria 2014 subscription exclusive -hahmo. Itsell\u00e4ni ei ollut varaa tilaukseen, vaan oma figuuri on per\u00e4isin Mattycollectorin loppuun myynnist\u00e4 (2016). Oikea nimi: Lord Ry&#8217;Gus Hope In return for giving &hellip; <a href=\"https:\/\/www.eurokolikonmaailma.fi\/?page_id=5763\">Lue loppuun <span class=\"meta-nav\">&rarr;<\/span><\/a><\/p>\n","protected":false},"author":1,"featured_media":0,"parent":3276,"menu_order":0,"comment_status":"closed","ping_status":"closed","template":"","meta":{"footnotes":""},"class_list":["post-5763","page","type-page","status-publish","hentry"],"_links":{"self":[{"href":"https:\/\/www.eurokolikonmaailma.fi\/index.php?rest_route=\/wp\/v2\/pages\/5763","targetHints":{"allow":["GET"]}}],"collection":[{"href":"https:\/\/www.eurokolikonmaailma.fi\/index.php?rest_route=\/wp\/v2\/pages"}],"about":[{"href":"https:\/\/www.eurokolikonmaailma.fi\/index.php?rest_route=\/wp\/v2\/types\/page"}],"author":[{"embeddable":true,"href":"https:\/\/www.eurokolikonmaailma.fi\/index.php?rest_route=\/wp\/v2\/users\/1"}],"replies":[{"embeddable":true,"href":"https:\/\/www.eurokolikonmaailma.fi\/index.php?rest_route=%2Fwp%2Fv2%2Fcomments&post=5763"}],"version-history":[{"count":4,"href":"https:\/\/www.eurokolikonmaailma.fi\/index.php?rest_route=\/wp\/v2\/pages\/5763\/revisions"}],"predecessor-version":[{"id":5800,"href":"https:\/\/www.eurokolikonmaailma.fi\/index.php?rest_route=\/wp\/v2\/pages\/5763\/revisions\/5800"}],"up":[{"embeddable":true,"href":"https:\/\/www.eurokolikonmaailma.fi\/index.php?rest_route=\/wp\/v2\/pages\/3276"}],"wp:attachment":[{"href":"https:\/\/www.eurokolikonmaailma.fi\/index.php?rest_route=%2Fwp%2Fv2%2Fmedia&parent=5763"}],"curies":[{"name":"wp","href":"https:\/\/api.w.org\/{rel}","templated":true}]}}