{"id":5760,"date":"2025-05-30T22:35:38","date_gmt":"2025-05-30T19:35:38","guid":{"rendered":"https:\/\/www.eurokolikonmaailma.fi\/?page_id=5760"},"modified":"2025-05-30T22:35:38","modified_gmt":"2025-05-30T19:35:38","slug":"brakk-flogg","status":"publish","type":"page","link":"https:\/\/www.eurokolikonmaailma.fi\/?page_id=5760","title":{"rendered":"Brakk\/Flogg"},"content":{"rendered":"<p><img loading=\"lazy\" decoding=\"async\" style=\"color: #000000; font-family: 'Times New Roman'; line-height: normal; font-size: medium; font-weight: bold; width: 123px; height: 47px;\" src=\"http:\/\/motu.eurokolikonmaailma.fi\/kuvat\/Brakk\/motuc.1.jpg\" alt=\"\" width=\"580\" height=\"221\" \/><img loading=\"lazy\" decoding=\"async\" style=\"color: #000000; font-family: 'Times New Roman'; line-height: normal; font-size: medium; font-weight: bold; width: 65px; height: 47px;\" src=\"http:\/\/motu.eurokolikonmaailma.fi\/kuvat\/Brakk\/space_mutants.jpg\" alt=\"\" width=\"79\" height=\"80\" \/><img loading=\"lazy\" decoding=\"async\" style=\"color: #000000; font-family: 'Times New Roman'; line-height: normal; font-size: medium; font-weight: bold; width: 46px; height: 47px;\" src=\"http:\/\/motu.eurokolikonmaailma.fi\/kuvat\/Brakk\/clubeternia_burst.gif\" alt=\"\" width=\"79\" height=\"80\" \/><br style=\"color: #000000; font-family: 'Times New Roman'; font-size: medium; font-weight: bold; line-height: normal;\" \/><span style=\"color: #000000; font-family: 'Times New Roman'; font-size: medium; line-height: normal;\">Tuotekoodi: BHG33<\/span><\/p>\n<h1>Flogg<br \/>\n&#8211; Evil Leader of the Space Mutants<\/h1>\n<p><img loading=\"lazy\" decoding=\"async\" class=\"alignnone size-full\" src=\"http:\/\/motu.eurokolikonmaailma.fi\/kuvat\/Brakk\/bhg33_003_600x600.jpg\" width=\"300\" height=\"300\" \/><img loading=\"lazy\" decoding=\"async\" class=\"alignnone size-full\" src=\"http:\/\/motu.eurokolikonmaailma.fi\/kuvat\/Brakk\/bhg33_004_600x600.jpg\" width=\"300\" height=\"300\" \/><\/p>\n<p><strong>Oikea nimi:<\/strong> Brakk<\/p>\n<p>Before Skeletor\u00ae passed though the Laser Gate and arrived in the Tri-Solar System, Flogg\u2122 the Terrible was the commander of the Horde\u2019s Denebrian Space Mutant goon squad. Directing operations either from his secret hideout in a Gorn Crater or from his camp city of Diobo in the Regula region of Denebria, Flogg\u2122 launched raiding parties on the neighboring planet of Primus in the name of his Horde commanders. A vain and boastful bully, Flogg\u2019s favorite weapon is his laser whip which he calls The Sidewinder. Flogg\u2122 has a nasty temper and agreed to join Skeletor\u00ae as his humbled second in command in a secret bid to one day betray him and use Skeletor\u2019s power to take command of the Horde Empire for his own!<\/p>\n<p><em>Ennen kuin Skeletor saapui Laserportin kautta Kolmen Auringon J\u00e4rjestelm\u00e4\u00e4n, Flogg Hirve\u00e4 komensi Hordien Denebrian Avaruusmutantteja. Ohjaten operaatioita, joko salaisesta piilostaan Gornin Kraaterissa tai Diobon kaupungista, joka sijaitsi Denebrian Regulan alueella. Flogg l\u00e4hetti hy\u00f6kk\u00e4ysjoukkoja naapuriplaneetta Primukselle Hordikomentajiensa nimiss\u00e4. Turhamainen ja ylpeilev\u00e4 riitapukari, Floggin suosikkiase on h\u00e4nen laser-ruoskansa, jota h\u00e4n kutsuu Sidewinderiksi. Floggilla on lyhyt pinna ja h\u00e4n suostui Skeletorin kakkosmieheksi aikeenaan joku p\u00e4iv\u00e4 pett\u00e4\u00e4 h\u00e4net ja k\u00e4ytt\u00e4\u00e4 Skeletorin mahtia kaapatakseen Hordi Imperiumin vallan itselleen!<\/em><\/p>\n","protected":false},"excerpt":{"rendered":"<p>Tuotekoodi: BHG33 Flogg &#8211; Evil Leader of the Space Mutants Oikea nimi: Brakk Before Skeletor\u00ae passed though the Laser Gate and arrived in the Tri-Solar System, Flogg\u2122 the Terrible was the commander of the Horde\u2019s Denebrian Space Mutant goon squad. &hellip; <a href=\"https:\/\/www.eurokolikonmaailma.fi\/?page_id=5760\">Lue loppuun <span class=\"meta-nav\">&rarr;<\/span><\/a><\/p>\n","protected":false},"author":1,"featured_media":0,"parent":3276,"menu_order":0,"comment_status":"closed","ping_status":"closed","template":"","meta":{"footnotes":""},"class_list":["post-5760","page","type-page","status-publish","hentry"],"_links":{"self":[{"href":"https:\/\/www.eurokolikonmaailma.fi\/index.php?rest_route=\/wp\/v2\/pages\/5760","targetHints":{"allow":["GET"]}}],"collection":[{"href":"https:\/\/www.eurokolikonmaailma.fi\/index.php?rest_route=\/wp\/v2\/pages"}],"about":[{"href":"https:\/\/www.eurokolikonmaailma.fi\/index.php?rest_route=\/wp\/v2\/types\/page"}],"author":[{"embeddable":true,"href":"https:\/\/www.eurokolikonmaailma.fi\/index.php?rest_route=\/wp\/v2\/users\/1"}],"replies":[{"embeddable":true,"href":"https:\/\/www.eurokolikonmaailma.fi\/index.php?rest_route=%2Fwp%2Fv2%2Fcomments&post=5760"}],"version-history":[{"count":1,"href":"https:\/\/www.eurokolikonmaailma.fi\/index.php?rest_route=\/wp\/v2\/pages\/5760\/revisions"}],"predecessor-version":[{"id":5761,"href":"https:\/\/www.eurokolikonmaailma.fi\/index.php?rest_route=\/wp\/v2\/pages\/5760\/revisions\/5761"}],"up":[{"embeddable":true,"href":"https:\/\/www.eurokolikonmaailma.fi\/index.php?rest_route=\/wp\/v2\/pages\/3276"}],"wp:attachment":[{"href":"https:\/\/www.eurokolikonmaailma.fi\/index.php?rest_route=%2Fwp%2Fv2%2Fmedia&parent=5760"}],"curies":[{"name":"wp","href":"https:\/\/api.w.org\/{rel}","templated":true}]}}