{"id":5758,"date":"2025-05-30T22:10:02","date_gmt":"2025-05-30T19:10:02","guid":{"rendered":"https:\/\/www.eurokolikonmaailma.fi\/?page_id=5758"},"modified":"2025-06-08T21:31:04","modified_gmt":"2025-06-08T18:31:04","slug":"glimmer","status":"publish","type":"page","link":"https:\/\/www.eurokolikonmaailma.fi\/?page_id=5758","title":{"rendered":"Glimmer"},"content":{"rendered":"<p><img loading=\"lazy\" decoding=\"async\" style=\"color: #000000; font-family: 'Times New Roman'; line-height: normal; font-size: medium; font-weight: bold; width: 123px; height: 47px;\" src=\"http:\/\/motu.eurokolikonmaailma.fi\/kuvat\/Glimmer\/motuc.1.jpg\" alt=\"\" width=\"580\" height=\"221\" \/><img decoding=\"async\" style=\"color: #000000; font-family: 'Times New Roman'; line-height: normal; font-size: medium; font-weight: bold; width: 96px; height: 47px;\" src=\"http:\/\/motu.eurokolikonmaailma.fi\/kuvat\/Glimmer\/POP_logo.jpg\" \/><img loading=\"lazy\" decoding=\"async\" style=\"color: #000000; font-family: 'Times New Roman'; line-height: normal; font-size: medium; font-weight: bold; width: 46px; height: 47px;\" src=\"http:\/\/motu.eurokolikonmaailma.fi\/kuvat\/Glimmer\/clubeternia_burst.gif\" alt=\"\" width=\"79\" height=\"80\" \/><br style=\"color: #000000; font-family: 'Times New Roman'; font-size: medium; font-weight: bold; line-height: normal;\" \/><span style=\"color: #000000; font-family: 'Times New Roman'; font-size: medium; line-height: normal;\">Tuotekoodi: BHG28<\/span><\/p>\n<h1>Glimmer<br \/>\n&#8211; The Guide Who Lights The Way<\/h1>\n<p><img loading=\"lazy\" decoding=\"async\" class=\"alignnone size-full\" src=\"http:\/\/motu.eurokolikonmaailma.fi\/kuvat\/Glimmer\/BHG28_003_600x600.jpg\" width=\"300\" height=\"300\" \/><img loading=\"lazy\" decoding=\"async\" class=\"alignnone size-full\" src=\"http:\/\/motu.eurokolikonmaailma.fi\/kuvat\/Glimmer\/BHG28_004_600x600.jpg\" width=\"300\" height=\"300\" \/><\/p>\n<p><strong>Oikea nimi:<\/strong> Glimmer\u2122 of the Royal House of Brightmoon<\/p>\n<p>With the power to light the way, Glimmer\u2122 uses her abilities against the darkness with her staff and headdress which glow in the dark. This brash, impulsive, ever-cheery, young lady is one of the deposed princesses of Etheria, a fact she never lets anyone forget. Her recklessness often causes problems, but she is a fun, young woman who can laugh through the direst of circumstances and pass on her good cheer to her comrades. She followed She-Ra\u00ae along with several other members of the Great Rebellion to Eternia\u00ae to join up with the renegade Masters of the Universe\u00ae and continue the noble fight against The Evil Horde\u00ae. After She-Ra\u00ae left Eternia\u00ae for the stars, Glimmer\u2122 returned to Etheria taking her rightful place helping to rule over the Kingdom of Brightmoon.<\/p>\n<p><em>Valovoimainen Glimmer k\u00e4ytt\u00e4\u00e4 kykyj\u00e4\u00e4n pimeytt\u00e4 vastaan apunaan sauvansa ja p\u00e4\u00e4hineens\u00e4, joka hohtaa pime\u00e4ss\u00e4. T\u00e4m\u00e4 harkitsematon, impulsiivinen, iki-iloinen, nuori neito on yksi Etherian syrj\u00e4ytetyist\u00e4 prinsessoista ja t\u00e4m\u00e4 on fakta, jota h\u00e4n ei anna kenenk\u00e4\u00e4n unohtaa. H\u00e4nen huolimattomuutensa aiheuttaa usein ongelmia, mutta h\u00e4n on hauska nuori nainen, joka voi nauraa pahimmissakin olosuhteissa ja tartuttaa ilonsa tovereihinsa. H\u00e4n seurasi She-Raa sek\u00e4 useita muita Suuren Kapinan j\u00e4seni\u00e4 Eternialle, liitty\u00e4kseen kapinallisiin Universumin mestareihin ja jatkaakseen ylv\u00e4st\u00e4 taistelua Pahoja Hordeja vastaan. Kun She-Ra l\u00e4hti Eternialta kohti t\u00e4hti\u00e4, Glimmer palasi Etherialle, ottaen oikeutetun paikkansa auttaakseen Brightmoonin kuningaskunnan hallitsemisessa.<\/em><\/p>\n","protected":false},"excerpt":{"rendered":"<p>Tuotekoodi: BHG28 Glimmer &#8211; The Guide Who Lights The Way Oikea nimi: Glimmer\u2122 of the Royal House of Brightmoon With the power to light the way, Glimmer\u2122 uses her abilities against the darkness with her staff and headdress which glow &hellip; <a href=\"https:\/\/www.eurokolikonmaailma.fi\/?page_id=5758\">Lue loppuun <span class=\"meta-nav\">&rarr;<\/span><\/a><\/p>\n","protected":false},"author":1,"featured_media":0,"parent":3276,"menu_order":0,"comment_status":"closed","ping_status":"closed","template":"","meta":{"footnotes":""},"class_list":["post-5758","page","type-page","status-publish","hentry"],"_links":{"self":[{"href":"https:\/\/www.eurokolikonmaailma.fi\/index.php?rest_route=\/wp\/v2\/pages\/5758","targetHints":{"allow":["GET"]}}],"collection":[{"href":"https:\/\/www.eurokolikonmaailma.fi\/index.php?rest_route=\/wp\/v2\/pages"}],"about":[{"href":"https:\/\/www.eurokolikonmaailma.fi\/index.php?rest_route=\/wp\/v2\/types\/page"}],"author":[{"embeddable":true,"href":"https:\/\/www.eurokolikonmaailma.fi\/index.php?rest_route=\/wp\/v2\/users\/1"}],"replies":[{"embeddable":true,"href":"https:\/\/www.eurokolikonmaailma.fi\/index.php?rest_route=%2Fwp%2Fv2%2Fcomments&post=5758"}],"version-history":[{"count":1,"href":"https:\/\/www.eurokolikonmaailma.fi\/index.php?rest_route=\/wp\/v2\/pages\/5758\/revisions"}],"predecessor-version":[{"id":5759,"href":"https:\/\/www.eurokolikonmaailma.fi\/index.php?rest_route=\/wp\/v2\/pages\/5758\/revisions\/5759"}],"up":[{"embeddable":true,"href":"https:\/\/www.eurokolikonmaailma.fi\/index.php?rest_route=\/wp\/v2\/pages\/3276"}],"wp:attachment":[{"href":"https:\/\/www.eurokolikonmaailma.fi\/index.php?rest_route=%2Fwp%2Fv2%2Fmedia&parent=5758"}],"curies":[{"name":"wp","href":"https:\/\/api.w.org\/{rel}","templated":true}]}}