{"id":5749,"date":"2025-05-30T17:44:57","date_gmt":"2025-05-30T14:44:57","guid":{"rendered":"https:\/\/www.eurokolikonmaailma.fi\/?page_id=5749"},"modified":"2025-05-30T17:44:57","modified_gmt":"2025-05-30T14:44:57","slug":"stridor","status":"publish","type":"page","link":"https:\/\/www.eurokolikonmaailma.fi\/?page_id=5749","title":{"rendered":"Stridor"},"content":{"rendered":"<p><img loading=\"lazy\" decoding=\"async\" style=\"color: #000000; font-family: 'Times New Roman'; line-height: normal; font-size: medium; font-weight: bold; width: 123px; height: 47px;\" src=\"http:\/\/motu.eurokolikonmaailma.fi\/kuvat\/Stridor\/motuc.1.jpg\" alt=\"\" width=\"580\" height=\"221\" \/><img loading=\"lazy\" decoding=\"async\" style=\"color: #000000; font-family: 'Times New Roman'; line-height: normal; font-size: medium; font-weight: bold; width: 146px; height: 47px;\" src=\"http:\/\/motu.eurokolikonmaailma.fi\/kuvat\/Stridor\/s7_logo.jpg\" alt=\"\" width=\"580\" height=\"221\" \/><br style=\"color: #000000; font-family: 'Times New Roman'; font-size: medium; font-weight: bold; line-height: normal;\" \/><span style=\"color: #000000; font-family: 'Times New Roman'; font-size: medium; line-height: normal;\">Tuotekoodi: S7019<\/span><\/p>\n<h1>Stridor<br \/>\n&#8211; Heroic Armored War Horse<\/h1>\n<p><img loading=\"lazy\" decoding=\"async\" class=\"alignnone size-full\" src=\"https:\/\/motu.eurokolikonmaailma.fi\/kuvat\/Stridor\/stridor_box_front.jpg\" width=\"322\" height=\"300\" \/><img loading=\"lazy\" decoding=\"async\" class=\"alignnone size-full\" src=\"https:\/\/motu.eurokolikonmaailma.fi\/kuvat\/Stridor\/stridor_box_back.jpg\" width=\"315\" height=\"300\" \/><\/p>\n<p>Super 7:n korkeista hinnoista ja varsin j\u00e4\u00e4t\u00e4vist\u00e4 toimituskuluista johtuen, ainoaksi S7:n aikakauden Masters of the Universe Classics -hankinnakseni j\u00e4i Stridor, jonka julkaisua olin toivonut siit\u00e4 asti, kun sarjassa alettiin julkaisemaan suurtuotteitta\/-hahmoja ja jonka tiesin ostavani hinnasta viis (ainakin melkein).<\/p>\n<p>Kuten Super 7:n muutkin MOTUC-tuotteet, my\u00f6s t\u00e4m\u00e4 oli ns. &#8221;made-to-order&#8221; -tuote, joka tarkoittaa sit\u00e4, ett\u00e4 asiakkaat ennakkotilaavat tuotteen ja sit\u00e4 valmistetaan tilausten m\u00e4\u00e4r\u00e4. Tilaukset postitetaan sitten asiakkaille, kun tuotanto on valmis. Stridorin tapauksessa t\u00e4h\u00e4n meni n. 3 kuukautta (tilausikkuna oli 3 viikkoa).<\/p>\n","protected":false},"excerpt":{"rendered":"<p>Tuotekoodi: S7019 Stridor &#8211; Heroic Armored War Horse Super 7:n korkeista hinnoista ja varsin j\u00e4\u00e4t\u00e4vist\u00e4 toimituskuluista johtuen, ainoaksi S7:n aikakauden Masters of the Universe Classics -hankinnakseni j\u00e4i Stridor, jonka julkaisua olin toivonut siit\u00e4 asti, kun sarjassa alettiin julkaisemaan suurtuotteitta\/-hahmoja ja &hellip; <a href=\"https:\/\/www.eurokolikonmaailma.fi\/?page_id=5749\">Lue loppuun <span class=\"meta-nav\">&rarr;<\/span><\/a><\/p>\n","protected":false},"author":1,"featured_media":0,"parent":4598,"menu_order":0,"comment_status":"closed","ping_status":"closed","template":"","meta":{"footnotes":""},"class_list":["post-5749","page","type-page","status-publish","hentry"],"_links":{"self":[{"href":"https:\/\/www.eurokolikonmaailma.fi\/index.php?rest_route=\/wp\/v2\/pages\/5749","targetHints":{"allow":["GET"]}}],"collection":[{"href":"https:\/\/www.eurokolikonmaailma.fi\/index.php?rest_route=\/wp\/v2\/pages"}],"about":[{"href":"https:\/\/www.eurokolikonmaailma.fi\/index.php?rest_route=\/wp\/v2\/types\/page"}],"author":[{"embeddable":true,"href":"https:\/\/www.eurokolikonmaailma.fi\/index.php?rest_route=\/wp\/v2\/users\/1"}],"replies":[{"embeddable":true,"href":"https:\/\/www.eurokolikonmaailma.fi\/index.php?rest_route=%2Fwp%2Fv2%2Fcomments&post=5749"}],"version-history":[{"count":1,"href":"https:\/\/www.eurokolikonmaailma.fi\/index.php?rest_route=\/wp\/v2\/pages\/5749\/revisions"}],"predecessor-version":[{"id":5754,"href":"https:\/\/www.eurokolikonmaailma.fi\/index.php?rest_route=\/wp\/v2\/pages\/5749\/revisions\/5754"}],"up":[{"embeddable":true,"href":"https:\/\/www.eurokolikonmaailma.fi\/index.php?rest_route=\/wp\/v2\/pages\/4598"}],"wp:attachment":[{"href":"https:\/\/www.eurokolikonmaailma.fi\/index.php?rest_route=%2Fwp%2Fv2%2Fmedia&parent=5749"}],"curies":[{"name":"wp","href":"https:\/\/api.w.org\/{rel}","templated":true}]}}