{"id":559,"date":"2011-08-16T15:14:22","date_gmt":"2011-08-16T12:14:22","guid":{"rendered":"http:\/\/www.eurokolikonmaailma.fi\/blogi\/?page_id=559"},"modified":"2025-05-30T13:28:03","modified_gmt":"2025-05-30T10:28:03","slug":"stratos","status":"publish","type":"page","link":"https:\/\/www.eurokolikonmaailma.fi\/?page_id=559","title":{"rendered":"Stratos"},"content":{"rendered":"<p><img loading=\"lazy\" decoding=\"async\" src=\"http:\/\/motu.eurokolikonmaailma.fi\/kuvat\/Stratos\/motuc.1.jpg\" alt=\"\" width=\"118\" height=\"47\" border=\"0\" \/><br \/>\nTuotekoodi: P1620<\/p>\n<h1>Stratos<br \/>\n&#8211; Winged Warrior<\/h1>\n<p><span class=\"Apple-style-span\" style=\"color: #000000; font-family: Georgia, 'Times New Roman', 'Bitstream Charter', Times, serif; font-size: 12px; line-height: 18px;\"><a href=\"http:\/\/motu.eurokolikonmaailma.fi\/kuvat\/Stratos\/stratos_box_front.jpg\" target=\"_blank\" rel=\"noopener\"><img loading=\"lazy\" decoding=\"async\" src=\"http:\/\/motu.eurokolikonmaailma.fi\/kuvat\/Stratos\/stratos_box_front.jpg\" alt=\"\" width=\"238\" height=\"350\" border=\"0\" \/><\/a>\u00a0 \u00a0 \u00a0<a href=\"http:\/\/motu.eurokolikonmaailma.fi\/kuvat\/Stratos\/stratos_cardback.jpg\" target=\"_blank\" rel=\"noopener\"><img loading=\"lazy\" decoding=\"async\" src=\"http:\/\/motu.eurokolikonmaailma.fi\/kuvat\/Stratos\/stratos_cardback.jpg\" alt=\"\" width=\"249\" height=\"350\" border=\"0\" \/><\/a><\/span><\/p>\n<p><strong>Oikea nimi:\u00a0<\/strong>Stratos\u00ae of the House of Avion<\/p>\n<p>Lord of Avion, a civilization of winged simians who live high on the peaks of the Mystic Mountains, Stratos\u00ae is a brave honorable warrior allied with King Randor\u2122. Although all Avions have the ability to fly using the magical Emerald Staff, many, including Stratos\u00ae, have augmented their armor with rocket packs and jets to increase their speed and distance. As a member of the Masters of the Universe\u00ae, Stratos\u00ae fights bravely against the evil forces of Skeletor\u00ae.<\/p>\n<p><em>Avionin, siivekk\u00e4iden k\u00e4dellisten, jotka el\u00e4v\u00e4t\u00a0 Mystisten Vuorten korkeilla huipuilla, siviilisaation valtias, Stratos on urhea kunnioitettava kuningas Randorin kanssa liitossa oleva taistelija. Vaikka Avionilaisilla on kyky lent\u00e4\u00e4 maagista Smaragdi Sauvaa k\u00e4ytt\u00e4en, useat Avionilaiset, Stratos mukaanlukien, ovat lis\u00e4nneet haarniskoihinsa rakettimoottorit lis\u00e4t\u00e4kseen nopeuttaan ja et\u00e4isyytt\u00e4. Masters of the Universe -ryhm\u00e4n j\u00e4senen\u00e4, Stratos taistelee urheasti Skletorin pahoja voimia vastaan.<\/em><\/p>\n<p><strong><span style=\"text-decoration: underline;\">Mukana tulevat varusteet:<\/span><\/strong><br \/>\n* irrotettava JetPack<\/p>\n<p><strong>Loppuunmyynti aika:<\/strong>\u00a03 p\u00e4iv\u00e4\u00e4 6 tuntia 40 min<br \/>\n<strong>Loppuunmyynti aika (uudelleen julkaisu):<\/strong>\u00a04 p\u00e4iv\u00e4\u00e4 9 tuntia 30 min<br \/>\n<strong>Loppuunmyynti aika (uudelleen julkaisun ylij\u00e4\u00e4m\u00e4varasto):<\/strong>\u00a0n. 16 p\u00e4iv\u00e4\u00e4<\/p>\n<p><strong>Oman hahmon saapumiseen kulunut aika (1. julkaisuversio):\u00a0<\/strong>19 p\u00e4iv\u00e4\u00e4 (11 arkip\u00e4iv\u00e4\u00e4)<\/p>\n<p>&nbsp;<\/p>\n<h2>L\u00e4hikuva<\/h2>\n<p><a href=\"http:\/\/motu.eurokolikonmaailma.fi\/kuvat\/Stratos\/ss_closeup.jpg\" target=\"_blank\" rel=\"noopener\"><img loading=\"lazy\" decoding=\"async\" src=\"http:\/\/motu.eurokolikonmaailma.fi\/kuvat\/Stratos\/ss_closeup.jpg\" alt=\"\" width=\"312\" height=\"343\" \/><\/a><\/p>\n<p>&nbsp;<\/p>\n<h2>Kokovartalokuvat<\/h2>\n<p><span class=\"Apple-style-span\" style=\"color: #000000; font-family: Georgia, 'Times New Roman', 'Bitstream Charter', Times, serif; font-size: 12px; line-height: 18px;\"><a href=\"http:\/\/motu.eurokolikonmaailma.fi\/kuvat\/Stratos\/ss_main.jpg\" target=\"_blank\" rel=\"noopener\"><img loading=\"lazy\" decoding=\"async\" src=\"http:\/\/motu.eurokolikonmaailma.fi\/kuvat\/Stratos\/ss_main.jpg\" alt=\"\" width=\"353\" height=\"490\" \/><\/a><\/span><\/p>\n<p><span class=\"Apple-style-span\" style=\"color: #000000; font-family: Georgia, 'Times New Roman', 'Bitstream Charter', Times, serif; font-size: 12px; line-height: 18px;\"><a href=\"http:\/\/motu.eurokolikonmaailma.fi\/kuvat\/Stratos\/ss_front.jpg\" target=\"_blank\" rel=\"noopener\"><img loading=\"lazy\" decoding=\"async\" src=\"http:\/\/motu.eurokolikonmaailma.fi\/kuvat\/Stratos\/ss_front.jpg\" alt=\"\" width=\"282\" height=\"490\" \/><\/a><a href=\"http:\/\/motu.eurokolikonmaailma.fi\/kuvat\/Stratos\/ss_no_jet_front.jpg\" target=\"_blank\" rel=\"noopener\"><img loading=\"lazy\" decoding=\"async\" src=\"http:\/\/motu.eurokolikonmaailma.fi\/kuvat\/Stratos\/ss_no_jet_front.jpg\" alt=\"\" width=\"284\" height=\"490\" \/><\/a><\/span><a href=\"http:\/\/motu.eurokolikonmaailma.fi\/kuvat\/Stratos\/ss_angle1.jpg\" target=\"_blank\" rel=\"noopener\"><img loading=\"lazy\" decoding=\"async\" src=\"http:\/\/motu.eurokolikonmaailma.fi\/kuvat\/Stratos\/ss_angle1.jpg\" alt=\"\" width=\"255\" height=\"490\" \/><\/a><span class=\"Apple-style-span\" style=\"color: #000000; font-family: Georgia, 'Times New Roman', 'Bitstream Charter', Times, serif; font-size: 12px; line-height: 18px;\"><a href=\"http:\/\/motu.eurokolikonmaailma.fi\/kuvat\/Stratos\/ss_no_jet_angle1.jpg\" target=\"_blank\" rel=\"noopener\"><img loading=\"lazy\" decoding=\"async\" src=\"http:\/\/motu.eurokolikonmaailma.fi\/kuvat\/Stratos\/ss_no_jet_angle1.jpg\" alt=\"\" width=\"258\" height=\"490\" \/><\/a><\/span><\/p>\n<p>&nbsp;<\/p>\n<p><span class=\"Apple-style-span\" style=\"color: #000000; font-family: Georgia, 'Times New Roman', 'Bitstream Charter', Times, serif; font-size: 12px; line-height: 18px;\"><a href=\"http:\/\/motu.eurokolikonmaailma.fi\/kuvat\/Stratos\/ss_side1.jpg\" target=\"_blank\" rel=\"noopener\"><img loading=\"lazy\" decoding=\"async\" src=\"http:\/\/motu.eurokolikonmaailma.fi\/kuvat\/Stratos\/ss_side1.jpg\" alt=\"\" width=\"174\" height=\"490\" \/><\/a><a href=\"http:\/\/motu.eurokolikonmaailma.fi\/kuvat\/Stratos\/ss_no_jet_side1.jpg\" target=\"_blank\" rel=\"noopener\"><img loading=\"lazy\" decoding=\"async\" src=\"http:\/\/motu.eurokolikonmaailma.fi\/kuvat\/Stratos\/ss_no_jet_side1.jpg\" alt=\"\" width=\"136\" height=\"490\" \/><\/a><\/span><\/p>\n<p><span class=\"Apple-style-span\" style=\"color: #000000; font-family: Georgia, 'Times New Roman', 'Bitstream Charter', Times, serif; font-size: 12px; line-height: 18px;\"><a href=\"http:\/\/motu.eurokolikonmaailma.fi\/kuvat\/Stratos\/ss_angle2.jpg\" target=\"_blank\" rel=\"noopener\"><img loading=\"lazy\" decoding=\"async\" src=\"http:\/\/motu.eurokolikonmaailma.fi\/kuvat\/Stratos\/ss_angle2.jpg\" alt=\"\" width=\"265\" height=\"490\" \/><\/a><a href=\"http:\/\/motu.eurokolikonmaailma.fi\/kuvat\/Stratos\/ss_no_jet_angle2.jpg\" target=\"_blank\" rel=\"noopener\"><img loading=\"lazy\" decoding=\"async\" src=\"http:\/\/motu.eurokolikonmaailma.fi\/kuvat\/Stratos\/ss_no_jet_angle2.jpg\" alt=\"\" width=\"268\" height=\"490\" \/><\/a><\/span><\/p>\n<p><span class=\"Apple-style-span\" style=\"color: #000000; font-family: Georgia, 'Times New Roman', 'Bitstream Charter', Times, serif; font-size: 12px; line-height: 18px;\"><a href=\"http:\/\/motu.eurokolikonmaailma.fi\/kuvat\/Stratos\/ss_back.jpg\" target=\"_blank\" rel=\"noopener\"><img loading=\"lazy\" decoding=\"async\" src=\"http:\/\/motu.eurokolikonmaailma.fi\/kuvat\/Stratos\/ss_back.jpg\" alt=\"\" width=\"302\" height=\"490\" \/><\/a><a href=\"http:\/\/motu.eurokolikonmaailma.fi\/kuvat\/Stratos\/ss_no_jet_back.jpg\" target=\"_blank\" rel=\"noopener\"><img loading=\"lazy\" decoding=\"async\" style=\"-webkit-user-select: none;\" src=\"http:\/\/motu.eurokolikonmaailma.fi\/kuvat\/Stratos\/ss_no_jet_back.jpg\" alt=\"\" width=\"302\" height=\"490\" \/><\/a><\/span><\/p>\n<p><span class=\"Apple-style-span\" style=\"color: #000000; font-family: Georgia, 'Times New Roman', 'Bitstream Charter', Times, serif; font-size: 12px; line-height: 18px;\"><a href=\"http:\/\/motu.eurokolikonmaailma.fi\/kuvat\/Stratos\/ss_angle3.jpg\" target=\"_blank\" rel=\"noopener\"><img loading=\"lazy\" decoding=\"async\" src=\"http:\/\/motu.eurokolikonmaailma.fi\/kuvat\/Stratos\/ss_angle3.jpg\" alt=\"\" width=\"254\" height=\"490\" \/><\/a><a href=\"http:\/\/motu.eurokolikonmaailma.fi\/kuvat\/Stratos\/ss_no_jet_angle3.jpg\" target=\"_blank\" rel=\"noopener\"><img loading=\"lazy\" decoding=\"async\" src=\"http:\/\/motu.eurokolikonmaailma.fi\/kuvat\/Stratos\/ss_no_jet_angle3.jpg\" alt=\"\" width=\"244\" height=\"490\" \/><\/a><\/span><\/p>\n<p><span class=\"Apple-style-span\" style=\"font-family: 'Times New Roman'; line-height: normal; font-size: medium;\"><a href=\"http:\/\/motu.eurokolikonmaailma.fi\/kuvat\/Stratos\/ss_side2.jpg\" target=\"_blank\" rel=\"noopener\"><img loading=\"lazy\" decoding=\"async\" src=\"http:\/\/motu.eurokolikonmaailma.fi\/kuvat\/Stratos\/ss_side2.jpg\" alt=\"\" width=\"193\" height=\"490\" \/><\/a><span class=\"Apple-style-span\" style=\"color: #000000; font-family: Georgia, 'Times New Roman', 'Bitstream Charter', Times, serif; font-size: 12px; line-height: 18px;\"><a href=\"http:\/\/motu.eurokolikonmaailma.fi\/kuvat\/Stratos\/ss_no_jet_side2.jpg\" target=\"_blank\" rel=\"noopener\"><img loading=\"lazy\" decoding=\"async\" src=\"http:\/\/motu.eurokolikonmaailma.fi\/kuvat\/Stratos\/ss_no_jet_side2.jpg\" alt=\"\" width=\"139\" height=\"490\" \/><\/a><\/span><\/span><\/p>\n<p><span class=\"Apple-style-span\" style=\"color: #000000; font-family: Georgia, 'Times New Roman', 'Bitstream Charter', Times, serif; font-size: 12px; line-height: 18px;\"><a href=\"http:\/\/motu.eurokolikonmaailma.fi\/kuvat\/Stratos\/ss_angle4.jpg\" target=\"_blank\" rel=\"noopener\"><img loading=\"lazy\" decoding=\"async\" src=\"http:\/\/motu.eurokolikonmaailma.fi\/kuvat\/Stratos\/ss_angle4.jpg\" alt=\"\" width=\"253\" height=\"490\" \/><\/a><a href=\"http:\/\/motu.eurokolikonmaailma.fi\/kuvat\/Stratos\/ss_no_jet_angle4.jpg\" target=\"_blank\" rel=\"noopener\"><img loading=\"lazy\" decoding=\"async\" src=\"http:\/\/motu.eurokolikonmaailma.fi\/kuvat\/Stratos\/ss_no_jet_angle4.jpg\" alt=\"\" width=\"254\" height=\"490\" \/><\/a><\/span><\/p>\n<p>&nbsp;<\/p>\n<h2>\u00a0<span class=\"Apple-style-span\" style=\"color: #000000; font-size: 22px; line-height: 32px;\">\u00a0Varusteet<\/span><\/h2>\n<p><a href=\"http:\/\/motu.eurokolikonmaailma.fi\/kuvat\/Stratos\/ss_jetpack_front.jpg\" target=\"_blank\" rel=\"noopener\"><img loading=\"lazy\" decoding=\"async\" style=\"-webkit-user-select: none;\" src=\"http:\/\/motu.eurokolikonmaailma.fi\/kuvat\/Stratos\/ss_jetpack_front.jpg\" alt=\"\" width=\"230\" height=\"336\" \/><\/a><span class=\"Apple-style-span\" style=\"color: #000000; font-family: Georgia, 'Times New Roman', 'Bitstream Charter', Times, serif; font-size: 12px; line-height: 18px;\"><a href=\"http:\/\/motu.eurokolikonmaailma.fi\/kuvat\/Stratos\/ss_jetpack_back.jpg\" target=\"_blank\" rel=\"noopener\"><img loading=\"lazy\" decoding=\"async\" src=\"http:\/\/motu.eurokolikonmaailma.fi\/kuvat\/Stratos\/ss_jetpack_back.jpg\" alt=\"\" width=\"212\" height=\"336\" \/><\/a><\/span><\/p>\n<p>&nbsp;<\/p>\n<h2>Videoesittelyni hahmosta:<\/h2>\n<p><strong>In English<\/strong><\/p>\n<p><em>Part 1<\/em><\/p>\n<p><iframe loading=\"lazy\" title=\"Masters of the Universe Classics Stratos 1\/2 (English)\" width=\"640\" height=\"360\" src=\"https:\/\/www.youtube.com\/embed\/2wJm2MrKvyU?feature=oembed\" frameborder=\"0\" allow=\"accelerometer; autoplay; clipboard-write; encrypted-media; gyroscope; picture-in-picture; web-share\" referrerpolicy=\"strict-origin-when-cross-origin\" allowfullscreen><\/iframe><\/p>\n<p><em>Part 2<\/em><\/p>\n<p><iframe loading=\"lazy\" title=\"Masters of the Universe Classics Stratos 2\/2 (English)\" width=\"640\" height=\"360\" src=\"https:\/\/www.youtube.com\/embed\/V6WOJs6oPkk?feature=oembed\" frameborder=\"0\" allow=\"accelerometer; autoplay; clipboard-write; encrypted-media; gyroscope; picture-in-picture; web-share\" referrerpolicy=\"strict-origin-when-cross-origin\" allowfullscreen><\/iframe><\/p>\n","protected":false},"excerpt":{"rendered":"<p>Tuotekoodi: P1620 Stratos &#8211; Winged Warrior \u00a0 \u00a0 \u00a0 Oikea nimi:\u00a0Stratos\u00ae of the House of Avion Lord of Avion, a civilization of winged simians who live high on the peaks of the Mystic Mountains, Stratos\u00ae is a brave honorable warrior &hellip; <a href=\"https:\/\/www.eurokolikonmaailma.fi\/?page_id=559\">Lue loppuun <span class=\"meta-nav\">&rarr;<\/span><\/a><\/p>\n","protected":false},"author":1,"featured_media":0,"parent":290,"menu_order":0,"comment_status":"open","ping_status":"open","template":"","meta":{"footnotes":""},"class_list":["post-559","page","type-page","status-publish","hentry"],"_links":{"self":[{"href":"https:\/\/www.eurokolikonmaailma.fi\/index.php?rest_route=\/wp\/v2\/pages\/559","targetHints":{"allow":["GET"]}}],"collection":[{"href":"https:\/\/www.eurokolikonmaailma.fi\/index.php?rest_route=\/wp\/v2\/pages"}],"about":[{"href":"https:\/\/www.eurokolikonmaailma.fi\/index.php?rest_route=\/wp\/v2\/types\/page"}],"author":[{"embeddable":true,"href":"https:\/\/www.eurokolikonmaailma.fi\/index.php?rest_route=\/wp\/v2\/users\/1"}],"replies":[{"embeddable":true,"href":"https:\/\/www.eurokolikonmaailma.fi\/index.php?rest_route=%2Fwp%2Fv2%2Fcomments&post=559"}],"version-history":[{"count":19,"href":"https:\/\/www.eurokolikonmaailma.fi\/index.php?rest_route=\/wp\/v2\/pages\/559\/revisions"}],"predecessor-version":[{"id":5611,"href":"https:\/\/www.eurokolikonmaailma.fi\/index.php?rest_route=\/wp\/v2\/pages\/559\/revisions\/5611"}],"up":[{"embeddable":true,"href":"https:\/\/www.eurokolikonmaailma.fi\/index.php?rest_route=\/wp\/v2\/pages\/290"}],"wp:attachment":[{"href":"https:\/\/www.eurokolikonmaailma.fi\/index.php?rest_route=%2Fwp%2Fv2%2Fmedia&parent=559"}],"curies":[{"name":"wp","href":"https:\/\/api.w.org\/{rel}","templated":true}]}}