{"id":5579,"date":"2025-05-30T02:29:26","date_gmt":"2025-05-29T23:29:26","guid":{"rendered":"https:\/\/www.eurokolikonmaailma.fi\/?page_id=5579"},"modified":"2025-05-30T02:58:04","modified_gmt":"2025-05-29T23:58:04","slug":"2017-2","status":"publish","type":"page","link":"https:\/\/www.eurokolikonmaailma.fi\/?page_id=5579","title":{"rendered":"2017"},"content":{"rendered":"<h2>Itselt\u00e4ni l\u00f6ytyv\u00e4t vuonna 2017 julkaistut Masters of the universe Classics hahmot\/tuotteet<\/h2>\n<p>&nbsp;<\/p>\n<table>\n<tbody>\n<tr>\n<td><a href=\"https:\/\/www.eurokolikonmaailma.fi\/?page_id=5577\"><img loading=\"lazy\" decoding=\"async\" class=\"aligncenter\" src=\"http:\/\/motu.eurokolikonmaailma.fi\/kuvat\/Horde_Trooper\/hordetrooper.jpg\" alt=\"\" width=\"205\" height=\"150\" \/><\/a><\/td>\n<\/tr>\n<tr>\n<td style=\"text-align: center;\"><strong><span style=\"color: #ff0000;\">* Horde Trooper (single carded)<\/span><\/strong><\/td>\n<\/tr>\n<tr>\n<td style=\"text-align: center;\"><strong><span style=\"color: #ff0000;\">Shop.Mattel.com<\/span><\/strong><\/td>\n<\/tr>\n<\/tbody>\n<\/table>\n","protected":false},"excerpt":{"rendered":"<p>Itselt\u00e4ni l\u00f6ytyv\u00e4t vuonna 2017 julkaistut Masters of the universe Classics hahmot\/tuotteet &nbsp; * Horde Trooper (single carded) Shop.Mattel.com<\/p>\n","protected":false},"author":1,"featured_media":0,"parent":24,"menu_order":0,"comment_status":"closed","ping_status":"closed","template":"","meta":{"footnotes":""},"class_list":["post-5579","page","type-page","status-publish","hentry"],"_links":{"self":[{"href":"https:\/\/www.eurokolikonmaailma.fi\/index.php?rest_route=\/wp\/v2\/pages\/5579","targetHints":{"allow":["GET"]}}],"collection":[{"href":"https:\/\/www.eurokolikonmaailma.fi\/index.php?rest_route=\/wp\/v2\/pages"}],"about":[{"href":"https:\/\/www.eurokolikonmaailma.fi\/index.php?rest_route=\/wp\/v2\/types\/page"}],"author":[{"embeddable":true,"href":"https:\/\/www.eurokolikonmaailma.fi\/index.php?rest_route=\/wp\/v2\/users\/1"}],"replies":[{"embeddable":true,"href":"https:\/\/www.eurokolikonmaailma.fi\/index.php?rest_route=%2Fwp%2Fv2%2Fcomments&post=5579"}],"version-history":[{"count":3,"href":"https:\/\/www.eurokolikonmaailma.fi\/index.php?rest_route=\/wp\/v2\/pages\/5579\/revisions"}],"predecessor-version":[{"id":5753,"href":"https:\/\/www.eurokolikonmaailma.fi\/index.php?rest_route=\/wp\/v2\/pages\/5579\/revisions\/5753"}],"up":[{"embeddable":true,"href":"https:\/\/www.eurokolikonmaailma.fi\/index.php?rest_route=\/wp\/v2\/pages\/24"}],"wp:attachment":[{"href":"https:\/\/www.eurokolikonmaailma.fi\/index.php?rest_route=%2Fwp%2Fv2%2Fmedia&parent=5579"}],"curies":[{"name":"wp","href":"https:\/\/api.w.org\/{rel}","templated":true}]}}