{"id":5577,"date":"2025-05-30T02:57:06","date_gmt":"2025-05-29T23:57:06","guid":{"rendered":"https:\/\/www.eurokolikonmaailma.fi\/?page_id=5577"},"modified":"2025-05-30T03:14:01","modified_gmt":"2025-05-30T00:14:01","slug":"horde-trooper","status":"publish","type":"page","link":"https:\/\/www.eurokolikonmaailma.fi\/?page_id=5577","title":{"rendered":"Horde Trooper"},"content":{"rendered":"<p><img loading=\"lazy\" decoding=\"async\" style=\"color: #000000; font-family: 'Times New Roman'; line-height: normal; font-size: medium; font-weight: bold; width: 123px; height: 47px;\" src=\"http:\/\/motu.eurokolikonmaailma.fi\/kuvat\/Horde_Trooper\/motuc.1.jpg\" alt=\"\" width=\"580\" height=\"221\" \/><img loading=\"lazy\" decoding=\"async\" class=\"alignnone size-full\" src=\"https:\/\/motu.eurokolikonmaailma.fi\/kuvat\/Horde_Trooper\/horde_logo.png\" width=\"112\" height=\"47\" \/><br style=\"color: #000000; font-family: 'Times New Roman'; font-size: medium; font-weight: bold; line-height: normal;\" \/><span style=\"color: #000000; font-family: 'Times New Roman'; font-size: medium; line-height: normal;\">Tuotekoodi: DKC03<\/span><\/p>\n<h1>Horde Trooper<br \/>\n&#8211; Evil Mechanical Enforcer of Hordak<\/h1>\n<p><img loading=\"lazy\" decoding=\"async\" class=\"alignnone size-full\" src=\"https:\/\/motu.eurokolikonmaailma.fi\/kuvat\/Horde_Trooper\/ht_sc_front.jpg\" width=\"206\" height=\"300\" \/><img loading=\"lazy\" decoding=\"async\" class=\"alignnone size-full\" src=\"https:\/\/motu.eurokolikonmaailma.fi\/kuvat\/Horde_Trooper\/ht_sc_back.jpg\" width=\"222\" height=\"300\" \/><\/p>\n<p>Mattel julkaisi kaikessa hiljaisuudessa vuonna 2017 yksitt\u00e4ispakatun Masters of the Universe Classics Horde Trooper -hahmon. Vaikka pakkaus mainostaakin Mattycollector.com:ia, oli kyseinen sivu jo haudattu hahmon julkaisun aikaan ja hahmosarjan tuotanto oli ulkoistettu Super 7:lle. Oletettavasti n\u00e4iden tuotanto oli alkanut, ennen kuin Mattycollector oli p\u00e4\u00e4tetty haudata. Hahmot julkaistiin Mattelin shop.mattel.com -sivustolla, joka onneksi toimitti my\u00f6s Suomeen, tosin aika suolaiseen hintaan.<\/p>\n<p>Itse jouduin j\u00e4tt\u00e4m\u00e4\u00e4n 2-packin v\u00e4liin 2013 taloudellisista syist\u00e4, joten t\u00e4m\u00e4 julkaisu oli eritt\u00e4in iloinen yll\u00e4tys ja omat ostin Cyber Monday -myynnist\u00e4, joten hintaakin sai sill\u00e4 tavalla hieman alas.<\/p>\n<p><strong>Oikea nimi:<\/strong> Horde Drones Serial Number 3849<\/p>\n<p>In his factories on Etheria and later Eternia\u00ae, Hordak\u00ae mass produces countless robotic enforcers. Each is dressed in armor similar to the foot soldiers of his home planet Horde World. Linked to a central computer brain, Horde Troopers\u2122 can be programmed to follow any evil command they are given. With the robotic strength to overpower all enemies of his empire, Hordak\u2019s troopers are more than a match for most enemies. On command from their master, the vicious troopers attack heroic warriors until He-Man\u00ae lands a powerful punch &#8211; causing them to fall apart!<\/p>\n<p><em>Etherian tehtaissaan ja my\u00f6hemmin Eternialla, Hordak massatuottaa lukemattomia robottisotilaita. Jokaisella on haarniska, joka muistuttaa jalkasotilaiden haarniskaa Hordien kotimaailmassa. Yhdistettyna keskitettyyn tietokoneaivoon, Hordisotilaat voidaan ohjelmoida tottelemaan jokaista pahaa k\u00e4sky\u00e4, joka heille annetaan. RobottiRobottisten voimiensa ansioista, Hordakin Hordisotilaat ovat enemm\u00e4n kuin vertaisia vastustajia useimmille vihollisille. Heid\u00e4n mestarinsa k\u00e4skyst\u00e4, Hordisotilaat hy\u00f6kk\u00e4\u00e4v\u00e4t hyvyyden taistelijoita vastaan, kunnes He-Man iskee heit\u00e4 voimalla &#8211; jolloin he menev\u00e4t palasiksi!<\/em><\/p>\n","protected":false},"excerpt":{"rendered":"<p>Tuotekoodi: DKC03 Horde Trooper &#8211; Evil Mechanical Enforcer of Hordak Mattel julkaisi kaikessa hiljaisuudessa vuonna 2017 yksitt\u00e4ispakatun Masters of the Universe Classics Horde Trooper -hahmon. Vaikka pakkaus mainostaakin Mattycollector.com:ia, oli kyseinen sivu jo haudattu hahmon julkaisun aikaan ja hahmosarjan tuotanto &hellip; <a href=\"https:\/\/www.eurokolikonmaailma.fi\/?page_id=5577\">Lue loppuun <span class=\"meta-nav\">&rarr;<\/span><\/a><\/p>\n","protected":false},"author":1,"featured_media":0,"parent":5579,"menu_order":0,"comment_status":"closed","ping_status":"closed","template":"","meta":{"footnotes":""},"class_list":["post-5577","page","type-page","status-publish","hentry"],"_links":{"self":[{"href":"https:\/\/www.eurokolikonmaailma.fi\/index.php?rest_route=\/wp\/v2\/pages\/5577","targetHints":{"allow":["GET"]}}],"collection":[{"href":"https:\/\/www.eurokolikonmaailma.fi\/index.php?rest_route=\/wp\/v2\/pages"}],"about":[{"href":"https:\/\/www.eurokolikonmaailma.fi\/index.php?rest_route=\/wp\/v2\/types\/page"}],"author":[{"embeddable":true,"href":"https:\/\/www.eurokolikonmaailma.fi\/index.php?rest_route=\/wp\/v2\/users\/1"}],"replies":[{"embeddable":true,"href":"https:\/\/www.eurokolikonmaailma.fi\/index.php?rest_route=%2Fwp%2Fv2%2Fcomments&post=5577"}],"version-history":[{"count":3,"href":"https:\/\/www.eurokolikonmaailma.fi\/index.php?rest_route=\/wp\/v2\/pages\/5577\/revisions"}],"predecessor-version":[{"id":5752,"href":"https:\/\/www.eurokolikonmaailma.fi\/index.php?rest_route=\/wp\/v2\/pages\/5577\/revisions\/5752"}],"up":[{"embeddable":true,"href":"https:\/\/www.eurokolikonmaailma.fi\/index.php?rest_route=\/wp\/v2\/pages\/5579"}],"wp:attachment":[{"href":"https:\/\/www.eurokolikonmaailma.fi\/index.php?rest_route=%2Fwp%2Fv2%2Fmedia&parent=5577"}],"curies":[{"name":"wp","href":"https:\/\/api.w.org\/{rel}","templated":true}]}}