{"id":5538,"date":"2025-05-29T21:55:59","date_gmt":"2025-05-29T18:55:59","guid":{"rendered":"https:\/\/www.eurokolikonmaailma.fi\/?page_id=5538"},"modified":"2025-05-30T00:59:58","modified_gmt":"2025-05-29T21:59:58","slug":"standor","status":"publish","type":"page","link":"https:\/\/www.eurokolikonmaailma.fi\/?page_id=5538","title":{"rendered":"Standor"},"content":{"rendered":"<p><img loading=\"lazy\" decoding=\"async\" style=\"color: #000000; font-family: 'Times New Roman'; line-height: normal; font-size: medium; font-weight: bold; width: 123px; height: 47px;\" src=\"http:\/\/motu.eurokolikonmaailma.fi\/kuvat\/Standor\/motuc.1.jpg\" alt=\"\" width=\"580\" height=\"221\" \/> <img loading=\"lazy\" decoding=\"async\" class=\"alignnone size-full\" src=\"https:\/\/motu.eurokolikonmaailma.fi\/kuvat\/Standor\/comikaze_logo.jpg\" width=\"54\" height=\"47\" \/><br style=\"color: #000000; font-family: 'Times New Roman'; font-size: medium; font-weight: bold; line-height: normal;\" \/><span style=\"color: #000000; font-family: 'Times New Roman'; font-size: medium; line-height: normal;\">Tuotekoodi: Y3169<\/span><\/p>\n<h1>Standor<br \/>\n&#8211; Cosmic Creator of Power<\/h1>\n<p><img loading=\"lazy\" decoding=\"async\" class=\"alignnone size-full wp-image-5531\" src=\"https:\/\/motu.eurokolikonmaailma.fi\/kuvat\/Standor\/Y3169_004_600x600.jpg\" alt=\"\" width=\"300\" height=\"300\" \/> <img loading=\"lazy\" decoding=\"async\" class=\"alignnone size-full wp-image-5532\" src=\"https:\/\/motu.eurokolikonmaailma.fi\/kuvat\/Standor\/Y3169_005_600x600.jpg\" alt=\"\" width=\"300\" height=\"300\" \/><\/p>\n<p><strong>Oikea nimi:<\/strong> Standor<\/p>\n<p>Before time began, the great Gods of the multiverse convened in the Hall of Power to create all that was and all that will ever be. Head architect of this great task was Standor\u2122. A cosmic being of unlimited imagination, Standor\u2122 helped lead his fellow deities by fueling their energies with raw creative force. After creation was complete, it was Standor\u2122 magic that cast the aura of the Gods across the universe as a wave of power, giving rise to all forms of life and intelligence. With his infinite energy, Standor\u2122 reaches out into the cosmos and across the dimensional gateways to power all who would become Masters of the Universe\u00ae for good or evil.<\/p>\n<p><i>Ennen ajan alkua, multiversumin mahtavat Jumalat kokoontuivat Mahdin Saliin luodakseen kaiken mik\u00e4 oli ja kaiken mit\u00e4 koskaan tulee olemaan. T\u00e4m\u00e4n valtavan ty\u00f6n p\u00e4\u00e4arkkitehti oli Standor. Kosminen rajattomalla mielikuvituksella varustettu olento, Standor auttoi johtamaan jumalyst\u00e4vi\u00e4\u00e4n ymp\u00e4ten heid\u00e4n energiansa t\u00e4yteen luovaa voimaa. Kun luomisty\u00f6 oli valmis, se oli Standorin taikavoima, joka levitti Jumalten auran l\u00e4pi maailmankaikkeuden, antaen alkunsa kaikelle el\u00e4m\u00e4lle ja \u00e4lykkyydelle. Rajattoman energiansa avulla, Standor kurkottaa kosmokseen ja l\u00e4pi ulottuvuuksien v\u00e4listen porttien antaakseen voimaa kaikille, joista tuleva Universumin mestareita niin hyv\u00e4ss\u00e4 kuin pahassakin.\u00a0\u00a0<\/i><\/p>\n","protected":false},"excerpt":{"rendered":"<p>Tuotekoodi: Y3169 Standor &#8211; Cosmic Creator of Power Oikea nimi: Standor Before time began, the great Gods of the multiverse convened in the Hall of Power to create all that was and all that will ever be. Head architect of &hellip; <a href=\"https:\/\/www.eurokolikonmaailma.fi\/?page_id=5538\">Lue loppuun <span class=\"meta-nav\">&rarr;<\/span><\/a><\/p>\n","protected":false},"author":1,"featured_media":0,"parent":2119,"menu_order":0,"comment_status":"closed","ping_status":"closed","template":"","meta":{"footnotes":""},"class_list":["post-5538","page","type-page","status-publish","hentry"],"_links":{"self":[{"href":"https:\/\/www.eurokolikonmaailma.fi\/index.php?rest_route=\/wp\/v2\/pages\/5538","targetHints":{"allow":["GET"]}}],"collection":[{"href":"https:\/\/www.eurokolikonmaailma.fi\/index.php?rest_route=\/wp\/v2\/pages"}],"about":[{"href":"https:\/\/www.eurokolikonmaailma.fi\/index.php?rest_route=\/wp\/v2\/types\/page"}],"author":[{"embeddable":true,"href":"https:\/\/www.eurokolikonmaailma.fi\/index.php?rest_route=\/wp\/v2\/users\/1"}],"replies":[{"embeddable":true,"href":"https:\/\/www.eurokolikonmaailma.fi\/index.php?rest_route=%2Fwp%2Fv2%2Fcomments&post=5538"}],"version-history":[{"count":3,"href":"https:\/\/www.eurokolikonmaailma.fi\/index.php?rest_route=\/wp\/v2\/pages\/5538\/revisions"}],"predecessor-version":[{"id":5576,"href":"https:\/\/www.eurokolikonmaailma.fi\/index.php?rest_route=\/wp\/v2\/pages\/5538\/revisions\/5576"}],"up":[{"embeddable":true,"href":"https:\/\/www.eurokolikonmaailma.fi\/index.php?rest_route=\/wp\/v2\/pages\/2119"}],"wp:attachment":[{"href":"https:\/\/www.eurokolikonmaailma.fi\/index.php?rest_route=%2Fwp%2Fv2%2Fmedia&parent=5538"}],"curies":[{"name":"wp","href":"https:\/\/api.w.org\/{rel}","templated":true}]}}