{"id":5524,"date":"2025-05-29T20:21:56","date_gmt":"2025-05-29T17:21:56","guid":{"rendered":"https:\/\/www.eurokolikonmaailma.fi\/?page_id=5524"},"modified":"2025-05-30T00:49:36","modified_gmt":"2025-05-29T21:49:36","slug":"sea-hawk","status":"publish","type":"page","link":"https:\/\/www.eurokolikonmaailma.fi\/?page_id=5524","title":{"rendered":"Sea Hawk"},"content":{"rendered":"<p><img loading=\"lazy\" decoding=\"async\" style=\"color: #000000; font-family: 'Times New Roman'; line-height: normal; font-size: medium; font-weight: bold; width: 123px; height: 47px;\" src=\"http:\/\/motu.eurokolikonmaailma.fi\/kuvat\/Sea_Hawk\/motuc.1.jpg\" alt=\"\" width=\"580\" height=\"221\" \/> \u00a0<img loading=\"lazy\" decoding=\"async\" class=\"alignnone size-full wp-image-5504\" src=\"https:\/\/motu.eurokolikonmaailma.fi\/kuvat\/Sea_Hawk\/FilmationLogo_small.png\" alt=\"\" width=\"46\" height=\"47\" \/><br style=\"color: #000000; font-family: 'Times New Roman'; font-size: medium; font-weight: bold; line-height: normal;\" \/><span style=\"color: #000000; font-family: 'Times New Roman'; font-size: medium; line-height: normal;\">Tuotekoodi: Y7732<\/span><\/p>\n<h1>Sea Hawk<br \/>\n&#8211; Heroic Etherian Pirate<\/h1>\n<p><img loading=\"lazy\" decoding=\"async\" class=\"alignnone size-full wp-image-5525\" src=\"https:\/\/motu.eurokolikonmaailma.fi\/kuvat\/Sea_Hawk\/Y7734_003_600x600.jpg\" alt=\"\" width=\"300\" height=\"300\" \/> <img loading=\"lazy\" decoding=\"async\" class=\"alignnone size-full wp-image-5526\" src=\"https:\/\/motu.eurokolikonmaailma.fi\/kuvat\/Sea_Hawk\/Y7734_004_600x600.jpg\" alt=\"\" width=\"300\" height=\"300\" \/><\/p>\n<p><strong>Oikea nimi:<\/strong> Captain Jeoff Blithe<\/p>\n<p>Son of the legendary Captain Falcon, Sea Hawk is a commander of the Solar Sailor crew and a pirate without peer. Whereas his father was an indisputably good man with a kind heart who stole gold from the Horde to give to the poor, Sea Hawk grew up to be decidedly greedy and shameless. He worked as a \u201chired ship,\u201d transporting cargo for the Horde, until Adora convinced him to aid the rebellion and choose freedom over money. While shipwrecked on a magical island, Sea Hawk found his long lost father who bestowed upon his son an armament of mystical weapons to aid him in his quest to overthrow the Horde Empire. Sea Hawk is now a magically armed hero fighting against the evil Horde!<\/p>\n<p><em>Legendaarisen kapteenin Falconin poika, Sea Hawk on Aurinko Sailorien komentaja ja merirosvo vailla vertaa. Toisin kuin is\u00e4ns\u00e4, joka oli kiistatta hyv\u00e4 ja hyv\u00e4syd\u00e4minen mies, joka ry\u00f6sti kultaa Herdeilta antaakseen k\u00f6yhille, Sea Hawk kasvoi ahneeksi ja h\u00e4vytt\u00f6m\u00e4ksi. H\u00e4n ty\u00f6skenteli &#8221;palkattuna aluksena&#8221;, kuljettaen rahtia Hordeille, kunnes Adora sai h\u00e4net auttamaan kapinallisia ja valitsemaan vapauden rahan sijaan. Ollessaan haaksirikkoutuneena maagisella saarella, Sea Hawk l\u00f6ysi kauan kadoksissa olleen is\u00e4ns\u00e4, joka antoi h\u00e4nelle joukon mystisi\u00e4 aseita auttamaan h\u00e4nt\u00e4 teht\u00e4v\u00e4ss\u00e4\u00e4n sy\u00f6st\u00e4 Hordi-Imperiumi vallastaan. Sea Hawk on nyt maagisesti aseistettu sankari, joka tasitelee ilkeit\u00e4 Hordeja vastaan!<\/em><\/p>\n","protected":false},"excerpt":{"rendered":"<p>\u00a0Tuotekoodi: Y7732 Sea Hawk &#8211; Heroic Etherian Pirate Oikea nimi: Captain Jeoff Blithe Son of the legendary Captain Falcon, Sea Hawk is a commander of the Solar Sailor crew and a pirate without peer. Whereas his father was an indisputably &hellip; <a href=\"https:\/\/www.eurokolikonmaailma.fi\/?page_id=5524\">Lue loppuun <span class=\"meta-nav\">&rarr;<\/span><\/a><\/p>\n","protected":false},"author":1,"featured_media":0,"parent":2119,"menu_order":0,"comment_status":"closed","ping_status":"closed","template":"","meta":{"footnotes":""},"class_list":["post-5524","page","type-page","status-publish","hentry"],"_links":{"self":[{"href":"https:\/\/www.eurokolikonmaailma.fi\/index.php?rest_route=\/wp\/v2\/pages\/5524","targetHints":{"allow":["GET"]}}],"collection":[{"href":"https:\/\/www.eurokolikonmaailma.fi\/index.php?rest_route=\/wp\/v2\/pages"}],"about":[{"href":"https:\/\/www.eurokolikonmaailma.fi\/index.php?rest_route=\/wp\/v2\/types\/page"}],"author":[{"embeddable":true,"href":"https:\/\/www.eurokolikonmaailma.fi\/index.php?rest_route=\/wp\/v2\/users\/1"}],"replies":[{"embeddable":true,"href":"https:\/\/www.eurokolikonmaailma.fi\/index.php?rest_route=%2Fwp%2Fv2%2Fcomments&post=5524"}],"version-history":[{"count":3,"href":"https:\/\/www.eurokolikonmaailma.fi\/index.php?rest_route=\/wp\/v2\/pages\/5524\/revisions"}],"predecessor-version":[{"id":5573,"href":"https:\/\/www.eurokolikonmaailma.fi\/index.php?rest_route=\/wp\/v2\/pages\/5524\/revisions\/5573"}],"up":[{"embeddable":true,"href":"https:\/\/www.eurokolikonmaailma.fi\/index.php?rest_route=\/wp\/v2\/pages\/2119"}],"wp:attachment":[{"href":"https:\/\/www.eurokolikonmaailma.fi\/index.php?rest_route=%2Fwp%2Fv2%2Fmedia&parent=5524"}],"curies":[{"name":"wp","href":"https:\/\/api.w.org\/{rel}","templated":true}]}}