{"id":551,"date":"2011-08-11T20:25:04","date_gmt":"2011-08-11T17:25:04","guid":{"rendered":"http:\/\/www.eurokolikonmaailma.fi\/blogi\/?page_id=551"},"modified":"2023-07-29T22:20:45","modified_gmt":"2023-07-29T19:20:45","slug":"dc-comics-presents-47-from-eternia-with-death","status":"publish","type":"page","link":"https:\/\/www.eurokolikonmaailma.fi\/?page_id=551","title":{"rendered":"DC Comics Presents #47 &#8211; From Eternia with Death!"},"content":{"rendered":"<h1><span style=\"font-size: x-large;\">DC Comics Presents #47 &#8211; From Eternia With Death! ($0,60)<\/span><\/h1>\n<p><img loading=\"lazy\" decoding=\"async\" title=\"DC Comics Presents #47 - kansikuva\" src=\"http:\/\/motu.eurokolikonmaailma.fi\/kuvat\/sarjis\/dc_pre_47.jpg\" alt=\"\" width=\"324\" height=\"500\" \/><\/p>\n<p>T\u00e4m\u00e4 on kaikkien aikojen ensimm\u00e4inen julkaistu t\u00e4ysikokoinen Masters of the Universe -sarjakuvalehti.<\/p>\n<p>Julkaisuaika:\u00a0hein\u00e4kuu 1982<br \/>\nJulkaisija: DC Comics<\/p>\n<p><strong><span style=\"text-decoration: underline;\"><span style=\"font-size: large;\">Tekij\u00e4t<\/span><\/span><\/strong><\/p>\n<p><strong>Teksti:<\/strong>\u00a0Paul Kupperberg<br \/>\n<strong>Kuvitus:<\/strong>\u00a0Curt Swan<br \/>\n<strong>Tussaus:<\/strong>\u00a0Mike DeCarlo<br \/>\n<strong>Tekstitt\u00e4j\u00e4:<\/strong>\u00a0Ben Oda<br \/>\n<strong>V\u00e4rit:<\/strong>\u00a0Gene D&#8217;Angelo<br \/>\n<strong>Toimittaja:<\/strong>\u00a0Dave Manak<br \/>\n<strong>Konsultoiva toimittaja:<\/strong>\u00a0Julius Schwartz<\/p>\n<p><strong>Lue lehti:<br \/>\n<\/strong><div class=\"_3d-flip-book  fb3d-fullscreen-mode full-size\" data-id=\"4394\" data-mode=\"fullscreen\" data-title=\"false\" data-template=\"short-white-book-view\" data-lightbox=\"dark-shadow\" data-urlparam=\"fb3d-page\" data-page-n=\"0\" data-pdf=\"\" data-tax=\"null\" data-thumbnail=\"\" data-cols=\"3\" data-book-template=\"default\" data-trigger=\"\"><\/div><script type=\"text\/javascript\">window.FB3D_CLIENT_DATA = window.FB3D_CLIENT_DATA || [];FB3D_CLIENT_DATA.push('eyJwb3N0cyI6eyI0Mzk0Ijp7IklEIjo0Mzk0LCJ0aXRsZSI6IkRDIENvbWljcyBQcmVzZW50cyAjNDciLCJ0eXBlIjoicGRmIiwicmVhZHlfZnVuY3Rpb24iOiIiLCJib29rX3N0eWxlIjoidm9sdW1lIiwiYm9va190ZW1wbGF0ZSI6Im5vbmUiLCJvdXRsaW5lIjpbXSwiZGF0YSI6eyJwb3N0X0lEIjoiNDM5MyIsImd1aWQiOiJodHRwOlwvXC93d3cuZXVyb2tvbGlrb25tYWFpbG1hLmZpXC9ibG9naVwvd3AtY29udGVudFwvdXBsb2Fkc1wvMjAxOVwvMDZcL0Zyb20tRXRlcm5pYS13aXRoLURlYXRoLnBkZiIsInBkZl9wYWdlcyI6IjM2IiwicGFnZXNfY3VzdG9taXphdGlvbiI6Im5vbmUifSwidGh1bWJuYWlsIjp7ImRhdGEiOnsicG9zdF9JRCI6IjAifSwidHlwZSI6ImF1dG8ifSwicHJvcHMiOnsiYmFja2dyb3VuZENvbG9yIjoiYXV0byIsImJhY2tncm91bmRJbWFnZSI6ImF1dG8iLCJiYWNrZ3JvdW5kU3R5bGUiOiJhdXRvIiwiaGlnaGxpZ2h0TGlua3MiOiJhdXRvIiwibGlnaHRpbmciOiJhdXRvIiwic2luZ2xlUGFnZU1vZGUiOiJhdXRvIiwiY2FjaGVkUGFnZXMiOiJhdXRvIiwicmVuZGVySW5hY3RpdmVQYWdlcyI6ImF1dG8iLCJyZW5kZXJJbmFjdGl2ZVBhZ2VzT25Nb2JpbGUiOiJhdXRvIiwicmVuZGVyV2hpbGVGbGlwcGluZyI6ImF1dG8iLCJwcmVsb2FkUGFnZXMiOiJhdXRvIiwiYXV0b1BsYXlEdXJhdGlvbiI6ImF1dG8iLCJydGwiOiJhdXRvIiwiaW50ZXJhY3RpdmVDb3JuZXJzIjoiYXV0byIsIm1heERlcHRoIjoiYXV0byIsInNoZWV0Ijp7InN0YXJ0VmVsb2NpdHkiOiJhdXRvIiwid2F2ZSI6ImF1dG8iLCJzaGFwZSI6ImF1dG8iLCJ3aWR0aFRleGVscyI6ImF1dG8iLCJjb2xvciI6ImF1dG8iLCJzaWRlIjoiYXV0byIsInN0cmV0Y2hJbWFnZXMiOiJhdXRvIiwiY29ybmVyRGV2aWF0aW9uIjoiYXV0byIsImZsZXhpYmlsaXR5IjoiYXV0byIsImZsZXhpYmxlQ29ybmVyIjoiYXV0byIsImJlbmRpbmciOiJhdXRvIiwiaGVpZ2h0VGV4ZWxzIjoiYXV0byJ9LCJjb3ZlciI6eyJ3YXZlIjoiYXV0byIsImNvbG9yIjoiYXV0byIsInNpZGUiOiJhdXRvIiwic3RyZXRjaEltYWdlcyI6ImF1dG8iLCJiaW5kZXJUZXh0dXJlIjoiYXV0byIsImRlcHRoIjoiYXV0byIsInBhZGRpbmciOiJhdXRvIiwic3RhcnRWZWxvY2l0eSI6ImF1dG8iLCJmbGV4aWJpbGl0eSI6ImF1dG8iLCJmbGV4aWJsZUNvcm5lciI6ImF1dG8iLCJiZW5kaW5nIjoiYXV0byIsIndpZHRoVGV4ZWxzIjoiYXV0byIsImhlaWdodFRleGVscyI6ImF1dG8iLCJtYXNzIjoiYXV0byIsInNoYXBlIjoiYXV0byJ9LCJwYWdlIjp7IndhdmUiOiJhdXRvIiwiY29sb3IiOiJhdXRvIiwic2lkZSI6ImF1dG8iLCJzdHJldGNoSW1hZ2VzIjoiYXV0byIsImRlcHRoIjoiYXV0byIsInN0YXJ0VmVsb2NpdHkiOiJhdXRvIiwiZmxleGliaWxpdHkiOiJhdXRvIiwiZmxleGlibGVDb3JuZXIiOiJhdXRvIiwiYmVuZGluZyI6ImF1dG8iLCJ3aWR0aFRleGVscyI6ImF1dG8iLCJoZWlnaHRUZXhlbHMiOiJhdXRvIiwibWFzcyI6ImF1dG8iLCJzaGFwZSI6ImF1dG8ifSwiaGVpZ2h0IjoiYXV0byIsIndpZHRoIjoiYXV0byIsImdyYXZpdHkiOiJhdXRvIiwicGFnZXNGb3JQcmVkaWN0aW5nIjoiYXV0byJ9LCJjb250cm9sUHJvcHMiOnsiYWN0aW9ucyI6eyJjbWRUb2MiOnsiZW5hYmxlZCI6ImF1dG8iLCJlbmFibGVkSW5OYXJyb3ciOiJhdXRvIiwiYWN0aXZlIjoiYXV0byIsImRlZmF1bHRUYWIiOiJhdXRvIn0sImNtZEF1dG9QbGF5Ijp7ImVuYWJsZWQiOiJhdXRvIiwiZW5hYmxlZEluTmFycm93IjoiYXV0byIsImFjdGl2ZSI6ImF1dG8ifSwiY21kU2F2ZSI6eyJlbmFibGVkIjoiMCIsImVuYWJsZWRJbk5hcnJvdyI6IjAifSwiY21kUHJpbnQiOnsiZW5hYmxlZCI6IjAiLCJlbmFibGVkSW5OYXJyb3ciOiIwIn0sImNtZFNpbmdsZVBhZ2UiOnsiZW5hYmxlZCI6ImF1dG8iLCJlbmFibGVkSW5OYXJyb3ciOiJhdXRvIiwiYWN0aXZlIjoiYXV0byIsImFjdGl2ZUZvck1vYmlsZSI6ImF1dG8ifSwid2lkVG9vbGJhciI6eyJlbmFibGVkIjoiYXV0byIsImVuYWJsZWRJbk5hcnJvdyI6ImF1dG8ifX19LCJhdXRvVGh1bWJuYWlsIjoiaHR0cHM6XC9cL3d3dy5ldXJva29saWtvbm1hYWlsbWEuZmlcL2Jsb2dpXC93cC1jb250ZW50XC91cGxvYWRzXC8zZC1mbGlwLWJvb2tcL2F1dG8tdGh1bWJuYWlsc1wvNDM5NC5wbmciLCJwb3N0X25hbWUiOiJkYy1jb21pY3MtcHJlc2VudHMtNDciLCJwb3N0X3R5cGUiOiIzZC1mbGlwLWJvb2sifX0sInBhZ2VzIjpbXSwiZmlyc3RQYWdlcyI6W119');window.FB3D_CLIENT_LOCALE && FB3D_CLIENT_LOCALE.render && FB3D_CLIENT_LOCALE.render();<\/script><\/p>\n","protected":false},"excerpt":{"rendered":"<p>DC Comics Presents #47 &#8211; From Eternia With Death! ($0,60) T\u00e4m\u00e4 on kaikkien aikojen ensimm\u00e4inen julkaistu t\u00e4ysikokoinen Masters of the Universe -sarjakuvalehti. Julkaisuaika:\u00a0hein\u00e4kuu 1982 Julkaisija: DC Comics Tekij\u00e4t Teksti:\u00a0Paul Kupperberg Kuvitus:\u00a0Curt Swan Tussaus:\u00a0Mike DeCarlo Tekstitt\u00e4j\u00e4:\u00a0Ben Oda V\u00e4rit:\u00a0Gene D&#8217;Angelo Toimittaja:\u00a0Dave Manak &hellip; <a href=\"https:\/\/www.eurokolikonmaailma.fi\/?page_id=551\">Lue loppuun <span class=\"meta-nav\">&rarr;<\/span><\/a><\/p>\n","protected":false},"author":1,"featured_media":0,"parent":4991,"menu_order":0,"comment_status":"open","ping_status":"closed","template":"","meta":{"footnotes":""},"class_list":["post-551","page","type-page","status-publish","hentry"],"_links":{"self":[{"href":"https:\/\/www.eurokolikonmaailma.fi\/index.php?rest_route=\/wp\/v2\/pages\/551","targetHints":{"allow":["GET"]}}],"collection":[{"href":"https:\/\/www.eurokolikonmaailma.fi\/index.php?rest_route=\/wp\/v2\/pages"}],"about":[{"href":"https:\/\/www.eurokolikonmaailma.fi\/index.php?rest_route=\/wp\/v2\/types\/page"}],"author":[{"embeddable":true,"href":"https:\/\/www.eurokolikonmaailma.fi\/index.php?rest_route=\/wp\/v2\/users\/1"}],"replies":[{"embeddable":true,"href":"https:\/\/www.eurokolikonmaailma.fi\/index.php?rest_route=%2Fwp%2Fv2%2Fcomments&post=551"}],"version-history":[{"count":6,"href":"https:\/\/www.eurokolikonmaailma.fi\/index.php?rest_route=\/wp\/v2\/pages\/551\/revisions"}],"predecessor-version":[{"id":4395,"href":"https:\/\/www.eurokolikonmaailma.fi\/index.php?rest_route=\/wp\/v2\/pages\/551\/revisions\/4395"}],"up":[{"embeddable":true,"href":"https:\/\/www.eurokolikonmaailma.fi\/index.php?rest_route=\/wp\/v2\/pages\/4991"}],"wp:attachment":[{"href":"https:\/\/www.eurokolikonmaailma.fi\/index.php?rest_route=%2Fwp%2Fv2%2Fmedia&parent=551"}],"curies":[{"name":"wp","href":"https:\/\/api.w.org\/{rel}","templated":true}]}}