{"id":5501,"date":"2025-05-29T18:37:25","date_gmt":"2025-05-29T15:37:25","guid":{"rendered":"https:\/\/www.eurokolikonmaailma.fi\/?page_id=5501"},"modified":"2025-05-30T00:27:24","modified_gmt":"2025-05-29T21:27:24","slug":"icer","status":"publish","type":"page","link":"https:\/\/www.eurokolikonmaailma.fi\/?page_id=5501","title":{"rendered":"Icer"},"content":{"rendered":"<p><img loading=\"lazy\" decoding=\"async\" style=\"color: #000000; font-family: 'Times New Roman'; line-height: normal; font-size: medium; font-weight: bold; width: 123px; height: 47px;\" src=\"http:\/\/motu.eurokolikonmaailma.fi\/kuvat\/Icer\/motuc.1.jpg\" alt=\"\" width=\"580\" height=\"221\" \/> \u00a0<img loading=\"lazy\" decoding=\"async\" class=\"alignnone size-full wp-image-5504\" src=\"https:\/\/motu.eurokolikonmaailma.fi\/kuvat\/Icer\/FilmationLogo_small.png\" alt=\"\" width=\"46\" height=\"47\" \/><br style=\"color: #000000; font-family: 'Times New Roman'; font-size: medium; font-weight: bold; line-height: normal;\" \/><span style=\"color: #000000; font-family: 'Times New Roman'; font-size: medium; line-height: normal;\">Tuotekoodi: Y7730<\/span><\/p>\n<h1>Icer<br \/>\n&#8211; Evil Master of Cold<\/h1>\n<p><img loading=\"lazy\" decoding=\"async\" class=\"alignnone size-full wp-image-5502\" src=\"https:\/\/motu.eurokolikonmaailma.fi\/kuvat\/Icer\/Y7730_003_600x600.jpg\" alt=\"\" width=\"300\" height=\"300\" \/><img loading=\"lazy\" decoding=\"async\" class=\"alignnone size-full wp-image-5503\" src=\"https:\/\/motu.eurokolikonmaailma.fi\/kuvat\/Icer\/Y7730_004_600x600.jpg\" alt=\"\" width=\"300\" height=\"300\" \/><\/p>\n<p><strong>Oikea nimi:<\/strong> Icleeel of the Outer Stilia Clan<\/p>\n<p>Originally from the outskirts of Stilia in the Ice Mountains, Icer\u2122 is a master at controlling cold weather. Skeletor\u00ae recruited him after realizing a need for evil agents in the North and exploited him when Whiplash\u00ae failed to obtain the Ice Raider from King Randor\u00ae. Skeletor\u00ae ordered his new frozen ally to take over the northern weather station and create cold weather all over Eternia\u00ae, while he attempted to steal the Ice Raider himself. Icer\u2122 has freezing powers and melts into water when he needs to get in or out of tight spots.<\/p>\n<p><em>Alunperin J\u00e4\u00e4vuorilta Stilian laitamilta, Icer on mestari kylm\u00e4n s\u00e4\u00e4n hallinnassa, Skeletor v\u00e4rv\u00e4si h\u00e4net sen j\u00e4lkeen, kun Skeletor tajusi tarvitsevansa pahoja toimijoita pohjoisessa ja k\u00e4ytti h\u00e4nt\u00e4 hyv\u00e4kseen, kun Whiplash ei onnistunut saamaan Ice Raideria Kuningas Randorilta. Skeletor komensi uuden j\u00e4isen liittolaisensa valtaamaan pohjoisen s\u00e4\u00e4aseman ja luomaan kylm\u00e4n s\u00e4\u00e4n kaikkialle Eternialle, sill\u00e4 aikaa kun h\u00e4n yritti itse varastaa Ice Raiderin. Icerilla on j\u00e4\u00e4t\u00e4vi\u00e4 voimia ja sulaa vedeksi, kun h\u00e4nen t\u00e4ytyy p\u00e4\u00e4st\u00e4 pois kiipelist\u00e4.<\/em><\/p>\n","protected":false},"excerpt":{"rendered":"<p>\u00a0Tuotekoodi: Y7730 Icer &#8211; Evil Master of Cold Oikea nimi: Icleeel of the Outer Stilia Clan Originally from the outskirts of Stilia in the Ice Mountains, Icer\u2122 is a master at controlling cold weather. Skeletor\u00ae recruited him after realizing a &hellip; <a href=\"https:\/\/www.eurokolikonmaailma.fi\/?page_id=5501\">Lue loppuun <span class=\"meta-nav\">&rarr;<\/span><\/a><\/p>\n","protected":false},"author":1,"featured_media":0,"parent":2119,"menu_order":0,"comment_status":"closed","ping_status":"closed","template":"","meta":{"footnotes":""},"class_list":["post-5501","page","type-page","status-publish","hentry"],"_links":{"self":[{"href":"https:\/\/www.eurokolikonmaailma.fi\/index.php?rest_route=\/wp\/v2\/pages\/5501","targetHints":{"allow":["GET"]}}],"collection":[{"href":"https:\/\/www.eurokolikonmaailma.fi\/index.php?rest_route=\/wp\/v2\/pages"}],"about":[{"href":"https:\/\/www.eurokolikonmaailma.fi\/index.php?rest_route=\/wp\/v2\/types\/page"}],"author":[{"embeddable":true,"href":"https:\/\/www.eurokolikonmaailma.fi\/index.php?rest_route=\/wp\/v2\/users\/1"}],"replies":[{"embeddable":true,"href":"https:\/\/www.eurokolikonmaailma.fi\/index.php?rest_route=%2Fwp%2Fv2%2Fcomments&post=5501"}],"version-history":[{"count":3,"href":"https:\/\/www.eurokolikonmaailma.fi\/index.php?rest_route=\/wp\/v2\/pages\/5501\/revisions"}],"predecessor-version":[{"id":5566,"href":"https:\/\/www.eurokolikonmaailma.fi\/index.php?rest_route=\/wp\/v2\/pages\/5501\/revisions\/5566"}],"up":[{"embeddable":true,"href":"https:\/\/www.eurokolikonmaailma.fi\/index.php?rest_route=\/wp\/v2\/pages\/2119"}],"wp:attachment":[{"href":"https:\/\/www.eurokolikonmaailma.fi\/index.php?rest_route=%2Fwp%2Fv2%2Fmedia&parent=5501"}],"curies":[{"name":"wp","href":"https:\/\/api.w.org\/{rel}","templated":true}]}}