{"id":5496,"date":"2025-05-29T17:58:56","date_gmt":"2025-05-29T14:58:56","guid":{"rendered":"https:\/\/www.eurokolikonmaailma.fi\/?page_id=5496"},"modified":"2025-05-30T00:25:01","modified_gmt":"2025-05-29T21:25:01","slug":"na-he-man","status":"publish","type":"page","link":"https:\/\/www.eurokolikonmaailma.fi\/?page_id=5496","title":{"rendered":"NA He-Man"},"content":{"rendered":"<p><img loading=\"lazy\" decoding=\"async\" style=\"color: #000000; font-family: 'Times New Roman'; line-height: normal; font-size: medium; font-weight: bold; width: 123px; height: 47px;\" src=\"http:\/\/motu.eurokolikonmaailma.fi\/kuvat\/NA_hm\/motuc.1.jpg\" alt=\"\" width=\"580\" height=\"221\" \/><img loading=\"lazy\" decoding=\"async\" class=\"alignnone size-full\" src=\"https:\/\/motu.eurokolikonmaailma.fi\/kuvat\/NA_hm\/GalacticProtectors_logo.jpg\" width=\"89\" height=\"47\" \/><img loading=\"lazy\" decoding=\"async\" style=\"color: #000000; font-family: 'Times New Roman'; line-height: normal; font-size: medium; font-weight: bold; width: 46px; height: 47px;\" src=\"http:\/\/motu.eurokolikonmaailma.fi\/kuvat\/NA_hm\/clubeternia_burst.gif\" alt=\"\" width=\"79\" height=\"80\" \/><br style=\"color: #000000; font-family: 'Times New Roman'; font-size: medium; font-weight: bold; line-height: normal;\" \/><span style=\"color: #000000; font-family: 'Times New Roman'; font-size: medium; line-height: normal;\">Tuotekoodi: Y3196<\/span><\/p>\n<h1>He-Man<br \/>\n&#8211; Galactic Protector<\/h1>\n<p><img loading=\"lazy\" decoding=\"async\" class=\"alignnone size-full wp-image-5497\" src=\"https:\/\/motu.eurokolikonmaailma.fi\/kuvat\/NA_hm\/Y3196_004_600x600.jpg\" alt=\"\" width=\"300\" height=\"300\" \/> <img loading=\"lazy\" decoding=\"async\" class=\"alignnone size-full wp-image-5498\" src=\"https:\/\/motu.eurokolikonmaailma.fi\/kuvat\/NA_hm\/Y3196_005_600x600.jpg\" alt=\"\" width=\"300\" height=\"300\" \/><\/p>\n<p><strong>Oikea nimi:<\/strong> Adam of the\u00a0House of Randor<\/p>\n<p>Following the Second Ultimate Battleground, a victorious Skeletor\u00ae abandoned Eternia\u00ae after learning of the might of the Horde Empire. Eager to stop his old nemesis, He-Man\u00ae quickly joined forces with the Galactic Protectors who had arrived through a Laser Gate to seek his aid. Combining his power with that of Starship\u00a0<em>Eternia<\/em>\u00ae, Adam forsook his alternate identity, becoming He-Man\u00ae permanently. With the triple strength of the Power of the Universe, the Elder\u2019s Wisdom to tap into hidden magic and now the Energy of Starship\u00a0<em>Eternia<\/em>\u00ae; the Most Powerful Man in the Universe\u00ae is ready to travel through space to capture Skeletor\u00ae and bring him to justice!<\/p>\n<p><em>Toisen Ultimaalisen Taistelukent\u00e4n -taistelun j\u00e4lkeen, voittoisa Skeletor hylk\u00e4si Eternian saatuaan tiet\u00e4\u00e4 Hordi Imperiumin mahdista. Innokas pys\u00e4ytt\u00e4\u00e4kseen vanhan vihollisensa, He-Man rivakasti yhdisti voimansa Galaktisten Suojelijoiden, jotka saapuivat Laserportin kautta etsien h\u00e4nt\u00e4 avukseen, kanssa. Yhdist\u00e4en voimansa T\u00e4htialus Eternian kanssa, Adam hylk\u00e4si vaihtoehtoisen identiteettins\u00e4, ryhtyen pysyv\u00e4sti He-Maniksi. Yhdess\u00e4 Universumin\u00a0 Voiman, Vanhimpien Viisauden ja T\u00e4htialus Eternian energian kanssa; maailmankaikkeuden vahvin mies on valmis matkaamaan avaruuden halki napatakseen Skeletorin ja tuomaan h\u00e4net oikeuden eteen!<\/em><\/p>\n","protected":false},"excerpt":{"rendered":"<p>Tuotekoodi: Y3196 He-Man &#8211; Galactic Protector Oikea nimi: Adam of the\u00a0House of Randor Following the Second Ultimate Battleground, a victorious Skeletor\u00ae abandoned Eternia\u00ae after learning of the might of the Horde Empire. Eager to stop his old nemesis, He-Man\u00ae quickly &hellip; <a href=\"https:\/\/www.eurokolikonmaailma.fi\/?page_id=5496\">Lue loppuun <span class=\"meta-nav\">&rarr;<\/span><\/a><\/p>\n","protected":false},"author":1,"featured_media":0,"parent":2119,"menu_order":0,"comment_status":"closed","ping_status":"closed","template":"","meta":{"footnotes":""},"class_list":["post-5496","page","type-page","status-publish","hentry"],"_links":{"self":[{"href":"https:\/\/www.eurokolikonmaailma.fi\/index.php?rest_route=\/wp\/v2\/pages\/5496","targetHints":{"allow":["GET"]}}],"collection":[{"href":"https:\/\/www.eurokolikonmaailma.fi\/index.php?rest_route=\/wp\/v2\/pages"}],"about":[{"href":"https:\/\/www.eurokolikonmaailma.fi\/index.php?rest_route=\/wp\/v2\/types\/page"}],"author":[{"embeddable":true,"href":"https:\/\/www.eurokolikonmaailma.fi\/index.php?rest_route=\/wp\/v2\/users\/1"}],"replies":[{"embeddable":true,"href":"https:\/\/www.eurokolikonmaailma.fi\/index.php?rest_route=%2Fwp%2Fv2%2Fcomments&post=5496"}],"version-history":[{"count":3,"href":"https:\/\/www.eurokolikonmaailma.fi\/index.php?rest_route=\/wp\/v2\/pages\/5496\/revisions"}],"predecessor-version":[{"id":5564,"href":"https:\/\/www.eurokolikonmaailma.fi\/index.php?rest_route=\/wp\/v2\/pages\/5496\/revisions\/5564"}],"up":[{"embeddable":true,"href":"https:\/\/www.eurokolikonmaailma.fi\/index.php?rest_route=\/wp\/v2\/pages\/2119"}],"wp:attachment":[{"href":"https:\/\/www.eurokolikonmaailma.fi\/index.php?rest_route=%2Fwp%2Fv2%2Fmedia&parent=5496"}],"curies":[{"name":"wp","href":"https:\/\/api.w.org\/{rel}","templated":true}]}}