{"id":5484,"date":"2025-05-29T16:29:56","date_gmt":"2025-05-29T13:29:56","guid":{"rendered":"https:\/\/www.eurokolikonmaailma.fi\/?page_id=5484"},"modified":"2025-05-30T00:18:18","modified_gmt":"2025-05-29T21:18:18","slug":"rokkon-and-stonedar","status":"publish","type":"page","link":"https:\/\/www.eurokolikonmaailma.fi\/?page_id=5484","title":{"rendered":"Rokkon and Stonedar"},"content":{"rendered":"<p><img loading=\"lazy\" decoding=\"async\" style=\"color: #000000; font-family: 'Times New Roman'; line-height: normal; font-size: medium; font-weight: bold; width: 123px; height: 47px;\" src=\"http:\/\/motu.eurokolikonmaailma.fi\/kuvat\/CometWarriors\/motuc.1.jpg\" alt=\"\" width=\"580\" height=\"221\" \/><img loading=\"lazy\" decoding=\"async\" src=\"http:\/\/motu.eurokolikonmaailma.fi\/kuvat\/CometWarriors\/comic_con_logo.jpg\" alt=\"\" width=\"40\" height=\"48\" \/><br style=\"color: #000000; font-family: 'Times New Roman'; font-size: medium; font-weight: bold; line-height: normal;\" \/><span style=\"color: #000000; font-family: 'Times New Roman'; font-size: medium; line-height: normal;\">Tuotekoodi: Y3215<\/span><\/p>\n<h1>Rokkon<br \/>\n&#8211; Young Heroic Battling Boulder<\/h1>\n<h1>Stonedar<br \/>\n&#8211; Heroic Leader of the Comet Warriors<\/h1>\n<p><img loading=\"lazy\" decoding=\"async\" class=\"alignnone size-full wp-image-5485\" src=\"https:\/\/motu.eurokolikonmaailma.fi\/kuvat\/CometWarriors\/Y3215_005_600x600.jpg\" alt=\"\" width=\"300\" height=\"300\" \/> <img loading=\"lazy\" decoding=\"async\" class=\"alignnone size-full wp-image-5486\" src=\"https:\/\/motu.eurokolikonmaailma.fi\/kuvat\/CometWarriors\/Y3215_006_600x600.jpg\" alt=\"\" width=\"300\" height=\"300\" \/><\/p>\n<p><strong>Oikea nimi:<\/strong> Rokkon<\/p>\n<p>Rocked from his stationary orbit patrol by a light storm from Horde World, Rokkon was part of a brigade of Comet Warriors thrown across the universe. Arriving on Eternia along with his leader, Stonedar, Rokkon quickly allied with the Masters of the Universe, eager to defeat those who strove to enslave his people. Along with others of his race, Rokkon can transform into a mighty meterorite to roll into battle and surprise attackers. His rocky body can deflect laser blasts as he bursts forth to aid the heroic warriors in the heart of battle!<\/p>\n<p><em>Hordimaalmasta tuleenn valomyrskyn partiokiertoradaltaan sy\u00f6ksem\u00e4 Rokkon oli osa Komeettasoturien prikaatia, joka lensi maailmankaikkeuden halki. Saapuen Eternialle yhdess\u00e4 johtajansa, Stonedarin kanssa, Rokkon nopeasti liittoutui Universumin mestareiden kanssa, haluten peitota kaikki jotka haluavat urjuuttaa h\u00e4nen kansansa. Muiden rotunsa edustajien tapaan, Rokkon voi muuntautua mahtavaksi meteoriitiksi py\u00f6ri\u00e4kseen taisteluun ja yll\u00e4tt\u00e4\u00e4kseen hy\u00f6kk\u00e4\u00e4j\u00e4t. H\u00e4nen kivinen kehonsa voi kimmottaa lasers\u00e4teit\u00e4, h\u00e4nen rynn\u00e4tess\u00e4\u00e4n eteenp\u00e4in auttaakseen hyvyyden taistelijoita taistelun keskell\u00e4!<\/em><\/p>\n<p><strong>Oikea nimi:<\/strong> Stonedar<\/p>\n<p>From the heart of the Horde Empire, Anillus Kur unleashed a powerful light storm which drove the Comet Warriors from their orbit and hurled them through space. Blasting through several untamed star bands, several Comet Warriors, including Stonedar, their heroic leader, arrived on the magical planet of Eternia. Part of a peaceful clan that shies away from conflict of any kind, Stonedar quickly realized some evil needed to be fought and allied himself and his warriors with He-Man and the Masters of the Universe. Stonedar can use his blazing armor to temporarily blind attackers in battle. When the Rock People are in danger, he transforms into his boulder form to drive back the enemy!<\/p>\n<p><em>Hordi Imperiumin syd\u00e4mest\u00e4, Anillus Kur p\u00e4\u00e4sti valloilleen voimakkaan valomyrskyn, joka sy\u00f6ksi Komeettasoturit kiertoradaltaan avaruuden halki. Lent\u00e4en usean villin t\u00e4htivy\u00f6hykkeen l\u00e4pi, useat Komeettasoturit, mukaan lukien Stonedar, heid\u00e4n sankarillinen johtajansa, saapuivat maagiselle Eternia-planeetalle. Rauhaa rakastavan klaanin, joka pid\u00e4tt\u00e4ytyy kaikenlaisesta konfliktista, j\u00e4senen\u00e4, Stonedar nopeasti tajusi, ett\u00e4 pahuutta vastaan on taisteltava ja liittoutui sotureineen He-Manin ja Universumin mestareiden kanssa. Stonedar voi k\u00e4ytt\u00e4\u00e4 s\u00e4ihkyv\u00e4\u00e4 haarniskaansa v\u00e4liaikaisesti sokaistaakseen hy\u00f6k\u00e4\u00e4j\u00e4t taistelussa. Kun Kivikansa on vaarassa, h\u00e4n muuntautuu kivenmurikaksi ajaakseen viholliset tiehens\u00e4!<\/em><\/p>\n","protected":false},"excerpt":{"rendered":"<p>Tuotekoodi: Y3215 Rokkon &#8211; Young Heroic Battling Boulder Stonedar &#8211; Heroic Leader of the Comet Warriors Oikea nimi: Rokkon Rocked from his stationary orbit patrol by a light storm from Horde World, Rokkon was part of a brigade of Comet &hellip; <a href=\"https:\/\/www.eurokolikonmaailma.fi\/?page_id=5484\">Lue loppuun <span class=\"meta-nav\">&rarr;<\/span><\/a><\/p>\n","protected":false},"author":1,"featured_media":0,"parent":2119,"menu_order":0,"comment_status":"closed","ping_status":"closed","template":"","meta":{"footnotes":""},"class_list":["post-5484","page","type-page","status-publish","hentry"],"_links":{"self":[{"href":"https:\/\/www.eurokolikonmaailma.fi\/index.php?rest_route=\/wp\/v2\/pages\/5484","targetHints":{"allow":["GET"]}}],"collection":[{"href":"https:\/\/www.eurokolikonmaailma.fi\/index.php?rest_route=\/wp\/v2\/pages"}],"about":[{"href":"https:\/\/www.eurokolikonmaailma.fi\/index.php?rest_route=\/wp\/v2\/types\/page"}],"author":[{"embeddable":true,"href":"https:\/\/www.eurokolikonmaailma.fi\/index.php?rest_route=\/wp\/v2\/users\/1"}],"replies":[{"embeddable":true,"href":"https:\/\/www.eurokolikonmaailma.fi\/index.php?rest_route=%2Fwp%2Fv2%2Fcomments&post=5484"}],"version-history":[{"count":3,"href":"https:\/\/www.eurokolikonmaailma.fi\/index.php?rest_route=\/wp\/v2\/pages\/5484\/revisions"}],"predecessor-version":[{"id":5562,"href":"https:\/\/www.eurokolikonmaailma.fi\/index.php?rest_route=\/wp\/v2\/pages\/5484\/revisions\/5562"}],"up":[{"embeddable":true,"href":"https:\/\/www.eurokolikonmaailma.fi\/index.php?rest_route=\/wp\/v2\/pages\/2119"}],"wp:attachment":[{"href":"https:\/\/www.eurokolikonmaailma.fi\/index.php?rest_route=%2Fwp%2Fv2%2Fmedia&parent=5484"}],"curies":[{"name":"wp","href":"https:\/\/api.w.org\/{rel}","templated":true}]}}