{"id":5476,"date":"2025-05-29T15:17:57","date_gmt":"2025-05-29T12:17:57","guid":{"rendered":"https:\/\/www.eurokolikonmaailma.fi\/?page_id=5476"},"modified":"2025-05-30T00:15:21","modified_gmt":"2025-05-29T21:15:21","slug":"plundor","status":"publish","type":"page","link":"https:\/\/www.eurokolikonmaailma.fi\/?page_id=5476","title":{"rendered":"Plundor"},"content":{"rendered":"<p><img loading=\"lazy\" decoding=\"async\" style=\"color: #000000; font-family: 'Times New Roman'; line-height: normal; font-size: medium; font-weight: bold; width: 123px; height: 47px;\" src=\"http:\/\/motu.eurokolikonmaailma.fi\/kuvat\/Plundor\/motuc.1.jpg\" alt=\"\" width=\"580\" height=\"221\" \/><img loading=\"lazy\" decoding=\"async\" style=\"color: #000000; font-family: 'Times New Roman'; line-height: normal; font-size: medium; font-weight: bold; width: 46px; height: 47px;\" src=\"http:\/\/motu.eurokolikonmaailma.fi\/kuvat\/Plundor\/clubeternia_burst.gif\" alt=\"\" width=\"79\" height=\"80\" \/><br style=\"color: #000000; font-family: 'Times New Roman'; font-size: medium; font-weight: bold; line-height: normal;\" \/><span style=\"color: #000000; font-family: 'Times New Roman'; font-size: medium; line-height: normal;\">Tuotekoodi: Y7735<\/span><\/p>\n<h1>Plundor<br \/>\n&#8211; Evil Rabbit Seeking Riches<\/h1>\n<p><img loading=\"lazy\" decoding=\"async\" class=\"alignnone size-full wp-image-5478\" src=\"https:\/\/motu.eurokolikonmaailma.fi\/kuvat\/Plundor\/plundor_card_front.jpg\" alt=\"\" width=\"207\" height=\"300\" \/><img loading=\"lazy\" decoding=\"async\" class=\"alignnone size-full wp-image-5479\" src=\"https:\/\/motu.eurokolikonmaailma.fi\/kuvat\/Plundor\/plundor_card_back.jpg\" alt=\"\" width=\"230\" height=\"300\" \/><\/p>\n<p><strong>Oikea nimi:<\/strong> Plundor the Spoiler<\/p>\n<p>Corrupted by power and obsessed with money, Plundor\u2122 is a genius inventor who travels the universe, seeking out new ways to increase his riches. When he came upon the utopian planet Draedus, Plundor\u2122 used his evil machines to ravage the planet and distill its precious life force into a small vial to be sold to the highest bidder. He-Man\u00ae happened upon Draedus after Skeletor\u00ae erased his memory and sent him through the Crossroads of All Universes. He-Man\u00ae met the planet\u2019s displaced creatures and helped them return the life force back to Draedus and imprison the evil conqueror. Plundor\u2122 invents flying robots and machines to become the richest being in the universe.<\/p>\n<p><em>Vallan korruptoima ja rahanahne Plundor on nerokas keksij\u00e4, joka matkaa maailmankaukkeudessa etsien uusia tapoja lis\u00e4t\u00e4kseen omaisuuttaan. Kun h\u00e4n saapui utopistiselle Draedus-planeetalle, Plundor k\u00e4ytti pahoja koneitaan tuhotakseen planeetan ja tislatakseen sen kallisarvoisen elinvoiman pieneen pulloon ja myyd\u00e4kseen sen korkeimmasta tarjouksesta. Hr-Man p\u00e4\u00e4tyi Draedukselle, kun Skeletor pyyhki h\u00e4nen muistinsa ja l\u00e4hetti h\u00e4net kaikkien maailmankaikkeuksien risteym\u00e4\u00e4n. He-Man tapasi planeetan syrj\u00e4ytetyt olennot ja auttoi heit\u00e4 palauttamaan Draeduksen elinvoiman sek\u00e4 vangitsemaan pahan valloittajan. Plundor keksii lent\u00e4vi\u00e4 robotteja ja koneita tullakseen maailmankaikkeuden rikkaimmaksi.<\/em><\/p>\n","protected":false},"excerpt":{"rendered":"<p>Tuotekoodi: Y7735 Plundor &#8211; Evil Rabbit Seeking Riches Oikea nimi: Plundor the Spoiler Corrupted by power and obsessed with money, Plundor\u2122 is a genius inventor who travels the universe, seeking out new ways to increase his riches. When he came &hellip; <a href=\"https:\/\/www.eurokolikonmaailma.fi\/?page_id=5476\">Lue loppuun <span class=\"meta-nav\">&rarr;<\/span><\/a><\/p>\n","protected":false},"author":1,"featured_media":0,"parent":2119,"menu_order":0,"comment_status":"closed","ping_status":"closed","template":"","meta":{"footnotes":""},"class_list":["post-5476","page","type-page","status-publish","hentry"],"_links":{"self":[{"href":"https:\/\/www.eurokolikonmaailma.fi\/index.php?rest_route=\/wp\/v2\/pages\/5476","targetHints":{"allow":["GET"]}}],"collection":[{"href":"https:\/\/www.eurokolikonmaailma.fi\/index.php?rest_route=\/wp\/v2\/pages"}],"about":[{"href":"https:\/\/www.eurokolikonmaailma.fi\/index.php?rest_route=\/wp\/v2\/types\/page"}],"author":[{"embeddable":true,"href":"https:\/\/www.eurokolikonmaailma.fi\/index.php?rest_route=\/wp\/v2\/users\/1"}],"replies":[{"embeddable":true,"href":"https:\/\/www.eurokolikonmaailma.fi\/index.php?rest_route=%2Fwp%2Fv2%2Fcomments&post=5476"}],"version-history":[{"count":4,"href":"https:\/\/www.eurokolikonmaailma.fi\/index.php?rest_route=\/wp\/v2\/pages\/5476\/revisions"}],"predecessor-version":[{"id":5560,"href":"https:\/\/www.eurokolikonmaailma.fi\/index.php?rest_route=\/wp\/v2\/pages\/5476\/revisions\/5560"}],"up":[{"embeddable":true,"href":"https:\/\/www.eurokolikonmaailma.fi\/index.php?rest_route=\/wp\/v2\/pages\/2119"}],"wp:attachment":[{"href":"https:\/\/www.eurokolikonmaailma.fi\/index.php?rest_route=%2Fwp%2Fv2%2Fmedia&parent=5476"}],"curies":[{"name":"wp","href":"https:\/\/api.w.org\/{rel}","templated":true}]}}