{"id":5472,"date":"2025-05-29T14:54:47","date_gmt":"2025-05-29T11:54:47","guid":{"rendered":"https:\/\/www.eurokolikonmaailma.fi\/?page_id=5472"},"modified":"2025-05-30T00:12:38","modified_gmt":"2025-05-29T21:12:38","slug":"castaspella","status":"publish","type":"page","link":"https:\/\/www.eurokolikonmaailma.fi\/?page_id=5472","title":{"rendered":"Castaspella"},"content":{"rendered":"<p><img loading=\"lazy\" decoding=\"async\" style=\"color: #000000; font-family: 'Times New Roman'; line-height: normal; font-size: medium; font-weight: bold; width: 123px; height: 47px;\" src=\"http:\/\/motu.eurokolikonmaailma.fi\/kuvat\/Castaspella\/motuc.1.jpg\" alt=\"\" width=\"580\" height=\"221\" \/><img decoding=\"async\" style=\"color: #000000; font-family: 'Times New Roman'; line-height: normal; font-size: medium; font-weight: bold; width: 96px; height: 47px;\" src=\"http:\/\/motu.eurokolikonmaailma.fi\/kuvat\/Castaspella\/POP_logo.jpg\" \/><img loading=\"lazy\" decoding=\"async\" style=\"color: #000000; font-family: 'Times New Roman'; line-height: normal; font-size: medium; font-weight: bold; width: 46px; height: 47px;\" src=\"http:\/\/motu.eurokolikonmaailma.fi\/kuvat\/Castaspella\/clubeternia_newburst.gif\" alt=\"\" width=\"79\" height=\"80\" \/><br style=\"color: #000000; font-family: 'Times New Roman'; font-size: medium; font-weight: bold; line-height: normal;\" \/><span style=\"color: #000000; font-family: 'Times New Roman'; font-size: medium; line-height: normal;\">Tuotekoodi: Y3192<\/span><\/p>\n<h1>Castaspella<br \/>\n&#8211; Enchantress Who Hypnotizes<\/h1>\n<p><img loading=\"lazy\" decoding=\"async\" class=\"alignnone size-full wp-image-5473\" src=\"https:\/\/motu.eurokolikonmaailma.fi\/kuvat\/Castaspella\/y3192_003_600x600.jpg\" alt=\"\" width=\"300\" height=\"300\" \/> <img loading=\"lazy\" decoding=\"async\" class=\"alignnone size-full wp-image-5474\" src=\"https:\/\/motu.eurokolikonmaailma.fi\/kuvat\/Castaspella\/y3192_004_600x600.jpg\" alt=\"\" width=\"300\" height=\"300\" \/><\/p>\n<p><strong>Oikea nimi:<\/strong> Esmeralda<\/p>\n<p>Beautiful friend to She-Ra\u00ae, Castaspella\u2122 is one of the most powerful mages on Etheria. After the Horde claimed her beautiful planet as a new homeworld during their banishment in Despondos\u2122, Castaspella\u2122 became a leader in the Great Rebellion helping to defend the people of Etheria with her magic. She has been known to temporarily hypnotize her foes, and although she can be a bit flighty at times, her strength and courage have helped her fight the oppression of Hordak\u00ae. She is special friends with both Angella and Frosta\u2122 and only uses her magic for good.<\/p>\n<p><em>She-Ran kaunis yst\u00e4v\u00e4, Castaspella on yksi Etherian mahtavimmista maageista. Sen j\u00e4lkeen kun Hordak p\u00e4\u00e4tti tehd\u00e4 h\u00e4nen kauniista planeetastaan uuden Hordien kotimaailman, Hordien Despondosiin karkoituksen aikana, Castaspellasta tuli johtaja Suureen Kapinaan auttaen puolustamaan Etheriaa taikavoimillaan. H\u00e4nen tiedet\u00e4\u00e4n v\u00e4liaikaisesti hypnotisoivan vihollisensa, ja vaikka h\u00e4n saattaakin olla toisinaan hieman h\u00e4ilyv\u00e4inen, h\u00e4nen voimansa ja rohkeutensa ovat auttaneet h\u00e4nt\u00e4 taistelemaan Hordakin sortoa vastaan. H\u00e4n on Angellan sek\u00e4 Frostan erityinen yst\u00e4v\u00e4 ja k\u00e4ytt\u00e4\u00e4 taikaansa vain hyv\u00e4n tekemiseen.<\/em><\/p>\n","protected":false},"excerpt":{"rendered":"<p>Tuotekoodi: Y3192 Castaspella &#8211; Enchantress Who Hypnotizes Oikea nimi: Esmeralda Beautiful friend to She-Ra\u00ae, Castaspella\u2122 is one of the most powerful mages on Etheria. After the Horde claimed her beautiful planet as a new homeworld during their banishment in Despondos\u2122, &hellip; <a href=\"https:\/\/www.eurokolikonmaailma.fi\/?page_id=5472\">Lue loppuun <span class=\"meta-nav\">&rarr;<\/span><\/a><\/p>\n","protected":false},"author":1,"featured_media":0,"parent":2119,"menu_order":0,"comment_status":"closed","ping_status":"closed","template":"","meta":{"footnotes":""},"class_list":["post-5472","page","type-page","status-publish","hentry"],"_links":{"self":[{"href":"https:\/\/www.eurokolikonmaailma.fi\/index.php?rest_route=\/wp\/v2\/pages\/5472","targetHints":{"allow":["GET"]}}],"collection":[{"href":"https:\/\/www.eurokolikonmaailma.fi\/index.php?rest_route=\/wp\/v2\/pages"}],"about":[{"href":"https:\/\/www.eurokolikonmaailma.fi\/index.php?rest_route=\/wp\/v2\/types\/page"}],"author":[{"embeddable":true,"href":"https:\/\/www.eurokolikonmaailma.fi\/index.php?rest_route=\/wp\/v2\/users\/1"}],"replies":[{"embeddable":true,"href":"https:\/\/www.eurokolikonmaailma.fi\/index.php?rest_route=%2Fwp%2Fv2%2Fcomments&post=5472"}],"version-history":[{"count":3,"href":"https:\/\/www.eurokolikonmaailma.fi\/index.php?rest_route=\/wp\/v2\/pages\/5472\/revisions"}],"predecessor-version":[{"id":5559,"href":"https:\/\/www.eurokolikonmaailma.fi\/index.php?rest_route=\/wp\/v2\/pages\/5472\/revisions\/5559"}],"up":[{"embeddable":true,"href":"https:\/\/www.eurokolikonmaailma.fi\/index.php?rest_route=\/wp\/v2\/pages\/2119"}],"wp:attachment":[{"href":"https:\/\/www.eurokolikonmaailma.fi\/index.php?rest_route=%2Fwp%2Fv2%2Fmedia&parent=5472"}],"curies":[{"name":"wp","href":"https:\/\/api.w.org\/{rel}","templated":true}]}}