{"id":5442,"date":"2025-05-25T22:45:46","date_gmt":"2025-05-25T19:45:46","guid":{"rendered":"https:\/\/www.eurokolikonmaailma.fi\/?page_id=5442"},"modified":"2025-05-30T17:05:57","modified_gmt":"2025-05-30T14:05:57","slug":"snake-face","status":"publish","type":"page","link":"https:\/\/www.eurokolikonmaailma.fi\/?page_id=5442","title":{"rendered":"Snake Face"},"content":{"rendered":"<p><img loading=\"lazy\" decoding=\"async\" style=\"color: #000000; font-family: 'Times New Roman'; line-height: normal; font-size: medium; font-weight: bold; width: 123px; height: 47px;\" src=\"http:\/\/motu.eurokolikonmaailma.fi\/kuvat\/SnakeFace\/motuc.1.jpg\" alt=\"\" width=\"580\" height=\"221\" \/><img loading=\"lazy\" decoding=\"async\" style=\"color: #000000; font-family: 'Times New Roman'; line-height: normal; font-size: medium; font-weight: bold;\" src=\"http:\/\/motu.eurokolikonmaailma.fi\/kuvat\/SnakeFace\/snakelogo.jpg\" alt=\"\" width=\"74\" height=\"47\" \/><img loading=\"lazy\" decoding=\"async\" style=\"color: #000000; font-family: 'Times New Roman'; line-height: normal; font-size: medium; font-weight: bold; width: 46px; height: 47px;\" src=\"http:\/\/motu.eurokolikonmaailma.fi\/kuvat\/SnakeFace\/clubeternia_newburst.gif\" alt=\"\" width=\"79\" height=\"80\" \/><br style=\"color: #000000; font-family: 'Times New Roman'; font-size: medium; font-weight: bold; line-height: normal;\" \/><span style=\"color: #000000; font-family: 'Times New Roman'; font-size: medium; line-height: normal;\">Tuotekoodi: Y3188<\/span><\/p>\n<p><img loading=\"lazy\" decoding=\"async\" class=\"alignnone size-full wp-image-5443\" src=\"https:\/\/motu.eurokolikonmaailma.fi\/kuvat\/SnakeFace\/Y3188_004_600x600.jpg\" alt=\"\" width=\"300\" height=\"300\" \/> <img loading=\"lazy\" decoding=\"async\" class=\"alignnone size-full wp-image-5444\" src=\"https:\/\/motu.eurokolikonmaailma.fi\/kuvat\/SnakeFace\/Y3188_005_600x600.jpg\" alt=\"\" width=\"300\" height=\"300\" \/><\/p>\n<p><strong>Oikea nimi:<\/strong> Cyltho Ssstavvve<\/p>\n<p>Originally a minor training officer in the Unnamed One\u2019s Serpent Army, Cyltho Ssstavvve drew King Hssss\u2019 attention after he was enchanted with the ability to turn his enemies to stone by the Great Black Wizard. Quickly brought into Hssss\u2019 inner circle, Snake Face\u2122 often acted as the Viper King\u2019s second in command during the Great Wars with Grayskull\u2122. He was trapped with the entire Snake Army in the Void for five millennia, but eventually was called forth by King Hssss\u2122 to do battle once again after their release &#8211; this time against new enemies &#8211; He-Man\u00ae and the Masters of Universe\u00ae! Snake Face\u2122 slithers after his enemy, then turns him to stone!<\/p>\n<p><em>Alunperin v\u00e4h\u00e4p\u00e4t\u00f6inen upseeri Unnamed Onenin K\u00e4\u00e4rmearmeijassa, Cyltho Ssstavvve p\u00e4\u00e4si King Hssss:n tietoisuuteen sen j\u00e4lkeen kun h\u00e4n sai Suurelta Mustalta Velholta kyvyn muuttaa vihollisensa kiveksi. Noustessaan nopeasta Hssss:n sis\u00e4piiriin, Snake Face toimi usein Kyy Kuninkaan kakkosmiehen\u00e4 Grayskullin kanssa k\u00e4ytyjen Suurten Sotien aikaan. H\u00e4n oli vangittuna Tyhjyydess\u00e4 koko k\u00e4\u00e4rmearjeijan kanssa viiden vuosituhannen ajan, mutta lopulta h\u00e4n taisteli j\u00e4lleen King Hssss:n rinnalla vapautumisensa j\u00e4lkeen\u00a0 t\u00e4ll\u00e4 kertaa uusia vihollisia vastaan &#8211; He-Mania ja Universumin mestareita! Snake Face luikertelee vihollisensa luokse ja sitten muuttaa h\u00e4net kiveksi!<\/em><\/p>\n","protected":false},"excerpt":{"rendered":"<p>Tuotekoodi: Y3188 Oikea nimi: Cyltho Ssstavvve Originally a minor training officer in the Unnamed One\u2019s Serpent Army, Cyltho Ssstavvve drew King Hssss\u2019 attention after he was enchanted with the ability to turn his enemies to stone by the Great Black &hellip; <a href=\"https:\/\/www.eurokolikonmaailma.fi\/?page_id=5442\">Lue loppuun <span class=\"meta-nav\">&rarr;<\/span><\/a><\/p>\n","protected":false},"author":1,"featured_media":0,"parent":2119,"menu_order":0,"comment_status":"closed","ping_status":"closed","template":"","meta":{"footnotes":""},"class_list":["post-5442","page","type-page","status-publish","hentry"],"_links":{"self":[{"href":"https:\/\/www.eurokolikonmaailma.fi\/index.php?rest_route=\/wp\/v2\/pages\/5442","targetHints":{"allow":["GET"]}}],"collection":[{"href":"https:\/\/www.eurokolikonmaailma.fi\/index.php?rest_route=\/wp\/v2\/pages"}],"about":[{"href":"https:\/\/www.eurokolikonmaailma.fi\/index.php?rest_route=\/wp\/v2\/types\/page"}],"author":[{"embeddable":true,"href":"https:\/\/www.eurokolikonmaailma.fi\/index.php?rest_route=\/wp\/v2\/users\/1"}],"replies":[{"embeddable":true,"href":"https:\/\/www.eurokolikonmaailma.fi\/index.php?rest_route=%2Fwp%2Fv2%2Fcomments&post=5442"}],"version-history":[{"count":5,"href":"https:\/\/www.eurokolikonmaailma.fi\/index.php?rest_route=\/wp\/v2\/pages\/5442\/revisions"}],"predecessor-version":[{"id":5748,"href":"https:\/\/www.eurokolikonmaailma.fi\/index.php?rest_route=\/wp\/v2\/pages\/5442\/revisions\/5748"}],"up":[{"embeddable":true,"href":"https:\/\/www.eurokolikonmaailma.fi\/index.php?rest_route=\/wp\/v2\/pages\/2119"}],"wp:attachment":[{"href":"https:\/\/www.eurokolikonmaailma.fi\/index.php?rest_route=%2Fwp%2Fv2%2Fmedia&parent=5442"}],"curies":[{"name":"wp","href":"https:\/\/api.w.org\/{rel}","templated":true}]}}