{"id":5438,"date":"2025-05-25T22:19:04","date_gmt":"2025-05-25T19:19:04","guid":{"rendered":"https:\/\/www.eurokolikonmaailma.fi\/?page_id=5438"},"modified":"2025-05-30T00:04:44","modified_gmt":"2025-05-29T21:04:44","slug":"fang-man","status":"publish","type":"page","link":"https:\/\/www.eurokolikonmaailma.fi\/?page_id=5438","title":{"rendered":"Fang Man"},"content":{"rendered":"<p><img loading=\"lazy\" decoding=\"async\" style=\"color: #000000; font-family: 'Times New Roman'; line-height: normal; font-size: medium; font-weight: bold; width: 123px; height: 47px;\" src=\"http:\/\/motu.eurokolikonmaailma.fi\/kuvat\/FangMan\/motuc.1.jpg\" alt=\"\" width=\"580\" height=\"221\" \/><img loading=\"lazy\" decoding=\"async\" style=\"color: #000000; font-family: 'Times New Roman'; line-height: normal; font-size: medium; font-weight: bold; width: 46px; height: 47px;\" src=\"http:\/\/motu.eurokolikonmaailma.fi\/kuvat\/FangMan\/clubeternia_newburst.gif\" alt=\"\" width=\"79\" height=\"80\" \/><br style=\"color: #000000; font-family: 'Times New Roman'; font-size: medium; font-weight: bold; line-height: normal;\" \/><span style=\"color: #000000; font-family: 'Times New Roman'; font-size: medium; line-height: normal;\">Tuotekoodi: Y3187<\/span><\/p>\n<p><img loading=\"lazy\" decoding=\"async\" class=\"alignnone size-full wp-image-5436\" src=\"https:\/\/motu.eurokolikonmaailma.fi\/kuvat\/FangMan\/Y3187_fullsizeimage05.jpg\" alt=\"\" width=\"250\" height=\"350\" \/><img loading=\"lazy\" decoding=\"async\" class=\"alignnone size-full wp-image-5437\" src=\"https:\/\/motu.eurokolikonmaailma.fi\/kuvat\/FangMan\/Y3187_fullsizeimage06.jpg\" alt=\"\" width=\"250\" height=\"350\" \/><\/p>\n<p><strong>Oikea nimi:<\/strong> Scutes Ignis<\/p>\n<p>Evolved from the ancient Dragosaur species, Fang Man\u2122 spent his youth in the Valley of Dragons. Skeletor\u00ae recruited Fang Man\u2122 after discovering his ability to control the fire-breathing dragons to do his bidding. Fang Man\u2122 used the Dragosaurs of the past to assist the Evil Lord of Destruction\u2122 in his evil plans when Skeletor\u00ae used the Wheel of Infinity to go back into time and stop Castle Grayskull\u00ae from being built. Eventually, defeated by He-Man\u00ae, Skeletor\u00ae abandoned Fang Man\u2122 in the past where he resides with his ancestors on Dragosaur Isle, waiting for the return of his master. Fang Man\u2122 has piercing teeth and uses his mind-control ability to manipulate fire-breathing species.<\/p>\n<p><i>Muinaisesta Dragosaur-lajista kehittynyt, Fang Man vietti nuoruutensa Lohik\u00e4\u00e4rmeiden laaksossa. Skeletor v\u00e4rv\u00e4si Fang Manin huomattuaan h\u00e4nen kykyns\u00e4 hallita tulta sy\u00f6ksevi\u00e4 lohik\u00e4\u00e4rmeit\u00e4. Fang Man k\u00e4ytti menneisyyden Dragosaureja avustaakseen Pahaa Tuhon Lordia, kun Skeletor k\u00e4ytti Ikuisuuden Py\u00f6r\u00e4\u00e4 menn\u00e4kseen ajassa takaisin ja est\u00e4\u00e4kseen Grayskullin linnan rakentamisen. He-Manin peitottua h\u00e4net, Skeletor hylk\u00e4si Fang Manin menneisyyteen, miss\u00e4 h\u00e4n asustaa Dragosaurien saarella, odottaen paluuta mestarinsa luokse. Fang Manilla on ter\u00e4v\u00e4t hampaat ja h\u00e4n k\u00e4ytt\u00e4\u00e4 ajatusten hallint\u00e4 kyky\u00e4\u00e4n manipuloidakseen tult\u00e4 sy\u00f6ksevi\u00e4 lajeja.<\/i><\/p>\n","protected":false},"excerpt":{"rendered":"<p>Tuotekoodi: Y3187 Oikea nimi: Scutes Ignis Evolved from the ancient Dragosaur species, Fang Man\u2122 spent his youth in the Valley of Dragons. Skeletor\u00ae recruited Fang Man\u2122 after discovering his ability to control the fire-breathing dragons to do his bidding. Fang &hellip; <a href=\"https:\/\/www.eurokolikonmaailma.fi\/?page_id=5438\">Lue loppuun <span class=\"meta-nav\">&rarr;<\/span><\/a><\/p>\n","protected":false},"author":1,"featured_media":0,"parent":2119,"menu_order":0,"comment_status":"closed","ping_status":"closed","template":"","meta":{"footnotes":""},"class_list":["post-5438","page","type-page","status-publish","hentry"],"_links":{"self":[{"href":"https:\/\/www.eurokolikonmaailma.fi\/index.php?rest_route=\/wp\/v2\/pages\/5438","targetHints":{"allow":["GET"]}}],"collection":[{"href":"https:\/\/www.eurokolikonmaailma.fi\/index.php?rest_route=\/wp\/v2\/pages"}],"about":[{"href":"https:\/\/www.eurokolikonmaailma.fi\/index.php?rest_route=\/wp\/v2\/types\/page"}],"author":[{"embeddable":true,"href":"https:\/\/www.eurokolikonmaailma.fi\/index.php?rest_route=\/wp\/v2\/users\/1"}],"replies":[{"embeddable":true,"href":"https:\/\/www.eurokolikonmaailma.fi\/index.php?rest_route=%2Fwp%2Fv2%2Fcomments&post=5438"}],"version-history":[{"count":4,"href":"https:\/\/www.eurokolikonmaailma.fi\/index.php?rest_route=\/wp\/v2\/pages\/5438\/revisions"}],"predecessor-version":[{"id":5556,"href":"https:\/\/www.eurokolikonmaailma.fi\/index.php?rest_route=\/wp\/v2\/pages\/5438\/revisions\/5556"}],"up":[{"embeddable":true,"href":"https:\/\/www.eurokolikonmaailma.fi\/index.php?rest_route=\/wp\/v2\/pages\/2119"}],"wp:attachment":[{"href":"https:\/\/www.eurokolikonmaailma.fi\/index.php?rest_route=%2Fwp%2Fv2%2Fmedia&parent=5438"}],"curies":[{"name":"wp","href":"https:\/\/api.w.org\/{rel}","templated":true}]}}