{"id":537,"date":"2011-08-06T20:43:38","date_gmt":"2011-08-06T17:43:38","guid":{"rendered":"http:\/\/www.eurokolikonmaailma.fi\/blogi\/?page_id=537"},"modified":"2025-05-30T14:30:05","modified_gmt":"2025-05-30T11:30:05","slug":"moss-man","status":"publish","type":"page","link":"https:\/\/www.eurokolikonmaailma.fi\/?page_id=537","title":{"rendered":"Moss Man"},"content":{"rendered":"<p><img loading=\"lazy\" decoding=\"async\" src=\"http:\/\/motu.eurokolikonmaailma.fi\/kuvat\/mossman\/motuc.1.jpg\" alt=\"\" width=\"118\" height=\"47\" border=\"0\" \/><img loading=\"lazy\" decoding=\"async\" src=\"http:\/\/motu.eurokolikonmaailma.fi\/kuvat\/mossman\/clubeternia_burst.gif\" alt=\"\" width=\"46\" height=\"47\" border=\"0\" \/><br \/>\nTuotekoodi: R6250<\/p>\n<h1>Moss Man<br \/>\n&#8211; Heroic Spy and Master of Camouflage<\/h1>\n<p><a href=\"http:\/\/motu.eurokolikonmaailma.fi\/kuvat\/mossman\/MossMan_box_front.jpg\" target=\"_blank\" rel=\"noopener\"><img loading=\"lazy\" decoding=\"async\" src=\"http:\/\/motu.eurokolikonmaailma.fi\/kuvat\/mossman\/MossMan_box_front.jpg\" alt=\"\" width=\"229\" height=\"336\" \/><\/a>\u00a0 \u00a0 \u00a0<a href=\"http:\/\/motu.eurokolikonmaailma.fi\/kuvat\/mossman\/mossman_cardback.jpg\" target=\"_blank\" rel=\"noopener\"><img loading=\"lazy\" decoding=\"async\" src=\"http:\/\/motu.eurokolikonmaailma.fi\/kuvat\/mossman\/mossman_cardback.jpg\" alt=\"\" width=\"239\" height=\"336\" \/><\/a><\/p>\n<p>Hahmosta julkaistaan kaksi eri versiota, peitetyill\u00e4 korvilla ja ilman. Syy edell\u00e4 mainittuun on, ett\u00e4 kun Mattel esitteli ensimm\u00e4isen kerran kuvia hahmon tuotantoversiosta, fanit eiv\u00e4t tyk\u00e4nneet siit\u00e4, ett\u00e4 hahmon korvatkin olivat peitetty &#8221;sammaleella&#8221; ja t\u00e4st\u00e4 syyst\u00e4 Mattel valmisti loput hahmot peitt\u00e4m\u00e4tt\u00f6mill\u00e4 korvilla. Peitettykorvisia hahmojen valmistusm\u00e4\u00e4r\u00e4 on huomattavasti pienempi. Peitt\u00e4m\u00e4tt\u00f6mill\u00e4 korvilla oleva hahmoversio toimitetaan tilauspalvelun j\u00e4senille.<\/p>\n<p>T\u00e4m\u00e4 on ensimm\u00e4inen hahmo, jonka pakkauksen sivulla ei ole ilmareiki\u00e4. T\u00e4m\u00e4 mahdollisesti liittyy siihen, ett\u00e4 hahmo on hajustettu.<\/p>\n<p>T\u00e4t\u00e4 hahmoa ei kannata kastella tai altistaa runsaalle kosteudelle, sill\u00e4 se irrottaa hahmon p\u00e4\u00e4llysteen.<\/p>\n<p><strong>Oikea nimi:<\/strong>\u00a0Kreann\u2019ot n\u2019Horosh\u2122<\/p>\n<p>Thought of for many centuries to be an urban legend, the creature called \u201cMoss Man\u00ae\u201d was, in fact, an ancient Eternian nature god and ally to King Grayskull\u2122. During the rise of Skeletor\u00ae and the subsequent battles with the Snake Men\u2122 and Horde invaders, Moss Man\u00ae often joined forces with the Masters of the Universe\u00ae, helping to protect freedom for all forms of life. He was instrumental in helping them win the Second Ultimate Battleground, using his powers over plant life and his \u201cfur\u201d of forest green to fool and frustrate his wicked foes<\/p>\n<p><em>Moss Man, olento, jota luultiin vuosisatoja pelk\u00e4ksi urbaaniksi legendaksi, olikin oikeasti muinainen Eternialainen luonnon jumala ja kuningas Grayskullin liittolainen. Skeletorin nousun ja sit\u00e4 seuranneiden K\u00e4\u00e4rmemiehi\u00e4 sek\u00e4 Hordeja vastaan sunntautuneiden taistelujen aikana, Moss Man usein taisteli yhdess\u00e4 Masters of the Universe -ryhm\u00e4n kanssa, auttaen puolustamaan kaikkien el\u00e4m\u00e4nmuotojen vapautta. H\u00e4n oli oleellisen t\u00e4rke\u00e4 auttaessaan heit\u00e4 voittamaan toisen Ultimaalisen Taistelukent\u00e4n, k\u00e4ytt\u00e4en kasvivoimiaan ja mets\u00e4vihre\u00e4\u00e4 &#8221;turkkiaan&#8221; h\u00e4m\u00e4t\u00e4kseen ja \u00e4rsytt\u00e4\u00e4kseen vastustajiaan.<\/em><\/p>\n<p><span style=\"text-decoration: underline;\"><strong>Mukana tulevat varusteet:<\/strong><\/span><br \/>\n* nuija<br \/>\n* extra p\u00e4\u00e4<br \/>\n* veitsi<br \/>\n* irrotettava k\u00f6ynn\u00f6s, jossa kotelo veitselle<\/p>\n<p><strong><span style=\"text-decoration: underline;\">Erityisominaisuudet:<\/span><\/strong><br \/>\n* hahmolla vihre\u00e4 &#8221;karvoitus&#8221;<br \/>\n* hahmo tuoksuu m\u00e4ntyiselle<\/p>\n<p>Hahmon tuoksu on saatu aikaan sekoittamalla valmistusvaiheessa nestem\u00e4inen tuoksu ja nestem\u00e4inen muovi kesken\u00e4\u00e4n. T\u00e4m\u00e4n pit\u00e4isi varmistaa, ett\u00e4 tuoksu pysyy hahmossa pitk\u00e4\u00e4n.<\/p>\n<p><strong>Loppuunmyynti aika (p\u00e4\u00e4llystetyt korvat):<\/strong>\u00a03 min<strong><br \/>\nLoppuunmyynti aika (p\u00e4\u00e4llyst\u00e4m\u00e4tt\u00f6m\u00e4t korvat):<\/strong>\u00a06 min<br \/>\n<strong>Loppuunmyynti aika (uudelleen julkaisu):<\/strong>\u00a011 p\u00e4iv\u00e4\u00e4 1 tunti 30\u00a0min<br \/>\n<strong>Loppuunmyynti aika (Black Friday \/ Cyber Monday 2011):<\/strong>\u00a0ei loppuun myynti\u00e4<br \/>\n<strong>Loppuunmyynti aika (Mad Matty Marh):<\/strong>\u00a0ei loppuun myynti\u00e4<\/p>\n<p><strong>Oman hahmon saapumiseen kulunut aika:\u00a0<\/strong>26 p\u00e4iv\u00e4\u00e4 (16 arkip\u00e4iv\u00e4\u00e4)<\/p>\n<p>&nbsp;<\/p>\n<h2>\u00a0L\u00e4hikuvat<\/h2>\n<p><a href=\"http:\/\/motu.eurokolikonmaailma.fi\/kuvat\/mossman\/mm_closeup_vintage.jpg\" target=\"_blank\" rel=\"noopener\"><img loading=\"lazy\" decoding=\"async\" src=\"http:\/\/motu.eurokolikonmaailma.fi\/kuvat\/mossman\/mm_closeup_vintage.jpg\" alt=\"\" width=\"330\" height=\"336\" \/><\/a><a href=\"http:\/\/motu.eurokolikonmaailma.fi\/kuvat\/mossman\/mm_closeup_200x.jpg\" target=\"_blank\" rel=\"noopener\"><img loading=\"lazy\" decoding=\"async\" src=\"http:\/\/motu.eurokolikonmaailma.fi\/kuvat\/mossman\/mm_closeup_200x.jpg\" alt=\"\" width=\"304\" height=\"326\" \/><\/a><\/p>\n<p>&nbsp;<\/p>\n<h2>\u00a0Kokovartalokuvat<\/h2>\n<p><a href=\"http:\/\/motu.eurokolikonmaailma.fi\/kuvat\/mossman\/mm_main.jpg\" target=\"_blank\" rel=\"noopener\"><img loading=\"lazy\" decoding=\"async\" src=\"http:\/\/motu.eurokolikonmaailma.fi\/kuvat\/mossman\/mm_main.jpg\" alt=\"\" width=\"218\" height=\"490\" \/><\/a><a href=\"http:\/\/motu.eurokolikonmaailma.fi\/kuvat\/mossman\/mm_front.jpg\" target=\"_blank\" rel=\"noopener\"><img loading=\"lazy\" decoding=\"async\" src=\"http:\/\/motu.eurokolikonmaailma.fi\/kuvat\/mossman\/mm_front.jpg\" alt=\"\" width=\"274\" height=\"490\" \/><\/a><a href=\"http:\/\/motu.eurokolikonmaailma.fi\/kuvat\/mossman\/mm_front_vine.jpg\" target=\"_blank\" rel=\"noopener\"><img loading=\"lazy\" decoding=\"async\" src=\"http:\/\/motu.eurokolikonmaailma.fi\/kuvat\/mossman\/mm_front_vine.jpg\" alt=\"\" width=\"286\" height=\"490\" \/><\/a><a href=\"http:\/\/motu.eurokolikonmaailma.fi\/kuvat\/mossman\/mm_angle1.jpg\" target=\"_blank\" rel=\"noopener\"><img loading=\"lazy\" decoding=\"async\" src=\"http:\/\/motu.eurokolikonmaailma.fi\/kuvat\/mossman\/mm_angle1.jpg\" alt=\"\" width=\"257\" height=\"490\" \/><\/a><a href=\"http:\/\/motu.eurokolikonmaailma.fi\/kuvat\/mossman\/mm_side1.jpg\" target=\"_blank\" rel=\"noopener\"><img loading=\"lazy\" decoding=\"async\" src=\"http:\/\/motu.eurokolikonmaailma.fi\/kuvat\/mossman\/mm_side1.jpg\" alt=\"\" width=\"132\" height=\"490\" \/><\/a><a href=\"http:\/\/motu.eurokolikonmaailma.fi\/kuvat\/mossman\/mm_angle2.jpg\" target=\"_blank\" rel=\"noopener\"><img loading=\"lazy\" decoding=\"async\" src=\"http:\/\/motu.eurokolikonmaailma.fi\/kuvat\/mossman\/mm_angle2.jpg\" alt=\"\" width=\"239\" height=\"490\" \/><\/a><a href=\"http:\/\/motu.eurokolikonmaailma.fi\/kuvat\/mossman\/mm_back.jpg\" target=\"_blank\" rel=\"noopener\"><img loading=\"lazy\" decoding=\"async\" src=\"http:\/\/motu.eurokolikonmaailma.fi\/kuvat\/mossman\/mm_back.jpg\" alt=\"\" width=\"268\" height=\"490\" \/><\/a><a href=\"http:\/\/motu.eurokolikonmaailma.fi\/kuvat\/mossman\/mm_angle3.jpg\" target=\"_blank\" rel=\"noopener\"><img loading=\"lazy\" decoding=\"async\" src=\"http:\/\/motu.eurokolikonmaailma.fi\/kuvat\/mossman\/mm_angle3.jpg\" alt=\"\" width=\"257\" height=\"490\" \/><\/a><a href=\"http:\/\/motu.eurokolikonmaailma.fi\/kuvat\/mossman\/mm_side2.jpg\" target=\"_blank\" rel=\"noopener\"><img loading=\"lazy\" decoding=\"async\" src=\"http:\/\/motu.eurokolikonmaailma.fi\/kuvat\/mossman\/mm_side2.jpg\" alt=\"\" width=\"130\" height=\"490\" \/><\/a><a href=\"http:\/\/motu.eurokolikonmaailma.fi\/kuvat\/mossman\/mm_angle4.jpg\" target=\"_blank\" rel=\"noopener\"><img loading=\"lazy\" decoding=\"async\" src=\"http:\/\/motu.eurokolikonmaailma.fi\/kuvat\/mossman\/mm_angle4.jpg\" alt=\"\" width=\"237\" height=\"490\" \/><\/a><\/p>\n<p>&nbsp;<\/p>\n<h2>Varusteet<\/h2>\n<p><a href=\"http:\/\/motu.eurokolikonmaailma.fi\/kuvat\/mossman\/mm_accessories.jpg\" target=\"_blank\" rel=\"noopener\"><img loading=\"lazy\" decoding=\"async\" src=\"http:\/\/motu.eurokolikonmaailma.fi\/kuvat\/mossman\/mm_accessories.jpg\" alt=\"\" width=\"354\" height=\"307\" \/><\/a><\/p>\n<p>&nbsp;<\/p>\n<h2>Videoesittelyni hahmosta:<\/h2>\n<p><strong>Suomi<\/strong><\/p>\n<p><iframe loading=\"lazy\" title=\"Masters of the Universe Classics Moss Man (Finnish)\" width=\"640\" height=\"360\" src=\"https:\/\/www.youtube.com\/embed\/nZ-Akb38hOQ?feature=oembed\" frameborder=\"0\" allow=\"accelerometer; autoplay; clipboard-write; encrypted-media; gyroscope; picture-in-picture; web-share\" referrerpolicy=\"strict-origin-when-cross-origin\" allowfullscreen><\/iframe><\/p>\n<p><strong>In English<\/strong><\/p>\n<p><em><span style=\"text-decoration: underline;\">Part 1<\/span><\/em><\/p>\n<p><iframe loading=\"lazy\" title=\"Masters of the Universe Classics Moss Man 1\/2 (English)\" width=\"640\" height=\"360\" src=\"https:\/\/www.youtube.com\/embed\/9B7j8vza_0U?feature=oembed\" frameborder=\"0\" allow=\"accelerometer; autoplay; clipboard-write; encrypted-media; gyroscope; picture-in-picture; web-share\" referrerpolicy=\"strict-origin-when-cross-origin\" allowfullscreen><\/iframe><\/p>\n<p><em><span style=\"text-decoration: underline;\">Part 2<\/span><\/em><\/p>\n<p><iframe loading=\"lazy\" title=\"Masters of the Universe Classics Moss Man 2\/2 (English)\" width=\"640\" height=\"360\" src=\"https:\/\/www.youtube.com\/embed\/OFgwcY7mOTw?feature=oembed\" frameborder=\"0\" allow=\"accelerometer; autoplay; clipboard-write; encrypted-media; gyroscope; picture-in-picture; web-share\" referrerpolicy=\"strict-origin-when-cross-origin\" allowfullscreen><\/iframe><\/p>\n","protected":false},"excerpt":{"rendered":"<p>Tuotekoodi: R6250 Moss Man &#8211; Heroic Spy and Master of Camouflage \u00a0 \u00a0 \u00a0 Hahmosta julkaistaan kaksi eri versiota, peitetyill\u00e4 korvilla ja ilman. Syy edell\u00e4 mainittuun on, ett\u00e4 kun Mattel esitteli ensimm\u00e4isen kerran kuvia hahmon tuotantoversiosta, fanit eiv\u00e4t tyk\u00e4nneet siit\u00e4, &hellip; <a href=\"https:\/\/www.eurokolikonmaailma.fi\/?page_id=537\">Lue loppuun <span class=\"meta-nav\">&rarr;<\/span><\/a><\/p>\n","protected":false},"author":1,"featured_media":0,"parent":292,"menu_order":0,"comment_status":"open","ping_status":"open","template":"","meta":{"footnotes":""},"class_list":["post-537","page","type-page","status-publish","hentry"],"_links":{"self":[{"href":"https:\/\/www.eurokolikonmaailma.fi\/index.php?rest_route=\/wp\/v2\/pages\/537","targetHints":{"allow":["GET"]}}],"collection":[{"href":"https:\/\/www.eurokolikonmaailma.fi\/index.php?rest_route=\/wp\/v2\/pages"}],"about":[{"href":"https:\/\/www.eurokolikonmaailma.fi\/index.php?rest_route=\/wp\/v2\/types\/page"}],"author":[{"embeddable":true,"href":"https:\/\/www.eurokolikonmaailma.fi\/index.php?rest_route=\/wp\/v2\/users\/1"}],"replies":[{"embeddable":true,"href":"https:\/\/www.eurokolikonmaailma.fi\/index.php?rest_route=%2Fwp%2Fv2%2Fcomments&post=537"}],"version-history":[{"count":12,"href":"https:\/\/www.eurokolikonmaailma.fi\/index.php?rest_route=\/wp\/v2\/pages\/537\/revisions"}],"predecessor-version":[{"id":5648,"href":"https:\/\/www.eurokolikonmaailma.fi\/index.php?rest_route=\/wp\/v2\/pages\/537\/revisions\/5648"}],"up":[{"embeddable":true,"href":"https:\/\/www.eurokolikonmaailma.fi\/index.php?rest_route=\/wp\/v2\/pages\/292"}],"wp:attachment":[{"href":"https:\/\/www.eurokolikonmaailma.fi\/index.php?rest_route=%2Fwp%2Fv2%2Fmedia&parent=537"}],"curies":[{"name":"wp","href":"https:\/\/api.w.org\/{rel}","templated":true}]}}