{"id":5348,"date":"2025-05-20T17:02:00","date_gmt":"2025-05-20T14:02:00","guid":{"rendered":"https:\/\/www.eurokolikonmaailma.fi\/?page_id=5348"},"modified":"2025-05-20T21:50:17","modified_gmt":"2025-05-20T18:50:17","slug":"he-man-and-the-masters-of-the-universe-the-curse-of-the-three-terrors","status":"publish","type":"page","link":"https:\/\/www.eurokolikonmaailma.fi\/?page_id=5348","title":{"rendered":"Masters of the Universe: The Curse of the Three Terrors"},"content":{"rendered":"<p>T\u00e4m\u00e4 10 minuuttinen flash-animaatiop\u00e4tk\u00e4 mukailee He-Man and the Masters of the Universe -animaatiosarjan (Filmation) tyyli\u00e4 ja sen on tuottanut Super 7 -leluyhti\u00f6, joka julkaisun aikaan valmisti ja julkaisi MOTU-hahmoja. T\u00e4m\u00e4 on t\u00e4ysin &#8221;virallinen&#8221; MOTU-animaatio. T\u00e4m\u00e4n animaation p\u00e4\u00e4asiallinen funktio oli toimia mainoksena Super 7-yhtion omalle Three Terrors -figuurisarjalle.<\/p>\n<p>Animaatio julkaistiin 20.7.2016 San Diego Comic Con -tapahtumassa, josta sen pystyi my\u00f6s ostamaan VHS-kasettina. Noin pari viikkoa my\u00f6hemmin 1.8.2016 se julkaistiin my\u00f6s digitaalisesti hintaan $2. Suomalaisille ainoa paikka virallisesti ostaa t\u00e4m\u00e4 oli videopalvelu Vimeo. T\u00e4t\u00e4 kirjoitettaessa, t\u00e4t\u00e4 ei voi virallisesti Suomesta k\u00e4sin ostaa tai katsoa (jos olit aiemmin ostanut t\u00e4m\u00e4n Vimeossa, sen katseluoikeus toimii yh\u00e4).<\/p>\n<p>Animaatiossa \u00e4\u00e4nin\u00e4 toimivat Alan Oppenheimer (Skeletor, Mer-Man, Man-at-Arms), Josh Herbolsheimer, Brian Flynn ja Mark Morse. Animaation on ohjannut Beian Flynn sek\u00e4 kirjoittanut Brian Flynn yhdess\u00e4\u00a0 Josh Herbolsheimerin kanssa.<\/p>\n<p>Alla on animaation virallinen traileri. En linkit\u00e4 t\u00e4h\u00e4n kokopitk\u00e4\u00e4 versiota animaatiosta, mutta se on l\u00f6ydett\u00e4viss\u00e4 Youtubesta.<\/p>\n<p><iframe loading=\"lazy\" title=\"The Curse of the Three Terrors Trailer\" width=\"640\" height=\"360\" src=\"https:\/\/www.youtube.com\/embed\/Zatw9jgnylo?feature=oembed\" frameborder=\"0\" allow=\"accelerometer; autoplay; clipboard-write; encrypted-media; gyroscope; picture-in-picture; web-share\" referrerpolicy=\"strict-origin-when-cross-origin\" allowfullscreen><\/iframe><\/p>\n","protected":false},"excerpt":{"rendered":"<p>T\u00e4m\u00e4 10 minuuttinen flash-animaatiop\u00e4tk\u00e4 mukailee He-Man and the Masters of the Universe -animaatiosarjan (Filmation) tyyli\u00e4 ja sen on tuottanut Super 7 -leluyhti\u00f6, joka julkaisun aikaan valmisti ja julkaisi MOTU-hahmoja. T\u00e4m\u00e4 on t\u00e4ysin &#8221;virallinen&#8221; MOTU-animaatio. T\u00e4m\u00e4n animaation p\u00e4\u00e4asiallinen funktio oli toimia &hellip; <a href=\"https:\/\/www.eurokolikonmaailma.fi\/?page_id=5348\">Lue loppuun <span class=\"meta-nav\">&rarr;<\/span><\/a><\/p>\n","protected":false},"author":1,"featured_media":0,"parent":5349,"menu_order":0,"comment_status":"closed","ping_status":"closed","template":"","meta":{"footnotes":""},"class_list":["post-5348","page","type-page","status-publish","hentry"],"_links":{"self":[{"href":"https:\/\/www.eurokolikonmaailma.fi\/index.php?rest_route=\/wp\/v2\/pages\/5348","targetHints":{"allow":["GET"]}}],"collection":[{"href":"https:\/\/www.eurokolikonmaailma.fi\/index.php?rest_route=\/wp\/v2\/pages"}],"about":[{"href":"https:\/\/www.eurokolikonmaailma.fi\/index.php?rest_route=\/wp\/v2\/types\/page"}],"author":[{"embeddable":true,"href":"https:\/\/www.eurokolikonmaailma.fi\/index.php?rest_route=\/wp\/v2\/users\/1"}],"replies":[{"embeddable":true,"href":"https:\/\/www.eurokolikonmaailma.fi\/index.php?rest_route=%2Fwp%2Fv2%2Fcomments&post=5348"}],"version-history":[{"count":4,"href":"https:\/\/www.eurokolikonmaailma.fi\/index.php?rest_route=\/wp\/v2\/pages\/5348\/revisions"}],"predecessor-version":[{"id":5357,"href":"https:\/\/www.eurokolikonmaailma.fi\/index.php?rest_route=\/wp\/v2\/pages\/5348\/revisions\/5357"}],"up":[{"embeddable":true,"href":"https:\/\/www.eurokolikonmaailma.fi\/index.php?rest_route=\/wp\/v2\/pages\/5349"}],"wp:attachment":[{"href":"https:\/\/www.eurokolikonmaailma.fi\/index.php?rest_route=%2Fwp%2Fv2%2Fmedia&parent=5348"}],"curies":[{"name":"wp","href":"https:\/\/api.w.org\/{rel}","templated":true}]}}