{"id":5322,"date":"2025-05-18T18:23:49","date_gmt":"2025-05-18T15:23:49","guid":{"rendered":"https:\/\/www.eurokolikonmaailma.fi\/?page_id=5322"},"modified":"2025-08-03T14:54:46","modified_gmt":"2025-08-03T11:54:46","slug":"he-man-tarra","status":"publish","type":"page","link":"https:\/\/www.eurokolikonmaailma.fi\/?page_id=5322","title":{"rendered":"He-Man -tarra"},"content":{"rendered":"<p>T\u00e4llaisen He-Man -tarran sain kaupan p\u00e4\u00e4llisiksi, ostaessani <a href=\"https:\/\/www.eurokolikonmaailma.fi\/?page_id=5891\">Masters of the Universe Fandom<\/a> ja <a href=\"https:\/\/www.eurokolikonmaailma.fi\/?page_id=5893\">Princess of Power Fandom<\/a> UNO-kortit.<\/p>\n<p><a href=\"https:\/\/motu.eurokolikonmaailma.fi\/kuvat\/kortti_tarra\/heman_tarra.png\" target=\"_blank\" rel=\"noopener\"><img loading=\"lazy\" decoding=\"async\" class=\"alignnone wp-image-5327 size-medium\" src=\"https:\/\/motu.eurokolikonmaailma.fi\/kuvat\/kortti_tarra\/heman_tarra_viiva.png\" alt=\"\" width=\"192\" height=\"300\" \/><\/a><\/p>\n<p>&nbsp;<\/p>\n","protected":false},"excerpt":{"rendered":"<p>T\u00e4llaisen He-Man -tarran sain kaupan p\u00e4\u00e4llisiksi, ostaessani Masters of the Universe Fandom ja Princess of Power Fandom UNO-kortit. &nbsp;<\/p>\n","protected":false},"author":1,"featured_media":0,"parent":164,"menu_order":0,"comment_status":"closed","ping_status":"closed","template":"","meta":{"footnotes":""},"class_list":["post-5322","page","type-page","status-publish","hentry"],"_links":{"self":[{"href":"https:\/\/www.eurokolikonmaailma.fi\/index.php?rest_route=\/wp\/v2\/pages\/5322","targetHints":{"allow":["GET"]}}],"collection":[{"href":"https:\/\/www.eurokolikonmaailma.fi\/index.php?rest_route=\/wp\/v2\/pages"}],"about":[{"href":"https:\/\/www.eurokolikonmaailma.fi\/index.php?rest_route=\/wp\/v2\/types\/page"}],"author":[{"embeddable":true,"href":"https:\/\/www.eurokolikonmaailma.fi\/index.php?rest_route=\/wp\/v2\/users\/1"}],"replies":[{"embeddable":true,"href":"https:\/\/www.eurokolikonmaailma.fi\/index.php?rest_route=%2Fwp%2Fv2%2Fcomments&post=5322"}],"version-history":[{"count":7,"href":"https:\/\/www.eurokolikonmaailma.fi\/index.php?rest_route=\/wp\/v2\/pages\/5322\/revisions"}],"predecessor-version":[{"id":5985,"href":"https:\/\/www.eurokolikonmaailma.fi\/index.php?rest_route=\/wp\/v2\/pages\/5322\/revisions\/5985"}],"up":[{"embeddable":true,"href":"https:\/\/www.eurokolikonmaailma.fi\/index.php?rest_route=\/wp\/v2\/pages\/164"}],"wp:attachment":[{"href":"https:\/\/www.eurokolikonmaailma.fi\/index.php?rest_route=%2Fwp%2Fv2%2Fmedia&parent=5322"}],"curies":[{"name":"wp","href":"https:\/\/api.w.org\/{rel}","templated":true}]}}