{"id":528,"date":"2011-08-06T20:19:31","date_gmt":"2011-08-06T17:19:31","guid":{"rendered":"http:\/\/www.eurokolikonmaailma.fi\/blogi\/?page_id=528"},"modified":"2025-05-30T13:05:42","modified_gmt":"2025-05-30T10:05:42","slug":"beast-man","status":"publish","type":"page","link":"https:\/\/www.eurokolikonmaailma.fi\/?page_id=528","title":{"rendered":"Beast Man"},"content":{"rendered":"<p><img loading=\"lazy\" decoding=\"async\" src=\"http:\/\/motu.eurokolikonmaailma.fi\/kuvat\/beastman\/motuc.1.jpg\" alt=\"\" width=\"125\" height=\"48\" \/><br \/>\nTuotekoodi:\u00a0N6447<\/p>\n<h1>Beast Man<br \/>\n&#8211; Savage Henchman<\/h1>\n<p><a href=\"http:\/\/motu.eurokolikonmaailma.fi\/kuvat\/beastman\/bm_box_front.jpg\" target=\"_blank\" rel=\"noopener\"><img loading=\"lazy\" decoding=\"async\" src=\"http:\/\/motu.eurokolikonmaailma.fi\/kuvat\/beastman\/bm_box_front.jpg\" alt=\"\" width=\"239\" height=\"350\" border=\"0\" \/><\/a>\u00a0 \u00a0 \u00a0<span class=\"Apple-style-span\" style=\"color: #000000; font-family: Georgia, 'Times New Roman', 'Bitstream Charter', Times, serif; font-size: 12px; line-height: 18px;\"><a href=\"http:\/\/motu.eurokolikonmaailma.fi\/kuvat\/beastman\/bm_cardback.jpg\" target=\"_blank\" rel=\"noopener\"><img loading=\"lazy\" decoding=\"async\" src=\"http:\/\/motu.eurokolikonmaailma.fi\/kuvat\/beastman\/bm_cardback.jpg\" alt=\"\" width=\"249\" height=\"350\" border=\"0\" \/><\/a><\/span><\/p>\n<p>Osasta 1. julkaisun pakkauksista puuttui pakkauksen takapuolen muovinen ripustuskoukku (muttei itselt\u00e4ni).<\/p>\n<p>Beast Manin 1. julkaisun oli alunperin tarkoitus ilmesty\u00e4 marraskuun 2008 puliv\u00e4liss\u00e4 (15.11.2008), mutta Mattelilla oli hieman hankaluuksi irrotettavien haarniskojen toteuttamisen kanssa, joten kyseinen julkaisu siirtyi joulukuun 2008 alkuun (1.12.2008) yhdess\u00e4 He-Manin kanssa.<\/p>\n<p><strong>Oikea nimi:<\/strong>\u00a0Raqquill Rqazz<\/p>\n<p>After being banished from his home in the Vine Jungle, the beast man named Raqquill Rqazz joined up with a young alchemist named Keldor\u2122 during a skirmish in the Berserker Islands. Like others of his race, Rqazz has the ability to control beasts and monsters. He currently uses this particular talent as chief henchmen to Skeletor\u00ae, the Overlord of Evil\u2122.<\/p>\n<p><em>Sen j\u00e4lkeen kun h\u00e4net oli karkotettu kotoaan K\u00f6ynn\u00f6s Viidakosta, petomies nimelt\u00e4\u00e4n\u00a0Raqquill Rqazz liittyi nuoren alkemistin Keldorin joukkoihin Berserker Islandin kahakan aikana. Kuten muut h\u00e4nen kansastaan, Rqazzilla on my\u00f6s kyky hallita petoja sek\u00e4 hirvi\u00f6it\u00e4. H\u00e4n nykyisin k\u00e4ytt\u00e4\u00e4 t\u00e4t\u00e4 kyky\u00e4\u00e4n Skeletorin, pahuuden ylilordin p\u00e4\u00e4k\u00e4tyrin\u00e4.\u00a0<\/em><\/p>\n<p><strong><span style=\"text-decoration: underline;\">Mukana tulevat varusteet:<\/span><\/strong><br \/>\n* irrotettava haarniska<br \/>\n* ruoska<\/p>\n<p><strong>Loppuunmyynti aika:<\/strong>\u00a035 p\u00e4iv\u00e4\u00e4 1 tuntia 3 min<br \/>\n<strong>Loppuunmyynti aika (uudelleen julkaisu):<\/strong>\u00a02 p\u00e4iv\u00e4\u00e4 4 tuntia 30 min<br \/>\n<strong>Loppuunmyynti aika (uudelleen julkaisu 2):<\/strong> n. 2 p\u00e4iv\u00e4\u00e4 2 tuntia 30 min<\/p>\n<p><strong>Oman hahmon saapumiseen kulunut aika (1. julkaisuversio):\u00a0<\/strong>17 p\u00e4iv\u00e4\u00e4 (13 arkip\u00e4iv\u00e4\u00e4)<\/p>\n<p>&nbsp;<\/p>\n<h2>L\u00e4hikuva<\/h2>\n<p><a href=\"http:\/\/motu.eurokolikonmaailma.fi\/kuvat\/beastman\/bm_closeup.jpg\" target=\"_blank\" rel=\"noopener\"><img loading=\"lazy\" decoding=\"async\" src=\"http:\/\/motu.eurokolikonmaailma.fi\/kuvat\/beastman\/bm_closeup.jpg\" alt=\"\" width=\"420\" height=\"325\" \/><\/a><\/p>\n<p>&nbsp;<\/p>\n<h2>\u00a0<span class=\"Apple-style-span\" style=\"color: #000000; font-size: 22px; line-height: 32px;\">Kokovartalokuvat<\/span><\/h2>\n<p><span class=\"Apple-style-span\" style=\"font-size: 12px; line-height: 18px;\"><a href=\"http:\/\/motu.eurokolikonmaailma.fi\/kuvat\/beastman\/bm_main_alt.jpg\" target=\"_blank\" rel=\"noopener\"><img loading=\"lazy\" decoding=\"async\" src=\"http:\/\/motu.eurokolikonmaailma.fi\/kuvat\/beastman\/bm_main_alt.jpg\" alt=\"\" width=\"319\" height=\"490\" \/><\/a><\/span><\/p>\n<p><span class=\"Apple-style-span\" style=\"color: #000000; font-family: Georgia, 'Times New Roman', 'Bitstream Charter', Times, serif; font-size: 12px; line-height: 18px;\"><a href=\"http:\/\/motu.eurokolikonmaailma.fi\/kuvat\/beastman\/bm_front.jpg\" target=\"_blank\" rel=\"noopener\"><img loading=\"lazy\" decoding=\"async\" style=\"-webkit-user-select: none;\" src=\"http:\/\/motu.eurokolikonmaailma.fi\/kuvat\/beastman\/bm_front.jpg\" alt=\"\" width=\"304\" height=\"490\" \/><\/a><\/span><a href=\"http:\/\/motu.eurokolikonmaailma.fi\/kuvat\/beastman\/bm_no_armor_front.jpg\" target=\"_blank\" rel=\"noopener\"><img loading=\"lazy\" decoding=\"async\" src=\"http:\/\/motu.eurokolikonmaailma.fi\/kuvat\/beastman\/bm_no_armor_front.jpg\" alt=\"\" width=\"285\" height=\"490\" \/><\/a><\/p>\n<p><span class=\"Apple-style-span\" style=\"color: #000000; font-family: Georgia, 'Times New Roman', 'Bitstream Charter', Times, serif; font-size: 12px; line-height: 18px;\"><a href=\"http:\/\/motu.eurokolikonmaailma.fi\/kuvat\/beastman\/bm_angle1.jpg\" target=\"_blank\" rel=\"noopener\"><img loading=\"lazy\" decoding=\"async\" src=\"http:\/\/motu.eurokolikonmaailma.fi\/kuvat\/beastman\/bm_angle1.jpg\" alt=\"\" width=\"261\" height=\"490\" \/><\/a><a href=\"http:\/\/motu.eurokolikonmaailma.fi\/kuvat\/beastman\/bm_no_armor_angle1.jpg\" target=\"_blank\" rel=\"noopener\"><img loading=\"lazy\" decoding=\"async\" src=\"http:\/\/motu.eurokolikonmaailma.fi\/kuvat\/beastman\/bm_no_armor_angle1.jpg\" alt=\"\" width=\"253\" height=\"490\" \/><\/a><\/span><a href=\"http:\/\/motu.eurokolikonmaailma.fi\/kuvat\/beastman\/bm_side1.jpg\" target=\"_blank\" rel=\"noopener\"><img loading=\"lazy\" decoding=\"async\" src=\"http:\/\/motu.eurokolikonmaailma.fi\/kuvat\/beastman\/bm_side1.jpg\" alt=\"\" width=\"163\" height=\"490\" \/><\/a><span class=\"Apple-style-span\" style=\"color: #000000; font-family: Georgia, 'Times New Roman', 'Bitstream Charter', Times, serif; font-size: 12px; line-height: 18px;\"><a href=\"http:\/\/motu.eurokolikonmaailma.fi\/kuvat\/beastman\/bm_no_armor_side1.jpg\" target=\"_blank\" rel=\"noopener\"><img loading=\"lazy\" decoding=\"async\" src=\"http:\/\/motu.eurokolikonmaailma.fi\/kuvat\/beastman\/bm_no_armor_side1.jpg\" alt=\"\" width=\"137\" height=\"490\" \/><\/a><\/span><\/p>\n<p><a href=\"http:\/\/motu.eurokolikonmaailma.fi\/kuvat\/beastman\/bm_angle2.jpg\" target=\"_blank\" rel=\"noopener\"><img loading=\"lazy\" decoding=\"async\" src=\"http:\/\/motu.eurokolikonmaailma.fi\/kuvat\/beastman\/bm_angle2.jpg\" alt=\"\" width=\"256\" height=\"490\" \/><\/a><span class=\"Apple-style-span\" style=\"color: #000000; font-family: Georgia, 'Times New Roman', 'Bitstream Charter', Times, serif; font-size: 12px; line-height: 18px;\"><a href=\"http:\/\/motu.eurokolikonmaailma.fi\/kuvat\/beastman\/bm_no_armor_angle2.jpg\" target=\"_blank\" rel=\"noopener\"><img loading=\"lazy\" decoding=\"async\" src=\"http:\/\/motu.eurokolikonmaailma.fi\/kuvat\/beastman\/bm_no_armor_angle2.jpg\" alt=\"\" width=\"235\" height=\"490\" \/><\/a><\/span><\/p>\n<p><span class=\"Apple-style-span\" style=\"color: #000000; font-family: Georgia, 'Times New Roman', 'Bitstream Charter', Times, serif; font-size: 12px; line-height: 18px;\"><a href=\"http:\/\/motu.eurokolikonmaailma.fi\/kuvat\/beastman\/bm_back.jpg\" target=\"_blank\" rel=\"noopener\"><img loading=\"lazy\" decoding=\"async\" src=\"http:\/\/motu.eurokolikonmaailma.fi\/kuvat\/beastman\/bm_back.jpg\" alt=\"\" width=\"284\" height=\"490\" \/><\/a><a href=\"http:\/\/motu.eurokolikonmaailma.fi\/kuvat\/beastman\/bm_no_armor_back.jpg\" target=\"_blank\" rel=\"noopener\"><img loading=\"lazy\" decoding=\"async\" src=\"http:\/\/motu.eurokolikonmaailma.fi\/kuvat\/beastman\/bm_no_armor_back.jpg\" alt=\"\" width=\"260\" height=\"490\" \/><\/a><\/span><\/p>\n<p><span class=\"Apple-style-span\" style=\"color: #000000; font-family: Georgia, 'Times New Roman', 'Bitstream Charter', Times, serif; font-size: 12px; line-height: 18px;\"><a href=\"http:\/\/motu.eurokolikonmaailma.fi\/kuvat\/beastman\/bm_angle3.jpg\" target=\"_blank\" rel=\"noopener\"><img loading=\"lazy\" decoding=\"async\" src=\"http:\/\/motu.eurokolikonmaailma.fi\/kuvat\/beastman\/bm_angle3.jpg\" alt=\"\" width=\"300\" height=\"490\" \/><\/a><\/span><a href=\"http:\/\/motu.eurokolikonmaailma.fi\/kuvat\/beastman\/bm_no_armor_angle3.jpg\" target=\"_blank\" rel=\"noopener\"><img loading=\"lazy\" decoding=\"async\" src=\"http:\/\/motu.eurokolikonmaailma.fi\/kuvat\/beastman\/bm_no_armor_angle3.jpg\" alt=\"\" width=\"251\" height=\"490\" \/><\/a><span class=\"Apple-style-span\" style=\"color: #000000; font-family: Georgia, 'Times New Roman', 'Bitstream Charter', Times, serif; font-size: 12px; line-height: 18px;\"><a href=\"http:\/\/motu.eurokolikonmaailma.fi\/kuvat\/beastman\/bm_side2.jpg\" target=\"_blank\" rel=\"noopener\"><img loading=\"lazy\" decoding=\"async\" src=\"http:\/\/motu.eurokolikonmaailma.fi\/kuvat\/beastman\/bm_side2.jpg\" alt=\"\" width=\"144\" height=\"490\" \/><\/a><\/span><a href=\"http:\/\/motu.eurokolikonmaailma.fi\/kuvat\/beastman\/bm_no_armor_side2.jpg\" target=\"_blank\" rel=\"noopener\"><img loading=\"lazy\" decoding=\"async\" src=\"http:\/\/motu.eurokolikonmaailma.fi\/kuvat\/beastman\/bm_no_armor_side2.jpg\" alt=\"\" width=\"178\" height=\"490\" \/><\/a><\/p>\n<p><span class=\"Apple-style-span\" style=\"color: #000000; font-family: Georgia, 'Times New Roman', 'Bitstream Charter', Times, serif; font-size: 12px; line-height: 18px;\"><a href=\"http:\/\/motu.eurokolikonmaailma.fi\/kuvat\/beastman\/bm_angle4.jpg\" target=\"_blank\" rel=\"noopener\"><img loading=\"lazy\" decoding=\"async\" src=\"http:\/\/motu.eurokolikonmaailma.fi\/kuvat\/beastman\/bm_angle4.jpg\" alt=\"\" width=\"260\" height=\"490\" \/><\/a><\/span><a href=\"http:\/\/motu.eurokolikonmaailma.fi\/kuvat\/beastman\/bm_no_armor_angle4.jpg\" target=\"_blank\" rel=\"noopener\"><img loading=\"lazy\" decoding=\"async\" src=\"http:\/\/motu.eurokolikonmaailma.fi\/kuvat\/beastman\/bm_no_armor_angle4.jpg\" alt=\"\" width=\"237\" height=\"490\" \/><\/a><\/p>\n<p>&nbsp;<\/p>\n<h2>\u00a0<span class=\"Apple-style-span\" style=\"color: #000000; font-size: 22px; line-height: 32px;\">Varusteet<\/span><\/h2>\n<p><span class=\"Apple-style-span\" style=\"color: #000000; font-family: Georgia, 'Times New Roman', 'Bitstream Charter', Times, serif; font-size: 12px; line-height: 18px;\"><a href=\"http:\/\/motu.eurokolikonmaailma.fi\/kuvat\/beastman\/bm_armor.jpg\" target=\"_blank\" rel=\"noopener\"><img loading=\"lazy\" decoding=\"async\" src=\"http:\/\/motu.eurokolikonmaailma.fi\/kuvat\/beastman\/bm_armor.jpg\" alt=\"\" width=\"420\" height=\"239\" \/><\/a><span class=\"Apple-style-span\" style=\"color: #444444; font-family: 'Times New Roman'; line-height: normal; font-size: medium;\"><a href=\"http:\/\/motu.eurokolikonmaailma.fi\/kuvat\/beastman\/bm_whip.jpg\" target=\"_blank\" rel=\"noopener\"><img loading=\"lazy\" decoding=\"async\" src=\"http:\/\/motu.eurokolikonmaailma.fi\/kuvat\/beastman\/bm_whip.jpg\" alt=\"\" width=\"420\" height=\"271\" \/><\/a><\/span><\/span><\/p>\n<p>&nbsp;<\/p>\n<h2>Videoesittelyni hahmosta:<\/h2>\n<p><strong>Suomi<\/strong><\/p>\n<p><iframe loading=\"lazy\" title=\"Masters of the Universe Classics Beast Man (Finnish)\" width=\"640\" height=\"360\" src=\"https:\/\/www.youtube.com\/embed\/8BtVOItoUqg?feature=oembed\" frameborder=\"0\" allow=\"accelerometer; autoplay; clipboard-write; encrypted-media; gyroscope; picture-in-picture; web-share\" referrerpolicy=\"strict-origin-when-cross-origin\" allowfullscreen><\/iframe><\/p>\n<p><strong>In English<\/strong><\/p>\n<p><em><span style=\"text-decoration: underline;\">Part 1<\/span><\/em><\/p>\n<p><iframe loading=\"lazy\" title=\"Masters of the Universe Classics Beast Man 1\/2 (English)\" width=\"640\" height=\"360\" src=\"https:\/\/www.youtube.com\/embed\/WCSAcIkO3O4?feature=oembed\" frameborder=\"0\" allow=\"accelerometer; autoplay; clipboard-write; encrypted-media; gyroscope; picture-in-picture; web-share\" referrerpolicy=\"strict-origin-when-cross-origin\" allowfullscreen><\/iframe><\/p>\n<p><span style=\"text-decoration: underline;\"><em>Part 2<\/em><\/span><\/p>\n<p><iframe loading=\"lazy\" title=\"Masters of the Universe Classics Beast Man 2\/2 (English)\" width=\"640\" height=\"360\" src=\"https:\/\/www.youtube.com\/embed\/yl62Kf3lpfM?feature=oembed\" frameborder=\"0\" allow=\"accelerometer; autoplay; clipboard-write; encrypted-media; gyroscope; picture-in-picture; web-share\" referrerpolicy=\"strict-origin-when-cross-origin\" allowfullscreen><\/iframe><\/p>\n","protected":false},"excerpt":{"rendered":"<p>Tuotekoodi:\u00a0N6447 Beast Man &#8211; Savage Henchman \u00a0 \u00a0 \u00a0 Osasta 1. julkaisun pakkauksista puuttui pakkauksen takapuolen muovinen ripustuskoukku (muttei itselt\u00e4ni). Beast Manin 1. julkaisun oli alunperin tarkoitus ilmesty\u00e4 marraskuun 2008 puliv\u00e4liss\u00e4 (15.11.2008), mutta Mattelilla oli hieman hankaluuksi irrotettavien haarniskojen toteuttamisen &hellip; <a href=\"https:\/\/www.eurokolikonmaailma.fi\/?page_id=528\">Lue loppuun <span class=\"meta-nav\">&rarr;<\/span><\/a><\/p>\n","protected":false},"author":1,"featured_media":0,"parent":288,"menu_order":0,"comment_status":"open","ping_status":"open","template":"","meta":{"footnotes":""},"class_list":["post-528","page","type-page","status-publish","hentry"],"_links":{"self":[{"href":"https:\/\/www.eurokolikonmaailma.fi\/index.php?rest_route=\/wp\/v2\/pages\/528","targetHints":{"allow":["GET"]}}],"collection":[{"href":"https:\/\/www.eurokolikonmaailma.fi\/index.php?rest_route=\/wp\/v2\/pages"}],"about":[{"href":"https:\/\/www.eurokolikonmaailma.fi\/index.php?rest_route=\/wp\/v2\/types\/page"}],"author":[{"embeddable":true,"href":"https:\/\/www.eurokolikonmaailma.fi\/index.php?rest_route=\/wp\/v2\/users\/1"}],"replies":[{"embeddable":true,"href":"https:\/\/www.eurokolikonmaailma.fi\/index.php?rest_route=%2Fwp%2Fv2%2Fcomments&post=528"}],"version-history":[{"count":14,"href":"https:\/\/www.eurokolikonmaailma.fi\/index.php?rest_route=\/wp\/v2\/pages\/528\/revisions"}],"predecessor-version":[{"id":5593,"href":"https:\/\/www.eurokolikonmaailma.fi\/index.php?rest_route=\/wp\/v2\/pages\/528\/revisions\/5593"}],"up":[{"embeddable":true,"href":"https:\/\/www.eurokolikonmaailma.fi\/index.php?rest_route=\/wp\/v2\/pages\/288"}],"wp:attachment":[{"href":"https:\/\/www.eurokolikonmaailma.fi\/index.php?rest_route=%2Fwp%2Fv2%2Fmedia&parent=528"}],"curies":[{"name":"wp","href":"https:\/\/api.w.org\/{rel}","templated":true}]}}