{"id":5189,"date":"2023-08-05T00:43:38","date_gmt":"2023-08-04T21:43:38","guid":{"rendered":"https:\/\/www.eurokolikonmaailma.fi\/?page_id=5189"},"modified":"2026-02-15T21:07:42","modified_gmt":"2026-02-15T19:07:42","slug":"vhs-he-man-uudet-seikkailut","status":"publish","type":"page","link":"https:\/\/www.eurokolikonmaailma.fi\/?page_id=5189","title":{"rendered":"VHS: He-Man uudet seikkailut"},"content":{"rendered":"<p><img loading=\"lazy\" decoding=\"async\" class=\"alignnone wp-image-5190\" src=\"https:\/\/motu.eurokolikonmaailma.fi\/kuvat\/video\/nahm_logo.jpg\" alt=\"\" width=\"108\" height=\"50\" \/> <img loading=\"lazy\" decoding=\"async\" class=\"alignnone\" src=\"http:\/\/motu.eurokolikonmaailma.fi\/kuvat\/video\/vhs_logo.jpg\" alt=\"\" width=\"91\" height=\"50\" \/> <img loading=\"lazy\" decoding=\"async\" src=\"http:\/\/motu.eurokolikonmaailma.fi\/kuvat\/video\/sallittu.jpg\" alt=\"\" width=\"56\" height=\"44\" \/><\/p>\n<h1>The New Adventures of Super He-Man<\/h1>\n<p><a href=\"https:\/\/motu.eurokolikonmaailma.fi\/kuvat\/video\/napvhs_ek.jpg\" target=\"_blank\" rel=\"noopener\"><img loading=\"lazy\" decoding=\"async\" class=\"alignnone\" src=\"https:\/\/motu.eurokolikonmaailma.fi\/kuvat\/video\/napvhs_ek.jpg\" alt=\"\" width=\"178\" height=\"300\" \/><\/a><a href=\"https:\/\/motu.eurokolikonmaailma.fi\/kuvat\/video\/napvhs_s.jpg\" target=\"_blank\" rel=\"noopener\"><img loading=\"lazy\" decoding=\"async\" class=\"alignnone\" src=\"https:\/\/motu.eurokolikonmaailma.fi\/kuvat\/video\/napvhs_s.jpg\" alt=\"\" width=\"48\" height=\"300\" \/><\/a><a href=\"https:\/\/motu.eurokolikonmaailma.fi\/kuvat\/video\/napvhs_tk.jpg\" target=\"_blank\" rel=\"noopener\"><img loading=\"lazy\" decoding=\"async\" class=\"alignnone\" src=\"https:\/\/motu.eurokolikonmaailma.fi\/kuvat\/video\/napvhs_tk.jpg\" alt=\"\" width=\"174\" height=\"300\" \/><\/a><\/p>\n<p>T\u00e4m\u00e4 videojulkaisu on ainoa The New Adventures of He-Man -aiheinen videojulkaisu Suomessa. T\u00e4m\u00e4 promo-VHS sis\u00e4lt\u00e4\u00e4 &#8221;tarinan&#8221;, joka on koostettu viidest\u00e4 eri The New Adventures of He-Man -sarjan jaksosta (A New Beginning, Sword &amp; Staff, The Gift, .Seeds of Resistance,\u00a0 The Battle for Levitan). Toisin, kuin mit\u00e4 olen netiss\u00e4 n\u00e4hnyt mainittavan, n\u00e4m\u00e4 jaksot eiv\u00e4t ole viisi ensimm\u00e4ist\u00e4 jaksoa, vaan jaksot 1 (A New Beginning), 6 (Sword and Staff), 11 (The Gift), 14 (The Seeds of Resistance), 15 (The Battle for Levita). Jaksosta 6 per\u00e4isin oleva p\u00e4tk\u00e4 on tarinassa mukana vain, ettei katsojat ihmettelisi, miksi Skeletor n\u00e4ytt\u00e4\u00e4 niin erilaiselta tarinan loppupuolella. Kyseinen p\u00e4tk\u00e4 on aina, lapsenakin,\u00a0 tuntunut itsest\u00e4ni t\u00e4ysin turhalta ja irralliselta. Skeletorin dialogi kyseisess\u00e4 kohtauksessa viittaa tapahtumiin, joita ei t\u00e4ll\u00e4 kasetilla n\u00e4hd\u00e4 ja se \u00e4rsytti itse\u00e4ni aivan valtavasti.<\/p>\n<p>Videokasetti sis\u00e4lt\u00e4\u00e4 &#8221;tarinan&#8221; lis\u00e4ksi kaksi mainosta: Elektroninen voimamiekka ja elektroninen Sksletorin sauva. T\u00e4ll\u00e4 omalla kopiollani Skeletorin sauva -mainos on t\u00e4ysin korruptoitunut, mutta muistan sen lapsuudestani. Olisi kiva omistaa t\u00e4ysin toimiva kappale videokasetista, mutta t\u00e4t\u00e4 kasettia ei l\u00f6yd\u00e4 myynnist\u00e4 kovinkaan usein ja silloinkin sen hinta on kohtalaisen korkea.<\/p>\n<p>Lapsena itselt\u00e4ni l\u00f6ytyi t\u00e4m\u00e4 kaverin kasetista otettuna kopiona.<\/p>\n<blockquote><p>UUDET SEIKKAILUT<\/p>\n<p>LEGENDA EL\u00c4\u00c4!<\/p>\n<p>HE-MAN ja h\u00e4nen hyv\u00e4t liittolaisensa sinkoutuvat aikakoneessa uusiin kamppailuihin SKELETORIN pahoja joukkoja vastaan t\u00e4ss\u00e4 j\u00e4nnitt\u00e4v\u00e4ss\u00e4 toimintavideossa. Valmistaudu mahtavaan hi-tech seikkailuun, joka vie sinut mukaansa kauas avaruuteen, tuntemattomille planeetoille ja vieraisiin maailmoihin. Hyv\u00e4 pahaa vastaan &#8211; He-Manin ja Skeletorin taistelu jatkuu TULEVAISUUDESSA!<\/p>\n<p>Uuset He-Man hahmot ja tarvikkeet saavat seikkailun el\u00e4m\u00e4\u00e4n. Saatavana lelukaupoista ja tavarataloista.<\/p>\n<p>Mahtimiekka, jossa \u00e4\u00e4ni- ja valotehosteet 7-46660-553 (35553) &#8211; Sinullakin on VOIMA!<\/p>\n<p>Kiekko-Skeletor 5-46642-6 (5803)<\/p>\n<p>Muskeli &#8211; He-Man 9-46640-6 (1340) &#8211; Voimakkaampi kuin koskaan!<\/p>\n<p>Markkinointi: BRIO Partner<\/p><\/blockquote>\n<h2><strong>Tiedot<\/strong><\/h2>\n<p>* Kesto: n. 30 minuuttia<br \/>\n* Ik\u00e4raja: sallittu (S\/T) &#8211; I-03409<br \/>\n&#8211; sopii yleisesti kaikenik\u00e4isille<br \/>\n* Valmistumisvuosi: 1990<br \/>\n* \u00c4\u00e4ni: Suomenkielien puhe<br \/>\n* Kuvakoko: 4:3<br \/>\n*\u00a01 VHS<br \/>\n* Julkaisija: Mattel<\/p>\n<p><strong><em>Alla on t\u00e4ysi yhteenveto siit\u00e4, kuinka t\u00e4m\u00e4n promo-VHS:n tarinan sis\u00e4lt\u00f6 koostuu. Alkuper\u00e4isten jaksojen aikakoodit pohjautuvat virallisen MOTU-Youtube-kanavan latauksiin ja kasetin aikakoodit perustuvat omaan digitoituun versioon.<\/em><\/strong><\/p>\n<p>* Alkuintro<br \/>\n* P\u00e4tk\u00e4 jaksosta &#8221;A New Beginning&#8221; 01:06-01:20<br \/>\n(alkuper\u00e4inen jakso 01:01-01:14)<br \/>\n* P\u00e4tk\u00e4 jaksosta &#8221;A New Beginning&#8221; 01:20-02:17<br \/>\n(alkuper\u00e4inen jakso 01:59-02:57)<br \/>\n* P\u00e4tk\u00e4 jaksosta &#8221;A New Beginning&#8221; 02:17-03:01<br \/>\n(alkuper\u00e4inen jakso 09:22-10:06)<br \/>\n* P\u00e4tk\u00e4 jaksosta &#8221;A New Beginning&#8221; 03:01-04:35<br \/>\n(alkuper\u00e4inen jakso 04:02-05:36)<br \/>\n* P\u00e4tk\u00e4 jaksosta &#8221;A New Beginning&#8221; 04:35-05:53<br \/>\n(alkuper\u00e4inen jakso 08:01-09:22)<br \/>\n* P\u00e4tk\u00e4 jaksosta &#8221;A New Beginning&#8221; 05:53-05:55<br \/>\n(alkuper\u00e4inen jakso 10:13-10:15)<br \/>\n* P\u00e4tk\u00e4 jaksosta &#8221;A New Beginning&#8221; 05:55-09:24<br \/>\n(alkuper\u00e4inen jakso 11:15-14:44)<br \/>\n* P\u00e4tk\u00e4 jaksosta &#8221;A New Beginning&#8221; 05:55-09:23<br \/>\n(alkuper\u00e4inen jakso 11:15-14:43)<br \/>\n* P\u00e4tk\u00e4 jaksosta &#8221;A New Beginning&#8221; 09:23-11:11<br \/>\n(alkuper\u00e4inen jakso 15:02-16:49)<br \/>\n* P\u00e4tk\u00e4 jaksosta &#8221;A New Beginning&#8221; 11:11-13:55<br \/>\n(alkuper\u00e4inen jakso 17:24-20:09)<\/p>\n<p>* P\u00e4tk\u00e4 jaksosta &#8221;Sword and Staff&#8221; 13:55-14:38<br \/>\n(alkuper\u00e4inen jakso 12:09-12:51)<\/p>\n<p>* P\u00e4tk\u00e4 jaksosta &#8221;The Gift&#8221; 14:38-15:54<br \/>\n(alkuper\u00e4inen jakso 03:53-05:08)<br \/>\n* P\u00e4tk\u00e4 jaksosta &#8221;The Gift&#8221; 15:54-16:38<br \/>\n(alkuper\u00e4inen jakso 05:59-6:46)<br \/>\n* P\u00e4tk\u00e4 jaksosta &#8221;The Gift&#8221; 16:38-17:04<br \/>\n(alkuper\u00e4inen jakso 08:11-08:37)<br \/>\n* P\u00e4tk\u00e4 jaksosta &#8221;The Gift&#8221; 17:04-17:28<br \/>\n(alkuper\u00e4inen jakso 08:57-09:22)<br \/>\n* P\u00e4tk\u00e4 jaksosta &#8221;The Gift&#8221; 17:28-17:29<br \/>\n(alkuper\u00e4inen jakso 09:54-09:56)<br \/>\n* P\u00e4tk\u00e4 jaksosta &#8221;The Gift&#8221; 17:29-17:55<br \/>\n(alkuper\u00e4inen jakso 10:30-10:56)<br \/>\n* P\u00e4tk\u00e4 jaksosta &#8221;The Gift&#8221; 17:55-20:12<br \/>\n(alkuper\u00e4inen jakso 11:14-13:31)<br \/>\n* P\u00e4tk\u00e4 jaksosta &#8221;The Gift&#8221; 20:12-20:14<br \/>\n(alkuper\u00e4inen jakso 18:07-18:09)<br \/>\n* P\u00e4tk\u00e4 jaksosta &#8221;The Gift&#8221; 20:14-22:05<br \/>\n(alkuper\u00e4inen jakso 17:21-19:14)<\/p>\n<p>* P\u00e4tk\u00e4 jaksosta &#8221;The Seeds of Resistance&#8221; 22:05-22:36<br \/>\n(alkuper\u00e4inen jakso 02:10-02:42)<br \/>\n* P\u00e4tk\u00e4 jaksosta &#8221;The Seeds of Resistance&#8221; 22:36-23:02<br \/>\n(alkuper\u00e4inen jakso 13:47-14:25)<br \/>\n* P\u00e4tk\u00e4 jaksosta &#8221;The Seeds of Resistance&#8221; 23:02-23:45<br \/>\n(alkuper\u00e4inen jakso 16:03-16:48)<\/p>\n<p>* P\u00e4tk\u00e4 jaksosta &#8221;The Battle for Levita&#8221; 23:45-25:13<br \/>\n(alkuper\u00e4inen jakso 01:16-2:46)<br \/>\n* P\u00e4tk\u00e4 jaksosta &#8221;The Battle for Levita&#8221; 25:13-25:47<br \/>\n(alkuper\u00e4inen jakso 12:29-13:05)<br \/>\n* P\u00e4tk\u00e4 jaksosta &#8221;The Battle for Levita&#8221; 25:47-28:23<br \/>\n(alkuper\u00e4inen jakso 14:26-17:02)<br \/>\n* P\u00e4tk\u00e4 jaksosta &#8221;The Battle for Levita&#8221; 28:23-29:09<br \/>\n(alkuper\u00e4inen jakso 17:43-18:36)<br \/>\n* P\u00e4tk\u00e4 jaksosta &#8221;The Battle for Levita&#8221; 29:09-30:11<br \/>\n(alkuper\u00e4inen jakso 18:43-19:45)<\/p>\n","protected":false},"excerpt":{"rendered":"<p>The New Adventures of Super He-Man T\u00e4m\u00e4 videojulkaisu on ainoa The New Adventures of He-Man -aiheinen videojulkaisu Suomessa. T\u00e4m\u00e4 promo-VHS sis\u00e4lt\u00e4\u00e4 &#8221;tarinan&#8221;, joka on koostettu viidest\u00e4 eri The New Adventures of He-Man -sarjan jaksosta (A New Beginning, Sword &amp; Staff, &hellip; <a href=\"https:\/\/www.eurokolikonmaailma.fi\/?page_id=5189\">Lue loppuun <span class=\"meta-nav\">&rarr;<\/span><\/a><\/p>\n","protected":false},"author":1,"featured_media":0,"parent":962,"menu_order":0,"comment_status":"closed","ping_status":"closed","template":"","meta":{"footnotes":""},"class_list":["post-5189","page","type-page","status-publish","hentry"],"_links":{"self":[{"href":"https:\/\/www.eurokolikonmaailma.fi\/index.php?rest_route=\/wp\/v2\/pages\/5189","targetHints":{"allow":["GET"]}}],"collection":[{"href":"https:\/\/www.eurokolikonmaailma.fi\/index.php?rest_route=\/wp\/v2\/pages"}],"about":[{"href":"https:\/\/www.eurokolikonmaailma.fi\/index.php?rest_route=\/wp\/v2\/types\/page"}],"author":[{"embeddable":true,"href":"https:\/\/www.eurokolikonmaailma.fi\/index.php?rest_route=\/wp\/v2\/users\/1"}],"replies":[{"embeddable":true,"href":"https:\/\/www.eurokolikonmaailma.fi\/index.php?rest_route=%2Fwp%2Fv2%2Fcomments&post=5189"}],"version-history":[{"count":9,"href":"https:\/\/www.eurokolikonmaailma.fi\/index.php?rest_route=\/wp\/v2\/pages\/5189\/revisions"}],"predecessor-version":[{"id":6108,"href":"https:\/\/www.eurokolikonmaailma.fi\/index.php?rest_route=\/wp\/v2\/pages\/5189\/revisions\/6108"}],"up":[{"embeddable":true,"href":"https:\/\/www.eurokolikonmaailma.fi\/index.php?rest_route=\/wp\/v2\/pages\/962"}],"wp:attachment":[{"href":"https:\/\/www.eurokolikonmaailma.fi\/index.php?rest_route=%2Fwp%2Fv2%2Fmedia&parent=5189"}],"curies":[{"name":"wp","href":"https:\/\/api.w.org\/{rel}","templated":true}]}}