{"id":5163,"date":"2023-08-04T22:40:51","date_gmt":"2023-08-04T19:40:51","guid":{"rendered":"https:\/\/www.eurokolikonmaailma.fi\/?page_id=5163"},"modified":"2025-05-24T21:01:27","modified_gmt":"2025-05-24T18:01:27","slug":"vhs-tervasuon-hirviot","status":"publish","type":"page","link":"https:\/\/www.eurokolikonmaailma.fi\/?page_id=5163","title":{"rendered":"VHS: Tervasuon hirvi\u00f6t"},"content":{"rendered":"<p><img loading=\"lazy\" decoding=\"async\" src=\"http:\/\/motu.eurokolikonmaailma.fi\/kuvat\/video\/hmatmotu_logo.jpg\" alt=\"\" width=\"76\" height=\"47\" \/><img loading=\"lazy\" decoding=\"async\" src=\"http:\/\/motu.eurokolikonmaailma.fi\/kuvat\/video\/vhs_logo.jpg\" alt=\"\" width=\"91\" height=\"46\" \/> <img loading=\"lazy\" decoding=\"async\" src=\"http:\/\/motu.eurokolikonmaailma.fi\/kuvat\/video\/sallittu.jpg\" alt=\"\" width=\"56\" height=\"44\" \/><\/p>\n<h1>He-Man and the Masters of the Universe Tervasuon hirvi\u00f6t<\/h1>\n<p><a href=\"https:\/\/motu.eurokolikonmaailma.fi\/kuvat\/video\/tvsh_tk.jpg\" target=\"_blank\" rel=\"noopener\"><img loading=\"lazy\" decoding=\"async\" class=\"alignnone\" src=\"https:\/\/motu.eurokolikonmaailma.fi\/kuvat\/video\/tvsh_tk.jpg\" alt=\"\" width=\"195\" height=\"300\" \/><\/a><a href=\"https:\/\/motu.eurokolikonmaailma.fi\/kuvat\/video\/tvsh_s.jpg\" target=\"_blank\" rel=\"noopener\"><img loading=\"lazy\" decoding=\"async\" class=\"alignnone\" src=\"https:\/\/motu.eurokolikonmaailma.fi\/kuvat\/video\/tvsh_s.jpg\" alt=\"\" width=\"44\" height=\"300\" \/><\/a><a href=\"https:\/\/motu.eurokolikonmaailma.fi\/kuvat\/video\/tvsh_ek.jpg\" target=\"_blank\" rel=\"noopener\"><img loading=\"lazy\" decoding=\"async\" class=\"alignnone\" src=\"https:\/\/motu.eurokolikonmaailma.fi\/kuvat\/video\/tvsh_ek.jpg\" alt=\"\" width=\"194\" height=\"300\" \/><\/a><\/p>\n<p>T\u00e4m\u00e4 vuokravideokasetti (ei t\u00e4m\u00e4, mutta vastaava) oli ensikosketukseni Masters of the Universen maailmaan. Is\u00e4ni kopioi kasetin, mink\u00e4 ansiosta pystyin katsomaan sit\u00e4 yh\u00e4 uudelleen ja uudelleen. T\u00e4m\u00e4n kasetin vuoksi &#8221;Like Father, Like Daughter&#8221; on suosikkijaksoni sarjasta. Olin vaikuttunut ja kokutuin sarjaan heti alusta asti, vaikka en tajunnut kaikkea mit\u00e4 ruudulla tapahtui, kun olin silloin 6-vuotias, enk\u00e4 osannut viel\u00e4 lukea.<\/p>\n<p>T\u00e4m\u00e4n VHS-julkaisun jaksoista puuttuvat jakso-opetus-osiot.<\/p>\n<p><em><strong>Is\u00e4ns\u00e4 tyt\u00e4r.<\/strong> Skeletor, pahojen voimien valtias, suunnittelee sotaa Eterniaa vastaan. Pahamaineisessa Stardican linnakkeessa h\u00e4n luo lauman robottihirvi\u00f6it\u00e4 ja varustaa ne hy\u00f6kk\u00e4\u00e4m\u00e4\u00e4n Eterniaa vastaan. Mutta He-Man ja h\u00e4nen uskollinen aseenkantajansa Man-at-Arms kiirehtiv\u00e4t est\u00e4m\u00e4\u00e4n Skeletorin katalat aikeet. Stardicalla heit\u00e4 odottaa kuumat paikat, mutta kun tilanne muodostuu todella kriittiseksi, ilmestyy Teela, Man-at-Armsin tyt\u00e4r, paikalle.<\/em><\/p>\n<p><em><strong>Tervasuon hirvi\u00f6t.<\/strong> Orko, hovin pieni taikuri, on kadottanut taikamedaljonkinsa hirvitt\u00e4v\u00e4\u00e4n tervasuohon. Orko l\u00e4htee etsim\u00e4\u00e4n taikakaluaan ja saa n\u00e4hd\u00e4 miten katala Skeletor on her\u00e4ttelem\u00e4ss\u00e4 eloon pelottavia muinaishirvi\u00f6it\u00e4 suon syvyyksist\u00e4. Niiden avulla t\u00e4m\u00e4 paha hallitsija aikoo valloittaa Eternian kuninkaallisen palatsin. H\u00e4n vangitsee kuninkaan ja kuningattaren, ja n\u00e4ytt\u00e4\u00e4 silt\u00e4, ett\u00e4 peli on menetetty. Mutta viime hetkell\u00e4 apuun tulee Orko, joka on l\u00f6yt\u00e4nyt taikamedaljonkinsa.<\/em><\/p>\n<p><em><strong>Dragoonin aamunkoitto.<\/strong> Suunnaton lohik\u00e4\u00e4rmeen n\u00e4k\u00f6inen hirvi\u00f6 levitt\u00e4\u00e4 kauhua planeetalla nimelt\u00e4 Trolla. Skeletor aikoo valloittaa Eternian t\u00e4m\u00e4n hirvi\u00f6n avulla. He-Man, Cringer ja pieni taikuri Orko l\u00e4htev\u00e4t Trollaan, est\u00e4\u00e4kseen Skeletorin pahat aikeet. Mutta he kadottavat maagiset voimansa salaper\u00e4isell\u00e4 planeetalla. Prinssi Adam ei en\u00e4\u00e4 pystyk\u00e4\u00e4n muuttumaan voittamattomaksi He-Maniksi. Onnistuuko ilke\u00e4 Skeletor lopultakin vet\u00e4m\u00e4\u00e4n pidemm\u00e4n korren?<\/em><\/p>\n<h2>Tiedot:<\/h2>\n<p>* Kesto: n. 60 minuuttia<br \/>\n* Ik\u00e4raja: sallittu (S\/T) &#8211; I-00112<br \/>\n&#8211; sopii yleisesti kaikenik\u00e4isille<br \/>\n* Valmistumisvuosi: 1983 (VHS 1988)<br \/>\n* Tekstitys: Suomenkielinen teksti<br \/>\n* Kuvakoko: 4:3<br \/>\n*\u00a01 VHS<br \/>\n* Julkaisija: Oy Kirjalito ab, Select Video<\/p>\n","protected":false},"excerpt":{"rendered":"<p>He-Man and the Masters of the Universe Tervasuon hirvi\u00f6t T\u00e4m\u00e4 vuokravideokasetti (ei t\u00e4m\u00e4, mutta vastaava) oli ensikosketukseni Masters of the Universen maailmaan. Is\u00e4ni kopioi kasetin, mink\u00e4 ansiosta pystyin katsomaan sit\u00e4 yh\u00e4 uudelleen ja uudelleen. T\u00e4m\u00e4n kasetin vuoksi &#8221;Like Father, Like &hellip; <a href=\"https:\/\/www.eurokolikonmaailma.fi\/?page_id=5163\">Lue loppuun <span class=\"meta-nav\">&rarr;<\/span><\/a><\/p>\n","protected":false},"author":1,"featured_media":0,"parent":962,"menu_order":0,"comment_status":"closed","ping_status":"closed","template":"","meta":{"footnotes":""},"class_list":["post-5163","page","type-page","status-publish","hentry"],"_links":{"self":[{"href":"https:\/\/www.eurokolikonmaailma.fi\/index.php?rest_route=\/wp\/v2\/pages\/5163","targetHints":{"allow":["GET"]}}],"collection":[{"href":"https:\/\/www.eurokolikonmaailma.fi\/index.php?rest_route=\/wp\/v2\/pages"}],"about":[{"href":"https:\/\/www.eurokolikonmaailma.fi\/index.php?rest_route=\/wp\/v2\/types\/page"}],"author":[{"embeddable":true,"href":"https:\/\/www.eurokolikonmaailma.fi\/index.php?rest_route=\/wp\/v2\/users\/1"}],"replies":[{"embeddable":true,"href":"https:\/\/www.eurokolikonmaailma.fi\/index.php?rest_route=%2Fwp%2Fv2%2Fcomments&post=5163"}],"version-history":[{"count":8,"href":"https:\/\/www.eurokolikonmaailma.fi\/index.php?rest_route=\/wp\/v2\/pages\/5163\/revisions"}],"predecessor-version":[{"id":5388,"href":"https:\/\/www.eurokolikonmaailma.fi\/index.php?rest_route=\/wp\/v2\/pages\/5163\/revisions\/5388"}],"up":[{"embeddable":true,"href":"https:\/\/www.eurokolikonmaailma.fi\/index.php?rest_route=\/wp\/v2\/pages\/962"}],"wp:attachment":[{"href":"https:\/\/www.eurokolikonmaailma.fi\/index.php?rest_route=%2Fwp%2Fv2%2Fmedia&parent=5163"}],"curies":[{"name":"wp","href":"https:\/\/api.w.org\/{rel}","templated":true}]}}