{"id":503,"date":"2011-06-20T17:41:59","date_gmt":"2011-06-20T14:41:59","guid":{"rendered":"http:\/\/www.eurokolikonmaailma.fi\/blogi\/?page_id=503"},"modified":"2025-05-30T18:38:07","modified_gmt":"2025-05-30T15:38:07","slug":"catra","status":"publish","type":"page","link":"https:\/\/www.eurokolikonmaailma.fi\/?page_id=503","title":{"rendered":"Catra"},"content":{"rendered":"<p><img loading=\"lazy\" decoding=\"async\" src=\"http:\/\/motu.eurokolikonmaailma.fi\/kuvat\/catra\/motuc.1.jpg\" alt=\"\" width=\"125\" height=\"48\" \/><img loading=\"lazy\" decoding=\"async\" src=\"http:\/\/motu.eurokolikonmaailma.fi\/kuvat\/catra\/POP_logo.jpg\" alt=\"\" width=\"97\" height=\"48\" \/><img loading=\"lazy\" decoding=\"async\" src=\"http:\/\/motu.eurokolikonmaailma.fi\/kuvat\/catra\/clubeternia_burst.gif\" alt=\"\" width=\"47\" height=\"48\" \/><br \/>\nTuotekoodi: T5797<\/p>\n<h1><span style=\"color: #000000; font-size: 31px; line-height: 46px;\">Catra &#8211; Jealous Beauty<\/span><\/h1>\n<p><a href=\"http:\/\/motu.eurokolikonmaailma.fi\/kuvat\/catra\/catra_package_front.jpg\" target=\"_blank\" rel=\"noopener\"><img loading=\"lazy\" decoding=\"async\" src=\"http:\/\/motu.eurokolikonmaailma.fi\/kuvat\/catra\/catra_package_front.jpg\" alt=\"\" width=\"229\" height=\"335\" \/><\/a><span style=\"color: #ffffff;\">aaaaa<\/span><span style=\"font-family: Georgia, 'Times New Roman', 'Bitstream Charter', Times, serif; font-size: 13px; line-height: 19px;\"><a href=\"http:\/\/motu.eurokolikonmaailma.fi\/kuvat\/catra\/catra_cardback.jpg\" target=\"_blank\" rel=\"noopener\"><img loading=\"lazy\" decoding=\"async\" src=\"http:\/\/motu.eurokolikonmaailma.fi\/kuvat\/catra\/catra_cardback.jpg\" alt=\"\" width=\"236\" height=\"335\" \/><\/a><\/span><\/p>\n<p>Mattel yritti s\u00e4\u00e4st\u00e4\u00e4 kuluissa Catran postituksissa ja postitti yksitt\u00e4iskappaleet kuplamuovikuorissa. T\u00e4m\u00e4 kokeilu ei jatkunnut t\u00e4t\u00e4 yht\u00e4 figua pidemp\u00e4\u00e4n, sill\u00e4 asiakkaat nostivat asiasta kunnon \u00e4l\u00e4m\u00f6l\u00f6n, kun osa figuista saapui todella huonossa kunnossa.<\/p>\n<p><img loading=\"lazy\" decoding=\"async\" class=\"alignnone size-full\" src=\"http:\/\/motu.eurokolikonmaailma.fi\/kuvat\/catra\/catra_kuori.jpg\" width=\"300\" height=\"233\" \/><\/p>\n<p><strong>Oikea nimi:<\/strong> C&#8217;yra of D&#8217;riluth III\u2122<\/p>\n<p>A disputed monarch from the Tri Solar System, C\u2019yra joined the Horde Empire and was given a magical mask which granted her secret powers such as the ability to transform into a panther. She traveled with Horde Commander Kur to Eternia\u00ae on his mission to ensure He-Ro\u2122 was destroyed. There, along with the rest of the Horde army, she was caught up in the Great Wars and eventually banished to Despondos\u2122 by King Grayskull\u2122. She remained with her leader throughout their banishment and was eventually promoted to Force Captain after Hordak\u2019s step-daughter betrayed the Horde to the Etherian Rebellion. Catra\u2019s jealousy of She-Ra\u2122 has become her greatest weakness.<\/p>\n<p><em>Kiistelty monarkki Kolmen Auringon j\u00e4rjestelm\u00e4st\u00e4, C&#8217;yra liittyi Hordi-Imperiumiin ja h\u00e4nelle annettiin maaginen naamio, joka antoi h\u00e4nelle salaisia voimia, kuten kyvyn muuttua pantteriksi. H\u00e4n matkusti yhdess\u00e4 Hordi-komentaja Kur:n kanssa Eternialle, Kur:n suorittaessa teht\u00e4v\u00e4\u00e4, jonka tavoitteena oli varmistaa, ett\u00e4 He-Ro tuhoutuu. Siell\u00e4, yhdess\u00e4 muun Hordi-armeijan kanssa, h\u00e4n joutui keskelle Suuria Sotia ja lopulta joutui karkotetuksi Despondosiin King Grayskullin toimesta. H\u00e4n pysyi johtajansa rinnalla l\u00e4pi karkoituksensa ajan ja h\u00e4net lopulta ylennettiin Voima Kapteeniksi, sen j\u00e4lkeen kun Hordakin tyt\u00e4rpuoli petti Hordit Eteherian Kapinallisille. Catran kateudesta She-Raa kohtaan on muodostunut h\u00e4nen suurimmaksi heikkoudekseen.<\/em><\/p>\n<p><span style=\"text-decoration: underline;\"><strong>Mukana tulevat varusteet:<\/strong><\/span><br \/>\n*\u00a0miekka<br \/>\n* kilpi<br \/>\n* ruoska<br \/>\n* kaksi irrotettavaa naamiota<\/p>\n<p><strong>Loppuunmyynti aika:<\/strong> 1 p\u00e4iv\u00e4 5 tuntua 50 min<\/p>\n<p><strong>Oman hahmon saapumiseen kulunut aika: <\/strong>12 p\u00e4iv\u00e4\u00e4 (9 arkip\u00e4iv\u00e4\u00e4)<\/p>\n<p>&nbsp;<\/p>\n<h2><span style=\"text-decoration: underline;\">L\u00e4hikuvat<\/span><\/h2>\n<p><a href=\"http:\/\/motu.eurokolikonmaailma.fi\/kuvat\/catra\/catra_no_mask_close_up.jpg\" target=\"_blank\" rel=\"noopener\"><img loading=\"lazy\" decoding=\"async\" src=\"http:\/\/motu.eurokolikonmaailma.fi\/kuvat\/catra\/catra_no_mask_close_up.jpg\" alt=\"\" width=\"250\" height=\"336\" \/><\/a><span style=\"font-family: Georgia, 'Times New Roman', 'Bitstream Charter', Times, serif; font-size: 13px; line-height: 19px;\"><a href=\"http:\/\/motu.eurokolikonmaailma.fi\/kuvat\/catra\/catra_closeup_red_mask.jpg\"><img loading=\"lazy\" decoding=\"async\" src=\"http:\/\/motu.eurokolikonmaailma.fi\/kuvat\/catra\/catra_closeup_red_mask.jpg\" alt=\"\" width=\"250\" height=\"336\" \/><\/a><\/span><span style=\"font-family: Georgia, 'Times New Roman', 'Bitstream Charter', Times, serif; font-size: 13px; line-height: 19px;\"><a href=\"http:\/\/motu.eurokolikonmaailma.fi\/kuvat\/catra\/catra_mask_vintage.jpg\"><img loading=\"lazy\" decoding=\"async\" src=\"http:\/\/motu.eurokolikonmaailma.fi\/kuvat\/catra\/catra_mask_vintage.jpg\" alt=\"\" width=\"254\" height=\"336\" \/><\/a><\/span><\/p>\n<p>&nbsp;<\/p>\n<h2><span style=\"text-decoration: underline;\">Kokovartalokuvat<\/span><\/h2>\n<p><span style=\"font-family: Georgia, 'Times New Roman', 'Bitstream Charter', Times, serif; font-size: 13px; line-height: 19px;\"><a href=\"http:\/\/motu.eurokolikonmaailma.fi\/kuvat\/catra\/catra_main.jpg\" target=\"_blank\" rel=\"noopener\"><img loading=\"lazy\" decoding=\"async\" src=\"http:\/\/motu.eurokolikonmaailma.fi\/kuvat\/catra\/catra_main.jpg\" alt=\"\" width=\"270\" height=\"490\" \/><\/a><\/span><span style=\"font-family: Georgia, 'Times New Roman', 'Bitstream Charter', Times, serif; font-size: 13px; line-height: 19px;\"><a href=\"http:\/\/motu.eurokolikonmaailma.fi\/kuvat\/catra\/catra_front.jpg\" target=\"_blank\" rel=\"noopener\"><img loading=\"lazy\" decoding=\"async\" src=\"http:\/\/motu.eurokolikonmaailma.fi\/kuvat\/catra\/catra_front.jpg\" alt=\"\" width=\"255\" height=\"490\" \/><\/a><\/span><span style=\"font-family: Georgia, 'Times New Roman', 'Bitstream Charter', Times, serif; font-size: 13px; line-height: 19px;\"><a href=\"http:\/\/motu.eurokolikonmaailma.fi\/kuvat\/catra\/catra_angle1.jpg\" target=\"_blank\" rel=\"noopener\"><img loading=\"lazy\" decoding=\"async\" src=\"http:\/\/motu.eurokolikonmaailma.fi\/kuvat\/catra\/catra_angle1.jpg\" alt=\"\" width=\"206\" height=\"490\" \/><\/a><\/span><span style=\"font-family: Georgia, 'Times New Roman', 'Bitstream Charter', Times, serif; font-size: 13px; line-height: 19px;\"><a href=\"http:\/\/motu.eurokolikonmaailma.fi\/kuvat\/catra\/catra_sideview1.jpg\" target=\"_blank\" rel=\"noopener\"><img loading=\"lazy\" decoding=\"async\" src=\"http:\/\/motu.eurokolikonmaailma.fi\/kuvat\/catra\/catra_sideview1.jpg\" alt=\"\" width=\"156\" height=\"490\" \/><\/a><\/span><span style=\"font-family: Georgia, 'Times New Roman', 'Bitstream Charter', Times, serif; font-size: 13px; line-height: 19px;\"><a href=\"http:\/\/motu.eurokolikonmaailma.fi\/kuvat\/catra\/catra_angle2.jpg\" target=\"_blank\" rel=\"noopener\"><img loading=\"lazy\" decoding=\"async\" src=\"http:\/\/motu.eurokolikonmaailma.fi\/kuvat\/catra\/catra_angle2.jpg\" alt=\"\" width=\"234\" height=\"490\" \/><\/a><\/span><span style=\"font-family: Georgia, 'Times New Roman', 'Bitstream Charter', Times, serif; font-size: 13px; line-height: 19px;\"><a href=\"http:\/\/motu.eurokolikonmaailma.fi\/kuvat\/catra\/catra_back_with_cape.jpg\" target=\"_blank\" rel=\"noopener\"><img loading=\"lazy\" decoding=\"async\" src=\"http:\/\/motu.eurokolikonmaailma.fi\/kuvat\/catra\/catra_back_with_cape.jpg\" alt=\"\" width=\"276\" height=\"490\" \/><\/a><\/span><span style=\"font-family: Georgia, 'Times New Roman', 'Bitstream Charter', Times, serif; font-size: 13px; line-height: 19px;\"><a href=\"http:\/\/motu.eurokolikonmaailma.fi\/kuvat\/catra\/catra_back_no_cape.jpg\" target=\"_blank\" rel=\"noopener\"><img loading=\"lazy\" decoding=\"async\" src=\"http:\/\/motu.eurokolikonmaailma.fi\/kuvat\/catra\/catra_back_no_cape.jpg\" alt=\"\" width=\"201\" height=\"490\" \/><\/a><img loading=\"lazy\" decoding=\"async\" src=\"http:\/\/motu.eurokolikonmaailma.fi\/kuvat\/catra\/catra_angle3.jpg\" alt=\"\" width=\"239\" height=\"490\" \/><a href=\"http:\/\/motu.eurokolikonmaailma.fi\/kuvat\/catra\/catra_side2.jpg\" target=\"_blank\" rel=\"noopener\"><img loading=\"lazy\" decoding=\"async\" src=\"http:\/\/motu.eurokolikonmaailma.fi\/kuvat\/catra\/catra_side2.jpg\" alt=\"\" width=\"169\" height=\"490\" \/><\/a><\/span><span style=\"font-family: Georgia, 'Times New Roman', 'Bitstream Charter', Times, serif; font-size: 13px; line-height: 19px;\"><a href=\"http:\/\/motu.eurokolikonmaailma.fi\/kuvat\/catra\/catra_angle4.jpg\" target=\"_blank\" rel=\"noopener\"><img loading=\"lazy\" decoding=\"async\" src=\"http:\/\/motu.eurokolikonmaailma.fi\/kuvat\/catra\/catra_angle4.jpg\" alt=\"\" width=\"230\" height=\"490\" \/><\/a><\/span><\/p>\n<p>&nbsp;<\/p>\n<h2><span style=\"text-decoration: underline;\">Varusteet<\/span><\/h2>\n<p><span style=\"color: #000000; font-size: 31px; line-height: 46px;\"><strong><a href=\"http:\/\/motu.eurokolikonmaailma.fi\/kuvat\/catra\/catra_accessories.jpg\" target=\"_blank\" rel=\"noopener\"><img loading=\"lazy\" decoding=\"async\" src=\"http:\/\/motu.eurokolikonmaailma.fi\/kuvat\/catra\/catra_accessories.jpg\" alt=\"\" width=\"420\" height=\"379\" \/><\/a><\/strong><\/span><\/p>\n<h2><span style=\"text-decoration: underline;\"><span style=\"color: #000000; line-height: 46px;\">Videoesittelyni hahmosta:<\/span><\/span><\/h2>\n<p><span style=\"color: #000000; line-height: 46px;\"><strong>Suomi<\/strong><br \/>\n<\/span><\/p>\n<p><iframe loading=\"lazy\" title=\"Masters of the Universe Classics Catra (Finnish)\" width=\"640\" height=\"360\" src=\"https:\/\/www.youtube.com\/embed\/_pMRywtuNKI?feature=oembed\" frameborder=\"0\" allow=\"accelerometer; autoplay; clipboard-write; encrypted-media; gyroscope; picture-in-picture; web-share\" referrerpolicy=\"strict-origin-when-cross-origin\" allowfullscreen><\/iframe><\/p>\n<p><span style=\"color: #000000; line-height: 46px;\"><strong>In English<\/strong><br \/>\n<\/span><\/p>\n<p><iframe loading=\"lazy\" title=\"Masters of the Universe Classics Catra (English)\" width=\"640\" height=\"360\" src=\"https:\/\/www.youtube.com\/embed\/yZ9YqcOsIl0?feature=oembed\" frameborder=\"0\" allow=\"accelerometer; autoplay; clipboard-write; encrypted-media; gyroscope; picture-in-picture; web-share\" referrerpolicy=\"strict-origin-when-cross-origin\" allowfullscreen><\/iframe><\/p>\n","protected":false},"excerpt":{"rendered":"<p>Tuotekoodi: T5797 Catra &#8211; Jealous Beauty aaaaa Mattel yritti s\u00e4\u00e4st\u00e4\u00e4 kuluissa Catran postituksissa ja postitti yksitt\u00e4iskappaleet kuplamuovikuorissa. T\u00e4m\u00e4 kokeilu ei jatkunnut t\u00e4t\u00e4 yht\u00e4 figua pidemp\u00e4\u00e4n, sill\u00e4 asiakkaat nostivat asiasta kunnon \u00e4l\u00e4m\u00f6l\u00f6n, kun osa figuista saapui todella huonossa kunnossa. Oikea nimi: &hellip; <a href=\"https:\/\/www.eurokolikonmaailma.fi\/?page_id=503\">Lue loppuun <span class=\"meta-nav\">&rarr;<\/span><\/a><\/p>\n","protected":false},"author":1,"featured_media":0,"parent":294,"menu_order":0,"comment_status":"open","ping_status":"open","template":"","meta":{"footnotes":""},"class_list":["post-503","page","type-page","status-publish","hentry"],"_links":{"self":[{"href":"https:\/\/www.eurokolikonmaailma.fi\/index.php?rest_route=\/wp\/v2\/pages\/503","targetHints":{"allow":["GET"]}}],"collection":[{"href":"https:\/\/www.eurokolikonmaailma.fi\/index.php?rest_route=\/wp\/v2\/pages"}],"about":[{"href":"https:\/\/www.eurokolikonmaailma.fi\/index.php?rest_route=\/wp\/v2\/types\/page"}],"author":[{"embeddable":true,"href":"https:\/\/www.eurokolikonmaailma.fi\/index.php?rest_route=\/wp\/v2\/users\/1"}],"replies":[{"embeddable":true,"href":"https:\/\/www.eurokolikonmaailma.fi\/index.php?rest_route=%2Fwp%2Fv2%2Fcomments&post=503"}],"version-history":[{"count":10,"href":"https:\/\/www.eurokolikonmaailma.fi\/index.php?rest_route=\/wp\/v2\/pages\/503\/revisions"}],"predecessor-version":[{"id":5757,"href":"https:\/\/www.eurokolikonmaailma.fi\/index.php?rest_route=\/wp\/v2\/pages\/503\/revisions\/5757"}],"up":[{"embeddable":true,"href":"https:\/\/www.eurokolikonmaailma.fi\/index.php?rest_route=\/wp\/v2\/pages\/294"}],"wp:attachment":[{"href":"https:\/\/www.eurokolikonmaailma.fi\/index.php?rest_route=%2Fwp%2Fv2%2Fmedia&parent=503"}],"curies":[{"name":"wp","href":"https:\/\/api.w.org\/{rel}","templated":true}]}}