{"id":5008,"date":"2023-07-29T19:13:58","date_gmt":"2023-07-29T16:13:58","guid":{"rendered":"https:\/\/www.eurokolikonmaailma.fi\/?page_id=5008"},"modified":"2023-07-29T21:45:30","modified_gmt":"2023-07-29T18:45:30","slug":"masters-of-the-universe-origins","status":"publish","type":"page","link":"https:\/\/www.eurokolikonmaailma.fi\/?page_id=5008","title":{"rendered":"Masters of the Universe: Origins of Eternia (2012-13)"},"content":{"rendered":"<p>N\u00e4m\u00e4 lehdet kertovat Skeletorin, He-Manin ja Hordakin alkuper\u00e4tarinan liittyen DC Comicsin (2012-2016) julkaisemiin sarjakuviin. N\u00e4m\u00e4 l\u00f6ytyv\u00e4t itselt\u00e4ni kokoelmana. He-Manin ja Hordakin numerot l\u00f6ytyv\u00e4t my\u00f6s digijulkaisuina.<\/p>\n<table style=\"border: 0px;\">\n<tbody>\n<tr style=\"border: 0px;\">\n<td style=\"border: 0px;\"><a href=\"https:\/\/www.eurokolikonmaailma.fi\/?page_id=2731\"><img loading=\"lazy\" decoding=\"async\" src=\"http:\/\/motu.eurokolikonmaailma.fi\/kuvat\/sarjis\/hmotusp01.jpg\" alt=\"\" width=\"122\" height=\"189\" \/><\/a><\/td>\n<td style=\"border: 0px;\"><a href=\"https:\/\/www.eurokolikonmaailma.fi\/?page_id=2991\"><img loading=\"lazy\" decoding=\"async\" src=\"http:\/\/motu.eurokolikonmaailma.fi\/kuvat\/sarjis\/origin_heman.jpg\" alt=\"\" width=\"122\" height=\"189\" \/><\/a><\/td>\n<td style=\"border: 0px;\"><img loading=\"lazy\" decoding=\"async\" src=\"http:\/\/motu.eurokolikonmaailma.fi\/kuvat\/sarjis\/MAR130294_1._SX640_QL80_TTD_.jpg\" alt=\"\" width=\"122\" height=\"189\" \/><\/td>\n<td style=\"border: 0px;\"><\/td>\n<\/tr>\n<tr style=\"border: 0px;\">\n<td style=\"border: 0px;\"><strong>The Origin of<br \/>\nSkeletor<\/strong><\/td>\n<td style=\"border: 0px;\"><strong>The Origin of<br \/>\nHe-Man<\/strong><\/td>\n<td style=\"border: 0px;\"><strong>The Origin of<br \/>\nHordak<\/strong><\/td>\n<td style=\"border: 0px;\"><\/td>\n<\/tr>\n<\/tbody>\n<\/table>\n","protected":false},"excerpt":{"rendered":"<p>N\u00e4m\u00e4 lehdet kertovat Skeletorin, He-Manin ja Hordakin alkuper\u00e4tarinan liittyen DC Comicsin (2012-2016) julkaisemiin sarjakuviin. N\u00e4m\u00e4 l\u00f6ytyv\u00e4t itselt\u00e4ni kokoelmana. He-Manin ja Hordakin numerot l\u00f6ytyv\u00e4t my\u00f6s digijulkaisuina. The Origin of Skeletor The Origin of He-Man The Origin of Hordak<\/p>\n","protected":false},"author":1,"featured_media":0,"parent":1151,"menu_order":0,"comment_status":"closed","ping_status":"closed","template":"","meta":{"footnotes":""},"class_list":["post-5008","page","type-page","status-publish","hentry"],"_links":{"self":[{"href":"https:\/\/www.eurokolikonmaailma.fi\/index.php?rest_route=\/wp\/v2\/pages\/5008","targetHints":{"allow":["GET"]}}],"collection":[{"href":"https:\/\/www.eurokolikonmaailma.fi\/index.php?rest_route=\/wp\/v2\/pages"}],"about":[{"href":"https:\/\/www.eurokolikonmaailma.fi\/index.php?rest_route=\/wp\/v2\/types\/page"}],"author":[{"embeddable":true,"href":"https:\/\/www.eurokolikonmaailma.fi\/index.php?rest_route=\/wp\/v2\/users\/1"}],"replies":[{"embeddable":true,"href":"https:\/\/www.eurokolikonmaailma.fi\/index.php?rest_route=%2Fwp%2Fv2%2Fcomments&post=5008"}],"version-history":[{"count":5,"href":"https:\/\/www.eurokolikonmaailma.fi\/index.php?rest_route=\/wp\/v2\/pages\/5008\/revisions"}],"predecessor-version":[{"id":5045,"href":"https:\/\/www.eurokolikonmaailma.fi\/index.php?rest_route=\/wp\/v2\/pages\/5008\/revisions\/5045"}],"up":[{"embeddable":true,"href":"https:\/\/www.eurokolikonmaailma.fi\/index.php?rest_route=\/wp\/v2\/pages\/1151"}],"wp:attachment":[{"href":"https:\/\/www.eurokolikonmaailma.fi\/index.php?rest_route=%2Fwp%2Fv2%2Fmedia&parent=5008"}],"curies":[{"name":"wp","href":"https:\/\/api.w.org\/{rel}","templated":true}]}}