{"id":5006,"date":"2023-07-29T19:10:18","date_gmt":"2023-07-29T16:10:18","guid":{"rendered":"https:\/\/www.eurokolikonmaailma.fi\/?page_id=5006"},"modified":"2023-07-29T22:01:12","modified_gmt":"2023-07-29T19:01:12","slug":"dc-universe-vs-masters-of-the-universe-2013-14","status":"publish","type":"page","link":"https:\/\/www.eurokolikonmaailma.fi\/?page_id=5006","title":{"rendered":"DC Universe vs. Masters of the Universe (2013)"},"content":{"rendered":"<p>T\u00e4m\u00e4 cross-over -sarja on canonia DC Comicsin julkaisemille Masters of the Universe\u00a0 (2012-2016) -sarjakuville ja se sijoittuu numeroiden &#8221;Bloodties&#8221; ja &#8221;What Lies Beneath, part 1&#8221; v\u00e4liin. T\u00e4m\u00e4 sarja l\u00f6ytyy itselt\u00e4ni digijulkaisuina sek\u00e4 painettuna kokoelmana.<\/p>\n<table style=\"border: 0px;\">\n<tbody>\n<tr style=\"border: 0px;\">\n<td style=\"border: 0px;\"><img loading=\"lazy\" decoding=\"async\" src=\"http:\/\/motu.eurokolikonmaailma.fi\/kuvat\/sarjis\/DIG008359_1._SX640_QL80_TTD_.jpg\" alt=\"\" width=\"122\" height=\"189\" \/><\/td>\n<td style=\"border: 0px;\"><img loading=\"lazy\" decoding=\"async\" src=\"http:\/\/motu.eurokolikonmaailma.fi\/kuvat\/sarjis\/DIG010332_3._SX640_QL80_TTD_.jpg\" alt=\"\" width=\"122\" height=\"189\" \/><\/td>\n<td style=\"border: 0px;\"><img loading=\"lazy\" decoding=\"async\" src=\"http:\/\/motu.eurokolikonmaailma.fi\/kuvat\/sarjis\/DIG012164_2._SX640_QL80_TTD_.jpg\" alt=\"\" width=\"122\" height=\"189\" \/><\/td>\n<td style=\"border: 0px;\"><img loading=\"lazy\" decoding=\"async\" src=\"http:\/\/motu.eurokolikonmaailma.fi\/kuvat\/sarjis\/DIG013011_1._SX640_QL80_TTD_.jpg\" alt=\"\" width=\"122\" height=\"189\" \/><\/td>\n<\/tr>\n<tr style=\"border: 0px;\">\n<td style=\"border: 0px;\"><strong>#1:\u00a0Crossing<br \/>\nOver<\/strong><\/td>\n<td style=\"border: 0px;\"><strong>#2:\u00a0Justice<br \/>\nDenied<\/strong><\/td>\n<td style=\"border: 0px;\"><strong>#3:\u00a0Dark Orko<\/strong><\/td>\n<td style=\"border: 0px;\"><strong>#4:\u00a0Worlds Collide<\/strong><\/td>\n<\/tr>\n<tr style=\"border: 0px;\">\n<td style=\"border: 0px;\"><img loading=\"lazy\" decoding=\"async\" src=\"http:\/\/motu.eurokolikonmaailma.fi\/kuvat\/sarjis\/DIG016246_1._SX640_QL80_TTD_.jpg\" alt=\"\" width=\"122\" height=\"189\" \/><\/td>\n<td style=\"border: 0px;\"><img loading=\"lazy\" decoding=\"async\" src=\"http:\/\/motu.eurokolikonmaailma.fi\/kuvat\/sarjis\/DIG017421_1._SX640_QL80_TTD_.jpg\" alt=\"\" width=\"122\" height=\"189\" \/><\/td>\n<td style=\"border: 0px;\"><\/td>\n<td style=\"border: 0px;\"><\/td>\n<\/tr>\n<tr style=\"border: 0px;\">\n<td style=\"border: 0px;\"><strong>#5: Worlds<br \/>\nCollide<\/strong><\/td>\n<td style=\"border: 0px;\"><strong>#6:\u00a0Cracking<br \/>\nSkulls<\/strong><\/td>\n<td style=\"border: 0px;\"><\/td>\n<\/tr>\n<\/tbody>\n<\/table>\n","protected":false},"excerpt":{"rendered":"<p>T\u00e4m\u00e4 cross-over -sarja on canonia DC Comicsin julkaisemille Masters of the Universe\u00a0 (2012-2016) -sarjakuville ja se sijoittuu numeroiden &#8221;Bloodties&#8221; ja &#8221;What Lies Beneath, part 1&#8221; v\u00e4liin. T\u00e4m\u00e4 sarja l\u00f6ytyy itselt\u00e4ni digijulkaisuina sek\u00e4 painettuna kokoelmana. #1:\u00a0Crossing Over #2:\u00a0Justice Denied #3:\u00a0Dark Orko &hellip; <a href=\"https:\/\/www.eurokolikonmaailma.fi\/?page_id=5006\">Lue loppuun <span class=\"meta-nav\">&rarr;<\/span><\/a><\/p>\n","protected":false},"author":1,"featured_media":0,"parent":1151,"menu_order":0,"comment_status":"closed","ping_status":"closed","template":"","meta":{"footnotes":""},"class_list":["post-5006","page","type-page","status-publish","hentry"],"_links":{"self":[{"href":"https:\/\/www.eurokolikonmaailma.fi\/index.php?rest_route=\/wp\/v2\/pages\/5006","targetHints":{"allow":["GET"]}}],"collection":[{"href":"https:\/\/www.eurokolikonmaailma.fi\/index.php?rest_route=\/wp\/v2\/pages"}],"about":[{"href":"https:\/\/www.eurokolikonmaailma.fi\/index.php?rest_route=\/wp\/v2\/types\/page"}],"author":[{"embeddable":true,"href":"https:\/\/www.eurokolikonmaailma.fi\/index.php?rest_route=\/wp\/v2\/users\/1"}],"replies":[{"embeddable":true,"href":"https:\/\/www.eurokolikonmaailma.fi\/index.php?rest_route=%2Fwp%2Fv2%2Fcomments&post=5006"}],"version-history":[{"count":4,"href":"https:\/\/www.eurokolikonmaailma.fi\/index.php?rest_route=\/wp\/v2\/pages\/5006\/revisions"}],"predecessor-version":[{"id":5050,"href":"https:\/\/www.eurokolikonmaailma.fi\/index.php?rest_route=\/wp\/v2\/pages\/5006\/revisions\/5050"}],"up":[{"embeddable":true,"href":"https:\/\/www.eurokolikonmaailma.fi\/index.php?rest_route=\/wp\/v2\/pages\/1151"}],"wp:attachment":[{"href":"https:\/\/www.eurokolikonmaailma.fi\/index.php?rest_route=%2Fwp%2Fv2%2Fmedia&parent=5006"}],"curies":[{"name":"wp","href":"https:\/\/api.w.org\/{rel}","templated":true}]}}